{"id":82,"date":"2014-06-29T15:33:12","date_gmt":"2014-06-29T15:33:12","guid":{"rendered":"http:\/\/voyager3.com\/?page_id=82"},"modified":"2017-12-16T16:30:58","modified_gmt":"2017-12-16T15:30:58","slug":"rencontres-inter-clubs","status":"publish","type":"page","link":"https:\/\/voyager3.com\/?page_id=82","title":{"rendered":"Rencontres inter-clubs"},"content":{"rendered":"<p><strong>L&rsquo;astronomie associative en Loire Atlantique:<\/strong><\/p>\n<p>Le d\u00e9partement de Loire atlantique est riche en associations ayant pour centre d\u2019int\u00e9r\u00eat l&rsquo;astronomie. Cette liste se veut exhaustive. Si votre association n&rsquo;y figure pas merci de nous le signaler:<\/p>\n<ul>\n<li><strong>(1) <a href=\"http:\/\/www.adamms.fr\/\" target=\"_blank\" rel=\"noopener noreferrer\">Adamms<\/a>\u00a0[Treilli\u00e8res]<br \/>\n<\/strong><\/li>\n<li><strong>(2) <a href=\"http:\/\/astronoscope.free.fr\/\" target=\"_blank\" rel=\"noopener noreferrer\">AstronoScope<\/a> [Nantes]<br \/>\n<\/strong><\/li>\n<li><strong>(3) <a href=\"http:\/\/www.net1901.org\/association\/ASSOCIATION-BREVASTRONOMIE,1016254.html\" target=\"_blank\" rel=\"noopener noreferrer\">Brev&rsquo;Astronomie<\/a> [Saint Brevin Les Pins]<br \/>\n<\/strong><\/li>\n<li><strong>(4) <a href=\"http:\/\/www.etoilesdelamee.fr\/\" target=\"_blank\" rel=\"noopener noreferrer\">Les Etoiles de la M\u00e9e<\/a> [Ch\u00e2teaubriant]<\/strong><\/li>\n<li><strong>(5) <a href=\"http:\/\/www.astrosurf.com\/capstnazaire\/\" target=\"_blank\" rel=\"noopener noreferrer\">Association Nazairienne d&rsquo;Astronomie<\/a> [Saint Nazaire]<br \/>\n<\/strong><\/li>\n<li><strong>(6) <a href=\"http:\/\/www.grain-de-ciel.com\/\" target=\"_blank\" rel=\"noopener noreferrer\">Grain de Ciel<\/a> [Pornichet]<br \/>\n<\/strong><\/li>\n<li><strong>(7) <a href=\"http:\/\/briereetoilee.wixsite.com\/briereetoilee\" target=\"_blank\" rel=\"noopener noreferrer\">La Bri\u00e8re Etoil\u00e9e<\/a> [Herbignac]<br \/>\n<\/strong><\/li>\n<li><strong>(8) <a href=\"http:\/\/le-club-des-domes.e-monsite.com\/\" target=\"_blank\" rel=\"noopener noreferrer\">Le club des d\u00f4mes<\/a> [Mesquer]<br \/>\n<\/strong><\/li>\n<li><strong>(9) <a href=\"http:\/\/www.le-cocher.org\/\" target=\"_blank\" rel=\"noopener noreferrer\">Le C.O.CH.ER.<\/a> [La chapelle sur Erdre]<\/strong><\/li>\n<li><strong>(10) <a href=\"http:\/\/orion-adacv.com\/\" target=\"_blank\" rel=\"noopener noreferrer\">Orion-ADACV<\/a> [St Viaud]<br \/>\n<\/strong><\/li>\n<li><strong>(11) <a href=\"http:\/\/www.pecheurdetoiles.com\/\" target=\"_blank\" rel=\"noopener noreferrer\">P\u00eacheurs d&rsquo;\u00e9toiles<\/a> [La Baule]<\/strong><\/li>\n<li><strong>(12) <a href=\"http:\/\/www.san.asso.fr\/\" target=\"_blank\" rel=\"noopener noreferrer\">Soci\u00e9t\u00e9 Astronomique de Nantes<\/a> [Nantes]<br \/>\n<\/strong><\/li>\n<li><strong>(13) <a href=\"http:\/\/sautronastronomie.fr\/\" target=\"_blank\" rel=\"noopener noreferrer\">Sautron-Activit\u00e9-Astronomie<\/a> [Sautron]<br \/>\n<\/strong><\/li>\n<li><strong>(14) <a href=\"http:\/\/randonneursdesetoiles.e-monsite.com\/\" target=\"_blank\" rel=\"noopener noreferrer\">Randonneurs des \u00e9toiles<\/a> [<span class=\"st\">Bourgneuf-en-Retz<\/span>]<br \/>\n<\/strong><\/li>\n<li><strong>(15) <a href=\"https:\/\/voyager3.com\/\" target=\"_blank\" rel=\"noopener noreferrer\">VOYAGER 3 Astronomie<\/a> [S\u00e9v\u00e9rac]<\/strong><\/li>\n<\/ul>\n<p><strong><a href=\"https:\/\/i0.wp.com\/voyager3.com\/wp-content\/uploads\/2015\/02\/club44.jpg?ssl=1\"><img data-recalc-dims=\"1\" loading=\"lazy\" decoding=\"async\" data-attachment-id=\"528\" data-permalink=\"https:\/\/voyager3.com\/?attachment_id=528\" data-orig-file=\"https:\/\/i0.wp.com\/voyager3.com\/wp-content\/uploads\/2015\/02\/club44.jpg?fit=604%2C540&amp;ssl=1\" data-orig-size=\"604,540\" data-comments-opened=\"0\" data-image-meta=\"{&quot;aperture&quot;:&quot;0&quot;,&quot;credit&quot;:&quot;&quot;,&quot;camera&quot;:&quot;&quot;,&quot;caption&quot;:&quot;&quot;,&quot;created_timestamp&quot;:&quot;0&quot;,&quot;copyright&quot;:&quot;&quot;,&quot;focal_length&quot;:&quot;0&quot;,&quot;iso&quot;:&quot;0&quot;,&quot;shutter_speed&quot;:&quot;0&quot;,&quot;title&quot;:&quot;&quot;,&quot;orientation&quot;:&quot;0&quot;}\" data-image-title=\"club44\" data-image-description=\"\" data-image-caption=\"\" data-large-file=\"https:\/\/i0.wp.com\/voyager3.com\/wp-content\/uploads\/2015\/02\/club44.jpg?fit=604%2C540&amp;ssl=1\" class=\"aligncenter wp-image-528\" src=\"https:\/\/i0.wp.com\/voyager3.com\/wp-content\/uploads\/2015\/02\/club44.jpg?resize=515%2C460&#038;ssl=1\" alt=\"club44\" width=\"515\" height=\"460\" \/><\/a><\/strong><strong>Les rencontres Astro 44.<\/strong><\/p>\n<p>Chaque ann\u00e9e, les associations d&rsquo;astronomie de Loire Atlantique ont l&rsquo;occasion de se retrouver. Ces rencontres ont \u00e9t\u00e9 initi\u00e9es en 2005 par Pierre Perdreau, Pr\u00e9sident fondateur de Castel Astro de Ch\u00e2teaubriant.<\/p>\n<p>Une fois par an, les astronomes amateurs du d\u00e9partement se retrouvent dans une des villes h\u00e9bergeant une association d&rsquo;astronomie.<\/p>\n<p><strong><a href=\"https:\/\/i0.wp.com\/voyager3.com\/wp-content\/uploads\/2015\/02\/chateaubriant_mai2014.jpg?ssl=1\"><img data-recalc-dims=\"1\" loading=\"lazy\" decoding=\"async\" data-attachment-id=\"538\" data-permalink=\"https:\/\/voyager3.com\/?attachment_id=538\" data-orig-file=\"https:\/\/i0.wp.com\/voyager3.com\/wp-content\/uploads\/2015\/02\/chateaubriant_mai2014.jpg?fit=700%2C280&amp;ssl=1\" data-orig-size=\"700,280\" data-comments-opened=\"0\" data-image-meta=\"{&quot;aperture&quot;:&quot;0&quot;,&quot;credit&quot;:&quot;&quot;,&quot;camera&quot;:&quot;&quot;,&quot;caption&quot;:&quot;&quot;,&quot;created_timestamp&quot;:&quot;0&quot;,&quot;copyright&quot;:&quot;&quot;,&quot;focal_length&quot;:&quot;0&quot;,&quot;iso&quot;:&quot;0&quot;,&quot;shutter_speed&quot;:&quot;0&quot;,&quot;title&quot;:&quot;&quot;,&quot;orientation&quot;:&quot;0&quot;}\" data-image-title=\"chateaubriant_mai2014\" data-image-description=\"\" data-image-caption=\"\" data-large-file=\"https:\/\/i0.wp.com\/voyager3.com\/wp-content\/uploads\/2015\/02\/chateaubriant_mai2014.jpg?fit=648%2C259&amp;ssl=1\" class=\" wp-image-538 aligncenter\" src=\"https:\/\/i0.wp.com\/voyager3.com\/wp-content\/uploads\/2015\/02\/chateaubriant_mai2014.jpg?resize=498%2C199&#038;ssl=1\" alt=\"chateaubriant_mai2014\" width=\"498\" height=\"199\" \/><\/a><\/strong>Voyager 3 Astronomie a organis\u00e9 en 2008 ces rencontres. Cette rencontre fut l&rsquo;occasion de pr\u00e9senter l&rsquo;observatoire de notre association \u00e0 la communaut\u00e9 amateur, l&rsquo;observatoire ayant \u00e9t\u00e9 inaugur\u00e9 quelques mois avant.<\/p>\n<p><a href=\"https:\/\/i0.wp.com\/voyager3.com\/wp-content\/uploads\/2015\/03\/IMG_1456.jpg?ssl=1\"><img data-recalc-dims=\"1\" loading=\"lazy\" decoding=\"async\" data-attachment-id=\"584\" data-permalink=\"https:\/\/voyager3.com\/?attachment_id=584\" data-orig-file=\"https:\/\/i0.wp.com\/voyager3.com\/wp-content\/uploads\/2015\/03\/IMG_1456.jpg?fit=800%2C533&amp;ssl=1\" data-orig-size=\"800,533\" data-comments-opened=\"0\" data-image-meta=\"{&quot;aperture&quot;:&quot;16&quot;,&quot;credit&quot;:&quot;&quot;,&quot;camera&quot;:&quot;Canon EOS 400D DIGITAL&quot;,&quot;caption&quot;:&quot;&quot;,&quot;created_timestamp&quot;:&quot;1214679581&quot;,&quot;copyright&quot;:&quot;&quot;,&quot;focal_length&quot;:&quot;28&quot;,&quot;iso&quot;:&quot;400&quot;,&quot;shutter_speed&quot;:&quot;0.0025&quot;,&quot;title&quot;:&quot;&quot;,&quot;orientation&quot;:&quot;1&quot;}\" data-image-title=\"IMG_1456\" data-image-description=\"\" data-image-caption=\"\" data-large-file=\"https:\/\/i0.wp.com\/voyager3.com\/wp-content\/uploads\/2015\/03\/IMG_1456.jpg?fit=648%2C432&amp;ssl=1\" class=\" wp-image-584 alignleft\" src=\"https:\/\/i0.wp.com\/voyager3.com\/wp-content\/uploads\/2015\/03\/IMG_1456.jpg?resize=407%2C271&#038;ssl=1\" alt=\"IMG_1456\" width=\"407\" height=\"271\" \/><\/a><a href=\"https:\/\/i0.wp.com\/voyager3.com\/wp-content\/uploads\/2015\/03\/IMG_1498.jpg?ssl=1\"><img data-recalc-dims=\"1\" loading=\"lazy\" decoding=\"async\" data-attachment-id=\"585\" data-permalink=\"https:\/\/voyager3.com\/?attachment_id=585\" data-orig-file=\"https:\/\/i0.wp.com\/voyager3.com\/wp-content\/uploads\/2015\/03\/IMG_1498.jpg?fit=800%2C533&amp;ssl=1\" data-orig-size=\"800,533\" data-comments-opened=\"0\" data-image-meta=\"{&quot;aperture&quot;:&quot;4&quot;,&quot;credit&quot;:&quot;&quot;,&quot;camera&quot;:&quot;Canon EOS 400D DIGITAL&quot;,&quot;caption&quot;:&quot;&quot;,&quot;created_timestamp&quot;:&quot;1214687075&quot;,&quot;copyright&quot;:&quot;&quot;,&quot;focal_length&quot;:&quot;23&quot;,&quot;iso&quot;:&quot;400&quot;,&quot;shutter_speed&quot;:&quot;0.016666666666667&quot;,&quot;title&quot;:&quot;&quot;,&quot;orientation&quot;:&quot;1&quot;}\" data-image-title=\"IMG_1498\" data-image-description=\"\" data-image-caption=\"\" data-large-file=\"https:\/\/i0.wp.com\/voyager3.com\/wp-content\/uploads\/2015\/03\/IMG_1498.jpg?fit=648%2C432&amp;ssl=1\" class=\"aligncenter wp-image-585\" src=\"https:\/\/i0.wp.com\/voyager3.com\/wp-content\/uploads\/2015\/03\/IMG_1498.jpg?resize=406%2C270&#038;ssl=1\" alt=\"IMG_1498\" width=\"406\" height=\"270\" \/><\/a><\/p>\n<p>&nbsp;<\/p>\n<p>&nbsp;<\/p>\n<p>&nbsp;<\/p>\n","protected":false},"excerpt":{"rendered":"<p>L&rsquo;astronomie associative en Loire Atlantique: Le d\u00e9partement de Loire atlantique est riche en associations ayant pour centre d\u2019int\u00e9r\u00eat l&rsquo;astronomie. Cette liste se veut exhaustive. Si votre association n&rsquo;y figure pas merci de nous le signaler: (1) Adamms\u00a0[Treilli\u00e8res] (2) AstronoScope [Nantes] (3) Brev&rsquo;Astronomie [Saint Brevin Les Pins] (4) Les Etoiles de la M\u00e9e [Ch\u00e2teaubriant] (5) Association [&hellip;]<\/p>\n","protected":false},"author":1,"featured_media":0,"parent":40,"menu_order":5,"comment_status":"closed","ping_status":"closed","template":"","meta":{"_exactmetrics_skip_tracking":false,"_exactmetrics_sitenote_active":false,"_exactmetrics_sitenote_note":"","_exactmetrics_sitenote_category":0,"jetpack_post_was_ever_published":false,"footnotes":""},"class_list":["post-82","page","type-page","status-publish","hentry"],"jetpack_sharing_enabled":true,"jetpack_shortlink":"https:\/\/wp.me\/P6Vaq2-1k","jetpack_likes_enabled":true,"_links":{"self":[{"href":"https:\/\/voyager3.com\/index.php?rest_route=\/wp\/v2\/pages\/82","targetHints":{"allow":["GET"]}}],"collection":[{"href":"https:\/\/voyager3.com\/index.php?rest_route=\/wp\/v2\/pages"}],"about":[{"href":"https:\/\/voyager3.com\/index.php?rest_route=\/wp\/v2\/types\/page"}],"author":[{"embeddable":true,"href":"https:\/\/voyager3.com\/index.php?rest_route=\/wp\/v2\/users\/1"}],"replies":[{"embeddable":true,"href":"https:\/\/voyager3.com\/index.php?rest_route=%2Fwp%2Fv2%2Fcomments&post=82"}],"version-history":[{"count":18,"href":"https:\/\/voyager3.com\/index.php?rest_route=\/wp\/v2\/pages\/82\/revisions"}],"predecessor-version":[{"id":2167,"href":"https:\/\/voyager3.com\/index.php?rest_route=\/wp\/v2\/pages\/82\/revisions\/2167"}],"up":[{"embeddable":true,"href":"https:\/\/voyager3.com\/index.php?rest_route=\/wp\/v2\/pages\/40"}],"wp:attachment":[{"href":"https:\/\/voyager3.com\/index.php?rest_route=%2Fwp%2Fv2%2Fmedia&parent=82"}],"curies":[{"name":"wp","href":"https:\/\/api.w.org\/{rel}","templated":true}]}}