{"id":736,"date":"2015-03-14T18:07:31","date_gmt":"2015-03-14T17:07:31","guid":{"rendered":"http:\/\/voyager3.com\/?page_id=736"},"modified":"2015-12-20T17:12:03","modified_gmt":"2015-12-20T16:12:03","slug":"les-tpe","status":"publish","type":"page","link":"https:\/\/voyager3.com\/?page_id=736","title":{"rendered":"Les TPE"},"content":{"rendered":"<p style=\"text-align: center;\"><span style=\"color: #000080;\"><strong><em><span style=\"font-size: x-large;\">Les TPE : Travaux Personnels Encadr\u00e9s<\/span><\/em><\/strong><\/span><\/p>\n<p><span style=\"color: #000080;\">Les TPE sont un travail que r\u00e9alisent les premi\u00e8res et les terminales dans les lyc\u00e9es. Ces Travaux Personnels Encadr\u00e9s existent seulement depuis l&rsquo;ann\u00e9e scolaire 2000-2001. Les professeurs donnent deux th\u00e8mes au choix, et avec celui-ci, les \u00e9l\u00e8ves r\u00e9alisent un sujet, puis une ou des probl\u00e9matique(s). Le but des TPE est de r\u00e9pondre \u00e0 cette probl\u00e9matique lors d&rsquo;une soutenance orale, \u00e0 la fin de l&rsquo;ann\u00e9e scolaire, en y incluant, pour la serie Scientifique, une exp\u00e9riance.<\/span><\/p>\n<p><span style=\"color: #000080;\">Vous avez choisi un sujet ayant trait \u00e0 l&rsquo;astronomie pour votre TPE ? Alors n&rsquo;h\u00e9sitez pas, <a title=\"Nous contacter\" href=\"https:\/\/voyager3.com\/?page_id=32\"><span style=\"text-decoration: underline;\">contactez-nous<\/span> <\/a>! Nous nous ferons un plaisir de vous aider en mettant \u00e0 votre disposition notre m\u00e9diath\u00e8que et une liste de diffusion pour communiquer par email avec des animateurs du club !<\/span><\/p>\n","protected":false},"excerpt":{"rendered":"<p>Les TPE : Travaux Personnels Encadr\u00e9s Les TPE sont un travail que r\u00e9alisent les premi\u00e8res et les terminales dans les lyc\u00e9es. Ces Travaux Personnels Encadr\u00e9s existent seulement depuis l&rsquo;ann\u00e9e scolaire 2000-2001. Les professeurs donnent deux th\u00e8mes au choix, et avec celui-ci, les \u00e9l\u00e8ves r\u00e9alisent un sujet, puis une ou des probl\u00e9matique(s). Le but des TPE [&hellip;]<\/p>\n","protected":false},"author":5,"featured_media":0,"parent":278,"menu_order":0,"comment_status":"closed","ping_status":"closed","template":"","meta":{"_exactmetrics_skip_tracking":false,"_exactmetrics_sitenote_active":false,"_exactmetrics_sitenote_note":"","_exactmetrics_sitenote_category":0,"jetpack_post_was_ever_published":false,"footnotes":""},"class_list":["post-736","page","type-page","status-publish","hentry"],"jetpack_sharing_enabled":true,"jetpack_shortlink":"https:\/\/wp.me\/P6Vaq2-bS","jetpack_likes_enabled":true,"_links":{"self":[{"href":"https:\/\/voyager3.com\/index.php?rest_route=\/wp\/v2\/pages\/736","targetHints":{"allow":["GET"]}}],"collection":[{"href":"https:\/\/voyager3.com\/index.php?rest_route=\/wp\/v2\/pages"}],"about":[{"href":"https:\/\/voyager3.com\/index.php?rest_route=\/wp\/v2\/types\/page"}],"author":[{"embeddable":true,"href":"https:\/\/voyager3.com\/index.php?rest_route=\/wp\/v2\/users\/5"}],"replies":[{"embeddable":true,"href":"https:\/\/voyager3.com\/index.php?rest_route=%2Fwp%2Fv2%2Fcomments&post=736"}],"version-history":[{"count":2,"href":"https:\/\/voyager3.com\/index.php?rest_route=\/wp\/v2\/pages\/736\/revisions"}],"predecessor-version":[{"id":738,"href":"https:\/\/voyager3.com\/index.php?rest_route=\/wp\/v2\/pages\/736\/revisions\/738"}],"up":[{"embeddable":true,"href":"https:\/\/voyager3.com\/index.php?rest_route=\/wp\/v2\/pages\/278"}],"wp:attachment":[{"href":"https:\/\/voyager3.com\/index.php?rest_route=%2Fwp%2Fv2%2Fmedia&parent=736"}],"curies":[{"name":"wp","href":"https:\/\/api.w.org\/{rel}","templated":true}]}}