{"id":722,"date":"2015-03-14T17:58:44","date_gmt":"2015-03-14T16:58:44","guid":{"rendered":"http:\/\/voyager3.com\/?page_id=722"},"modified":"2015-12-20T17:12:29","modified_gmt":"2015-12-20T16:12:29","slug":"bricolage","status":"publish","type":"page","link":"https:\/\/voyager3.com\/?page_id=722","title":{"rendered":"Machine \u00e0 polir"},"content":{"rendered":"<h6 style=\"text-align: left;\"><a href=\"https:\/\/voyager3.com\/wp-content\/uploads\/2015\/03\/MachineAPolir.pdf\">Lien vers le dossier pdf<\/a><\/h6>\n<p><span style=\"color: #000080;\">La machine \u00e0 polir les miroirs de t\u00e9lescope du club, r\u00e9alis\u00e9e par un de nos membres.<\/span><\/p>\n<h6><\/h6>\n<p>&nbsp;<\/p>\n","protected":false},"excerpt":{"rendered":"<p>Lien vers le dossier pdf La machine \u00e0 polir les miroirs de t\u00e9lescope du club, r\u00e9alis\u00e9e par un de nos membres. &nbsp;<\/p>\n","protected":false},"author":5,"featured_media":0,"parent":278,"menu_order":0,"comment_status":"closed","ping_status":"closed","template":"","meta":{"_exactmetrics_skip_tracking":false,"_exactmetrics_sitenote_active":false,"_exactmetrics_sitenote_note":"","_exactmetrics_sitenote_category":0,"jetpack_post_was_ever_published":false,"footnotes":""},"class_list":["post-722","page","type-page","status-publish","hentry"],"jetpack_sharing_enabled":true,"jetpack_shortlink":"https:\/\/wp.me\/P6Vaq2-bE","jetpack_likes_enabled":true,"_links":{"self":[{"href":"https:\/\/voyager3.com\/index.php?rest_route=\/wp\/v2\/pages\/722","targetHints":{"allow":["GET"]}}],"collection":[{"href":"https:\/\/voyager3.com\/index.php?rest_route=\/wp\/v2\/pages"}],"about":[{"href":"https:\/\/voyager3.com\/index.php?rest_route=\/wp\/v2\/types\/page"}],"author":[{"embeddable":true,"href":"https:\/\/voyager3.com\/index.php?rest_route=\/wp\/v2\/users\/5"}],"replies":[{"embeddable":true,"href":"https:\/\/voyager3.com\/index.php?rest_route=%2Fwp%2Fv2%2Fcomments&post=722"}],"version-history":[{"count":12,"href":"https:\/\/voyager3.com\/index.php?rest_route=\/wp\/v2\/pages\/722\/revisions"}],"predecessor-version":[{"id":1781,"href":"https:\/\/voyager3.com\/index.php?rest_route=\/wp\/v2\/pages\/722\/revisions\/1781"}],"up":[{"embeddable":true,"href":"https:\/\/voyager3.com\/index.php?rest_route=\/wp\/v2\/pages\/278"}],"wp:attachment":[{"href":"https:\/\/voyager3.com\/index.php?rest_route=%2Fwp%2Fv2%2Fmedia&parent=722"}],"curies":[{"name":"wp","href":"https:\/\/api.w.org\/{rel}","templated":true}]}}