{"id":68,"date":"2014-06-29T15:25:52","date_gmt":"2014-06-29T15:25:52","guid":{"rendered":"http:\/\/voyager3.com\/?page_id=68"},"modified":"2015-12-19T17:53:43","modified_gmt":"2015-12-19T16:53:43","slug":"equipement","status":"publish","type":"page","link":"https:\/\/voyager3.com\/?page_id=68","title":{"rendered":"Equipements"},"content":{"rendered":"<p>Pour l&rsquo;observation, outre le t\u00e9lescope de 430 mm <a title=\"Le T430\" href=\"https:\/\/voyager3.com\/?page_id=998\">(T 430) <\/a>install\u00e9 dans la coupole, l&rsquo;association dispose d&rsquo;un panel d&rsquo;instruments divers :<\/p>\n<p>Jumelles ,\u00a0Lunettes, t\u00e9lescopes et autres instruments\u00a0et divers accessoires&#8230;<\/p>\n<p>Tous ces mat\u00e9riels ont \u00e9t\u00e9 acquis ou bien sont des dons faits par des particuliers, qu&rsquo;ils soient adh\u00e9rents ou non \u00e0 l&rsquo;association.<\/p>\n<p>Ces instruments sont disponibles pour les soir\u00e9es d&rsquo;observations. Une partie est expos\u00e9e lors de la Nuit des Etoiles.<\/p>\n<p>Pour le mobilier une partie a \u00e9t\u00e9 fournie par la municipalit\u00e9.<\/p>\n<p>Pour les moyens informatiques ils ont \u00e9t\u00e9 acquis. Ils g\u00e8rent la partie administrative et le pilotage du t\u00e9lescope. Un serveur g\u00e8re le r\u00e9seau interne et assure l&rsquo;h\u00e9bergement du Site Web. Une ligne de t\u00e9l\u00e9phone et un abonnement permettent de disposer d&rsquo;Internet soit sur prises r\u00e9seau soit par WiFi.<\/p>\n<p>Tous ces mat\u00e9riels sont s\u00e9curis\u00e9s par un onduleur.<\/p>\n<p>Une <a href=\"https:\/\/voyager3.com\/?page_id=76\">station m\u00e9t\u00e9o<\/a> est install\u00e9e sur la coupole. Elle est aliment\u00e9e par la batterie de rotation de la coupole. Les cimiers fonctionnent \u00e9galement sur batterie. Chacune est recharg\u00e9e par panneau solaire.<\/p>\n","protected":false},"excerpt":{"rendered":"<p>Pour l&rsquo;observation, outre le t\u00e9lescope de 430 mm (T 430) install\u00e9 dans la coupole, l&rsquo;association dispose d&rsquo;un panel d&rsquo;instruments divers : Jumelles ,\u00a0Lunettes, t\u00e9lescopes et autres instruments\u00a0et divers accessoires&#8230; Tous ces mat\u00e9riels ont \u00e9t\u00e9 acquis ou bien sont des dons faits par des particuliers, qu&rsquo;ils soient adh\u00e9rents ou non \u00e0 l&rsquo;association. Ces instruments sont disponibles [&hellip;]<\/p>\n","protected":false},"author":1,"featured_media":0,"parent":13,"menu_order":0,"comment_status":"closed","ping_status":"closed","template":"","meta":{"_exactmetrics_skip_tracking":false,"_exactmetrics_sitenote_active":false,"_exactmetrics_sitenote_note":"","_exactmetrics_sitenote_category":0,"jetpack_post_was_ever_published":false,"footnotes":""},"class_list":["post-68","page","type-page","status-publish","hentry"],"jetpack_sharing_enabled":true,"jetpack_shortlink":"https:\/\/wp.me\/P6Vaq2-16","jetpack_likes_enabled":true,"_links":{"self":[{"href":"https:\/\/voyager3.com\/index.php?rest_route=\/wp\/v2\/pages\/68","targetHints":{"allow":["GET"]}}],"collection":[{"href":"https:\/\/voyager3.com\/index.php?rest_route=\/wp\/v2\/pages"}],"about":[{"href":"https:\/\/voyager3.com\/index.php?rest_route=\/wp\/v2\/types\/page"}],"author":[{"embeddable":true,"href":"https:\/\/voyager3.com\/index.php?rest_route=\/wp\/v2\/users\/1"}],"replies":[{"embeddable":true,"href":"https:\/\/voyager3.com\/index.php?rest_route=%2Fwp%2Fv2%2Fcomments&post=68"}],"version-history":[{"count":24,"href":"https:\/\/voyager3.com\/index.php?rest_route=\/wp\/v2\/pages\/68\/revisions"}],"predecessor-version":[{"id":1729,"href":"https:\/\/voyager3.com\/index.php?rest_route=\/wp\/v2\/pages\/68\/revisions\/1729"}],"up":[{"embeddable":true,"href":"https:\/\/voyager3.com\/index.php?rest_route=\/wp\/v2\/pages\/13"}],"wp:attachment":[{"href":"https:\/\/voyager3.com\/index.php?rest_route=%2Fwp%2Fv2%2Fmedia&parent=68"}],"curies":[{"name":"wp","href":"https:\/\/api.w.org\/{rel}","templated":true}]}}