{"id":655,"date":"2015-03-14T17:14:58","date_gmt":"2015-03-14T16:14:58","guid":{"rendered":"http:\/\/voyager3.com\/?page_id=655"},"modified":"2015-12-20T17:05:47","modified_gmt":"2015-12-20T16:05:47","slug":"ballons-sonde-galerie-photo","status":"publish","type":"page","link":"https:\/\/voyager3.com\/?page_id=655","title":{"rendered":"Ballons sonde : galerie photo"},"content":{"rendered":"<p style=\"text-align: center;\"><span style=\"color: #000080;\"><strong><em><span style=\"font-size: x-large;\">Ballons sonde : galerie photo<\/span><\/em><\/strong><\/span><\/p>\n<p style=\"text-align: left;\"><span style=\"color: #000080;\">Voici quelques-unes des photos qui ont \u00e9t\u00e9 prises au cours des diff\u00e9rents lanc\u00e9s de ballons \u00e0 h\u00e9lium. Cliquez sur la photo d\u00e9sir\u00e9e pour la voir.<\/span><\/p>\n<h6 style=\"text-align: left;\"><span style=\"color: #000080;\">Pr\u00e9paration du ballon<\/span><\/h6>\n<p><a href=\"https:\/\/i0.wp.com\/voyager3.com\/wp-content\/uploads\/2015\/03\/photo02.jpg?ssl=1\"><img data-recalc-dims=\"1\" loading=\"lazy\" decoding=\"async\" data-attachment-id=\"660\" data-permalink=\"https:\/\/voyager3.com\/?attachment_id=660\" data-orig-file=\"https:\/\/i0.wp.com\/voyager3.com\/wp-content\/uploads\/2015\/03\/photo02.jpg?fit=429%2C293&amp;ssl=1\" data-orig-size=\"429,293\" data-comments-opened=\"0\" data-image-meta=\"{&quot;aperture&quot;:&quot;0&quot;,&quot;credit&quot;:&quot;&quot;,&quot;camera&quot;:&quot;&quot;,&quot;caption&quot;:&quot;&quot;,&quot;created_timestamp&quot;:&quot;0&quot;,&quot;copyright&quot;:&quot;&quot;,&quot;focal_length&quot;:&quot;0&quot;,&quot;iso&quot;:&quot;0&quot;,&quot;shutter_speed&quot;:&quot;0&quot;,&quot;title&quot;:&quot;&quot;,&quot;orientation&quot;:&quot;0&quot;}\" data-image-title=\"photo02\" data-image-description=\"\" data-image-caption=\"\" data-large-file=\"https:\/\/i0.wp.com\/voyager3.com\/wp-content\/uploads\/2015\/03\/photo02.jpg?fit=429%2C293&amp;ssl=1\" class=\"alignnone wp-image-660\" src=\"https:\/\/i0.wp.com\/voyager3.com\/wp-content\/uploads\/2015\/03\/photo02.jpg?resize=319%2C218&#038;ssl=1\" alt=\"photo02\" width=\"319\" height=\"218\" \/><\/a>\u00a0 <a href=\"https:\/\/i0.wp.com\/voyager3.com\/wp-content\/uploads\/2015\/03\/photo03.jpg?ssl=1\"><img data-recalc-dims=\"1\" loading=\"lazy\" decoding=\"async\" data-attachment-id=\"661\" data-permalink=\"https:\/\/voyager3.com\/?attachment_id=661\" data-orig-file=\"https:\/\/i0.wp.com\/voyager3.com\/wp-content\/uploads\/2015\/03\/photo03.jpg?fit=294%2C443&amp;ssl=1\" data-orig-size=\"294,443\" data-comments-opened=\"0\" data-image-meta=\"{&quot;aperture&quot;:&quot;0&quot;,&quot;credit&quot;:&quot;&quot;,&quot;camera&quot;:&quot;&quot;,&quot;caption&quot;:&quot;&quot;,&quot;created_timestamp&quot;:&quot;0&quot;,&quot;copyright&quot;:&quot;&quot;,&quot;focal_length&quot;:&quot;0&quot;,&quot;iso&quot;:&quot;0&quot;,&quot;shutter_speed&quot;:&quot;0&quot;,&quot;title&quot;:&quot;&quot;,&quot;orientation&quot;:&quot;0&quot;}\" data-image-title=\"photo03\" data-image-description=\"\" data-image-caption=\"\" data-large-file=\"https:\/\/i0.wp.com\/voyager3.com\/wp-content\/uploads\/2015\/03\/photo03.jpg?fit=294%2C443&amp;ssl=1\" class=\"alignnone wp-image-661\" src=\"https:\/\/i0.wp.com\/voyager3.com\/wp-content\/uploads\/2015\/03\/photo03.jpg?resize=252%2C380&#038;ssl=1\" alt=\"photo03\" width=\"252\" height=\"380\" \/><\/a><a href=\"https:\/\/i0.wp.com\/voyager3.com\/wp-content\/uploads\/2015\/03\/photo01.jpg?ssl=1\"><img data-recalc-dims=\"1\" loading=\"lazy\" decoding=\"async\" data-attachment-id=\"659\" data-permalink=\"https:\/\/voyager3.com\/?attachment_id=659\" data-orig-file=\"https:\/\/i0.wp.com\/voyager3.com\/wp-content\/uploads\/2015\/03\/photo01.jpg?fit=430%2C292&amp;ssl=1\" data-orig-size=\"430,292\" data-comments-opened=\"0\" data-image-meta=\"{&quot;aperture&quot;:&quot;0&quot;,&quot;credit&quot;:&quot;&quot;,&quot;camera&quot;:&quot;&quot;,&quot;caption&quot;:&quot;&quot;,&quot;created_timestamp&quot;:&quot;0&quot;,&quot;copyright&quot;:&quot;&quot;,&quot;focal_length&quot;:&quot;0&quot;,&quot;iso&quot;:&quot;0&quot;,&quot;shutter_speed&quot;:&quot;0&quot;,&quot;title&quot;:&quot;&quot;,&quot;orientation&quot;:&quot;0&quot;}\" data-image-title=\"photo01\" data-image-description=\"\" data-image-caption=\"\" data-large-file=\"https:\/\/i0.wp.com\/voyager3.com\/wp-content\/uploads\/2015\/03\/photo01.jpg?fit=430%2C292&amp;ssl=1\" class=\"alignnone wp-image-659\" src=\"https:\/\/i0.wp.com\/voyager3.com\/wp-content\/uploads\/2015\/03\/photo01.jpg?resize=319%2C217&#038;ssl=1\" alt=\"photo01\" width=\"319\" height=\"217\" \/><\/a><\/p>\n<p>&nbsp;<\/p>\n<h6><span style=\"color: #000080;\">Vues prises du ballon (appareil photo dirig\u00e9 vers le sol)<\/span><\/h6>\n<p><a href=\"https:\/\/i0.wp.com\/voyager3.com\/wp-content\/uploads\/2015\/03\/photo14.jpg?ssl=1\"><img data-recalc-dims=\"1\" loading=\"lazy\" decoding=\"async\" data-attachment-id=\"677\" data-permalink=\"https:\/\/voyager3.com\/?attachment_id=677\" data-orig-file=\"https:\/\/i0.wp.com\/voyager3.com\/wp-content\/uploads\/2015\/03\/photo14.jpg?fit=266%2C406&amp;ssl=1\" data-orig-size=\"266,406\" data-comments-opened=\"0\" data-image-meta=\"{&quot;aperture&quot;:&quot;0&quot;,&quot;credit&quot;:&quot;&quot;,&quot;camera&quot;:&quot;&quot;,&quot;caption&quot;:&quot;&quot;,&quot;created_timestamp&quot;:&quot;0&quot;,&quot;copyright&quot;:&quot;&quot;,&quot;focal_length&quot;:&quot;0&quot;,&quot;iso&quot;:&quot;0&quot;,&quot;shutter_speed&quot;:&quot;0&quot;,&quot;title&quot;:&quot;&quot;,&quot;orientation&quot;:&quot;0&quot;}\" data-image-title=\"photo14\" data-image-description=\"\" data-image-caption=\"\" data-large-file=\"https:\/\/i0.wp.com\/voyager3.com\/wp-content\/uploads\/2015\/03\/photo14.jpg?fit=266%2C406&amp;ssl=1\" class=\"alignnone wp-image-677\" src=\"https:\/\/i0.wp.com\/voyager3.com\/wp-content\/uploads\/2015\/03\/photo14.jpg?resize=235%2C359&#038;ssl=1\" alt=\"photo14\" width=\"235\" height=\"359\" \/><\/a> <a href=\"https:\/\/i0.wp.com\/voyager3.com\/wp-content\/uploads\/2015\/03\/photo15.jpg?ssl=1\"><img data-recalc-dims=\"1\" loading=\"lazy\" decoding=\"async\" data-attachment-id=\"678\" data-permalink=\"https:\/\/voyager3.com\/?attachment_id=678\" data-orig-file=\"https:\/\/i0.wp.com\/voyager3.com\/wp-content\/uploads\/2015\/03\/photo15.jpg?fit=268%2C409&amp;ssl=1\" data-orig-size=\"268,409\" data-comments-opened=\"0\" data-image-meta=\"{&quot;aperture&quot;:&quot;0&quot;,&quot;credit&quot;:&quot;&quot;,&quot;camera&quot;:&quot;&quot;,&quot;caption&quot;:&quot;&quot;,&quot;created_timestamp&quot;:&quot;0&quot;,&quot;copyright&quot;:&quot;&quot;,&quot;focal_length&quot;:&quot;0&quot;,&quot;iso&quot;:&quot;0&quot;,&quot;shutter_speed&quot;:&quot;0&quot;,&quot;title&quot;:&quot;&quot;,&quot;orientation&quot;:&quot;0&quot;}\" data-image-title=\"photo15\" data-image-description=\"\" data-image-caption=\"\" data-large-file=\"https:\/\/i0.wp.com\/voyager3.com\/wp-content\/uploads\/2015\/03\/photo15.jpg?fit=268%2C409&amp;ssl=1\" class=\"alignnone wp-image-678\" src=\"https:\/\/i0.wp.com\/voyager3.com\/wp-content\/uploads\/2015\/03\/photo15.jpg?resize=234%2C357&#038;ssl=1\" alt=\"photo15\" width=\"234\" height=\"357\" \/><\/a> <a href=\"https:\/\/i0.wp.com\/voyager3.com\/wp-content\/uploads\/2015\/03\/photo13.jpg?ssl=1\"><img data-recalc-dims=\"1\" loading=\"lazy\" decoding=\"async\" data-attachment-id=\"676\" data-permalink=\"https:\/\/voyager3.com\/?attachment_id=676\" data-orig-file=\"https:\/\/i0.wp.com\/voyager3.com\/wp-content\/uploads\/2015\/03\/photo13.jpg?fit=265%2C406&amp;ssl=1\" data-orig-size=\"265,406\" data-comments-opened=\"0\" data-image-meta=\"{&quot;aperture&quot;:&quot;0&quot;,&quot;credit&quot;:&quot;&quot;,&quot;camera&quot;:&quot;&quot;,&quot;caption&quot;:&quot;&quot;,&quot;created_timestamp&quot;:&quot;0&quot;,&quot;copyright&quot;:&quot;&quot;,&quot;focal_length&quot;:&quot;0&quot;,&quot;iso&quot;:&quot;0&quot;,&quot;shutter_speed&quot;:&quot;0&quot;,&quot;title&quot;:&quot;&quot;,&quot;orientation&quot;:&quot;0&quot;}\" data-image-title=\"photo13\" data-image-description=\"\" data-image-caption=\"\" data-large-file=\"https:\/\/i0.wp.com\/voyager3.com\/wp-content\/uploads\/2015\/03\/photo13.jpg?fit=265%2C406&amp;ssl=1\" class=\"alignnone wp-image-676\" src=\"https:\/\/i0.wp.com\/voyager3.com\/wp-content\/uploads\/2015\/03\/photo13.jpg?resize=232%2C356&#038;ssl=1\" alt=\"photo13\" width=\"232\" height=\"356\" \/><\/a> <a href=\"https:\/\/i0.wp.com\/voyager3.com\/wp-content\/uploads\/2015\/03\/photo12.jpg?ssl=1\"><img data-recalc-dims=\"1\" loading=\"lazy\" decoding=\"async\" data-attachment-id=\"675\" data-permalink=\"https:\/\/voyager3.com\/?attachment_id=675\" data-orig-file=\"https:\/\/i0.wp.com\/voyager3.com\/wp-content\/uploads\/2015\/03\/photo12.jpg?fit=268%2C409&amp;ssl=1\" data-orig-size=\"268,409\" data-comments-opened=\"0\" data-image-meta=\"{&quot;aperture&quot;:&quot;0&quot;,&quot;credit&quot;:&quot;&quot;,&quot;camera&quot;:&quot;&quot;,&quot;caption&quot;:&quot;&quot;,&quot;created_timestamp&quot;:&quot;0&quot;,&quot;copyright&quot;:&quot;&quot;,&quot;focal_length&quot;:&quot;0&quot;,&quot;iso&quot;:&quot;0&quot;,&quot;shutter_speed&quot;:&quot;0&quot;,&quot;title&quot;:&quot;&quot;,&quot;orientation&quot;:&quot;0&quot;}\" data-image-title=\"photo12\" data-image-description=\"\" data-image-caption=\"\" data-large-file=\"https:\/\/i0.wp.com\/voyager3.com\/wp-content\/uploads\/2015\/03\/photo12.jpg?fit=268%2C409&amp;ssl=1\" class=\"alignnone wp-image-675\" src=\"https:\/\/i0.wp.com\/voyager3.com\/wp-content\/uploads\/2015\/03\/photo12.jpg?resize=233%2C355&#038;ssl=1\" alt=\"photo12\" width=\"233\" height=\"355\" \/><\/a> <a href=\"https:\/\/i0.wp.com\/voyager3.com\/wp-content\/uploads\/2015\/03\/photo11.jpg?ssl=1\"><img data-recalc-dims=\"1\" loading=\"lazy\" decoding=\"async\" data-attachment-id=\"674\" data-permalink=\"https:\/\/voyager3.com\/?attachment_id=674\" data-orig-file=\"https:\/\/i0.wp.com\/voyager3.com\/wp-content\/uploads\/2015\/03\/photo11.jpg?fit=266%2C407&amp;ssl=1\" data-orig-size=\"266,407\" data-comments-opened=\"0\" data-image-meta=\"{&quot;aperture&quot;:&quot;0&quot;,&quot;credit&quot;:&quot;&quot;,&quot;camera&quot;:&quot;&quot;,&quot;caption&quot;:&quot;&quot;,&quot;created_timestamp&quot;:&quot;0&quot;,&quot;copyright&quot;:&quot;&quot;,&quot;focal_length&quot;:&quot;0&quot;,&quot;iso&quot;:&quot;0&quot;,&quot;shutter_speed&quot;:&quot;0&quot;,&quot;title&quot;:&quot;&quot;,&quot;orientation&quot;:&quot;0&quot;}\" data-image-title=\"photo11\" data-image-description=\"\" data-image-caption=\"\" data-large-file=\"https:\/\/i0.wp.com\/voyager3.com\/wp-content\/uploads\/2015\/03\/photo11.jpg?fit=266%2C407&amp;ssl=1\" class=\"alignnone wp-image-674\" src=\"https:\/\/i0.wp.com\/voyager3.com\/wp-content\/uploads\/2015\/03\/photo11.jpg?resize=235%2C360&#038;ssl=1\" alt=\"photo11\" width=\"235\" height=\"360\" \/><\/a> <a href=\"https:\/\/i0.wp.com\/voyager3.com\/wp-content\/uploads\/2015\/03\/photo10.jpg?ssl=1\"><img data-recalc-dims=\"1\" loading=\"lazy\" decoding=\"async\" data-attachment-id=\"673\" data-permalink=\"https:\/\/voyager3.com\/?attachment_id=673\" data-orig-file=\"https:\/\/i0.wp.com\/voyager3.com\/wp-content\/uploads\/2015\/03\/photo10.jpg?fit=268%2C406&amp;ssl=1\" data-orig-size=\"268,406\" data-comments-opened=\"0\" data-image-meta=\"{&quot;aperture&quot;:&quot;0&quot;,&quot;credit&quot;:&quot;&quot;,&quot;camera&quot;:&quot;&quot;,&quot;caption&quot;:&quot;&quot;,&quot;created_timestamp&quot;:&quot;0&quot;,&quot;copyright&quot;:&quot;&quot;,&quot;focal_length&quot;:&quot;0&quot;,&quot;iso&quot;:&quot;0&quot;,&quot;shutter_speed&quot;:&quot;0&quot;,&quot;title&quot;:&quot;&quot;,&quot;orientation&quot;:&quot;0&quot;}\" data-image-title=\"photo10\" data-image-description=\"\" data-image-caption=\"\" data-large-file=\"https:\/\/i0.wp.com\/voyager3.com\/wp-content\/uploads\/2015\/03\/photo10.jpg?fit=268%2C406&amp;ssl=1\" class=\"alignnone wp-image-673\" src=\"https:\/\/i0.wp.com\/voyager3.com\/wp-content\/uploads\/2015\/03\/photo10.jpg?resize=236%2C358&#038;ssl=1\" alt=\"photo10\" width=\"236\" height=\"358\" \/><\/a> <a href=\"https:\/\/i0.wp.com\/voyager3.com\/wp-content\/uploads\/2015\/03\/photo09.jpg?ssl=1\"><img data-recalc-dims=\"1\" loading=\"lazy\" decoding=\"async\" data-attachment-id=\"672\" data-permalink=\"https:\/\/voyager3.com\/?attachment_id=672\" data-orig-file=\"https:\/\/i0.wp.com\/voyager3.com\/wp-content\/uploads\/2015\/03\/photo09.jpg?fit=290%2C440&amp;ssl=1\" data-orig-size=\"290,440\" data-comments-opened=\"0\" data-image-meta=\"{&quot;aperture&quot;:&quot;0&quot;,&quot;credit&quot;:&quot;&quot;,&quot;camera&quot;:&quot;&quot;,&quot;caption&quot;:&quot;&quot;,&quot;created_timestamp&quot;:&quot;0&quot;,&quot;copyright&quot;:&quot;&quot;,&quot;focal_length&quot;:&quot;0&quot;,&quot;iso&quot;:&quot;0&quot;,&quot;shutter_speed&quot;:&quot;0&quot;,&quot;title&quot;:&quot;&quot;,&quot;orientation&quot;:&quot;0&quot;}\" data-image-title=\"photo09\" data-image-description=\"\" data-image-caption=\"\" data-large-file=\"https:\/\/i0.wp.com\/voyager3.com\/wp-content\/uploads\/2015\/03\/photo09.jpg?fit=290%2C440&amp;ssl=1\" class=\"alignnone wp-image-672\" src=\"https:\/\/i0.wp.com\/voyager3.com\/wp-content\/uploads\/2015\/03\/photo09.jpg?resize=235%2C356&#038;ssl=1\" alt=\"photo09\" width=\"235\" height=\"356\" \/><\/a> <a href=\"https:\/\/i0.wp.com\/voyager3.com\/wp-content\/uploads\/2015\/03\/photo07.jpg?ssl=1\"><img data-recalc-dims=\"1\" loading=\"lazy\" decoding=\"async\" data-attachment-id=\"670\" data-permalink=\"https:\/\/voyager3.com\/?attachment_id=670\" data-orig-file=\"https:\/\/i0.wp.com\/voyager3.com\/wp-content\/uploads\/2015\/03\/photo07.jpg?fit=291%2C441&amp;ssl=1\" data-orig-size=\"291,441\" data-comments-opened=\"0\" data-image-meta=\"{&quot;aperture&quot;:&quot;0&quot;,&quot;credit&quot;:&quot;&quot;,&quot;camera&quot;:&quot;&quot;,&quot;caption&quot;:&quot;&quot;,&quot;created_timestamp&quot;:&quot;0&quot;,&quot;copyright&quot;:&quot;&quot;,&quot;focal_length&quot;:&quot;0&quot;,&quot;iso&quot;:&quot;0&quot;,&quot;shutter_speed&quot;:&quot;0&quot;,&quot;title&quot;:&quot;&quot;,&quot;orientation&quot;:&quot;0&quot;}\" data-image-title=\"photo07\" data-image-description=\"\" data-image-caption=\"\" data-large-file=\"https:\/\/i0.wp.com\/voyager3.com\/wp-content\/uploads\/2015\/03\/photo07.jpg?fit=291%2C441&amp;ssl=1\" class=\"alignnone wp-image-670\" src=\"https:\/\/i0.wp.com\/voyager3.com\/wp-content\/uploads\/2015\/03\/photo07.jpg?resize=236%2C358&#038;ssl=1\" alt=\"photo07\" width=\"236\" height=\"358\" \/><\/a> <a href=\"https:\/\/i0.wp.com\/voyager3.com\/wp-content\/uploads\/2015\/03\/photo08.jpg?ssl=1\"><img data-recalc-dims=\"1\" loading=\"lazy\" decoding=\"async\" data-attachment-id=\"671\" data-permalink=\"https:\/\/voyager3.com\/?attachment_id=671\" data-orig-file=\"https:\/\/i0.wp.com\/voyager3.com\/wp-content\/uploads\/2015\/03\/photo08.jpg?fit=292%2C439&amp;ssl=1\" data-orig-size=\"292,439\" data-comments-opened=\"0\" data-image-meta=\"{&quot;aperture&quot;:&quot;0&quot;,&quot;credit&quot;:&quot;&quot;,&quot;camera&quot;:&quot;&quot;,&quot;caption&quot;:&quot;&quot;,&quot;created_timestamp&quot;:&quot;0&quot;,&quot;copyright&quot;:&quot;&quot;,&quot;focal_length&quot;:&quot;0&quot;,&quot;iso&quot;:&quot;0&quot;,&quot;shutter_speed&quot;:&quot;0&quot;,&quot;title&quot;:&quot;&quot;,&quot;orientation&quot;:&quot;0&quot;}\" data-image-title=\"photo08\" data-image-description=\"\" data-image-caption=\"\" data-large-file=\"https:\/\/i0.wp.com\/voyager3.com\/wp-content\/uploads\/2015\/03\/photo08.jpg?fit=292%2C439&amp;ssl=1\" class=\" size-full wp-image-671 aligncenter\" src=\"https:\/\/i0.wp.com\/voyager3.com\/wp-content\/uploads\/2015\/03\/photo08.jpg?resize=292%2C439&#038;ssl=1\" alt=\"photo08\" width=\"292\" height=\"439\" \/><\/a><\/p>\n<p>&nbsp;<\/p>\n<h6><span style=\"color: #000080;\">Vues prises du ballon (appareil photo dirig\u00e9 vers l&rsquo;horizon)<\/span><\/h6>\n<p><a href=\"https:\/\/i0.wp.com\/voyager3.com\/wp-content\/uploads\/2015\/03\/photo20.jpg?ssl=1\"><img data-recalc-dims=\"1\" loading=\"lazy\" decoding=\"async\" data-attachment-id=\"693\" data-permalink=\"https:\/\/voyager3.com\/?attachment_id=693\" data-orig-file=\"https:\/\/i0.wp.com\/voyager3.com\/wp-content\/uploads\/2015\/03\/photo20.jpg?fit=265%2C403&amp;ssl=1\" data-orig-size=\"265,403\" data-comments-opened=\"0\" data-image-meta=\"{&quot;aperture&quot;:&quot;0&quot;,&quot;credit&quot;:&quot;&quot;,&quot;camera&quot;:&quot;&quot;,&quot;caption&quot;:&quot;&quot;,&quot;created_timestamp&quot;:&quot;0&quot;,&quot;copyright&quot;:&quot;&quot;,&quot;focal_length&quot;:&quot;0&quot;,&quot;iso&quot;:&quot;0&quot;,&quot;shutter_speed&quot;:&quot;0&quot;,&quot;title&quot;:&quot;&quot;,&quot;orientation&quot;:&quot;0&quot;}\" data-image-title=\"photo20\" data-image-description=\"\" data-image-caption=\"\" data-large-file=\"https:\/\/i0.wp.com\/voyager3.com\/wp-content\/uploads\/2015\/03\/photo20.jpg?fit=265%2C403&amp;ssl=1\" class=\"alignnone wp-image-693\" src=\"https:\/\/i0.wp.com\/voyager3.com\/wp-content\/uploads\/2015\/03\/photo20.jpg?resize=233%2C354&#038;ssl=1\" alt=\"photo20\" width=\"233\" height=\"354\" \/><\/a> <a href=\"https:\/\/i0.wp.com\/voyager3.com\/wp-content\/uploads\/2015\/03\/photo19.jpg?ssl=1\"><img data-recalc-dims=\"1\" loading=\"lazy\" decoding=\"async\" data-attachment-id=\"692\" data-permalink=\"https:\/\/voyager3.com\/?attachment_id=692\" data-orig-file=\"https:\/\/i0.wp.com\/voyager3.com\/wp-content\/uploads\/2015\/03\/photo19.jpg?fit=268%2C409&amp;ssl=1\" data-orig-size=\"268,409\" data-comments-opened=\"0\" data-image-meta=\"{&quot;aperture&quot;:&quot;0&quot;,&quot;credit&quot;:&quot;&quot;,&quot;camera&quot;:&quot;&quot;,&quot;caption&quot;:&quot;&quot;,&quot;created_timestamp&quot;:&quot;0&quot;,&quot;copyright&quot;:&quot;&quot;,&quot;focal_length&quot;:&quot;0&quot;,&quot;iso&quot;:&quot;0&quot;,&quot;shutter_speed&quot;:&quot;0&quot;,&quot;title&quot;:&quot;&quot;,&quot;orientation&quot;:&quot;0&quot;}\" data-image-title=\"photo19\" data-image-description=\"\" data-image-caption=\"\" data-large-file=\"https:\/\/i0.wp.com\/voyager3.com\/wp-content\/uploads\/2015\/03\/photo19.jpg?fit=268%2C409&amp;ssl=1\" class=\"alignnone wp-image-692\" src=\"https:\/\/i0.wp.com\/voyager3.com\/wp-content\/uploads\/2015\/03\/photo19.jpg?resize=233%2C356&#038;ssl=1\" alt=\"photo19\" width=\"233\" height=\"356\" \/><\/a> <a href=\"https:\/\/i0.wp.com\/voyager3.com\/wp-content\/uploads\/2015\/03\/photo16.jpg?ssl=1\"><img data-recalc-dims=\"1\" loading=\"lazy\" decoding=\"async\" data-attachment-id=\"689\" data-permalink=\"https:\/\/voyager3.com\/?attachment_id=689\" data-orig-file=\"https:\/\/i0.wp.com\/voyager3.com\/wp-content\/uploads\/2015\/03\/photo16.jpg?fit=268%2C409&amp;ssl=1\" data-orig-size=\"268,409\" data-comments-opened=\"0\" data-image-meta=\"{&quot;aperture&quot;:&quot;0&quot;,&quot;credit&quot;:&quot;&quot;,&quot;camera&quot;:&quot;&quot;,&quot;caption&quot;:&quot;&quot;,&quot;created_timestamp&quot;:&quot;0&quot;,&quot;copyright&quot;:&quot;&quot;,&quot;focal_length&quot;:&quot;0&quot;,&quot;iso&quot;:&quot;0&quot;,&quot;shutter_speed&quot;:&quot;0&quot;,&quot;title&quot;:&quot;&quot;,&quot;orientation&quot;:&quot;0&quot;}\" data-image-title=\"photo16\" data-image-description=\"\" data-image-caption=\"\" data-large-file=\"https:\/\/i0.wp.com\/voyager3.com\/wp-content\/uploads\/2015\/03\/photo16.jpg?fit=268%2C409&amp;ssl=1\" class=\"alignnone wp-image-689\" src=\"https:\/\/i0.wp.com\/voyager3.com\/wp-content\/uploads\/2015\/03\/photo16.jpg?resize=233%2C355&#038;ssl=1\" alt=\"photo16\" width=\"233\" height=\"355\" \/><\/a> <a href=\"https:\/\/i0.wp.com\/voyager3.com\/wp-content\/uploads\/2015\/03\/photo17.jpg?ssl=1\"><img data-recalc-dims=\"1\" loading=\"lazy\" decoding=\"async\" data-attachment-id=\"690\" data-permalink=\"https:\/\/voyager3.com\/?attachment_id=690\" data-orig-file=\"https:\/\/i0.wp.com\/voyager3.com\/wp-content\/uploads\/2015\/03\/photo17.jpg?fit=268%2C409&amp;ssl=1\" data-orig-size=\"268,409\" data-comments-opened=\"0\" data-image-meta=\"{&quot;aperture&quot;:&quot;0&quot;,&quot;credit&quot;:&quot;&quot;,&quot;camera&quot;:&quot;&quot;,&quot;caption&quot;:&quot;&quot;,&quot;created_timestamp&quot;:&quot;0&quot;,&quot;copyright&quot;:&quot;&quot;,&quot;focal_length&quot;:&quot;0&quot;,&quot;iso&quot;:&quot;0&quot;,&quot;shutter_speed&quot;:&quot;0&quot;,&quot;title&quot;:&quot;&quot;,&quot;orientation&quot;:&quot;0&quot;}\" data-image-title=\"photo17\" data-image-description=\"\" data-image-caption=\"\" data-large-file=\"https:\/\/i0.wp.com\/voyager3.com\/wp-content\/uploads\/2015\/03\/photo17.jpg?fit=268%2C409&amp;ssl=1\" class=\"alignnone wp-image-690\" src=\"https:\/\/i0.wp.com\/voyager3.com\/wp-content\/uploads\/2015\/03\/photo17.jpg?resize=230%2C351&#038;ssl=1\" alt=\"photo17\" width=\"230\" height=\"351\" \/><\/a> <a href=\"https:\/\/i0.wp.com\/voyager3.com\/wp-content\/uploads\/2015\/03\/photo18.jpg?ssl=1\"><img data-recalc-dims=\"1\" loading=\"lazy\" decoding=\"async\" data-attachment-id=\"691\" data-permalink=\"https:\/\/voyager3.com\/?attachment_id=691\" data-orig-file=\"https:\/\/i0.wp.com\/voyager3.com\/wp-content\/uploads\/2015\/03\/photo18.jpg?fit=268%2C409&amp;ssl=1\" data-orig-size=\"268,409\" data-comments-opened=\"0\" data-image-meta=\"{&quot;aperture&quot;:&quot;0&quot;,&quot;credit&quot;:&quot;&quot;,&quot;camera&quot;:&quot;&quot;,&quot;caption&quot;:&quot;&quot;,&quot;created_timestamp&quot;:&quot;0&quot;,&quot;copyright&quot;:&quot;&quot;,&quot;focal_length&quot;:&quot;0&quot;,&quot;iso&quot;:&quot;0&quot;,&quot;shutter_speed&quot;:&quot;0&quot;,&quot;title&quot;:&quot;&quot;,&quot;orientation&quot;:&quot;0&quot;}\" data-image-title=\"photo18\" data-image-description=\"\" data-image-caption=\"\" data-large-file=\"https:\/\/i0.wp.com\/voyager3.com\/wp-content\/uploads\/2015\/03\/photo18.jpg?fit=268%2C409&amp;ssl=1\" class=\" wp-image-691 aligncenter\" src=\"https:\/\/i0.wp.com\/voyager3.com\/wp-content\/uploads\/2015\/03\/photo18.jpg?resize=241%2C368&#038;ssl=1\" alt=\"photo18\" width=\"241\" height=\"368\" \/><\/a><\/p>\n","protected":false},"excerpt":{"rendered":"<p>Ballons sonde : galerie photo Voici quelques-unes des photos qui ont \u00e9t\u00e9 prises au cours des diff\u00e9rents lanc\u00e9s de ballons \u00e0 h\u00e9lium. Cliquez sur la photo d\u00e9sir\u00e9e pour la voir. Pr\u00e9paration du ballon \u00a0 &nbsp; Vues prises du ballon (appareil photo dirig\u00e9 vers le sol) &nbsp; Vues prises du ballon (appareil photo dirig\u00e9 vers l&rsquo;horizon)<\/p>\n","protected":false},"author":5,"featured_media":0,"parent":622,"menu_order":0,"comment_status":"closed","ping_status":"closed","template":"","meta":{"_exactmetrics_skip_tracking":false,"_exactmetrics_sitenote_active":false,"_exactmetrics_sitenote_note":"","_exactmetrics_sitenote_category":0,"jetpack_post_was_ever_published":false,"footnotes":""},"class_list":["post-655","page","type-page","status-publish","hentry"],"jetpack_sharing_enabled":true,"jetpack_shortlink":"https:\/\/wp.me\/P6Vaq2-az","jetpack_likes_enabled":true,"_links":{"self":[{"href":"https:\/\/voyager3.com\/index.php?rest_route=\/wp\/v2\/pages\/655","targetHints":{"allow":["GET"]}}],"collection":[{"href":"https:\/\/voyager3.com\/index.php?rest_route=\/wp\/v2\/pages"}],"about":[{"href":"https:\/\/voyager3.com\/index.php?rest_route=\/wp\/v2\/types\/page"}],"author":[{"embeddable":true,"href":"https:\/\/voyager3.com\/index.php?rest_route=\/wp\/v2\/users\/5"}],"replies":[{"embeddable":true,"href":"https:\/\/voyager3.com\/index.php?rest_route=%2Fwp%2Fv2%2Fcomments&post=655"}],"version-history":[{"count":19,"href":"https:\/\/voyager3.com\/index.php?rest_route=\/wp\/v2\/pages\/655\/revisions"}],"predecessor-version":[{"id":700,"href":"https:\/\/voyager3.com\/index.php?rest_route=\/wp\/v2\/pages\/655\/revisions\/700"}],"up":[{"embeddable":true,"href":"https:\/\/voyager3.com\/index.php?rest_route=\/wp\/v2\/pages\/622"}],"wp:attachment":[{"href":"https:\/\/voyager3.com\/index.php?rest_route=%2Fwp%2Fv2%2Fmedia&parent=655"}],"curies":[{"name":"wp","href":"https:\/\/api.w.org\/{rel}","templated":true}]}}