{"id":622,"date":"2015-03-14T16:53:05","date_gmt":"2015-03-14T15:53:05","guid":{"rendered":"http:\/\/voyager3.com\/?page_id=622"},"modified":"2015-12-20T17:04:09","modified_gmt":"2015-12-20T16:04:09","slug":"ballons-sonde","status":"publish","type":"page","link":"https:\/\/voyager3.com\/?page_id=622","title":{"rendered":"Ballons sonde"},"content":{"rendered":"<h6 style=\"text-align: center;\"><span style=\"color: #000080;\"><em><strong><span style=\"font-size: x-large;\">Ballons sonde<\/span><\/strong><\/em><\/span><\/h6>\n<p style=\"text-align: center;\"><a title=\"Ballons \u00e0 h\u00e9lium\" href=\"https:\/\/voyager3.com\/?page_id=630\"><span style=\"text-decoration: underline;\"><span style=\"color: #0066cc; text-decoration: underline;\"><strong>Ballon \u00e0 h\u00e9lium<\/strong><\/span><\/span><\/a><a title=\"Ballons bulle d\u2019orage\" href=\"https:\/\/voyager3.com\/?page_id=640\"><strong> | <\/strong><span style=\"text-decoration: underline;\"><span style=\"color: #0066cc; text-decoration: underline;\"><strong>Bulle d&rsquo;orage<\/strong><\/span><\/span><strong> | <\/strong><\/a><a title=\"Ballons sonde : galerie photo\" href=\"https:\/\/voyager3.com\/?page_id=655\"><span style=\"text-decoration: underline;\"><span style=\"color: #0066cc; text-decoration: underline;\"><strong>Galerie photo<\/strong><\/span><\/span><\/a><\/p>\n<p style=\"text-align: left;\"><a title=\"Ballons bulle d\u2019orage\" href=\"https:\/\/voyager3.com\/?page_id=640\"><span style=\"color: #000080;\"><img data-recalc-dims=\"1\" loading=\"lazy\" decoding=\"async\" data-attachment-id=\"626\" data-permalink=\"https:\/\/voyager3.com\/?attachment_id=626\" data-orig-file=\"https:\/\/i0.wp.com\/voyager3.com\/wp-content\/uploads\/2015\/03\/ballon1.jpg?fit=95%2C169&amp;ssl=1\" data-orig-size=\"95,169\" data-comments-opened=\"0\" data-image-meta=\"{&quot;aperture&quot;:&quot;0&quot;,&quot;credit&quot;:&quot;&quot;,&quot;camera&quot;:&quot;&quot;,&quot;caption&quot;:&quot;&quot;,&quot;created_timestamp&quot;:&quot;0&quot;,&quot;copyright&quot;:&quot;&quot;,&quot;focal_length&quot;:&quot;0&quot;,&quot;iso&quot;:&quot;0&quot;,&quot;shutter_speed&quot;:&quot;0&quot;,&quot;title&quot;:&quot;&quot;,&quot;orientation&quot;:&quot;0&quot;}\" data-image-title=\"ballon1\" data-image-description=\"\" data-image-caption=\"\" data-large-file=\"https:\/\/i0.wp.com\/voyager3.com\/wp-content\/uploads\/2015\/03\/ballon1.jpg?fit=95%2C169&amp;ssl=1\" class=\" wp-image-626 alignleft\" src=\"https:\/\/i0.wp.com\/voyager3.com\/wp-content\/uploads\/2015\/03\/ballon1.jpg?resize=145%2C258&#038;ssl=1\" alt=\"ballon1\" width=\"145\" height=\"258\" \/>Voyager 3 s&rsquo;est sp\u00e9cialis\u00e9, entre autre, dans le lancement de ballons stratosph\u00e9riques \u00e0 h\u00e9lium, et plus r\u00e9cemment, \u00e0 air chaud (\u00ab\u00a0Bulle d&rsquo;Orage\u00a0\u00bb). Nous lan\u00e7ons tous les ans \u00e0 l&rsquo;occasion de la Nuit des Etoiles deux ou trois ballons, selon les conditions atmosph\u00e9riques.<\/span><\/a><\/p>\n<p><a title=\"Ballons bulle d\u2019orage\" href=\"https:\/\/voyager3.com\/?page_id=640\"><span style=\"color: #000080;\">Nous avons ainsi lanc\u00e9 deux ballons \u00e0 h\u00e9lium en 1996, trois ballons \u00e0 h\u00e9lium et un \u00e0 air chaud en 1997, et un ballon \u00e0 h\u00e9lium et deux bulles d&rsquo;orage en 1998.<\/span><\/a><\/p>\n<p><a title=\"Ballons bulle d\u2019orage\" href=\"https:\/\/voyager3.com\/?page_id=640\"><span style=\"color: #000080;\"><img data-recalc-dims=\"1\" loading=\"lazy\" decoding=\"async\" data-attachment-id=\"627\" data-permalink=\"https:\/\/voyager3.com\/?attachment_id=627\" data-orig-file=\"https:\/\/i0.wp.com\/voyager3.com\/wp-content\/uploads\/2015\/03\/ballon2.jpg?fit=66%2C137&amp;ssl=1\" data-orig-size=\"66,137\" data-comments-opened=\"0\" data-image-meta=\"{&quot;aperture&quot;:&quot;0&quot;,&quot;credit&quot;:&quot;&quot;,&quot;camera&quot;:&quot;&quot;,&quot;caption&quot;:&quot;&quot;,&quot;created_timestamp&quot;:&quot;0&quot;,&quot;copyright&quot;:&quot;&quot;,&quot;focal_length&quot;:&quot;0&quot;,&quot;iso&quot;:&quot;0&quot;,&quot;shutter_speed&quot;:&quot;0&quot;,&quot;title&quot;:&quot;&quot;,&quot;orientation&quot;:&quot;0&quot;}\" data-image-title=\"ballon2\" data-image-description=\"\" data-image-caption=\"\" data-large-file=\"https:\/\/i0.wp.com\/voyager3.com\/wp-content\/uploads\/2015\/03\/ballon2.jpg?fit=66%2C137&amp;ssl=1\" class=\" wp-image-627 alignright\" src=\"https:\/\/i0.wp.com\/voyager3.com\/wp-content\/uploads\/2015\/03\/ballon2.jpg?resize=114%2C237&#038;ssl=1\" alt=\"ballon2\" width=\"114\" height=\"237\" \/>Ainsi, ce sont huit ballons qui ont \u00e9t\u00e9 lanc\u00e9s avec succ\u00e8s en trois ans, une fr\u00e9quence peu commune pour un club d&rsquo;astronomie.<\/span><\/a><\/p>\n<p><a title=\"Ballons bulle d\u2019orage\" href=\"https:\/\/voyager3.com\/?page_id=640\"><span style=\"color: #000080;\">Mais assez de baratins, passons plut\u00f4t aux choses \u00ab\u00a0s\u00e9rieuses\u00a0\u00bb : comment ces ballons fonctionnent-ils ? Et qu&rsquo;en faisons-nous ?<\/span><\/a><\/p>\n","protected":false},"excerpt":{"rendered":"<p>Ballons sonde Ballon \u00e0 h\u00e9lium | Bulle d&rsquo;orage | Galerie photo Voyager 3 s&rsquo;est sp\u00e9cialis\u00e9, entre autre, dans le lancement de ballons stratosph\u00e9riques \u00e0 h\u00e9lium, et plus r\u00e9cemment, \u00e0 air chaud (\u00ab\u00a0Bulle d&rsquo;Orage\u00a0\u00bb). Nous lan\u00e7ons tous les ans \u00e0 l&rsquo;occasion de la Nuit des Etoiles deux ou trois ballons, selon les conditions atmosph\u00e9riques. Nous avons [&hellip;]<\/p>\n","protected":false},"author":5,"featured_media":0,"parent":278,"menu_order":0,"comment_status":"closed","ping_status":"closed","template":"","meta":{"_exactmetrics_skip_tracking":false,"_exactmetrics_sitenote_active":false,"_exactmetrics_sitenote_note":"","_exactmetrics_sitenote_category":0,"jetpack_post_was_ever_published":false,"footnotes":""},"class_list":["post-622","page","type-page","status-publish","hentry"],"jetpack_sharing_enabled":true,"jetpack_shortlink":"https:\/\/wp.me\/P6Vaq2-a2","jetpack_likes_enabled":true,"_links":{"self":[{"href":"https:\/\/voyager3.com\/index.php?rest_route=\/wp\/v2\/pages\/622","targetHints":{"allow":["GET"]}}],"collection":[{"href":"https:\/\/voyager3.com\/index.php?rest_route=\/wp\/v2\/pages"}],"about":[{"href":"https:\/\/voyager3.com\/index.php?rest_route=\/wp\/v2\/types\/page"}],"author":[{"embeddable":true,"href":"https:\/\/voyager3.com\/index.php?rest_route=\/wp\/v2\/users\/5"}],"replies":[{"embeddable":true,"href":"https:\/\/voyager3.com\/index.php?rest_route=%2Fwp%2Fv2%2Fcomments&post=622"}],"version-history":[{"count":9,"href":"https:\/\/voyager3.com\/index.php?rest_route=\/wp\/v2\/pages\/622\/revisions"}],"predecessor-version":[{"id":707,"href":"https:\/\/voyager3.com\/index.php?rest_route=\/wp\/v2\/pages\/622\/revisions\/707"}],"up":[{"embeddable":true,"href":"https:\/\/voyager3.com\/index.php?rest_route=\/wp\/v2\/pages\/278"}],"wp:attachment":[{"href":"https:\/\/voyager3.com\/index.php?rest_route=%2Fwp%2Fv2%2Fmedia&parent=622"}],"curies":[{"name":"wp","href":"https:\/\/api.w.org\/{rel}","templated":true}]}}