{"id":609,"date":"2015-03-14T16:42:31","date_gmt":"2015-03-14T15:42:31","guid":{"rendered":"http:\/\/voyager3.com\/?page_id=609"},"modified":"2015-12-21T16:43:28","modified_gmt":"2015-12-21T15:43:28","slug":"logiciels","status":"publish","type":"page","link":"https:\/\/voyager3.com\/?page_id=609","title":{"rendered":"Logiciels"},"content":{"rendered":"<p style=\"text-align: center;\"><span style=\"color: #000080;\"><strong><span style=\"font-size: x-large;\">Nos r\u00e9alisations : logiciels<\/span><\/strong><\/span><\/p>\n<p style=\"text-align: left;\"><span style=\"color: #000080;\"><strong><span style=\"font-size: x-large;\"><a style=\"color: #000080;\" href=\"https:\/\/voyager3.com\/?page_id=1457\">Voyager III, Eph\u00e9m\u00e9rides Astronomiques:<\/a><\/span><\/strong><\/span><\/p>\n<p><span style=\"color: #000080;\">Retrouvez les positions des plan\u00e8tes du syst\u00e8me solaire, simulez les principaux \u00e9v\u00e8nements tels que les \u00e9clipses ou visualisez les orbites des plan\u00e8tes en 3D&#8230;<\/span><\/p>\n<h6><span style=\"color: #000080;\"><a style=\"color: #000080;\" href=\"https:\/\/voyager3.com\/?page_id=1861\"><strong><span style=\"font-size: x-large;\">Astrotime<\/span><\/strong><\/a><\/span><\/h6>\n<p><span style=\"color: #000080;\">Affichez l&rsquo;heure locale, le temps universel et le temps sid\u00e9ral \u00e0 la longitude de votre choix.<\/span><\/p>\n<p><span style=\"color: #000080;\"><strong><span style=\"font-size: x-large;\"><a style=\"color: #000080;\" href=\"https:\/\/voyager3.com\/?page_id=1590\">PixMoy<\/a><\/span><\/strong>:<\/span><\/p>\n<p><span style=\"color: #000080;\">Supprimez efficacement l&rsquo;effet de peigne sur vos images du ciel profond prises \u00e0 la webcam.<\/span><\/p>\n<p><span style=\"color: #000080;\"><strong><span style=\"font-size: x-large;\"><a style=\"color: #000080;\" href=\"https:\/\/voyager3.com\/?page_id=1483\">Fus\u00e9e \u00e0 eau<\/a>:<\/span><\/strong><\/span><\/p>\n<p><span style=\"color: #000080;\">Simulez le lanc\u00e9 d&rsquo;une fus\u00e9e \u00e0 eau en fonction de nombreux param\u00e8tres<\/span><\/p>\n<h6><span style=\"color: #000080;\"><strong><span style=\"font-size: x-large;\"><a style=\"color: #000080;\" href=\"https:\/\/voyager3.com\/wp-content\/uploads\/2015\/03\/map.zip\">Map<\/a>:<\/span><\/strong><\/span><\/h6>\n<p><span style=\"color: #000080;\">Cr\u00e9ez facilement des maquettes de plan\u00e8tes (cr\u00e9ation d&rsquo;une image \u00e0 coller sur une sph\u00e8re \u00e0 partir d&rsquo;une planisph\u00e8re classique)<\/span><\/p>\n<h6><span style=\"color: #000080;\"><strong><span style=\"font-size: x-large;\"><a style=\"color: #000080;\" href=\"https:\/\/voyager3.com\/wp-content\/uploads\/2015\/03\/optic.zip\">Optic<\/a>:<\/span><\/strong><\/span><\/h6>\n<p><span style=\"color: #000080;\">Simulez pr\u00e9cisemment le trajet des rayons lumineux dans un syst\u00e8me optique (prise en compte de la longueur d&rsquo;onde de la lumi\u00e8re et des indices de r\u00e9fraction des milieux travers\u00e9s, zoom puissant, entre autres fonctions)<\/span><\/p>\n<p>&nbsp;<\/p>\n<p><span style=\"color: #000080;\">Pour le plan\u00e9tarium Stellarium :<\/span><br \/>\n<span style=\"color: #000080;\"> Stellarium est un logiciel de plan\u00e9tarium de toute beaut\u00e9, gratuit et disponible pour plusieurs plateformes informatiques. Pour en savoir plus, visitez le site officiel : <a style=\"color: #000080;\" href=\"http:\/\/www.stellarium.org\/\" target=\"_blank\"><span style=\"text-decoration: underline;\">http:\/\/www.stellarium.org\/<\/span><\/a><\/span><\/p>\n<h6><span style=\"color: #000080;\"><strong><span style=\"font-size: x-large;\"><a style=\"font-size: x-large; color: #000080;\" href=\"https:\/\/voyager3.com\/wp-content\/uploads\/2015\/03\/Horizon2Stellarium.zip\">Horizon2Stellarium:<\/a><\/span><\/strong><\/span><\/h6>\n<p><span style=\"color: #000080;\">G\u00e9n\u00e9rez facilement votre horizon local \u00e0 int\u00e9grer dans Stellarium \u00e0 partir de plusieurs images format un panorama \u00e0 360\u00b0.<\/span><\/p>\n<h6><span style=\"color: #000080;\">\u00a0<strong><span style=\"font-size: x-large;\"><a style=\"color: #000080;\" href=\"https:\/\/voyager3.com\/wp-content\/uploads\/2015\/03\/garenne.zip\">Garenne:<\/a><\/span><\/strong><\/span><\/h6>\n<p><span style=\"color: #000080;\">L&rsquo;horizon local du local du club&#8230;<\/span><\/p>\n<p align=\"center\"><span style=\"color: #000080;\">Pour tout renseignement ou toute remarque, vous pouvez contacter <a style=\"color: #000080;\" href=\"mailto:sebastien.poirier@voyager3.com?subject=[Voyager3.com : logiciels]\"><span style=\"text-decoration: underline;\">S\u00e9bastien Poirier<\/span><\/a>.<\/span><\/p>\n","protected":false},"excerpt":{"rendered":"<p>Nos r\u00e9alisations : logiciels Voyager III, Eph\u00e9m\u00e9rides Astronomiques: Retrouvez les positions des plan\u00e8tes du syst\u00e8me solaire, simulez les principaux \u00e9v\u00e8nements tels que les \u00e9clipses ou visualisez les orbites des plan\u00e8tes en 3D&#8230; Astrotime Affichez l&rsquo;heure locale, le temps universel et le temps sid\u00e9ral \u00e0 la longitude de votre choix. PixMoy: Supprimez efficacement l&rsquo;effet de peigne [&hellip;]<\/p>\n","protected":false},"author":5,"featured_media":0,"parent":278,"menu_order":0,"comment_status":"closed","ping_status":"closed","template":"","meta":{"_exactmetrics_skip_tracking":false,"_exactmetrics_sitenote_active":false,"_exactmetrics_sitenote_note":"","_exactmetrics_sitenote_category":0,"jetpack_post_was_ever_published":false,"footnotes":""},"class_list":["post-609","page","type-page","status-publish","hentry"],"jetpack_sharing_enabled":true,"jetpack_shortlink":"https:\/\/wp.me\/P6Vaq2-9P","jetpack_likes_enabled":true,"_links":{"self":[{"href":"https:\/\/voyager3.com\/index.php?rest_route=\/wp\/v2\/pages\/609","targetHints":{"allow":["GET"]}}],"collection":[{"href":"https:\/\/voyager3.com\/index.php?rest_route=\/wp\/v2\/pages"}],"about":[{"href":"https:\/\/voyager3.com\/index.php?rest_route=\/wp\/v2\/types\/page"}],"author":[{"embeddable":true,"href":"https:\/\/voyager3.com\/index.php?rest_route=\/wp\/v2\/users\/5"}],"replies":[{"embeddable":true,"href":"https:\/\/voyager3.com\/index.php?rest_route=%2Fwp%2Fv2%2Fcomments&post=609"}],"version-history":[{"count":18,"href":"https:\/\/voyager3.com\/index.php?rest_route=\/wp\/v2\/pages\/609\/revisions"}],"predecessor-version":[{"id":1867,"href":"https:\/\/voyager3.com\/index.php?rest_route=\/wp\/v2\/pages\/609\/revisions\/1867"}],"up":[{"embeddable":true,"href":"https:\/\/voyager3.com\/index.php?rest_route=\/wp\/v2\/pages\/278"}],"wp:attachment":[{"href":"https:\/\/voyager3.com\/index.php?rest_route=%2Fwp%2Fv2%2Fmedia&parent=609"}],"curies":[{"name":"wp","href":"https:\/\/api.w.org\/{rel}","templated":true}]}}