{"id":60,"date":"2014-06-29T15:24:53","date_gmt":"2014-06-29T15:24:53","guid":{"rendered":"http:\/\/voyager3.com\/?page_id=60"},"modified":"2018-01-10T18:13:02","modified_gmt":"2018-01-10T17:13:02","slug":"historique","status":"publish","type":"page","link":"https:\/\/voyager3.com\/?page_id=60","title":{"rendered":"Historique"},"content":{"rendered":"<p style=\"text-align: justify;\">Depuis 2008, l&rsquo;association se r\u00e9unit \u00e0 l&rsquo;Observatoire Bretagne Atlantique.<\/p>\n<p style=\"text-align: justify;\">Nous retra\u00e7ons ici le parcours de cette aventure, la construction de l&rsquo;observatoire et les nombreuses r\u00e9alisations techniques n\u00e9cessaires.<br \/>\nL&rsquo;Observatoire Bretagne Atlantique est l&rsquo;aboutissement d&rsquo;un long cheminement et le fruit de la collaboration avec la municipalit\u00e9 de S\u00e9v\u00e9rac.<\/p>\n<p style=\"text-align: justify;\">La construction d&rsquo;un nouveau b\u00e2timent pour la cantine scolaire a permis \u00e0 Voyager 3 d&rsquo;y associer son projet d&rsquo;observatoire. C&rsquo;est ainsi que la salle Galaxie s&rsquo;est dot\u00e9e d&rsquo;un local pour l&rsquo;association surplomb\u00e9 d&rsquo;une coupole de 5 m de diam\u00e8tre.<\/p>\n<p style=\"text-align: justify;\"><a href=\"https:\/\/i0.wp.com\/voyager3.com\/wp-content\/uploads\/2014\/06\/thumb_vue2.jpg?ssl=1\" rel=\"attachment wp-att-1739\"><img data-recalc-dims=\"1\" loading=\"lazy\" decoding=\"async\" data-attachment-id=\"1739\" data-permalink=\"https:\/\/voyager3.com\/?attachment_id=1739\" data-orig-file=\"https:\/\/i0.wp.com\/voyager3.com\/wp-content\/uploads\/2014\/06\/thumb_vue2.jpg?fit=150%2C76&amp;ssl=1\" data-orig-size=\"150,76\" data-comments-opened=\"0\" data-image-meta=\"{&quot;aperture&quot;:&quot;0&quot;,&quot;credit&quot;:&quot;&quot;,&quot;camera&quot;:&quot;&quot;,&quot;caption&quot;:&quot;&quot;,&quot;created_timestamp&quot;:&quot;0&quot;,&quot;copyright&quot;:&quot;&quot;,&quot;focal_length&quot;:&quot;0&quot;,&quot;iso&quot;:&quot;0&quot;,&quot;shutter_speed&quot;:&quot;0&quot;,&quot;title&quot;:&quot;&quot;,&quot;orientation&quot;:&quot;0&quot;}\" data-image-title=\"thumb_vue2\" data-image-description=\"\" data-image-caption=\"\" data-large-file=\"https:\/\/i0.wp.com\/voyager3.com\/wp-content\/uploads\/2014\/06\/thumb_vue2.jpg?fit=150%2C76&amp;ssl=1\" class=\"aligncenter wp-image-1739\" title=\"Projet restaurant scolaire + observatoire\" src=\"https:\/\/i0.wp.com\/voyager3.com\/wp-content\/uploads\/2014\/06\/thumb_vue2.jpg?resize=310%2C157&#038;ssl=1\" alt=\"thumb_vue2\" width=\"310\" height=\"157\" \/><\/a><\/p>\n<p style=\"text-align: justify;\"><a href=\"https:\/\/voyager3.com\/?page_id=400\">Historique du projet<\/a><\/p>\n","protected":false},"excerpt":{"rendered":"<p>Depuis 2008, l&rsquo;association se r\u00e9unit \u00e0 l&rsquo;Observatoire Bretagne Atlantique. Nous retra\u00e7ons ici le parcours de cette aventure, la construction de l&rsquo;observatoire et les nombreuses r\u00e9alisations techniques n\u00e9cessaires. L&rsquo;Observatoire Bretagne Atlantique est l&rsquo;aboutissement d&rsquo;un long cheminement et le fruit de la collaboration avec la municipalit\u00e9 de S\u00e9v\u00e9rac. La construction d&rsquo;un nouveau b\u00e2timent pour la cantine scolaire [&hellip;]<\/p>\n","protected":false},"author":1,"featured_media":0,"parent":13,"menu_order":0,"comment_status":"closed","ping_status":"closed","template":"","meta":{"_exactmetrics_skip_tracking":false,"_exactmetrics_sitenote_active":false,"_exactmetrics_sitenote_note":"","_exactmetrics_sitenote_category":0,"jetpack_post_was_ever_published":false,"footnotes":""},"class_list":["post-60","page","type-page","status-publish","hentry"],"jetpack_sharing_enabled":true,"jetpack_shortlink":"https:\/\/wp.me\/P6Vaq2-Y","jetpack_likes_enabled":true,"_links":{"self":[{"href":"https:\/\/voyager3.com\/index.php?rest_route=\/wp\/v2\/pages\/60","targetHints":{"allow":["GET"]}}],"collection":[{"href":"https:\/\/voyager3.com\/index.php?rest_route=\/wp\/v2\/pages"}],"about":[{"href":"https:\/\/voyager3.com\/index.php?rest_route=\/wp\/v2\/types\/page"}],"author":[{"embeddable":true,"href":"https:\/\/voyager3.com\/index.php?rest_route=\/wp\/v2\/users\/1"}],"replies":[{"embeddable":true,"href":"https:\/\/voyager3.com\/index.php?rest_route=%2Fwp%2Fv2%2Fcomments&post=60"}],"version-history":[{"count":29,"href":"https:\/\/voyager3.com\/index.php?rest_route=\/wp\/v2\/pages\/60\/revisions"}],"predecessor-version":[{"id":2208,"href":"https:\/\/voyager3.com\/index.php?rest_route=\/wp\/v2\/pages\/60\/revisions\/2208"}],"up":[{"embeddable":true,"href":"https:\/\/voyager3.com\/index.php?rest_route=\/wp\/v2\/pages\/13"}],"wp:attachment":[{"href":"https:\/\/voyager3.com\/index.php?rest_route=%2Fwp%2Fv2%2Fmedia&parent=60"}],"curies":[{"name":"wp","href":"https:\/\/api.w.org\/{rel}","templated":true}]}}