{"id":51,"date":"2014-06-29T15:13:03","date_gmt":"2014-06-29T15:13:03","guid":{"rendered":"http:\/\/voyager3.com\/?page_id=51"},"modified":"2025-10-24T17:42:13","modified_gmt":"2025-10-24T15:42:13","slug":"administration","status":"publish","type":"page","link":"https:\/\/voyager3.com\/?page_id=51","title":{"rendered":"Administration"},"content":{"rendered":"<p><span style=\"color: #000080; font-family: verdana, geneva, sans-serif;\">Notre Conseil d&rsquo;Administration est compos\u00e9 de 9 membres incluant les 3 membres du bureau (pr\u00e9sident, tr\u00e9sorier, secr\u00e9taire).<\/span><\/p>\n<p><span style=\"color: #000080; font-family: verdana, geneva, sans-serif;\"><strong>Statuts et r\u00e8glement int\u00e9rieur de l&rsquo;association<\/strong><\/span><\/p>\n<p><span style=\"font-family: verdana, geneva, sans-serif; color: #000080;\">&#8211; <a style=\"color: #000080;\" href=\"https:\/\/voyager3.com\/?page_id=1835\">Statuts de l&rsquo;association en date du 11 avril 2008<\/a><\/span><\/p>\n<p><span style=\"font-family: verdana, geneva, sans-serif; color: #000080;\">&#8211; <a href=\"https:\/\/voyager3.com\/wp-content\/uploads\/2025\/07\/reglement_interne_V3A_V3.1.pdf\">R\u00e8glement int\u00e9rieur<\/a><\/span><\/p>\n<p><span style=\"font-family: verdana, geneva, sans-serif; color: #000080;\"><strong>Proc\u00e8s verbaux des Assembl\u00e9es G\u00e9n\u00e9rales Ordinaires et Extraordinaires, compte-rendus des Conseils d&rsquo;Administration, class\u00e9s par ann\u00e9e scolaire<\/strong><\/span><\/p>\n<p><span style=\"font-family: verdana, geneva, sans-serif; color: #000080; font-size: 10pt;\"><a href=\"https:\/\/voyager3.com\/?page_id=3529\">2025-26<\/a> | <a href=\"https:\/\/voyager3.com\/?page_id=3351\">2024-25<\/a> | <a href=\"https:\/\/voyager3.com\/?page_id=3193\">2023-24<\/a> | <a href=\"https:\/\/voyager3.com\/?page_id=3130\">2022-23<\/a>\u00a0| <a href=\"https:\/\/voyager3.com\/?page_id=2867\">2021-22<\/a> | <a href=\"https:\/\/voyager3.com\/?page_id=2702\">2020-21<\/a><\/span><\/p>\n<p><span style=\"font-family: verdana, geneva, sans-serif; color: #000080; font-size: 10pt;\"><a href=\"https:\/\/voyager3.com\/?page_id=2633\">2019-20<\/a> | <a href=\"https:\/\/voyager3.com\/?page_id=2525\">2018-19<\/a> | <a href=\"https:\/\/voyager3.com\/?page_id=2523\">2017-18<\/a> | <a href=\"https:\/\/voyager3.com\/?page_id=2446\">2016-17<\/a> | <a href=\"https:\/\/voyager3.com\/?page_id=2443\">2015-16<\/a> | <a href=\"https:\/\/voyager3.com\/?page_id=2440\">2014-15<\/a> | <a href=\"https:\/\/voyager3.com\/?page_id=2437\">2013-14<\/a> | <a href=\"https:\/\/voyager3.com\/?page_id=2434\">2012-13<\/a> | <a href=\"https:\/\/voyager3.com\/?page_id=2429\">2011-12<\/a> | <a href=\"https:\/\/voyager3.com\/?page_id=2426\">2010-11<\/a><\/span><\/p>\n<p><span style=\"color: #000080;\"><span style=\"font-family: verdana, geneva, sans-serif; font-size: 10pt;\"><a href=\"https:\/\/voyager3.com\/?page_id=2423\">2009-10<\/a> | <a href=\"https:\/\/voyager3.com\/?page_id=2420\">2008-09<\/a> | <a href=\"https:\/\/voyager3.com\/?page_id=2417\">2007-08<\/a> | <a href=\"https:\/\/voyager3.com\/?page_id=2409\">2006-07<\/a> | <a style=\"color: #000080;\" href=\"https:\/\/voyager3.com\/?page_id=2403\">2005-06<\/a> | <a style=\"color: #000080;\" href=\"https:\/\/voyager3.com\/?page_id=2400\">2004-05<\/a> | <a style=\"color: #000080;\" href=\"https:\/\/voyager3.com\/?page_id=2396\">2003-04<\/a> | <a style=\"color: #000080;\" href=\"https:\/\/voyager3.com\/?page_id=2393\">2002-03<\/a> | <\/span><a style=\"color: #000080;\" href=\"https:\/\/voyager3.com\/?page_id=2390\"><span style=\"font-family: verdana, geneva, sans-serif;\"><span style=\"font-size: 10pt;\">Avant 09\/2002<\/span><\/span><\/a><\/span><\/p>\n<hr \/>\n<p><a href=\"https:\/\/voyager3.com\/?page_id=2759\"><span style=\"color: #000080;\"><strong>Vers la partie priv\u00e9e (Reserv\u00e9e aux membres du CA)<\/strong><\/span><\/a><\/p>\n","protected":false},"excerpt":{"rendered":"<p>Notre Conseil d&rsquo;Administration est compos\u00e9 de 9 membres incluant les 3 membres du bureau (pr\u00e9sident, tr\u00e9sorier, secr\u00e9taire). Statuts et r\u00e8glement int\u00e9rieur de l&rsquo;association &#8211; Statuts de l&rsquo;association en date du 11 avril 2008 &#8211; R\u00e8glement int\u00e9rieur Proc\u00e8s verbaux des Assembl\u00e9es G\u00e9n\u00e9rales Ordinaires et Extraordinaires, compte-rendus des Conseils d&rsquo;Administration, class\u00e9s par ann\u00e9e scolaire 2025-26 | 2024-25 [&hellip;]<\/p>\n","protected":false},"author":1,"featured_media":0,"parent":2,"menu_order":4,"comment_status":"closed","ping_status":"closed","template":"","meta":{"_exactmetrics_skip_tracking":false,"_exactmetrics_sitenote_active":false,"_exactmetrics_sitenote_note":"","_exactmetrics_sitenote_category":0,"jetpack_post_was_ever_published":false,"footnotes":""},"class_list":["post-51","page","type-page","status-publish","hentry"],"jetpack_sharing_enabled":false,"jetpack_shortlink":"https:\/\/wp.me\/P6Vaq2-P","jetpack_likes_enabled":false,"_links":{"self":[{"href":"https:\/\/voyager3.com\/index.php?rest_route=\/wp\/v2\/pages\/51","targetHints":{"allow":["GET"]}}],"collection":[{"href":"https:\/\/voyager3.com\/index.php?rest_route=\/wp\/v2\/pages"}],"about":[{"href":"https:\/\/voyager3.com\/index.php?rest_route=\/wp\/v2\/types\/page"}],"author":[{"embeddable":true,"href":"https:\/\/voyager3.com\/index.php?rest_route=\/wp\/v2\/users\/1"}],"replies":[{"embeddable":true,"href":"https:\/\/voyager3.com\/index.php?rest_route=%2Fwp%2Fv2%2Fcomments&post=51"}],"version-history":[{"count":62,"href":"https:\/\/voyager3.com\/index.php?rest_route=\/wp\/v2\/pages\/51\/revisions"}],"predecessor-version":[{"id":3533,"href":"https:\/\/voyager3.com\/index.php?rest_route=\/wp\/v2\/pages\/51\/revisions\/3533"}],"up":[{"embeddable":true,"href":"https:\/\/voyager3.com\/index.php?rest_route=\/wp\/v2\/pages\/2"}],"wp:attachment":[{"href":"https:\/\/voyager3.com\/index.php?rest_route=%2Fwp%2Fv2%2Fmedia&parent=51"}],"curies":[{"name":"wp","href":"https:\/\/api.w.org\/{rel}","templated":true}]}}