{"id":47,"date":"2014-06-29T15:12:36","date_gmt":"2014-06-29T15:12:36","guid":{"rendered":"http:\/\/voyager3.com\/?page_id=47"},"modified":"2025-07-22T11:38:31","modified_gmt":"2025-07-22T09:38:31","slug":"presentation","status":"publish","type":"page","link":"https:\/\/voyager3.com\/?page_id=47","title":{"rendered":"Notre biographie"},"content":{"rendered":"<p style=\"text-align: justify;\"><span style=\"color: #000080;\"><a href=\"https:\/\/i0.wp.com\/voyager3.com\/wp-content\/uploads\/2014\/06\/1992-2dNDE-img2.jpg?ssl=1\"><img data-recalc-dims=\"1\" loading=\"lazy\" decoding=\"async\" data-attachment-id=\"519\" data-permalink=\"https:\/\/voyager3.com\/?attachment_id=519\" data-orig-file=\"https:\/\/i0.wp.com\/voyager3.com\/wp-content\/uploads\/2014\/06\/1992-2dNDE-img2.jpg?fit=567%2C925&amp;ssl=1\" data-orig-size=\"567,925\" data-comments-opened=\"0\" data-image-meta=\"{&quot;aperture&quot;:&quot;2&quot;,&quot;credit&quot;:&quot;&quot;,&quot;camera&quot;:&quot;C6903&quot;,&quot;caption&quot;:&quot;&quot;,&quot;created_timestamp&quot;:&quot;1425143378&quot;,&quot;copyright&quot;:&quot;&quot;,&quot;focal_length&quot;:&quot;4.9&quot;,&quot;iso&quot;:&quot;64&quot;,&quot;shutter_speed&quot;:&quot;0.03125&quot;,&quot;title&quot;:&quot;&quot;,&quot;orientation&quot;:&quot;1&quot;}\" data-image-title=\"1992 2dNDE img2\" data-image-description=\"\" data-image-caption=\"\" data-large-file=\"https:\/\/i0.wp.com\/voyager3.com\/wp-content\/uploads\/2014\/06\/1992-2dNDE-img2.jpg?fit=567%2C925&amp;ssl=1\" class=\"  wp-image-519 alignleft\" src=\"https:\/\/i0.wp.com\/voyager3.com\/wp-content\/uploads\/2014\/06\/1992-2dNDE-img2.jpg?resize=167%2C272&#038;ssl=1\" alt=\"1992 2dNDE img2\" width=\"167\" height=\"272\" \/><\/a>Jamais un club d&rsquo;astronomie n&rsquo;aura autant d\u00fb sa cr\u00e9ation \u00e0 la Nuit des Etoiles, \u00e9mission alors diffus\u00e9e sur France 2. \u00a0\u00a0En effet, c&rsquo;est en regardant la premi\u00e8re \u00e9dition \u00e0 la t\u00e9l\u00e9vision que trois jeunes passionn\u00e9s de S\u00e9v\u00e9rac se rendent compte de l&rsquo;enthousiasme du public pour l&rsquo;astronomie. Ils d\u00e9cident alors que S\u00e9v\u00e9rac sera un lieu de rassemblement pour la deuxi\u00e8me \u00e9dition. L&rsquo;\u00e9t\u00e9 1992 aura donc vu la premi\u00e8re Nuit des Etoiles au Pays des Trois Rivi\u00e8res. Ce fut un tel succ\u00e8s que l&rsquo;op\u00e9ration est depuis reconduite tous les ans.<\/span><\/p>\n<p style=\"text-align: justify;\"><span style=\"color: #000080;\"><a style=\"color: #000080;\" href=\"https:\/\/i0.wp.com\/voyager3.com\/wp-content\/uploads\/2014\/06\/1998.jpg?ssl=1\"><img data-recalc-dims=\"1\" loading=\"lazy\" decoding=\"async\" data-attachment-id=\"524\" data-permalink=\"https:\/\/voyager3.com\/?attachment_id=524\" data-orig-file=\"https:\/\/i0.wp.com\/voyager3.com\/wp-content\/uploads\/2014\/06\/1998.jpg?fit=515%2C283&amp;ssl=1\" data-orig-size=\"515,283\" data-comments-opened=\"0\" data-image-meta=\"{&quot;aperture&quot;:&quot;2&quot;,&quot;credit&quot;:&quot;&quot;,&quot;camera&quot;:&quot;C6903&quot;,&quot;caption&quot;:&quot;&quot;,&quot;created_timestamp&quot;:&quot;1425143176&quot;,&quot;copyright&quot;:&quot;&quot;,&quot;focal_length&quot;:&quot;4.9&quot;,&quot;iso&quot;:&quot;64&quot;,&quot;shutter_speed&quot;:&quot;0.015625&quot;,&quot;title&quot;:&quot;&quot;,&quot;orientation&quot;:&quot;1&quot;}\" data-image-title=\"1998\" data-image-description=\"\" data-image-caption=\"\" data-large-file=\"https:\/\/i0.wp.com\/voyager3.com\/wp-content\/uploads\/2014\/06\/1998.jpg?fit=515%2C283&amp;ssl=1\" class=\" wp-image-524 alignright\" src=\"https:\/\/i0.wp.com\/voyager3.com\/wp-content\/uploads\/2014\/06\/1998.jpg?resize=470%2C258&#038;ssl=1\" alt=\"1998\" width=\"470\" height=\"258\" \/><\/a>En 1994, le succ\u00e8s grandissant de la seule manifestation estivale de S\u00e9v\u00e9rac les pousse \u00e0 monter le Club d&rsquo;Astronomie Voyager 3, sous la tutelle de l&rsquo;amicale la\u00efque de la ville. Cette section de l&rsquo;amicale la\u00efque est cr\u00e9\u00e9e le 28 mai 1994.\u00a0Le Club Voyager 3 Astronomie \u00e9tant la seule structure pr\u00e9sente sur le Pays des Trois Rivi\u00e8res et les Pays de Vilaine \u00e0 traiter du sujet, nos trois pionniers se sont rapidement vus rejoints par un nombre croissant de passionn\u00e9s.<\/span><\/p>\n<p style=\"text-align: justify;\"><span style=\"color: #000080;\">En 1996, le club quitte l&rsquo;\u00e9gide de l&rsquo;amicale la\u00efque pour voler de ses propres ailes apr\u00e8s avoir re\u00e7u le statut d&rsquo;association loi 1901. L&rsquo;association Voyager 3 Astronomie est ainsi cr\u00e9\u00e9e telle qu&rsquo;elle existe aujourd&rsquo;hui par Franck MONTOIR, G\u00e9rard LAMBERT, Olivier JACQUET, Edouard LE QUELLEC et Sabrina LE QUELLEC.<\/span><\/p>\n<p style=\"text-align: justify;\"><span style=\"color: #000080;\">En novembre 1998, la <strong>S<\/strong>oci\u00e9t\u00e9 <strong>A<\/strong>stronomique de <strong>F<\/strong>rance contacte le club par Internet. VOYAGER 3 Astronomie devient alors Partenaire Officiel SAF, gage de qualit\u00e9 et de s\u00e9rieux.<\/span><br \/>\n<span style=\"color: #000080;\">Depuis, gr\u00e2ce entre autres \u00e0 la Nuit des Etoiles (nous avons longtemps \u00e9t\u00e9 la seule association d&rsquo;astronomie en Loire Atlantique \u00e0 relayer l&rsquo;\u00e9v\u00e9nement), sa renomm\u00e9e ne cesse de grandir, ainsi que le nombre de ses adh\u00e9rents. L&rsquo;ann\u00e9e 1998 est marqu\u00e9e aussi par la cr\u00e9ation du site internet de l&rsquo;association. De plus le dynamisme de l&rsquo;association sera r\u00e9compens\u00e9 cette ann\u00e9e l\u00e0, par la remise du Troph\u00e9e des Rencontres Inter-Club de Bretagne.<\/span><\/p>\n<p style=\"text-align: justify;\"><span style=\"color: #000080;\">En 1999, l&rsquo;association investit dans un t\u00e9lescope dot\u00e9 d&rsquo;un miroir primaire de 314mm. Cette investissement sera le fer de lance pour de nombreux projets \u00e0 venir.<\/span><\/p>\n<p style=\"text-align: justify;\"><span style=\"color: #000080;\">L&rsquo;ann\u00e9e 2001 verra le club\u00a0r\u00e9compens\u00e9 pour une seconde fois par le Troph\u00e9e des Rencontres Inter-Club de Bretagne. Cette ann\u00e9e sera aussi celle de la reconnaissance de notre activit\u00e9 de vulgarisation aupr\u00e8s de la jeunesse par l&rsquo;obtention de l&rsquo;agr\u00e9ment \u00ab\u00a0Jeunesse et Education Populaire\u00a0\u00bb.<\/span><\/p>\n<p style=\"text-align: justify;\"><span style=\"color: #000080;\">2002 est l&rsquo;ann\u00e9e de notre premi\u00e8re mission \u00e0 l&rsquo;observatoire de St V\u00e9ran (Hautes-Alpes).<\/span><\/p>\n<p style=\"text-align: justify;\"><span style=\"color: #000080;\">En 2003, VOYAGER 3 Astronomie devient correspondant local de l&rsquo;ANPCEN (<strong>A<\/strong>ssociation <strong>N<\/strong>ationale pour la <strong>P<\/strong>rotection du <strong>C<\/strong>iel et de\u00a0 l&rsquo;<strong>E<\/strong>nvironnement <strong>N<\/strong>octurnes) .<\/span><\/p>\n<p style=\"text-align: justify;\"><span style=\"color: #000080;\">Pour ses 10 ans en 2004, notre association aura la chance de b\u00e9n\u00e9ficier de la pr\u00e9sence de Hubert Reeves sur le canton de Saint Gildas des bois.<\/span><\/p>\n<p style=\"text-align: justify;\"><span style=\"color: #000080;\">L&rsquo;ann\u00e9e 2006 verra la premi\u00e8re mission de membres de l&rsquo;association \u00e0 l&rsquo;observatoire du Pic du Midi (Pyr\u00e9n\u00e9es).<\/span><\/p>\n<p style=\"text-align: justify;\"><span style=\"color: #000080;\">En 2007, le projet de construction d&rsquo;un observation astronomique sur la commune de S\u00e9v\u00e9rac amorc\u00e9 d\u00e8s 2002 est en phase de sortir de terre. Cette \u00e9ch\u00e9ance motive l&rsquo;\u00e9tude de la r\u00e9alisation de la nouvelle monture du 314 mm en vue de son installation sur une coupole de 5 m\u00e8tres de diam\u00e8tre.<br \/>\n<\/span><\/p>\n<p style=\"text-align: justify;\"><span style=\"color: #000080;\">En mai 2008, la coupole venue tout droit d&rsquo;Australie est mise en place. L&rsquo;association int\u00e8gre son local flambant neuf\u00a0 en novembre de cette m\u00eame ann\u00e9e, quittant ainsi l&rsquo;\u00e9cole de la Garenne pour ses r\u00e9unions hebdomadaire.<a style=\"color: #000080;\" href=\"https:\/\/i0.wp.com\/voyager3.com\/wp-content\/uploads\/2014\/06\/2008-nvl-Obs.jpg?ssl=1\"><img data-recalc-dims=\"1\" loading=\"lazy\" decoding=\"async\" data-attachment-id=\"532\" data-permalink=\"https:\/\/voyager3.com\/?attachment_id=532\" data-orig-file=\"https:\/\/i0.wp.com\/voyager3.com\/wp-content\/uploads\/2014\/06\/2008-nvl-Obs.jpg?fit=886%2C567&amp;ssl=1\" data-orig-size=\"886,567\" data-comments-opened=\"0\" data-image-meta=\"{&quot;aperture&quot;:&quot;2&quot;,&quot;credit&quot;:&quot;&quot;,&quot;camera&quot;:&quot;C6903&quot;,&quot;caption&quot;:&quot;&quot;,&quot;created_timestamp&quot;:&quot;1425144315&quot;,&quot;copyright&quot;:&quot;&quot;,&quot;focal_length&quot;:&quot;4.9&quot;,&quot;iso&quot;:&quot;100&quot;,&quot;shutter_speed&quot;:&quot;0.03125&quot;,&quot;title&quot;:&quot;&quot;,&quot;orientation&quot;:&quot;1&quot;}\" data-image-title=\"2008 nvl Obs\" data-image-description=\"\" data-image-caption=\"\" data-large-file=\"https:\/\/i0.wp.com\/voyager3.com\/wp-content\/uploads\/2014\/06\/2008-nvl-Obs.jpg?fit=648%2C415&amp;ssl=1\" class=\"size-full wp-image-532 aligncenter\" src=\"https:\/\/i0.wp.com\/voyager3.com\/wp-content\/uploads\/2014\/06\/2008-nvl-Obs.jpg?resize=648%2C415&#038;ssl=1\" alt=\"2008 nvl Obs\" width=\"648\" height=\"415\" \/><\/a>En 2009, l&rsquo;association pr\u00e9sente un projet de r\u00e9alisation d&rsquo;une maquette du Syst\u00e8me Solaire \u00e0 l&rsquo;\u00e9chelle de la communaut\u00e9 de communes. \u00ab\u00a0Voyage au fil des plan\u00e8tes\u00a0\u00bb obtient le label AMA2009 dans le cadre de l&rsquo;ann\u00e9e mondiale de l&rsquo;astronomie.<\/span><\/p>\n<p style=\"text-align: justify;\"><span style=\"color: #000080;\">La p\u00e9riode 2010-2013 est principalement consacr\u00e9e \u00e0 la poursuite de l&rsquo;am\u00e9lioration du t\u00e9lescope sous la coupole dont la conception et la r\u00e9alisation sont men\u00e9es par les membres de l&rsquo;association.<\/span><\/p>\n<p style=\"text-align: justify;\"><span style=\"color: #000080;\">En 2014, Voyager 3 f\u00eatait ses 20 ans dans la joie, la bonne humeur et sous un soleil resplendissant ! Pour l&rsquo;occasion l&rsquo;\u00e9quipe d&rsquo;experts de l&rsquo;association a mis en commun tout son savoir faire pour r\u00e9aliser un tout nouveau t\u00e9lescope de 430 mm de diam\u00e8tre. Le T430 tr\u00f4ne donc maintenant sous la coupole et r\u00e9gale nos yeux.<\/span><\/p>\n<p style=\"text-align: justify;\"><span style=\"color: #000080;\">L&rsquo;ann\u00e9e 2015 voit le renouveau du site internet de l&rsquo;association.\u00a0 <\/span><\/p>\n<p style=\"text-align: justify;\"><span style=\"color: #000080;\">Sur la p\u00e9riode 2015-2016, nous axons nos efforts sur un nouveau type d&rsquo;animations publiques. En parall\u00e8le, nous investissons pour l&rsquo;observation visuelle et l&rsquo;imagerie afin d&rsquo;utiliser pleinement le T430 sous la coupole de l&rsquo;observatoire.\u00a0 <\/span><\/p>\n<p style=\"text-align: justify;\"><span style=\"color: #000080;\">L&rsquo;ann\u00e9e 2017 est notamment consacr\u00e9e \u00e0 la pr\u00e9paration des rencontres interclubs du d\u00e9partement. 9 ans apr\u00e8s l\u2019inauguration de l&rsquo;observatoire, S\u00e9v\u00e9rac accueille pour la seconde fois les rencontres inter-associations d&rsquo;astronomie du d\u00e9partement. Plus d&rsquo;une dizaine d&rsquo;associations sont pr\u00e9sentes sur la commune. Un grand moment qui\u00a0 sollicite toute notre implication pour accueillir nos voisins et amis astronomes de Loire-Atlantique.<\/span><\/p>\n<p style=\"text-align: justify;\"><span style=\"color: #000080;\">Toujours afin d&rsquo;am\u00e9liorer les performances du t\u00e9lescope sous la coupole, la saison 2017-2018 voit le d\u00e9veloppement d&rsquo;une nouvelle interface \u00e9lectronique pour piloter les moteurs du t\u00e9lescopes.<\/span><\/p>\n<p style=\"text-align: justify;\"><span style=\"color: #000080;\">La saison 2018-2019 a \u00e9t\u00e9 consacr\u00e9e aux tests de la nouvelle interface de pilotage du t\u00e9lescope sous la coupole et aux adaptations m\u00e9caniques et informatiques.<\/span><\/p>\n<p style=\"text-align: justify;\"><span style=\"color: #000080;\">En 2019-2020, pendant la p\u00e9riode exceptionnelle que nous avons v\u00e9cu entre mars et Juillet, nous avons mis \u00e0 profit ce temps pour peaufiner les programmes des encodeurs et du pilotage du t\u00e9lescope. A l\u2019\u00e9t\u00e9 2020, nous avons mis en place la lunette guide et un syst\u00e8me d\u2019autoguidage pour compl\u00e9ter le t\u00e9lescope sous la coupole.<\/span><\/p>\n<p style=\"text-align: justify;\"><span style=\"color: #000080;\">2020-2021 sera notamment consacr\u00e9e \u00e0 la pleine utilisation de cette nouvelle configuration pour faire de l\u2019imagerie en noir et blanc. Les premi\u00e8res images r\u00e9alis\u00e9es on permis de valider la qualit\u00e9 de l&rsquo;instrument et de cerner les points restant \u00e0 am\u00e9liorer.<\/span><\/p>\n<p style=\"text-align: justify;\"><span style=\"color: #000080;\">En 2021-2022, l&rsquo;association a finalis\u00e9 la configuration \u00ab\u00a0imagerie en couleur\u00a0\u00bb et \u00ab\u00a0photom\u00e9trie\u00a0\u00bb. Cette ann\u00e9e fut aussi marqu\u00e9e par la r\u00e9novation de \u00ab\u00a0Voyage au fils des plan\u00e8tes\u00a0\u00bb. R\u00e9alis\u00e9s en 2009, les panneaux avaient besoin d\u2019un rafra\u00eechissement. Nous en avons profit\u00e9 pour mettre en place un syst\u00e8me de QR-code afin d\u2019associer des commentaires audio pour chaque panneau. <\/span><\/p>\n<p style=\"text-align: justify;\"><span style=\"color: #000080;\">2023 verra le d\u00e9veloppement de nos activit\u00e9s autour de la photom\u00e9trie et de l&rsquo;imagerie couleur. L<\/span><span style=\"color: #000080;\">es premi\u00e8res r\u00e9alisations de mesures photom\u00e9triques sur le transit de plan\u00e8tes extrasolaires a fait appara\u00eetre le besoin d\u2019asservir la position de la coupole sur celle du t\u00e9lescope. <\/span><span style=\"color: #000080;\">Ainsi, au cours de l\u2019ann\u00e9e 2023, nous avons d\u00e9velopp\u00e9 et mis en place un syst\u00e8me de positionnement de la coupole. L\u2019ensemble a \u00e9t\u00e9 test\u00e9 avec succ\u00e8s au d\u00e9but de l\u2019ann\u00e9e 2024. Nous en avons profit\u00e9 pour am\u00e9liorer les fixations de la coupole en cas de grand vent.<\/span><br \/>\n<span style=\"color: #333399;\"><span style=\"color: #000080;\">Ces nouvelles am\u00e9liorations co\u00efncident avec le trenti\u00e8me anniversaire de l\u2019association c\u00e9l\u00e9br\u00e9 en mai 2024 : 30 ans d\u2019activit\u00e9s astronomiques associatives et 15 ans d\u2019observations sous la coupole et le ciel de S\u00e9v\u00e9rac.<\/span><\/span><\/p>\n<p style=\"text-align: justify;\"><span style=\"color: #000080;\">En 2025, L\u2019association a r\u00e9nov\u00e9 la maquette de Saturne du Voyage au fil des plan\u00e8tes sur la commune de Saint-Gildas des Bois. Les premi\u00e8res images r\u00e9alis\u00e9es au T430 ont \u00e9t\u00e9 \u00e9dit\u00e9es et encadr\u00e9es afin de pourvoir les exposer notamment lors des Nuit des \u00e9toiles. Les images r\u00e9alis\u00e9es avec le t\u00e9lescope sous la couple, ont montr\u00e9s que le maintien lat\u00e9ral du miroir du T430 avait un peu de jeu. Une petite modification a permis d\u2019\u00e9liminer ce d\u00e9faut. Finalement, les horloges dans la salle de r\u00e9union affichant le temps l\u00e9gal, universel et sid\u00e9ral ont \u00e9t\u00e9 modifi\u00e9es par nos soins au niveau de leurs \u00e9lectroniques afin de se r\u00e9gler automatiquement via une connexion wifi.<\/span><\/p>\n<p><span style=\"color: #333399;\"><span style=\"color: #000080;\">\u00a0<\/span><\/span><\/p>\n<p><span style=\"color: #000080;\">\u00a0<\/span><\/p>\n","protected":false},"excerpt":{"rendered":"<p>Jamais un club d&rsquo;astronomie n&rsquo;aura autant d\u00fb sa cr\u00e9ation \u00e0 la Nuit des Etoiles, \u00e9mission alors diffus\u00e9e sur France 2. \u00a0\u00a0En effet, c&rsquo;est en regardant la premi\u00e8re \u00e9dition \u00e0 la t\u00e9l\u00e9vision que trois jeunes passionn\u00e9s de S\u00e9v\u00e9rac se rendent compte de l&rsquo;enthousiasme du public pour l&rsquo;astronomie. Ils d\u00e9cident alors que S\u00e9v\u00e9rac sera un lieu de [&hellip;]<\/p>\n","protected":false},"author":1,"featured_media":0,"parent":2,"menu_order":1,"comment_status":"closed","ping_status":"closed","template":"","meta":{"_exactmetrics_skip_tracking":false,"_exactmetrics_sitenote_active":false,"_exactmetrics_sitenote_note":"","_exactmetrics_sitenote_category":0,"jetpack_post_was_ever_published":false,"footnotes":""},"class_list":["post-47","page","type-page","status-publish","hentry"],"jetpack_sharing_enabled":true,"jetpack_shortlink":"https:\/\/wp.me\/P6Vaq2-L","jetpack_likes_enabled":true,"_links":{"self":[{"href":"https:\/\/voyager3.com\/index.php?rest_route=\/wp\/v2\/pages\/47","targetHints":{"allow":["GET"]}}],"collection":[{"href":"https:\/\/voyager3.com\/index.php?rest_route=\/wp\/v2\/pages"}],"about":[{"href":"https:\/\/voyager3.com\/index.php?rest_route=\/wp\/v2\/types\/page"}],"author":[{"embeddable":true,"href":"https:\/\/voyager3.com\/index.php?rest_route=\/wp\/v2\/users\/1"}],"replies":[{"embeddable":true,"href":"https:\/\/voyager3.com\/index.php?rest_route=%2Fwp%2Fv2%2Fcomments&post=47"}],"version-history":[{"count":40,"href":"https:\/\/voyager3.com\/index.php?rest_route=\/wp\/v2\/pages\/47\/revisions"}],"predecessor-version":[{"id":3502,"href":"https:\/\/voyager3.com\/index.php?rest_route=\/wp\/v2\/pages\/47\/revisions\/3502"}],"up":[{"embeddable":true,"href":"https:\/\/voyager3.com\/index.php?rest_route=\/wp\/v2\/pages\/2"}],"wp:attachment":[{"href":"https:\/\/voyager3.com\/index.php?rest_route=%2Fwp%2Fv2%2Fmedia&parent=47"}],"curies":[{"name":"wp","href":"https:\/\/api.w.org\/{rel}","templated":true}]}}