{"id":400,"date":"2015-02-28T15:45:33","date_gmt":"2015-02-28T14:45:33","guid":{"rendered":"http:\/\/voyager3.com\/?page_id=400"},"modified":"2016-01-05T12:27:41","modified_gmt":"2016-01-05T11:27:41","slug":"histoire-du-projet","status":"publish","type":"page","link":"https:\/\/voyager3.com\/?page_id=400","title":{"rendered":"Historique du projet"},"content":{"rendered":"<p>&nbsp;<\/p>\n<p>D\u00e8s le d\u00e9but de l&rsquo;association en 1994, les premiers membres \u00e9voquaient d\u00e9j\u00e0 la n\u00e9cessit\u00e9 d&rsquo;un observatoire sur la commune de S\u00e9v\u00e9rac. C&rsquo;\u00e9tait un moyen de se projeter. Un tel projet tenait \u00e0 l&rsquo;\u00e9poque du simple r\u00eave&#8230;<\/p>\n<p>Avec l&rsquo;acquisition en 1999 du t\u00e9lescope de 314 mm, r\u00e9alis\u00e9 par l&rsquo;astronome amateur Lionel L\u00e9on, ( <a href=\"https:\/\/voyager3.com\/?page_id=806\">T 314 Lionel L\u00e9on<\/a>) des d\u00e9sirs plus concrets se sont exprim\u00e9s. L&rsquo;achat des \u00e9l\u00e9ments n\u00e9cessaires \u00e0 la r\u00e9alisation d&rsquo;une coupole, en bois, en forme de Rhombicosidod\u00e9ca\u00e8dre con\u00e7ue par cette m\u00eame personne, a renforc\u00e9 ces intentions.<\/p>\n<p>En effet, l&rsquo;utilisation optimale de cet instrument n\u00e9cessitait de le mettre sur une monture rigide et sur poste fixe.<\/p>\n<p>Avant la concr\u00e9tisation de ce projet d&rsquo;observatoire, le T 314 \u00e9tait install\u00e9 sur une monture \u00e0 berceau mont\u00e9e sur une structure en bois qui permettait son d\u00e9placement dans la cour de l&rsquo;\u00e9cole et tous les \u00e9t\u00e9s vers le terrain de foot o\u00f9 se tenait la Nuit des Etoiles. Un telle configuration ne permettait que des observations visuelles avec un confort minimaliste. L&rsquo;id\u00e9e de placer ce t\u00e9lescope sous sa coupole Rhombicosidod\u00e9ca\u00e9drique appara\u00eet alors comme une \u00e9vidente n\u00e9cessit\u00e9.<\/p>\n<p>Deux projets ont pr\u00e9c\u00e9d\u00e9 la r\u00e9alisation de la salle Galaxie et de l&rsquo;Observatoire Bretagne Atlantique l&rsquo; O B A.<\/p>\n<ul>\n<li>La construction d&rsquo;un observatoire a proximit\u00e9 du terrain de moto-cross. Malgr\u00e9 le peu de sources de pollutions lumineuses et un horizon relativement d\u00e9gag\u00e9 ce projet a \u00e9t\u00e9 abandonn\u00e9. En effet l&rsquo;\u00e9loignement des r\u00e9seaux (\u00e9lectrique\/eau) le rendait trop on\u00e9reux.<\/li>\n<li>La construction d&rsquo;un observatoire au niveau du terrain de sports. Ce projet pr\u00e9sentait l&rsquo;avantage d&rsquo;\u00eatre sur le site o\u00f9 l&rsquo;association organisait historiquement la Nuit des \u00e9toiles. Toutefois la proximit\u00e9 des sources lumineuses des habitations \u00e0 impos\u00e9 l&rsquo;abandon ce cette id\u00e9e.<\/li>\n<\/ul>\n<p>En 2001\/2002, le projet de l&rsquo;observatoire actuel a \u00e9t\u00e9 d\u00e9fini. La construction devait associer les contraintes d&rsquo;une salle de restauration scolaire et les contraintes impos\u00e9es par l&rsquo;observation astronomique. L&rsquo;observatoire devait avoir un horizon d\u00e9gag\u00e9 sur 360\u00b0 et une fondation ind\u00e9pendante du pilier sur lequel repose le t\u00e9lescope. De plus pour des raisons de s\u00e9curit\u00e9, de dimensions et de normes l&rsquo;utilisation de la coupole Rhombicosidod\u00e9ca\u00e8drique a \u00e9t\u00e9 abandonn\u00e9e au profit d&rsquo;une coupole de 5 m poss\u00e9dant toute les garanties requises.<\/p>\n<p>L&rsquo;Observatoire Bretagne Atlantique est l&rsquo;aboutissement d&rsquo;un long cheminement et le fruit de la collaboration avec la municipalit\u00e9 de S\u00e9v\u00e9rac.<\/p>\n<p>&nbsp;<\/p>\n<p>&nbsp;<\/p>\n","protected":false},"excerpt":{"rendered":"<p>&nbsp; D\u00e8s le d\u00e9but de l&rsquo;association en 1994, les premiers membres \u00e9voquaient d\u00e9j\u00e0 la n\u00e9cessit\u00e9 d&rsquo;un observatoire sur la commune de S\u00e9v\u00e9rac. C&rsquo;\u00e9tait un moyen de se projeter. Un tel projet tenait \u00e0 l&rsquo;\u00e9poque du simple r\u00eave&#8230; Avec l&rsquo;acquisition en 1999 du t\u00e9lescope de 314 mm, r\u00e9alis\u00e9 par l&rsquo;astronome amateur Lionel L\u00e9on, ( T 314 [&hellip;]<\/p>\n","protected":false},"author":2,"featured_media":0,"parent":60,"menu_order":0,"comment_status":"closed","ping_status":"closed","template":"","meta":{"_exactmetrics_skip_tracking":false,"_exactmetrics_sitenote_active":false,"_exactmetrics_sitenote_note":"","_exactmetrics_sitenote_category":0,"jetpack_post_was_ever_published":false,"footnotes":""},"class_list":["post-400","page","type-page","status-publish","hentry"],"jetpack_sharing_enabled":true,"jetpack_shortlink":"https:\/\/wp.me\/P6Vaq2-6s","jetpack_likes_enabled":true,"_links":{"self":[{"href":"https:\/\/voyager3.com\/index.php?rest_route=\/wp\/v2\/pages\/400","targetHints":{"allow":["GET"]}}],"collection":[{"href":"https:\/\/voyager3.com\/index.php?rest_route=\/wp\/v2\/pages"}],"about":[{"href":"https:\/\/voyager3.com\/index.php?rest_route=\/wp\/v2\/types\/page"}],"author":[{"embeddable":true,"href":"https:\/\/voyager3.com\/index.php?rest_route=\/wp\/v2\/users\/2"}],"replies":[{"embeddable":true,"href":"https:\/\/voyager3.com\/index.php?rest_route=%2Fwp%2Fv2%2Fcomments&post=400"}],"version-history":[{"count":17,"href":"https:\/\/voyager3.com\/index.php?rest_route=\/wp\/v2\/pages\/400\/revisions"}],"predecessor-version":[{"id":1672,"href":"https:\/\/voyager3.com\/index.php?rest_route=\/wp\/v2\/pages\/400\/revisions\/1672"}],"up":[{"embeddable":true,"href":"https:\/\/voyager3.com\/index.php?rest_route=\/wp\/v2\/pages\/60"}],"wp:attachment":[{"href":"https:\/\/voyager3.com\/index.php?rest_route=%2Fwp%2Fv2%2Fmedia&parent=400"}],"curies":[{"name":"wp","href":"https:\/\/api.w.org\/{rel}","templated":true}]}}