{"id":40,"date":"2014-06-29T15:07:59","date_gmt":"2014-06-29T15:07:59","guid":{"rendered":"http:\/\/voyager3.com\/?page_id=40"},"modified":"2018-04-17T22:42:34","modified_gmt":"2018-04-17T20:42:34","slug":"nos-activites","status":"publish","type":"page","link":"https:\/\/voyager3.com\/?page_id=40","title":{"rendered":"Nos activit\u00e9s"},"content":{"rendered":"<p>VOYAGER 3 Astronomie propose une diversit\u00e9 d&rsquo;activit\u00e9s, pratiques et th\u00e9oriques, s&rsquo;articulant autour de plusieurs manifestations r\u00e9serv\u00e9es aux membres de l&rsquo;association ou partag\u00e9es avec le public.<\/p>\n<p><a href=\"https:\/\/i0.wp.com\/voyager3.com\/wp-content\/uploads\/2015\/10\/voyager-3-astronomie-414616.jpg?ssl=1\"><img data-recalc-dims=\"1\" loading=\"lazy\" decoding=\"async\" data-attachment-id=\"1583\" data-permalink=\"https:\/\/voyager3.com\/?attachment_id=1583\" data-orig-file=\"https:\/\/i0.wp.com\/voyager3.com\/wp-content\/uploads\/2015\/10\/voyager-3-astronomie-414616.jpg?fit=790%2C535&amp;ssl=1\" data-orig-size=\"790,535\" data-comments-opened=\"0\" data-image-meta=\"{&quot;aperture&quot;:&quot;0&quot;,&quot;credit&quot;:&quot;&quot;,&quot;camera&quot;:&quot;&quot;,&quot;caption&quot;:&quot;&quot;,&quot;created_timestamp&quot;:&quot;0&quot;,&quot;copyright&quot;:&quot;&quot;,&quot;focal_length&quot;:&quot;0&quot;,&quot;iso&quot;:&quot;0&quot;,&quot;shutter_speed&quot;:&quot;0&quot;,&quot;title&quot;:&quot;&quot;,&quot;orientation&quot;:&quot;0&quot;}\" data-image-title=\"voyager-3-astronomie-414616\" data-image-description=\"\" data-image-caption=\"\" data-large-file=\"https:\/\/i0.wp.com\/voyager3.com\/wp-content\/uploads\/2015\/10\/voyager-3-astronomie-414616.jpg?fit=648%2C439&amp;ssl=1\" class=\"aligncenter wp-image-1583\" src=\"https:\/\/i0.wp.com\/voyager3.com\/wp-content\/uploads\/2015\/10\/voyager-3-astronomie-414616.jpg?resize=423%2C286&#038;ssl=1\" alt=\"voyager-3-astronomie-414616\" width=\"423\" height=\"286\" srcset=\"https:\/\/i0.wp.com\/voyager3.com\/wp-content\/uploads\/2015\/10\/voyager-3-astronomie-414616.jpg?resize=300%2C203&amp;ssl=1 300w, https:\/\/i0.wp.com\/voyager3.com\/wp-content\/uploads\/2015\/10\/voyager-3-astronomie-414616.jpg?resize=738%2C500&amp;ssl=1 738w, https:\/\/i0.wp.com\/voyager3.com\/wp-content\/uploads\/2015\/10\/voyager-3-astronomie-414616.jpg?w=790&amp;ssl=1 790w\" sizes=\"auto, (max-width: 423px) 100vw, 423px\" \/><\/a><\/p>\n","protected":false},"excerpt":{"rendered":"<p>VOYAGER 3 Astronomie propose une diversit\u00e9 d&rsquo;activit\u00e9s, pratiques et th\u00e9oriques, s&rsquo;articulant autour de plusieurs manifestations r\u00e9serv\u00e9es aux membres de l&rsquo;association ou partag\u00e9es avec le public.<\/p>\n","protected":false},"author":1,"featured_media":0,"parent":0,"menu_order":2,"comment_status":"closed","ping_status":"closed","template":"","meta":{"_exactmetrics_skip_tracking":false,"_exactmetrics_sitenote_active":false,"_exactmetrics_sitenote_note":"","_exactmetrics_sitenote_category":0,"footnotes":""},"class_list":["post-40","page","type-page","status-publish","hentry"],"jetpack_sharing_enabled":true,"jetpack_shortlink":"https:\/\/wp.me\/P6Vaq2-E","jetpack_likes_enabled":true,"_links":{"self":[{"href":"https:\/\/voyager3.com\/index.php?rest_route=\/wp\/v2\/pages\/40","targetHints":{"allow":["GET"]}}],"collection":[{"href":"https:\/\/voyager3.com\/index.php?rest_route=\/wp\/v2\/pages"}],"about":[{"href":"https:\/\/voyager3.com\/index.php?rest_route=\/wp\/v2\/types\/page"}],"author":[{"embeddable":true,"href":"https:\/\/voyager3.com\/index.php?rest_route=\/wp\/v2\/users\/1"}],"replies":[{"embeddable":true,"href":"https:\/\/voyager3.com\/index.php?rest_route=%2Fwp%2Fv2%2Fcomments&post=40"}],"version-history":[{"count":6,"href":"https:\/\/voyager3.com\/index.php?rest_route=\/wp\/v2\/pages\/40\/revisions"}],"predecessor-version":[{"id":2251,"href":"https:\/\/voyager3.com\/index.php?rest_route=\/wp\/v2\/pages\/40\/revisions\/2251"}],"wp:attachment":[{"href":"https:\/\/voyager3.com\/index.php?rest_route=%2Fwp%2Fv2%2Fmedia&parent=40"}],"curies":[{"name":"wp","href":"https:\/\/api.w.org\/{rel}","templated":true}]}}