{"id":3351,"date":"2024-10-15T22:15:49","date_gmt":"2024-10-15T20:15:49","guid":{"rendered":"https:\/\/voyager3.com\/?page_id=3351"},"modified":"2025-07-02T19:24:01","modified_gmt":"2025-07-02T17:24:01","slug":"pv-cr-2024-2025","status":"publish","type":"page","link":"https:\/\/voyager3.com\/?page_id=3351","title":{"rendered":"PV\/CR 2024-2025"},"content":{"rendered":"\n<ul>\n<li><a href=\"https:\/\/voyager3.com\/wp-content\/uploads\/2024\/10\/pv_ag_240921.pdf\">Assembl\u00e9e G\u00e9n\u00e9rale Ordinaire du 21 septembre 2024<\/a><\/li>\n<li><a href=\"https:\/\/voyager3.com\/wp-content\/uploads\/2024\/10\/cr_ca_241012.pdf\">Conseil d&rsquo;Administration du 12 octobre 2024<\/a><\/li>\n<li><a href=\"https:\/\/voyager3.com\/wp-content\/uploads\/2025\/02\/cr_ca_250118.pdf\">Conseil d&rsquo;Administration du 18 janvier 2025<\/a><\/li>\n<li><a href=\"https:\/\/voyager3.com\/wp-content\/uploads\/2025\/05\/cr_ca_250412.pdf\">Conseil d&rsquo;Administration du 12 avril 2025<\/a><\/li>\n<li><a href=\"https:\/\/voyager3.com\/wp-content\/uploads\/2025\/07\/cr_ca_250610.pdf\">Conseil d&rsquo;Administration exceptionnel du 10 juin 2025<\/a><\/li>\n<\/ul>\n\n\n\n\n","protected":false},"excerpt":{"rendered":"<p>Assembl\u00e9e G\u00e9n\u00e9rale Ordinaire du 21 septembre 2024 Conseil d&rsquo;Administration du 12 octobre 2024 Conseil d&rsquo;Administration du 18 janvier 2025 Conseil d&rsquo;Administration du 12 avril 2025 Conseil d&rsquo;Administration exceptionnel du 10 juin 2025<\/p>\n","protected":false},"author":8,"featured_media":0,"parent":51,"menu_order":2024,"comment_status":"closed","ping_status":"closed","template":"","meta":{"_exactmetrics_skip_tracking":false,"_exactmetrics_sitenote_active":false,"_exactmetrics_sitenote_note":"","_exactmetrics_sitenote_category":0,"jetpack_post_was_ever_published":false,"footnotes":""},"class_list":["post-3351","page","type-page","status-publish","hentry"],"jetpack_sharing_enabled":true,"jetpack_shortlink":"https:\/\/wp.me\/P6Vaq2-S3","jetpack_likes_enabled":true,"_links":{"self":[{"href":"https:\/\/voyager3.com\/index.php?rest_route=\/wp\/v2\/pages\/3351","targetHints":{"allow":["GET"]}}],"collection":[{"href":"https:\/\/voyager3.com\/index.php?rest_route=\/wp\/v2\/pages"}],"about":[{"href":"https:\/\/voyager3.com\/index.php?rest_route=\/wp\/v2\/types\/page"}],"author":[{"embeddable":true,"href":"https:\/\/voyager3.com\/index.php?rest_route=\/wp\/v2\/users\/8"}],"replies":[{"embeddable":true,"href":"https:\/\/voyager3.com\/index.php?rest_route=%2Fwp%2Fv2%2Fcomments&post=3351"}],"version-history":[{"count":9,"href":"https:\/\/voyager3.com\/index.php?rest_route=\/wp\/v2\/pages\/3351\/revisions"}],"predecessor-version":[{"id":3449,"href":"https:\/\/voyager3.com\/index.php?rest_route=\/wp\/v2\/pages\/3351\/revisions\/3449"}],"up":[{"embeddable":true,"href":"https:\/\/voyager3.com\/index.php?rest_route=\/wp\/v2\/pages\/51"}],"wp:attachment":[{"href":"https:\/\/voyager3.com\/index.php?rest_route=%2Fwp%2Fv2%2Fmedia&parent=3351"}],"curies":[{"name":"wp","href":"https:\/\/api.w.org\/{rel}","templated":true}]}}