{"id":32,"date":"2014-06-29T15:04:22","date_gmt":"2014-06-29T15:04:22","guid":{"rendered":"http:\/\/voyager3.com\/?page_id=32"},"modified":"2018-02-04T11:27:53","modified_gmt":"2018-02-04T10:27:53","slug":"contact","status":"publish","type":"page","link":"https:\/\/voyager3.com\/?page_id=32","title":{"rendered":"Nous contacter"},"content":{"rendered":"<p style=\"text-align: left;\" align=\"center\"><em><strong><span style=\"color: #0099ff; font-family: Times New Roman,Times,serif; font-size: x-large;\"><a href=\"https:\/\/i0.wp.com\/voyager3.com\/wp-content\/uploads\/2014\/06\/obs2.png?ssl=1\"><img data-recalc-dims=\"1\" loading=\"lazy\" decoding=\"async\" data-attachment-id=\"333\" data-permalink=\"https:\/\/voyager3.com\/?attachment_id=333\" data-orig-file=\"https:\/\/i0.wp.com\/voyager3.com\/wp-content\/uploads\/2014\/06\/obs2.png?fit=371%2C125&amp;ssl=1\" data-orig-size=\"371,125\" data-comments-opened=\"0\" data-image-meta=\"{&quot;aperture&quot;:&quot;0&quot;,&quot;credit&quot;:&quot;&quot;,&quot;camera&quot;:&quot;&quot;,&quot;caption&quot;:&quot;&quot;,&quot;created_timestamp&quot;:&quot;0&quot;,&quot;copyright&quot;:&quot;&quot;,&quot;focal_length&quot;:&quot;0&quot;,&quot;iso&quot;:&quot;0&quot;,&quot;shutter_speed&quot;:&quot;0&quot;,&quot;title&quot;:&quot;&quot;}\" data-image-title=\"obs2\" data-image-description=\"\" data-image-caption=\"\" data-large-file=\"https:\/\/i0.wp.com\/voyager3.com\/wp-content\/uploads\/2014\/06\/obs2.png?fit=371%2C125&amp;ssl=1\" class=\"alignright wp-image-333\" src=\"https:\/\/i0.wp.com\/voyager3.com\/wp-content\/uploads\/2014\/06\/obs2.png?resize=351%2C118&#038;ssl=1\" alt=\"obs2\" width=\"351\" height=\"118\" srcset=\"https:\/\/i0.wp.com\/voyager3.com\/wp-content\/uploads\/2014\/06\/obs2.png?resize=300%2C101&amp;ssl=1 300w, https:\/\/i0.wp.com\/voyager3.com\/wp-content\/uploads\/2014\/06\/obs2.png?w=371&amp;ssl=1 371w\" sizes=\"auto, (max-width: 351px) 100vw, 351px\" \/><\/a>Comment nous contacter&#8230;<\/span><\/strong><\/em><\/p>\n<p>Vous pouvez utiliser l&rsquo;un des trois moyens suivants :<\/p>\n<ul>\n<li>par e-mail : <a href=\"mailto:info@voyager3.com?subject=%28voyager3.com%29\">info@voyager3.com<\/a> ;<\/li>\n<li>par t\u00e9l\u00e9phone : 02 40 15 58 86 ou 06 52 68 20 79 ;<\/li>\n<li>par fax : 09 58 29 58 86 ;<\/li>\n<li>par courrier postal : VOYAGER 3 Astronomie &#8211; Observatoire Bretagne Atlantique &#8211; 44530 SEVERAC<\/li>\n<\/ul>\n<p style=\"text-align: left;\" align=\"center\">Consulter ici notre dossier d&rsquo;animations:\u00a0<a href=\"https:\/\/voyager3.com\/wp-content\/uploads\/2015\/06\/V3A_dossier_animation_2013.pdf\"> Notre dossier d&rsquo;animations <\/a><\/p>\n<p style=\"text-align: left;\" align=\"center\"><em><strong><span style=\"color: #0099ff; font-family: Times New Roman,Times,serif; font-size: x-large;\">Comment acc\u00e9der \u00e0 l&rsquo;observatoire&#8230;<br \/>\n<\/span><\/strong><\/em><\/p>\n<p>S\u00e9v\u00e9rac est \u00e0 une quinzaine de kilom\u00e8tres de Redon, au centre d&rsquo;un quadrilat\u00e8re form\u00e9 par Rennes, Nantes, Vannes et Saint-Nazaire, situ\u00e9 sur la D773, entre Redon et Saint-Gildas-des-bois.<\/p>\n<p>Le local du club est situ\u00e9 \u00e0 l&rsquo;Observatoire Bretagne Atlantique. En venant de Redon ou de Saint-Gildas, vous passez sur la voix ferr\u00e9e (passage \u00e0 niveau), puis toujours tout droit, vous passez devant le terrain des sports et quelques commerces avant d&rsquo;arriver en face de l&rsquo;\u00e9glise. Laissez celle-ci sur votre gauche, puis premi\u00e8re route \u00e0 droite imm\u00e9diatement apr\u00e8s l&rsquo;\u00e9glise. Vous arrivez sur un parking, c&rsquo;est le grand b\u00e2timent au fond avec une coupole blanche au-dessus !<br \/>\n<iframe loading=\"lazy\" src=\"https:\/\/maps.google.fr\/maps\/ms?ie=UTF8&amp;msa=0&amp;msid=111240899509347299867.0004804438a003d293dec&amp;ll=47.547335,-2.081909&amp;spn=0.222467,0.438766&amp;z=11&amp;output=embed\" width=\"640\" height=\"480\" frameborder=\"0\" marginwidth=\"0\" marginheight=\"0\" scrolling=\"no\" align=\"middle\"><\/iframe><\/p>\n<p style=\"text-align: center;\"><small>Afficher la localisation de <a style=\"color: #0000ff; text-align: left;\" href=\"https:\/\/maps.google.fr\/maps\/ms?ie=UTF8&amp;msa=0&amp;msid=111240899509347299867.0004804438a003d293dec&amp;ll=47.547335,-2.081909&amp;spn=0.222467,0.438766&amp;z=11&amp;source=embed\">VOYAGER 3 Astronomie<\/a> sur une carte plus grande<\/small><\/p>\n<p>&nbsp;<\/p>\n<p>&nbsp;<\/p>\n","protected":false},"excerpt":{"rendered":"<p>Comment nous contacter&#8230; Vous pouvez utiliser l&rsquo;un des trois moyens suivants : par e-mail : info@voyager3.com ; par t\u00e9l\u00e9phone : 02 40 15 58 86 ou 06 52 68 20 79 ; par fax : 09 58 29 58 86 ; par courrier postal : VOYAGER 3 Astronomie &#8211; Observatoire Bretagne Atlantique &#8211; 44530 SEVERAC [&hellip;]<\/p>\n","protected":false},"author":1,"featured_media":0,"parent":0,"menu_order":6,"comment_status":"closed","ping_status":"closed","template":"","meta":{"_exactmetrics_skip_tracking":false,"_exactmetrics_sitenote_active":false,"_exactmetrics_sitenote_note":"","_exactmetrics_sitenote_category":0,"jetpack_post_was_ever_published":false,"footnotes":""},"class_list":["post-32","page","type-page","status-publish","hentry"],"jetpack_sharing_enabled":true,"jetpack_shortlink":"https:\/\/wp.me\/P6Vaq2-w","jetpack_likes_enabled":true,"_links":{"self":[{"href":"https:\/\/voyager3.com\/index.php?rest_route=\/wp\/v2\/pages\/32","targetHints":{"allow":["GET"]}}],"collection":[{"href":"https:\/\/voyager3.com\/index.php?rest_route=\/wp\/v2\/pages"}],"about":[{"href":"https:\/\/voyager3.com\/index.php?rest_route=\/wp\/v2\/types\/page"}],"author":[{"embeddable":true,"href":"https:\/\/voyager3.com\/index.php?rest_route=\/wp\/v2\/users\/1"}],"replies":[{"embeddable":true,"href":"https:\/\/voyager3.com\/index.php?rest_route=%2Fwp%2Fv2%2Fcomments&post=32"}],"version-history":[{"count":18,"href":"https:\/\/voyager3.com\/index.php?rest_route=\/wp\/v2\/pages\/32\/revisions"}],"predecessor-version":[{"id":2225,"href":"https:\/\/voyager3.com\/index.php?rest_route=\/wp\/v2\/pages\/32\/revisions\/2225"}],"wp:attachment":[{"href":"https:\/\/voyager3.com\/index.php?rest_route=%2Fwp%2Fv2%2Fmedia&parent=32"}],"curies":[{"name":"wp","href":"https:\/\/api.w.org\/{rel}","templated":true}]}}