{"id":3193,"date":"2023-10-28T19:21:29","date_gmt":"2023-10-28T17:21:29","guid":{"rendered":"https:\/\/voyager3.com\/?page_id=3193"},"modified":"2024-05-17T18:02:12","modified_gmt":"2024-05-17T16:02:12","slug":"pv-cr-2023-2024","status":"publish","type":"page","link":"https:\/\/voyager3.com\/?page_id=3193","title":{"rendered":"PV\/CR 2023-2024"},"content":{"rendered":"\n<ul>\n<li><a href=\"https:\/\/voyager3.com\/wp-content\/uploads\/2023\/12\/pv_ag_230930.pdf\">Assembl\u00e9e G\u00e9n\u00e9rale Ordinaire du 30 septembre 2023<\/a><\/li>\n<li><a href=\"https:\/\/voyager3.com\/wp-content\/uploads\/2023\/10\/cr_ca_231014.pdf\">Conseil d&rsquo;Administration du 14 octobre 2023<\/a><\/li>\n<li><a href=\"https:\/\/voyager3.com\/wp-content\/uploads\/2024\/02\/cr_ca_240120.pdf\">Conseil d&rsquo;Administration du 20 janvier 2024<\/a><\/li>\n<li><a href=\"https:\/\/voyager3.com\/wp-content\/uploads\/2024\/05\/cr_ca_240413.pdf\" data-wplink-edit=\"true\">Conseil d&rsquo;Administration du 13 avril 2024<\/a><\/li>\n<\/ul>\n\n\n","protected":false},"excerpt":{"rendered":"<p>Assembl\u00e9e G\u00e9n\u00e9rale Ordinaire du 30 septembre 2023 Conseil d&rsquo;Administration du 14 octobre 2023 Conseil d&rsquo;Administration du 20 janvier 2024 Conseil d&rsquo;Administration du 13 avril 2024<\/p>\n","protected":false},"author":8,"featured_media":0,"parent":51,"menu_order":2023,"comment_status":"closed","ping_status":"closed","template":"","meta":{"_exactmetrics_skip_tracking":false,"_exactmetrics_sitenote_active":false,"_exactmetrics_sitenote_note":"","_exactmetrics_sitenote_category":0,"jetpack_post_was_ever_published":false,"footnotes":""},"class_list":["post-3193","page","type-page","status-publish","hentry"],"jetpack_sharing_enabled":true,"jetpack_shortlink":"https:\/\/wp.me\/P6Vaq2-Pv","jetpack_likes_enabled":true,"_links":{"self":[{"href":"https:\/\/voyager3.com\/index.php?rest_route=\/wp\/v2\/pages\/3193","targetHints":{"allow":["GET"]}}],"collection":[{"href":"https:\/\/voyager3.com\/index.php?rest_route=\/wp\/v2\/pages"}],"about":[{"href":"https:\/\/voyager3.com\/index.php?rest_route=\/wp\/v2\/types\/page"}],"author":[{"embeddable":true,"href":"https:\/\/voyager3.com\/index.php?rest_route=\/wp\/v2\/users\/8"}],"replies":[{"embeddable":true,"href":"https:\/\/voyager3.com\/index.php?rest_route=%2Fwp%2Fv2%2Fcomments&post=3193"}],"version-history":[{"count":9,"href":"https:\/\/voyager3.com\/index.php?rest_route=\/wp\/v2\/pages\/3193\/revisions"}],"predecessor-version":[{"id":3248,"href":"https:\/\/voyager3.com\/index.php?rest_route=\/wp\/v2\/pages\/3193\/revisions\/3248"}],"up":[{"embeddable":true,"href":"https:\/\/voyager3.com\/index.php?rest_route=\/wp\/v2\/pages\/51"}],"wp:attachment":[{"href":"https:\/\/voyager3.com\/index.php?rest_route=%2Fwp%2Fv2%2Fmedia&parent=3193"}],"curies":[{"name":"wp","href":"https:\/\/api.w.org\/{rel}","templated":true}]}}