{"id":3160,"date":"2023-07-08T23:25:46","date_gmt":"2023-07-08T21:25:46","guid":{"rendered":"https:\/\/voyager3.com\/?page_id=3160"},"modified":"2023-08-04T23:16:33","modified_gmt":"2023-08-04T21:16:33","slug":"nuit-des-etoiles-2023","status":"publish","type":"page","link":"https:\/\/voyager3.com\/?page_id=3160","title":{"rendered":"Nuit des Etoiles 2023"},"content":{"rendered":"<p><a href=\"https:\/\/i0.wp.com\/voyager3.com\/wp-content\/uploads\/2022\/07\/NEW_HEADER-5eea.jpeg?ssl=1\"><img data-recalc-dims=\"1\" loading=\"lazy\" decoding=\"async\" data-attachment-id=\"3094\" data-permalink=\"https:\/\/voyager3.com\/?attachment_id=3094\" data-orig-file=\"https:\/\/i0.wp.com\/voyager3.com\/wp-content\/uploads\/2022\/07\/NEW_HEADER-5eea.jpeg?fit=1600%2C600&amp;ssl=1\" data-orig-size=\"1600,600\" data-comments-opened=\"0\" data-image-meta=\"{&quot;aperture&quot;:&quot;0&quot;,&quot;credit&quot;:&quot;&quot;,&quot;camera&quot;:&quot;&quot;,&quot;caption&quot;:&quot;&quot;,&quot;created_timestamp&quot;:&quot;0&quot;,&quot;copyright&quot;:&quot;&quot;,&quot;focal_length&quot;:&quot;0&quot;,&quot;iso&quot;:&quot;0&quot;,&quot;shutter_speed&quot;:&quot;0&quot;,&quot;title&quot;:&quot;&quot;,&quot;orientation&quot;:&quot;0&quot;}\" data-image-title=\"NEW_HEADER-5eea\" data-image-description=\"\" data-image-caption=\"\" data-large-file=\"https:\/\/i0.wp.com\/voyager3.com\/wp-content\/uploads\/2022\/07\/NEW_HEADER-5eea.jpeg?fit=648%2C243&amp;ssl=1\" class=\"wp-image-3094 size-large aligncenter\" src=\"https:\/\/i0.wp.com\/voyager3.com\/wp-content\/uploads\/2022\/07\/NEW_HEADER-5eea.jpeg?resize=648%2C243&#038;ssl=1\" alt=\"\" width=\"648\" height=\"243\" srcset=\"https:\/\/i0.wp.com\/voyager3.com\/wp-content\/uploads\/2022\/07\/NEW_HEADER-5eea.jpeg?resize=1024%2C384&amp;ssl=1 1024w, https:\/\/i0.wp.com\/voyager3.com\/wp-content\/uploads\/2022\/07\/NEW_HEADER-5eea.jpeg?resize=300%2C113&amp;ssl=1 300w, https:\/\/i0.wp.com\/voyager3.com\/wp-content\/uploads\/2022\/07\/NEW_HEADER-5eea.jpeg?resize=768%2C288&amp;ssl=1 768w, https:\/\/i0.wp.com\/voyager3.com\/wp-content\/uploads\/2022\/07\/NEW_HEADER-5eea.jpeg?resize=1536%2C576&amp;ssl=1 1536w, https:\/\/i0.wp.com\/voyager3.com\/wp-content\/uploads\/2022\/07\/NEW_HEADER-5eea.jpeg?w=1600&amp;ssl=1 1600w, https:\/\/i0.wp.com\/voyager3.com\/wp-content\/uploads\/2022\/07\/NEW_HEADER-5eea.jpeg?w=1296&amp;ssl=1 1296w\" sizes=\"auto, (max-width: 648px) 100vw, 648px\" \/><\/a><\/p>\n<h2 class=\"hero__subtitle\" style=\"text-align: center;\"><span style=\"font-size: 2rem;\"><strong><span style=\"font-family: verdana, geneva, sans-serif; font-size: 20pt;\">Poussi\u00e8res c\u00e9lestes<\/span><\/strong><br \/>\n<\/span><\/h2>\n<table  class=\" table table-hover\" >\n<tbody>\n<tr>\n<td>\n<p style=\"text-align: center;\"><a href=\"https:\/\/i0.wp.com\/voyager3.com\/wp-content\/uploads\/2023\/07\/affiche-V3A-NDE-2023.jpeg?ssl=1\"><img data-recalc-dims=\"1\" loading=\"lazy\" decoding=\"async\" data-attachment-id=\"3162\" data-permalink=\"https:\/\/voyager3.com\/?attachment_id=3162\" data-orig-file=\"https:\/\/i0.wp.com\/voyager3.com\/wp-content\/uploads\/2023\/07\/affiche-V3A-NDE-2023.jpeg?fit=464%2C640&amp;ssl=1\" data-orig-size=\"464,640\" data-comments-opened=\"0\" data-image-meta=\"{&quot;aperture&quot;:&quot;0&quot;,&quot;credit&quot;:&quot;&quot;,&quot;camera&quot;:&quot;&quot;,&quot;caption&quot;:&quot;&quot;,&quot;created_timestamp&quot;:&quot;0&quot;,&quot;copyright&quot;:&quot;&quot;,&quot;focal_length&quot;:&quot;0&quot;,&quot;iso&quot;:&quot;0&quot;,&quot;shutter_speed&quot;:&quot;0&quot;,&quot;title&quot;:&quot;&quot;,&quot;orientation&quot;:&quot;0&quot;}\" data-image-title=\"affiche-V3A-NDE-2023\" data-image-description=\"\" data-image-caption=\"\" data-large-file=\"https:\/\/i0.wp.com\/voyager3.com\/wp-content\/uploads\/2023\/07\/affiche-V3A-NDE-2023.jpeg?fit=464%2C640&amp;ssl=1\" class=\"alignleft wp-image-3162 size-full\" src=\"https:\/\/i0.wp.com\/voyager3.com\/wp-content\/uploads\/2023\/07\/affiche-V3A-NDE-2023.jpeg?resize=400%2C552&#038;ssl=1\" alt=\"Affiche Nuit des Etoiles 2023\" width=\"400\" height=\"552\" srcset=\"https:\/\/i0.wp.com\/voyager3.com\/wp-content\/uploads\/2023\/07\/affiche-V3A-NDE-2023.jpeg?w=464&amp;ssl=1 464w, https:\/\/i0.wp.com\/voyager3.com\/wp-content\/uploads\/2023\/07\/affiche-V3A-NDE-2023.jpeg?resize=218%2C300&amp;ssl=1 218w\" sizes=\"auto, (max-width: 400px) 100vw, 400px\" \/><\/a><\/p>\n<p style=\"text-align: center;\"><span style=\"font-family: verdana, geneva, sans-serif; font-size: 10pt;\">Samedi 12 ao\u00fbt 2023 \u00e0 17h00<\/span><br \/>\n<span style=\"font-family: verdana, geneva, sans-serif; font-size: 10pt;\">Observatoire <\/span><span style=\"font-family: verdana, geneva, sans-serif; font-size: 10pt;\">Bretagne Atlantique<\/span><br \/>\n<span style=\"font-family: verdana, geneva, sans-serif; font-size: 10pt;\">44530 S\u00e9v\u00e9rac<\/span><br \/>\n<span style=\"font-family: verdana, geneva, sans-serif; font-size: 10pt;\">Entr\u00e9e gratuite, maintenue en cas de mauvais temps<br \/>\n<\/span><\/p>\n<p style=\"text-align: center;\"><span style=\"font-family: verdana, geneva, sans-serif; font-size: 10pt;\">Pour plus d&rsquo;informations sur cette manifestation nationale, rendez-vous sur le <a title=\"Site national officiel.\" href=\"https:\/\/www.afastronomie.fr\/les-nuits-des-etoiles\" target=\"_blank\" rel=\"noopener noreferrer\">site officiel<\/a>.<\/span><\/p>\n<p style=\"text-align: center;\"><span style=\"font-size: 10pt; font-family: verdana, geneva, sans-serif;\"><b>Suivez-nous sur les r\u00e9seaux sociaux :<br \/>\n<a href=\"https:\/\/twitter.com\/VOYAGER_3_Astro\" target=\"blank\" rel=\"noopener noreferrer\">Twitter<\/a>, <a href=\"https:\/\/www.facebook.com\/V3A.OBA\" target=\"blank\" rel=\"noopener noreferrer\">Facebook<\/a>, <a href=\"https:\/\/www.instagram.com\/voyager3astro\/\">Instagram<\/a><br \/>\n<\/b><\/span><span style=\"font-size: 10pt; font-family: verdana, geneva, sans-serif;\">#NDE2023<\/span><\/p>\n<p style=\"text-align: center;\"><span style=\"font-size: 10pt; font-family: verdana, geneva, sans-serif;\">Partenaires :<\/span><br \/>\n<span style=\"font-family: verdana, geneva, sans-serif; font-size: 10pt;\"> <a href=\"https:\/\/www.afastronomie.fr\/\" target=\"_blank\" rel=\"noopener noreferrer\">AFA<\/a><br \/>\n<a href=\"https:\/\/www.ecologie.gouv.fr\/\">Minist\u00e8re de la transition \u00e9cologique et de la coh\u00e9sion des territoires<\/a> ; <a href=\"http:\/\/www.enseignementsup-recherche.gouv.fr\/\" target=\"_blank\" rel=\"noopener noreferrer\">Minist\u00e8re de l&rsquo;enseignement sup\u00e9rieur et de la recherche<\/a><\/span><br \/>\n<span style=\"font-family: verdana, geneva, sans-serif; font-size: 12pt;\"><span style=\"font-size: 10pt;\"> <a href=\"https:\/\/cnes.fr\/fr\" target=\"_blank\" rel=\"noopener noreferrer\">CNES<\/a> ; <a href=\"https:\/\/www.casio-europe.com\/fr\/\">Casio<\/a> ; <a href=\"http:\/\/www.unistellar.com\/fr\/\" target=\"_blank\" rel=\"noopener\">Unistellar<\/a> ; <a href=\"http:\/\/www.cieletespace.fr\">Ciel &amp; Espace<\/a><br \/>\n<a href=\"http:\/\/www.mairie-severac.fr\/\" target=\"_blank\" rel=\"noopener noreferrer\">Commune de S\u00e9v\u00e9rac<\/a> ; <a href=\"http:\/\/www.pontchateau-saintgildasdesbois.com\/\" target=\"_blank\" rel=\"noopener noreferrer\">Office de tourisme de Pontch\u00e2teau Saint-Gildas-des-Bois<\/a><\/span><\/span><\/p>\n<\/td>\n<\/tr>\n<\/tbody>\n<\/table>\n<p><span style=\"font-family: verdana, geneva, sans-serif; font-size: 10pt;\"><b>VOYAGER 3 Astronomie<\/b> vous invite \u00e0 retrouver ses animateurs pour f\u00eater les \u00e9toiles le<br \/>\n<\/span><\/p>\n<p style=\"text-align: center;\"><span style=\"font-family: verdana, geneva, sans-serif; font-size: 10pt;\"><strong>Samedi 12 ao\u00fbt, \u00e0 partir de 17h \u00e0 l&rsquo;Observatoire Bretagne Atlantique de S\u00e9v\u00e9rac<\/strong><\/span><\/p>\n<p><span style=\"font-family: verdana, geneva, sans-serif; font-size: 10pt;\">Pour la 31\u00e8me \u00e9dition de cette grande f\u00eate du ciel nationale \u00e0 S\u00e9v\u00e9rac, le th\u00e8me choisi est \u00ab\u00a0Poussi\u00e8res c\u00e9lestes\u00a0\u00bb avec le maximum de l&rsquo;essaim d&rsquo;\u00e9toiles filantes des Pers\u00e9\u00efdes.<br \/>\n<\/span><\/p>\n<p><span style=\"font-family: verdana, geneva, sans-serif; font-size: 10pt;\">Retrouvez-nous autour de stands et d&rsquo;\u00e9changes avec nos membres. Vous pourrez visiter la coupole et son t\u00e9lescope avec toujours priorit\u00e9 \u00e0 l&rsquo;observation une fois la nuit tomb\u00e9e, r\u00e9elle ou virtuelle, en fonction de la m\u00e9t\u00e9o&#8230;<\/span><\/p>\n<p><span style=\"font-family: verdana, geneva, sans-serif; font-size: 10pt;\"><b>Plus de vingt-cinq animateurs et b\u00e9n\u00e9voles pour vous faire (re)d\u00e9couvrir les merveilles de l&rsquo;Univers, avec plus d&rsquo;une quinzaine d&rsquo;instruments allant de la lunette de 60 mm au t\u00e9lescope de 430 mm.<\/b><\/span><\/p>\n<h1>PROGRAMME<\/h1>\n<h2>Animations en salle de 17h00 \u00e0 01h30<\/h2>\n<p>Vous pourrez d\u00e9ambuler \u00e0 votre rythme parmi les stands o\u00f9 des membres de l\u2019association seront disponibles pour r\u00e9pondre \u00e0 vos questions :<\/p>\n<ul>\n<li><strong>Photographies faites par des membres de l\u2019association et avec le t\u00e9lescope sous la coupole d\u00e9sormais pleinement op\u00e9rationnel pour l&rsquo;astro-photographie<\/strong><\/li>\n<li>Panneaux explicatifs<\/li>\n<li>Maquettes<\/li>\n<li>Pr\u00e9sentation de mat\u00e9riels d\u2019observations et photographie<\/li>\n<li><strong>Conf\u00e9rence \u00ab\u00a0Poussi\u00e8res c\u00e9lestes\u00a0\u00bb<\/strong><\/li>\n<li><strong>Visite de la coupole de l\u2019observatoire<\/strong> :\n<ul>\n<li>Afin de fluidifier la visite de la coupole tout en limitant le temps d&rsquo;attente pour vous permettre de mieux profiter de toutes les activit\u00e9s propos\u00e9es, <strong>les places devront \u00eatre r\u00e9serv\u00e9es (gratuitement) \u00e0 l&rsquo;accueil <span style=\"text-decoration: underline;\">avec un horaire de passage devant \u00eatre respect\u00e9<\/span><\/strong>.<\/li>\n<li>Le diaporama de la salle d&rsquo;attente est enti\u00e8rement nouveau.<\/li>\n<\/ul>\n<\/li>\n<\/ul>\n<h2>Animations en ext\u00e9rieur de 17h00 \u00e0 20h00<\/h2>\n<p>Vous pourrez d\u00e9ambuler \u00e0 votre rythme parmi les instruments o\u00f9 des membres de l\u2019association seront disponibles pour r\u00e9pondre \u00e0 vos questions :<\/p>\n<ul>\n<li>Pr\u00e9sentation de mat\u00e9riels d\u2019observations et photographie<\/li>\n<li>Observation du Soleil avec des instruments adapt\u00e9s.<\/li>\n<\/ul>\n<h2>Animations en ext\u00e9rieur de 20h00 \u00e0 01h30<\/h2>\n<ul>\n<li>Observations de quelques cibles spectaculaires (Lune, plan\u00e8tes, amas d\u2019\u00e9toiles, n\u00e9buleuses,<br \/>\ngalaxies) avec une quinzaine d\u2019instruments mis \u00e0 disposition.<\/li>\n<li>Visite guid\u00e9e des constellations vers 23h00 avec un animateur qui vous fera cheminer sur la<br \/>\nvo\u00fbte c\u00e9leste.<\/li>\n<\/ul>\n<h2>Musique Electro Live<\/h2>\n<ul>\n<li>Tout au long de l&rsquo;apr\u00e8s-midi et de la nuit, l&rsquo;ambiance musicale sera assur\u00e9e en live par Frim&#8230;<\/li>\n<\/ul>\n<h1>RAFRA\u00ceCHISSEMENTS &amp; RESTAURATION<\/h1>\n<p>L&rsquo;astro-bar reprend du service avec boissons fra\u00eeches et caf\u00e9, une petite restauration sera propos\u00e9e.<\/p>\n<h1>EN PRATIQUE<\/h1>\n<p>Les personnes souhaitant participer aux observations du ciel nocturne sont invit\u00e9es \u00e0 pr\u00e9voir des v\u00eatements suffisamment chauds.<br \/>\nL\u2019<strong>acc\u00e8s est libre et gratuit, sans r\u00e9servation (sauf pour l&rsquo;acc\u00e8s \u00e0 la coupole, voir plus haut)<\/strong>. Vous pouvez arriver \u00e0 l\u2019heure qui vous convient.<br \/>\nVu le public attendu lors de cette animation (500 \u00e0 1000 personnes), nous ne pourrons consacrer de temps \u00e0 des \u00e9changes individuels prolong\u00e9s (explications sur l&rsquo;utilisation d&rsquo;un instrument personnel par exemple &#8211; la place pour installer un instrument personnel \u00e9tant limit\u00e9e et l&rsquo;acheminement de ce mat\u00e9riel pouvant \u00eatre compliqu\u00e9 vu l&rsquo;affluence). Il ne pourra pas non plus y avoir d&rsquo;accompagnement sp\u00e9cifique pour des groupes. Pour cela, nous invitons les personnes int\u00e9rress\u00e9es \u00e0 nous rendre visite un vendredi soir apr\u00e8s une prise de rendez-vous par t\u00e9l\u00e9phone.<\/p>\n<p style=\"text-align: center;\"><strong>Le vendredi 11 ao\u00fbt 2023 en soir\u00e9e, \u00e9tant en pleine pr\u00e9paration de cette manifestation, nous ne <\/strong><strong>recevrons aucun visiteur.<\/strong><\/p>\n<p style=\"text-align: center;\"><span style=\"font-family: verdana, geneva, sans-serif; font-size: 10pt;\">Pour plus de renseignements<\/span><br \/>\n<span style=\"font-family: verdana, geneva, sans-serif; font-size: 10pt;\">02 40 15 58 86 \/ 06 52 68 20 79 \/ <a href=\"mailto:info@voyager3.com\">info@voyager3.com<\/a><\/span><\/p>\n","protected":false},"excerpt":{"rendered":"<p>Poussi\u00e8res c\u00e9lestes Samedi 12 ao\u00fbt 2023 \u00e0 17h00 Observatoire Bretagne Atlantique 44530 S\u00e9v\u00e9rac Entr\u00e9e gratuite, maintenue en cas de mauvais temps Pour plus d&rsquo;informations sur cette manifestation nationale, rendez-vous sur le site officiel. Suivez-nous sur les r\u00e9seaux sociaux : Twitter, Facebook, Instagram #NDE2023 Partenaires : AFA Minist\u00e8re de la transition \u00e9cologique et de la coh\u00e9sion [&hellip;]<\/p>\n","protected":false},"author":8,"featured_media":0,"parent":285,"menu_order":2023,"comment_status":"closed","ping_status":"closed","template":"","meta":{"_exactmetrics_skip_tracking":false,"_exactmetrics_sitenote_active":false,"_exactmetrics_sitenote_note":"","_exactmetrics_sitenote_category":0,"jetpack_post_was_ever_published":false,"footnotes":""},"class_list":["post-3160","page","type-page","status-publish","hentry"],"jetpack_sharing_enabled":true,"jetpack_shortlink":"https:\/\/wp.me\/P6Vaq2-OY","jetpack_likes_enabled":true,"_links":{"self":[{"href":"https:\/\/voyager3.com\/index.php?rest_route=\/wp\/v2\/pages\/3160","targetHints":{"allow":["GET"]}}],"collection":[{"href":"https:\/\/voyager3.com\/index.php?rest_route=\/wp\/v2\/pages"}],"about":[{"href":"https:\/\/voyager3.com\/index.php?rest_route=\/wp\/v2\/types\/page"}],"author":[{"embeddable":true,"href":"https:\/\/voyager3.com\/index.php?rest_route=\/wp\/v2\/users\/8"}],"replies":[{"embeddable":true,"href":"https:\/\/voyager3.com\/index.php?rest_route=%2Fwp%2Fv2%2Fcomments&post=3160"}],"version-history":[{"count":10,"href":"https:\/\/voyager3.com\/index.php?rest_route=\/wp\/v2\/pages\/3160\/revisions"}],"predecessor-version":[{"id":3308,"href":"https:\/\/voyager3.com\/index.php?rest_route=\/wp\/v2\/pages\/3160\/revisions\/3308"}],"up":[{"embeddable":true,"href":"https:\/\/voyager3.com\/index.php?rest_route=\/wp\/v2\/pages\/285"}],"wp:attachment":[{"href":"https:\/\/voyager3.com\/index.php?rest_route=%2Fwp%2Fv2%2Fmedia&parent=3160"}],"curies":[{"name":"wp","href":"https:\/\/api.w.org\/{rel}","templated":true}]}}