{"id":3130,"date":"2022-11-05T22:14:13","date_gmt":"2022-11-05T21:14:13","guid":{"rendered":"https:\/\/voyager3.com\/?page_id=3130"},"modified":"2023-07-11T12:43:00","modified_gmt":"2023-07-11T10:43:00","slug":"pv-cr-2022-2023","status":"publish","type":"page","link":"https:\/\/voyager3.com\/?page_id=3130","title":{"rendered":"PV\/CR 2022-2023"},"content":{"rendered":"\n<ul>\n<li><a href=\"https:\/\/voyager3.com\/wp-content\/uploads\/2022\/11\/CR-AG2022.pdf\">Assembl\u00e9e G\u00e9n\u00e9rale Ordinaire du 24 septembre 2022<\/a><\/li>\n<li><a href=\"https:\/\/voyager3.com\/wp-content\/uploads\/2022\/11\/cr_ca_221015.pdf\">Conseil d&rsquo;Administration du 15 octobre 2022<\/a><\/li>\n<li><a href=\"https:\/\/voyager3.com\/wp-content\/uploads\/2023\/01\/cr_ca_230107.pdf\">Conseil d&rsquo;Administration du 7 janvier 2023<\/a><\/li>\n<li><a href=\"https:\/\/voyager3.com\/wp-content\/uploads\/2023\/07\/cr_ca_230401.pdf\" data-wplink-edit=\"true\">Conseil d&rsquo;Administration du 1er avril 2023<\/a><\/li>\n<\/ul>\n\n\n","protected":false},"excerpt":{"rendered":"<p>Assembl\u00e9e G\u00e9n\u00e9rale Ordinaire du 24 septembre 2022 Conseil d&rsquo;Administration du 15 octobre 2022 Conseil d&rsquo;Administration du 7 janvier 2023 Conseil d&rsquo;Administration du 1er avril 2023<\/p>\n","protected":false},"author":8,"featured_media":0,"parent":51,"menu_order":2022,"comment_status":"closed","ping_status":"closed","template":"","meta":{"_exactmetrics_skip_tracking":false,"_exactmetrics_sitenote_active":false,"_exactmetrics_sitenote_note":"","_exactmetrics_sitenote_category":0,"jetpack_post_was_ever_published":false,"footnotes":""},"class_list":["post-3130","page","type-page","status-publish","hentry"],"jetpack_sharing_enabled":true,"jetpack_shortlink":"https:\/\/wp.me\/P6Vaq2-Ou","jetpack_likes_enabled":true,"_links":{"self":[{"href":"https:\/\/voyager3.com\/index.php?rest_route=\/wp\/v2\/pages\/3130","targetHints":{"allow":["GET"]}}],"collection":[{"href":"https:\/\/voyager3.com\/index.php?rest_route=\/wp\/v2\/pages"}],"about":[{"href":"https:\/\/voyager3.com\/index.php?rest_route=\/wp\/v2\/types\/page"}],"author":[{"embeddable":true,"href":"https:\/\/voyager3.com\/index.php?rest_route=\/wp\/v2\/users\/8"}],"replies":[{"embeddable":true,"href":"https:\/\/voyager3.com\/index.php?rest_route=%2Fwp%2Fv2%2Fcomments&post=3130"}],"version-history":[{"count":6,"href":"https:\/\/voyager3.com\/index.php?rest_route=\/wp\/v2\/pages\/3130\/revisions"}],"predecessor-version":[{"id":3175,"href":"https:\/\/voyager3.com\/index.php?rest_route=\/wp\/v2\/pages\/3130\/revisions\/3175"}],"up":[{"embeddable":true,"href":"https:\/\/voyager3.com\/index.php?rest_route=\/wp\/v2\/pages\/51"}],"wp:attachment":[{"href":"https:\/\/voyager3.com\/index.php?rest_route=%2Fwp%2Fv2%2Fmedia&parent=3130"}],"curies":[{"name":"wp","href":"https:\/\/api.w.org\/{rel}","templated":true}]}}