{"id":285,"date":"2014-06-30T20:31:52","date_gmt":"2014-06-30T20:31:52","guid":{"rendered":"http:\/\/voyager3.com\/?page_id=285"},"modified":"2021-10-06T21:57:28","modified_gmt":"2021-10-06T19:57:28","slug":"les-animations","status":"publish","type":"page","link":"https:\/\/voyager3.com\/?page_id=285","title":{"rendered":"Les animations"},"content":{"rendered":"<p>V<span style=\"color: #000080;\">oyager3 Astronomie propose plusieurs types d&rsquo;animations, destin\u00e9es au grand public et ouvertes \u00e0 tous ainsi que des animations, sur demande, destin\u00e9es \u00e0 un public plus retreint:<\/span><\/p>\n<h6><span style=\"color: #000080;\">POUR TOUS:<\/span><\/h6>\n<p><span style=\"color: #000080; text-decoration: underline;\">LA NUIT DES ETOILES<\/span><\/p>\n<ul>\n<li><span style=\"color: #000080;\">Chaque ann\u00e9e, au d\u00e9but du mois d&rsquo;ao\u00fbt, le passage dans notre ciel de l&rsquo;essaim d&rsquo;\u00e9toiles filantes des Perse\u00efdes, annonce pour l&rsquo; association l&rsquo;organisation de la c\u00e9l\u00e8bre \u00ab\u00a0nuit des \u00e9toiles\u00a0\u00bb. Au cours de cette journ\u00e9e, des animateurs partagent avec les visiteurs diff\u00e9rents aspects de leur passion: la visite de l&rsquo;observatoire Bretagne-Atlantique, la lune, la vie des \u00e9toiles, les galaxies, l&rsquo;astrophotographie, l&rsquo;observation du soleil, etc.<\/span><\/li>\n<\/ul>\n<p style=\"text-align: justify;\"><a href=\"https:\/\/i0.wp.com\/voyager3.com\/wp-content\/uploads\/2015\/05\/nuit-des-%C3%A9toiles-3-bis.jpg?ssl=1\"><img data-recalc-dims=\"1\" loading=\"lazy\" decoding=\"async\" data-attachment-id=\"1297\" data-permalink=\"https:\/\/voyager3.com\/?attachment_id=1297\" data-orig-file=\"https:\/\/i0.wp.com\/voyager3.com\/wp-content\/uploads\/2015\/05\/nuit-des-%C3%A9toiles-3-bis.jpg?fit=800%2C534&amp;ssl=1\" data-orig-size=\"800,534\" data-comments-opened=\"0\" data-image-meta=\"{&quot;aperture&quot;:&quot;6.3&quot;,&quot;credit&quot;:&quot;Gael Meignen&quot;,&quot;camera&quot;:&quot;Canon EOS 50D&quot;,&quot;caption&quot;:&quot;&quot;,&quot;created_timestamp&quot;:&quot;1344719337&quot;,&quot;copyright&quot;:&quot;Copyright : Gael Meignen&quot;,&quot;focal_length&quot;:&quot;49&quot;,&quot;iso&quot;:&quot;200&quot;,&quot;shutter_speed&quot;:&quot;0.001&quot;,&quot;title&quot;:&quot;&quot;,&quot;orientation&quot;:&quot;1&quot;}\" data-image-title=\"nuit des \u00e9toiles 3 bis\" data-image-description=\"\" data-image-caption=\"\" data-medium-file=\"https:\/\/i0.wp.com\/voyager3.com\/wp-content\/uploads\/2015\/05\/nuit-des-%C3%A9toiles-3-bis.jpg?fit=300%2C200&amp;ssl=1\" data-large-file=\"https:\/\/i0.wp.com\/voyager3.com\/wp-content\/uploads\/2015\/05\/nuit-des-%C3%A9toiles-3-bis.jpg?fit=648%2C433&amp;ssl=1\" class=\"size-medium wp-image-1297\" src=\"https:\/\/i0.wp.com\/voyager3.com\/wp-content\/uploads\/2015\/05\/nuit-des-%C3%A9toiles-3-bis.jpg?resize=300%2C200&#038;ssl=1\" alt=\"nuit des \u00e9toiles 3 bis\" width=\"300\" height=\"200\" srcset=\"https:\/\/i0.wp.com\/voyager3.com\/wp-content\/uploads\/2015\/05\/nuit-des-%C3%A9toiles-3-bis.jpg?resize=300%2C200&amp;ssl=1 300w, https:\/\/i0.wp.com\/voyager3.com\/wp-content\/uploads\/2015\/05\/nuit-des-%C3%A9toiles-3-bis.jpg?resize=749%2C500&amp;ssl=1 749w, https:\/\/i0.wp.com\/voyager3.com\/wp-content\/uploads\/2015\/05\/nuit-des-%C3%A9toiles-3-bis.jpg?w=800&amp;ssl=1 800w\" sizes=\"auto, (max-width: 300px) 100vw, 300px\" \/><\/a><\/p>\n<ul>\n<li style=\"text-align: justify;\"><span style=\"color: #000080;\">A la nuit tomb\u00e9e, l&rsquo;observation de la vo\u00fbte c\u00e9leste avec ou sans instrument est alors \u00e0 l&rsquo;honneur. Nombre de t\u00e9lescopes (mis \u00e0 disposition par nos membres et bien s\u00fbr notre 430 mm sous sa coupole) pointent\u00a0 vers le ciel pour faire d\u00e9couvrir \u00e0 chacun les merveilles du ciel d&rsquo;\u00e9t\u00e9.<\/span><\/li>\n<\/ul>\n<p><span style=\"text-decoration: underline;\"><span style=\"color: #000080; text-decoration: underline;\">LES OBSERVATIONS PUBLIQUES <\/span><\/span><\/p>\n<p style=\"text-align: justify;\"><span style=\"color: #000080;\">\u00a0R\u00e9guli\u00e8rement, Voyager3 Astronomie ouvre ses portes aux visiteurs pour une visite de l&rsquo;observatoire Bretagne-Atlantique. Suivant les soir\u00e9es, l&rsquo;association vous proposera un expos\u00e9 sur diff\u00e9rents th\u00e8mes\u00a0ainsi qu&rsquo;une s\u00e9ance d&rsquo;observation du ciel en fonction de la m\u00e9t\u00e9o. Chacun pourra alors profiter des instruments du club et se laisser guider par les membres de l&rsquo; association pour une d\u00e9couverte de la vo\u00fbte \u00e9toil\u00e9e.<\/span><br \/>\n<a href=\"https:\/\/i0.wp.com\/voyager3.com\/wp-content\/uploads\/2015\/05\/astronome_crepuscule.jpg?ssl=1\"><img data-recalc-dims=\"1\" loading=\"lazy\" decoding=\"async\" data-attachment-id=\"1299\" data-permalink=\"https:\/\/voyager3.com\/?attachment_id=1299\" data-orig-file=\"https:\/\/i0.wp.com\/voyager3.com\/wp-content\/uploads\/2015\/05\/astronome_crepuscule.jpg?fit=800%2C532&amp;ssl=1\" data-orig-size=\"800,532\" data-comments-opened=\"0\" data-image-meta=\"{&quot;aperture&quot;:&quot;5.6&quot;,&quot;credit&quot;:&quot;&quot;,&quot;camera&quot;:&quot;DYNAX 5D&quot;,&quot;caption&quot;:&quot;&quot;,&quot;created_timestamp&quot;:&quot;1246399695&quot;,&quot;copyright&quot;:&quot;&quot;,&quot;focal_length&quot;:&quot;18&quot;,&quot;iso&quot;:&quot;100&quot;,&quot;shutter_speed&quot;:&quot;0.066666666666667&quot;,&quot;title&quot;:&quot;KONICA MINOLTA DIGITAL CAMERA&quot;,&quot;orientation&quot;:&quot;1&quot;}\" data-image-title=\"KONICA MINOLTA DIGITAL CAMERA\" data-image-description=\"\" data-image-caption=\"\" data-medium-file=\"https:\/\/i0.wp.com\/voyager3.com\/wp-content\/uploads\/2015\/05\/astronome_crepuscule.jpg?fit=300%2C200&amp;ssl=1\" data-large-file=\"https:\/\/i0.wp.com\/voyager3.com\/wp-content\/uploads\/2015\/05\/astronome_crepuscule.jpg?fit=648%2C431&amp;ssl=1\" class=\" size-medium wp-image-1299 aligncenter\" src=\"https:\/\/i0.wp.com\/voyager3.com\/wp-content\/uploads\/2015\/05\/astronome_crepuscule.jpg?resize=300%2C200&#038;ssl=1\" alt=\"KONICA MINOLTA DIGITAL CAMERA\" width=\"300\" height=\"200\" srcset=\"https:\/\/i0.wp.com\/voyager3.com\/wp-content\/uploads\/2015\/05\/astronome_crepuscule.jpg?resize=300%2C200&amp;ssl=1 300w, https:\/\/i0.wp.com\/voyager3.com\/wp-content\/uploads\/2015\/05\/astronome_crepuscule.jpg?resize=752%2C500&amp;ssl=1 752w, https:\/\/i0.wp.com\/voyager3.com\/wp-content\/uploads\/2015\/05\/astronome_crepuscule.jpg?w=800&amp;ssl=1 800w\" sizes=\"auto, (max-width: 300px) 100vw, 300px\" \/><\/a><\/p>\n<p><span style=\"text-decoration: underline;\"><span style=\"color: #000080; text-decoration: underline;\">SUR DEMANDE<\/span><\/span><\/p>\n<p style=\"text-align: justify;\"><span style=\"color: #000080;\"><a href=\"https:\/\/i0.wp.com\/voyager3.com\/wp-content\/uploads\/2015\/05\/OBA2.jpg?ssl=1\"><img data-recalc-dims=\"1\" loading=\"lazy\" decoding=\"async\" data-attachment-id=\"1223\" data-permalink=\"https:\/\/voyager3.com\/?attachment_id=1223\" data-orig-file=\"https:\/\/i0.wp.com\/voyager3.com\/wp-content\/uploads\/2015\/05\/OBA2.jpg?fit=802%2C539&amp;ssl=1\" data-orig-size=\"802,539\" data-comments-opened=\"0\" data-image-meta=\"{&quot;aperture&quot;:&quot;5.6&quot;,&quot;credit&quot;:&quot;&quot;,&quot;camera&quot;:&quot;DMC-FZ48&quot;,&quot;caption&quot;:&quot;&quot;,&quot;created_timestamp&quot;:&quot;1400352694&quot;,&quot;copyright&quot;:&quot;&quot;,&quot;focal_length&quot;:&quot;4.5&quot;,&quot;iso&quot;:&quot;100&quot;,&quot;shutter_speed&quot;:&quot;0.0015625&quot;,&quot;title&quot;:&quot;&quot;,&quot;orientation&quot;:&quot;1&quot;}\" data-image-title=\"OBA2\" data-image-description=\"\" data-image-caption=\"\" data-medium-file=\"https:\/\/i0.wp.com\/voyager3.com\/wp-content\/uploads\/2015\/05\/OBA2.jpg?fit=300%2C202&amp;ssl=1\" data-large-file=\"https:\/\/i0.wp.com\/voyager3.com\/wp-content\/uploads\/2015\/05\/OBA2.jpg?fit=648%2C436&amp;ssl=1\" class=\"size-medium wp-image-1223 alignleft\" src=\"https:\/\/i0.wp.com\/voyager3.com\/wp-content\/uploads\/2015\/05\/OBA2.jpg?resize=300%2C202&#038;ssl=1\" alt=\"OBA2\" width=\"300\" height=\"202\" srcset=\"https:\/\/i0.wp.com\/voyager3.com\/wp-content\/uploads\/2015\/05\/OBA2.jpg?resize=300%2C202&amp;ssl=1 300w, https:\/\/i0.wp.com\/voyager3.com\/wp-content\/uploads\/2015\/05\/OBA2.jpg?resize=744%2C500&amp;ssl=1 744w, https:\/\/i0.wp.com\/voyager3.com\/wp-content\/uploads\/2015\/05\/OBA2.jpg?w=802&amp;ssl=1 802w\" sizes=\"auto, (max-width: 300px) 100vw, 300px\" \/><\/a>L&rsquo;association Voyager 3 Astronomie propose des animations personnalis\u00e9es. Ces animations sont de pr\u00e9f\u00e9rence destin\u00e9es \u00e0 un public restreint et sont organis\u00e9es \u00e0 la demande d&rsquo;organismes tels que des \u00e9coles, coll\u00e8ges, lyc\u00e9es, centres de loisirs, comit\u00e9s d&rsquo;entreprise, etc.<\/span><\/p>\n<p><span style=\"color: #000080;\">Adapt\u00e9es \u00e0 chaque type de public (\u00e2ge, connaissances), elles permettent d&rsquo;aller plus loin dans la d\u00e9couverte de l&rsquo;univers.<\/span><\/p>\n","protected":false},"excerpt":{"rendered":"<p>Voyager3 Astronomie propose plusieurs types d&rsquo;animations, destin\u00e9es au grand public et ouvertes \u00e0 tous ainsi que des animations, sur demande, destin\u00e9es \u00e0 un public plus retreint: POUR TOUS: LA NUIT DES ETOILES Chaque ann\u00e9e, au d\u00e9but du mois d&rsquo;ao\u00fbt, le passage dans notre ciel de l&rsquo;essaim d&rsquo;\u00e9toiles filantes des Perse\u00efdes, annonce pour l&rsquo; association l&rsquo;organisation [&hellip;]<\/p>\n","protected":false},"author":2,"featured_media":0,"parent":40,"menu_order":3,"comment_status":"closed","ping_status":"closed","template":"","meta":{"_exactmetrics_skip_tracking":false,"_exactmetrics_sitenote_active":false,"_exactmetrics_sitenote_note":"","_exactmetrics_sitenote_category":0,"jetpack_post_was_ever_published":false,"footnotes":""},"class_list":["post-285","page","type-page","status-publish","hentry"],"jetpack_sharing_enabled":true,"jetpack_shortlink":"https:\/\/wp.me\/P6Vaq2-4B","jetpack_likes_enabled":true,"_links":{"self":[{"href":"https:\/\/voyager3.com\/index.php?rest_route=\/wp\/v2\/pages\/285","targetHints":{"allow":["GET"]}}],"collection":[{"href":"https:\/\/voyager3.com\/index.php?rest_route=\/wp\/v2\/pages"}],"about":[{"href":"https:\/\/voyager3.com\/index.php?rest_route=\/wp\/v2\/types\/page"}],"author":[{"embeddable":true,"href":"https:\/\/voyager3.com\/index.php?rest_route=\/wp\/v2\/users\/2"}],"replies":[{"embeddable":true,"href":"https:\/\/voyager3.com\/index.php?rest_route=%2Fwp%2Fv2%2Fcomments&post=285"}],"version-history":[{"count":25,"href":"https:\/\/voyager3.com\/index.php?rest_route=\/wp\/v2\/pages\/285\/revisions"}],"predecessor-version":[{"id":2849,"href":"https:\/\/voyager3.com\/index.php?rest_route=\/wp\/v2\/pages\/285\/revisions\/2849"}],"up":[{"embeddable":true,"href":"https:\/\/voyager3.com\/index.php?rest_route=\/wp\/v2\/pages\/40"}],"wp:attachment":[{"href":"https:\/\/voyager3.com\/index.php?rest_route=%2Fwp%2Fv2%2Fmedia&parent=285"}],"curies":[{"name":"wp","href":"https:\/\/api.w.org\/{rel}","templated":true}]}}