{"id":283,"date":"2014-06-30T20:31:09","date_gmt":"2014-06-30T20:31:09","guid":{"rendered":"http:\/\/voyager3.com\/?page_id=283"},"modified":"2018-04-17T22:47:28","modified_gmt":"2018-04-17T20:47:28","slug":"les-reunions-3","status":"publish","type":"page","link":"https:\/\/voyager3.com\/?page_id=283","title":{"rendered":"Les r\u00e9unions"},"content":{"rendered":"<p><a href=\"https:\/\/i0.wp.com\/voyager3.com\/wp-content\/uploads\/2015\/05\/coupole1.jpg?ssl=1\"><img data-recalc-dims=\"1\" loading=\"lazy\" decoding=\"async\" data-attachment-id=\"1221\" data-permalink=\"https:\/\/voyager3.com\/?attachment_id=1221\" data-orig-file=\"https:\/\/i0.wp.com\/voyager3.com\/wp-content\/uploads\/2015\/05\/coupole1.jpg?fit=643%2C482&amp;ssl=1\" data-orig-size=\"643,482\" data-comments-opened=\"0\" data-image-meta=\"{&quot;aperture&quot;:&quot;5.6&quot;,&quot;credit&quot;:&quot;&quot;,&quot;camera&quot;:&quot;DMC-FZ48&quot;,&quot;caption&quot;:&quot;&quot;,&quot;created_timestamp&quot;:&quot;1400353238&quot;,&quot;copyright&quot;:&quot;&quot;,&quot;focal_length&quot;:&quot;4.5&quot;,&quot;iso&quot;:&quot;100&quot;,&quot;shutter_speed&quot;:&quot;0.002&quot;,&quot;title&quot;:&quot;&quot;,&quot;orientation&quot;:&quot;1&quot;}\" data-image-title=\"coupole1\" data-image-description=\"\" data-image-caption=\"\" data-large-file=\"https:\/\/i0.wp.com\/voyager3.com\/wp-content\/uploads\/2015\/05\/coupole1.jpg?fit=643%2C482&amp;ssl=1\" class=\"alignleft wp-image-1221 size-medium\" src=\"https:\/\/i0.wp.com\/voyager3.com\/wp-content\/uploads\/2015\/05\/coupole1.jpg?resize=300%2C225&#038;ssl=1\" alt=\"coupole1\" width=\"300\" height=\"225\" srcset=\"https:\/\/i0.wp.com\/voyager3.com\/wp-content\/uploads\/2015\/05\/coupole1.jpg?resize=300%2C225&amp;ssl=1 300w, https:\/\/i0.wp.com\/voyager3.com\/wp-content\/uploads\/2015\/05\/coupole1.jpg?resize=175%2C131&amp;ssl=1 175w, https:\/\/i0.wp.com\/voyager3.com\/wp-content\/uploads\/2015\/05\/coupole1.jpg?w=643&amp;ssl=1 643w\" sizes=\"auto, (max-width: 300px) 100vw, 300px\" \/><\/a>Les membres de l&rsquo;association se r\u00e9unissent tous les vendredis soir \u00e0 partir de 20h30 dans les locaux de l&rsquo;Observatoire Bretagne-Atlantique. Situ\u00e9 \u00e0 S\u00e9v\u00e9rac, le site d\u00e9gag\u00e9 et \u00e0 l&rsquo;abri des lumi\u00e8res permet des observations de qualit\u00e9.<\/p>\n<p>Depuis 1994, le club permet aux passionn\u00e9s comme aux simples curieux du ciel d&rsquo;observer notre vo\u00fbte c\u00e9leste et d&rsquo;en percer les secrets.<\/p>\n<p>Quand les conditions m\u00e9t\u00e9o le permettent, l&rsquo;accent, lors de ces s\u00e9ances, est mis sur l&rsquo;observation.\u00a0VOYAGER 3 a pour vocation de se placer au niveau des connaissances de chacun, et de permettre \u00e0 tous\u00a0d&rsquo;utiliser rapidement les instruments d&rsquo;observation.<\/p>\n<p><a href=\"https:\/\/i0.wp.com\/voyager3.com\/wp-content\/uploads\/2015\/05\/coupole-nuit-rouge.jpg?ssl=1\"><img data-recalc-dims=\"1\" loading=\"lazy\" decoding=\"async\" data-attachment-id=\"1215\" data-permalink=\"https:\/\/voyager3.com\/?attachment_id=1215\" data-orig-file=\"https:\/\/i0.wp.com\/voyager3.com\/wp-content\/uploads\/2015\/05\/coupole-nuit-rouge.jpg?fit=710%2C955&amp;ssl=1\" data-orig-size=\"710,955\" data-comments-opened=\"0\" data-image-meta=\"{&quot;aperture&quot;:&quot;0&quot;,&quot;credit&quot;:&quot;&quot;,&quot;camera&quot;:&quot;&quot;,&quot;caption&quot;:&quot;&quot;,&quot;created_timestamp&quot;:&quot;0&quot;,&quot;copyright&quot;:&quot;&quot;,&quot;focal_length&quot;:&quot;0&quot;,&quot;iso&quot;:&quot;0&quot;,&quot;shutter_speed&quot;:&quot;0&quot;,&quot;title&quot;:&quot;&quot;,&quot;orientation&quot;:&quot;1&quot;}\" data-image-title=\"coupole nuit rouge\" data-image-description=\"\" data-image-caption=\"\" data-large-file=\"https:\/\/i0.wp.com\/voyager3.com\/wp-content\/uploads\/2015\/05\/coupole-nuit-rouge.jpg?fit=648%2C872&amp;ssl=1\" class=\"alignleft wp-image-1215 size-medium\" src=\"https:\/\/i0.wp.com\/voyager3.com\/wp-content\/uploads\/2015\/05\/coupole-nuit-rouge.jpg?resize=223%2C300&#038;ssl=1\" alt=\"coupole nuit rouge\" width=\"223\" height=\"300\" srcset=\"https:\/\/i0.wp.com\/voyager3.com\/wp-content\/uploads\/2015\/05\/coupole-nuit-rouge.jpg?resize=223%2C300&amp;ssl=1 223w, https:\/\/i0.wp.com\/voyager3.com\/wp-content\/uploads\/2015\/05\/coupole-nuit-rouge.jpg?resize=372%2C500&amp;ssl=1 372w, https:\/\/i0.wp.com\/voyager3.com\/wp-content\/uploads\/2015\/05\/coupole-nuit-rouge.jpg?w=710&amp;ssl=1 710w\" sizes=\"auto, (max-width: 223px) 100vw, 223px\" \/><\/a><\/p>\n<p>L&rsquo;observation est r\u00e9alis\u00e9e par petits groupes se r\u00e9unissant autour\u00a0d&rsquo;un instrument (soit apport\u00e9 par un membre, soit mis \u00e0 disposition par le club), allant des jumelles au t\u00e9lescope de 430 mm.\u00a0\u00a0En fonction de la configuration du ciel et de la position des plan\u00e8tes, chaque groupe d\u00e9termine un sujet d&rsquo;observation qu&rsquo;il m\u00e8nera \u00e0 bien, gr\u00e2ce aux conseils des plus exp\u00e9riment\u00e9s. L&rsquo;astrophotographie peut \u00e9galement faire partie du\u00a0programme puisque le t\u00e9lescope abrit\u00e9 par la coupole permet de belles prises de vue.<\/p>\n<p>Lors de ces s\u00e9ances, des expos\u00e9s autour du th\u00e8me de l&rsquo; astronomie choisis coll\u00e9gialement par les membres de l&rsquo;association sont r\u00e9guli\u00e8rement pr\u00e9sent\u00e9s. Ils traitent de sujets tr\u00e8s vari\u00e9s allant de l&rsquo;astronomie \u00ab\u00a0pratique\u00a0\u00bb (instruments, d\u00e9couvertes des objets du ciel, astrophotographie) \u00e0 l&rsquo;astronomie \u00ab\u00a0th\u00e9orique\u00a0\u00bb (histoire de l&rsquo;astronomie, astrophysique &#8230;)<\/p>\n<p>Le club\u00a0 peut \u00e9galement se r\u00e9unir \u00e0 l&rsquo;occasion d&rsquo;un \u00e9v\u00e8nement astronomique particulier\u00a0(com\u00e8te, \u00e9toiles filantes, \u00e9clipse&#8230;)\u00a0pour organiser une observation exceptionnelle \u00e0 partager avec le plus grand nombre.<\/p>\n<p><a href=\"https:\/\/i0.wp.com\/voyager3.com\/wp-content\/uploads\/2015\/05\/eclipse2015.jpg?ssl=1\"><img data-recalc-dims=\"1\" loading=\"lazy\" decoding=\"async\" data-attachment-id=\"1286\" data-permalink=\"https:\/\/voyager3.com\/?attachment_id=1286\" data-orig-file=\"https:\/\/i0.wp.com\/voyager3.com\/wp-content\/uploads\/2015\/05\/eclipse2015.jpg?fit=677%2C603&amp;ssl=1\" data-orig-size=\"677,603\" data-comments-opened=\"0\" data-image-meta=\"{&quot;aperture&quot;:&quot;5.6&quot;,&quot;credit&quot;:&quot;&quot;,&quot;camera&quot;:&quot;DMC-FZ48&quot;,&quot;caption&quot;:&quot;&quot;,&quot;created_timestamp&quot;:&quot;1426852549&quot;,&quot;copyright&quot;:&quot;&quot;,&quot;focal_length&quot;:&quot;108&quot;,&quot;iso&quot;:&quot;100&quot;,&quot;shutter_speed&quot;:&quot;0.00076923076923077&quot;,&quot;title&quot;:&quot;&quot;,&quot;orientation&quot;:&quot;1&quot;}\" data-image-title=\"eclipse2015\" data-image-description=\"\" data-image-caption=\"\" data-large-file=\"https:\/\/i0.wp.com\/voyager3.com\/wp-content\/uploads\/2015\/05\/eclipse2015.jpg?fit=648%2C577&amp;ssl=1\" class=\" aligncenter wp-image-1286\" src=\"https:\/\/i0.wp.com\/voyager3.com\/wp-content\/uploads\/2015\/05\/eclipse2015.jpg?resize=217%2C193&#038;ssl=1\" alt=\"eclipse2015\" width=\"217\" height=\"193\" srcset=\"https:\/\/i0.wp.com\/voyager3.com\/wp-content\/uploads\/2015\/05\/eclipse2015.jpg?resize=300%2C267&amp;ssl=1 300w, https:\/\/i0.wp.com\/voyager3.com\/wp-content\/uploads\/2015\/05\/eclipse2015.jpg?resize=561%2C500&amp;ssl=1 561w, https:\/\/i0.wp.com\/voyager3.com\/wp-content\/uploads\/2015\/05\/eclipse2015.jpg?w=677&amp;ssl=1 677w\" sizes=\"auto, (max-width: 217px) 100vw, 217px\" \/><\/a><\/p>\n<p>&nbsp;<\/p>\n<p>&nbsp;<\/p>\n<p>&nbsp;<\/p>\n","protected":false},"excerpt":{"rendered":"<p>Les membres de l&rsquo;association se r\u00e9unissent tous les vendredis soir \u00e0 partir de 20h30 dans les locaux de l&rsquo;Observatoire Bretagne-Atlantique. Situ\u00e9 \u00e0 S\u00e9v\u00e9rac, le site d\u00e9gag\u00e9 et \u00e0 l&rsquo;abri des lumi\u00e8res permet des observations de qualit\u00e9. Depuis 1994, le club permet aux passionn\u00e9s comme aux simples curieux du ciel d&rsquo;observer notre vo\u00fbte c\u00e9leste et d&rsquo;en [&hellip;]<\/p>\n","protected":false},"author":2,"featured_media":0,"parent":40,"menu_order":2,"comment_status":"closed","ping_status":"closed","template":"","meta":{"_exactmetrics_skip_tracking":false,"_exactmetrics_sitenote_active":false,"_exactmetrics_sitenote_note":"","_exactmetrics_sitenote_category":0,"jetpack_post_was_ever_published":false,"footnotes":""},"class_list":["post-283","page","type-page","status-publish","hentry"],"jetpack_sharing_enabled":true,"jetpack_shortlink":"https:\/\/wp.me\/P6Vaq2-4z","jetpack_likes_enabled":true,"_links":{"self":[{"href":"https:\/\/voyager3.com\/index.php?rest_route=\/wp\/v2\/pages\/283","targetHints":{"allow":["GET"]}}],"collection":[{"href":"https:\/\/voyager3.com\/index.php?rest_route=\/wp\/v2\/pages"}],"about":[{"href":"https:\/\/voyager3.com\/index.php?rest_route=\/wp\/v2\/types\/page"}],"author":[{"embeddable":true,"href":"https:\/\/voyager3.com\/index.php?rest_route=\/wp\/v2\/users\/2"}],"replies":[{"embeddable":true,"href":"https:\/\/voyager3.com\/index.php?rest_route=%2Fwp%2Fv2%2Fcomments&post=283"}],"version-history":[{"count":19,"href":"https:\/\/voyager3.com\/index.php?rest_route=\/wp\/v2\/pages\/283\/revisions"}],"predecessor-version":[{"id":2253,"href":"https:\/\/voyager3.com\/index.php?rest_route=\/wp\/v2\/pages\/283\/revisions\/2253"}],"up":[{"embeddable":true,"href":"https:\/\/voyager3.com\/index.php?rest_route=\/wp\/v2\/pages\/40"}],"wp:attachment":[{"href":"https:\/\/voyager3.com\/index.php?rest_route=%2Fwp%2Fv2%2Fmedia&parent=283"}],"curies":[{"name":"wp","href":"https:\/\/api.w.org\/{rel}","templated":true}]}}