{"id":278,"date":"2014-06-30T20:28:31","date_gmt":"2014-06-30T20:28:31","guid":{"rendered":"http:\/\/voyager3.com\/?page_id=278"},"modified":"2015-12-20T17:03:31","modified_gmt":"2015-12-20T16:03:31","slug":"les-reunions-2","status":"publish","type":"page","link":"https:\/\/voyager3.com\/?page_id=278","title":{"rendered":"Les r\u00e9alisations"},"content":{"rendered":"<h6><span style=\"color: #000080;\"><a style=\"color: #000080;\" title=\"R\u00e9alisation du mois\" href=\"https:\/\/voyager3.com\/?page_id=1772\"><span style=\"text-decoration: underline;\">R\u00e9alisation \u00e0 l&rsquo;honneur<\/span>\u00a0<\/a>:<\/span><\/h6>\n<p><span style=\"color: #000080;\">Les r\u00e9alisations sont visibles sur cette<span style=\"color: #0000ff;\"><strong> <a style=\"color: #0000ff;\" href=\"https:\/\/voyager3.com\/?page_id=1772\">galerie d&rsquo;images<\/a><\/strong><\/span>.<\/span><\/p>\n<h6><a title=\"Logiciels\" href=\"https:\/\/voyager3.com\/?page_id=609\"><span style=\"color: #000080;\"><span style=\"text-decoration: underline;\">Logiciels<\/span> :<\/span><\/a><\/h6>\n<p><span style=\"color: #000080;\">D\u00e9couvrez nos logiciels d&rsquo;\u00e9ph\u00e9m\u00e9rides, traitements d&rsquo;images, simulation de lanc\u00e9 de fus\u00e9e \u00e0 eau&#8230;)<\/span><\/p>\n<h6><a title=\"Ballons sonde\" href=\"https:\/\/voyager3.com\/?page_id=622\"><span style=\"color: #000080;\"><span style=\"text-decoration: underline;\">Ballons sonde<\/span> :<\/span><\/a><\/h6>\n<p><span style=\"color: #000080;\">Une activit\u00e9 tr\u00e8s particuli\u00e8re, le lancement de ballons sonde&#8230;<\/span><\/p>\n<h6><a href=\"https:\/\/i0.wp.com\/voyager3.com\/wp-content\/uploads\/2014\/06\/fusee.gif?ssl=1\"><img data-recalc-dims=\"1\" loading=\"lazy\" decoding=\"async\" data-attachment-id=\"755\" data-permalink=\"https:\/\/voyager3.com\/?attachment_id=755\" data-orig-file=\"https:\/\/i0.wp.com\/voyager3.com\/wp-content\/uploads\/2014\/06\/fusee.gif?fit=40%2C110&amp;ssl=1\" data-orig-size=\"40,110\" data-comments-opened=\"0\" data-image-meta=\"{&quot;aperture&quot;:&quot;0&quot;,&quot;credit&quot;:&quot;&quot;,&quot;camera&quot;:&quot;&quot;,&quot;caption&quot;:&quot;&quot;,&quot;created_timestamp&quot;:&quot;0&quot;,&quot;copyright&quot;:&quot;&quot;,&quot;focal_length&quot;:&quot;0&quot;,&quot;iso&quot;:&quot;0&quot;,&quot;shutter_speed&quot;:&quot;0&quot;,&quot;title&quot;:&quot;&quot;,&quot;orientation&quot;:&quot;0&quot;}\" data-image-title=\"fusee\" data-image-description=\"\" data-image-caption=\"\" data-large-file=\"https:\/\/i0.wp.com\/voyager3.com\/wp-content\/uploads\/2014\/06\/fusee.gif?fit=40%2C110&amp;ssl=1\" class=\" size-full wp-image-755 alignright\" src=\"https:\/\/i0.wp.com\/voyager3.com\/wp-content\/uploads\/2014\/06\/fusee.gif?resize=40%2C110&#038;ssl=1\" alt=\"fusee\" width=\"40\" height=\"110\" \/><\/a><span style=\"color: #000080;\"><a style=\"color: #000080;\" title=\"Fus\u00e9es \u00e0 eau\" href=\"https:\/\/voyager3.com\/?page_id=708\">Fus\u00e9es \u00e0 eau :<\/a><\/span><\/h6>\n<p><span style=\"color: #000080;\">Pour les petits et les grands, r\u00e9alisation et lancement de fus\u00e9es \u00e0 eau&#8230;<\/span><\/p>\n<h6><a title=\"Bricolage\" href=\"https:\/\/voyager3.com\/?page_id=722\"><span style=\"color: #000080;\"><span style=\"text-decoration: underline;\">Machine \u00e0 polir<\/span><\/span><\/a><span style=\"color: #000080;\"><a title=\"Bricolage\" href=\"https:\/\/voyager3.com\/?page_id=722\">\u00a0:<\/a><\/span><\/h6>\n<p><span style=\"color: #000080;\">Comment faire pour r\u00e9aliser son t\u00e9lescope \u00e0 pas cher&#8230;<\/span><\/p>\n<p><a title=\"Les TPE\" href=\"https:\/\/voyager3.com\/?page_id=736\"><strong><span style=\"color: #000080; text-decoration: underline;\">Aide scolaire :<\/span><\/strong><\/a> <span style=\"color: #000080;\">Nous pouvons vous aider dans vos recherches et mettre \u00e0 votre disposition notre m\u00e9diath\u00e8que, en particulier dans le cadre des Travaux Pratiques Encadr\u00e9es (TPE) de 1\u00e8re et Terminale.<\/span><\/p>\n","protected":false},"excerpt":{"rendered":"<p>R\u00e9alisation \u00e0 l&rsquo;honneur\u00a0: Les r\u00e9alisations sont visibles sur cette galerie d&rsquo;images. Logiciels : D\u00e9couvrez nos logiciels d&rsquo;\u00e9ph\u00e9m\u00e9rides, traitements d&rsquo;images, simulation de lanc\u00e9 de fus\u00e9e \u00e0 eau&#8230;) Ballons sonde : Une activit\u00e9 tr\u00e8s particuli\u00e8re, le lancement de ballons sonde&#8230; Fus\u00e9es \u00e0 eau : Pour les petits et les grands, r\u00e9alisation et lancement de fus\u00e9es \u00e0 eau&#8230; [&hellip;]<\/p>\n","protected":false},"author":2,"featured_media":0,"parent":40,"menu_order":4,"comment_status":"closed","ping_status":"closed","template":"","meta":{"_exactmetrics_skip_tracking":false,"_exactmetrics_sitenote_active":false,"_exactmetrics_sitenote_note":"","_exactmetrics_sitenote_category":0,"jetpack_post_was_ever_published":false,"footnotes":""},"class_list":["post-278","page","type-page","status-publish","hentry"],"jetpack_sharing_enabled":true,"jetpack_shortlink":"https:\/\/wp.me\/P6Vaq2-4u","jetpack_likes_enabled":true,"_links":{"self":[{"href":"https:\/\/voyager3.com\/index.php?rest_route=\/wp\/v2\/pages\/278","targetHints":{"allow":["GET"]}}],"collection":[{"href":"https:\/\/voyager3.com\/index.php?rest_route=\/wp\/v2\/pages"}],"about":[{"href":"https:\/\/voyager3.com\/index.php?rest_route=\/wp\/v2\/types\/page"}],"author":[{"embeddable":true,"href":"https:\/\/voyager3.com\/index.php?rest_route=\/wp\/v2\/users\/2"}],"replies":[{"embeddable":true,"href":"https:\/\/voyager3.com\/index.php?rest_route=%2Fwp%2Fv2%2Fcomments&post=278"}],"version-history":[{"count":30,"href":"https:\/\/voyager3.com\/index.php?rest_route=\/wp\/v2\/pages\/278\/revisions"}],"predecessor-version":[{"id":1830,"href":"https:\/\/voyager3.com\/index.php?rest_route=\/wp\/v2\/pages\/278\/revisions\/1830"}],"up":[{"embeddable":true,"href":"https:\/\/voyager3.com\/index.php?rest_route=\/wp\/v2\/pages\/40"}],"wp:attachment":[{"href":"https:\/\/voyager3.com\/index.php?rest_route=%2Fwp%2Fv2%2Fmedia&parent=278"}],"curies":[{"name":"wp","href":"https:\/\/api.w.org\/{rel}","templated":true}]}}