{"id":2702,"date":"2020-10-05T23:39:43","date_gmt":"2020-10-05T21:39:43","guid":{"rendered":"http:\/\/voyager3.com\/?page_id=2702"},"modified":"2021-08-27T14:50:37","modified_gmt":"2021-08-27T12:50:37","slug":"pv-cr-2020-2021","status":"publish","type":"page","link":"https:\/\/voyager3.com\/?page_id=2702","title":{"rendered":"PV\/CR 2020-2021"},"content":{"rendered":"\n<ul>\n<li><a href=\"https:\/\/voyager3.com\/wp-content\/uploads\/2020\/11\/CR-AG2020.pdf\">Assembl\u00e9e G\u00e9n\u00e9rale Ordinaire du 26 septembre 2020<\/a><\/li>\n<li><a href=\"https:\/\/voyager3.com\/wp-content\/uploads\/2021\/01\/cr_ca_201031.pdf\">Conseil d&rsquo;Administration du 31 octobre 2020<\/a><\/li>\n<li><a href=\"https:\/\/voyager3.com\/wp-content\/uploads\/2021\/02\/cr_ca_210123.pdf\">Conseil d&rsquo;Administration du 23 janvier 2021<\/a><\/li>\n<li><a href=\"https:\/\/voyager3.com\/wp-content\/uploads\/2021\/08\/cr_ca_210410.pdf\">Conseil d&rsquo;Administration du 10 avril 2021<\/a><\/li>\n<\/ul>\n","protected":false},"excerpt":{"rendered":"<p>Assembl\u00e9e G\u00e9n\u00e9rale Ordinaire du 26 septembre 2020 Conseil d&rsquo;Administration du 31 octobre 2020 Conseil d&rsquo;Administration du 23 janvier 2021 Conseil d&rsquo;Administration du 10 avril 2021<\/p>\n","protected":false},"author":8,"featured_media":0,"parent":51,"menu_order":2020,"comment_status":"closed","ping_status":"closed","template":"","meta":{"_exactmetrics_skip_tracking":false,"_exactmetrics_sitenote_active":false,"_exactmetrics_sitenote_note":"","_exactmetrics_sitenote_category":0,"jetpack_post_was_ever_published":false,"footnotes":""},"class_list":["post-2702","page","type-page","status-publish","hentry"],"jetpack_sharing_enabled":true,"jetpack_shortlink":"https:\/\/wp.me\/P6Vaq2-HA","jetpack_likes_enabled":true,"_links":{"self":[{"href":"https:\/\/voyager3.com\/index.php?rest_route=\/wp\/v2\/pages\/2702","targetHints":{"allow":["GET"]}}],"collection":[{"href":"https:\/\/voyager3.com\/index.php?rest_route=\/wp\/v2\/pages"}],"about":[{"href":"https:\/\/voyager3.com\/index.php?rest_route=\/wp\/v2\/types\/page"}],"author":[{"embeddable":true,"href":"https:\/\/voyager3.com\/index.php?rest_route=\/wp\/v2\/users\/8"}],"replies":[{"embeddable":true,"href":"https:\/\/voyager3.com\/index.php?rest_route=%2Fwp%2Fv2%2Fcomments&post=2702"}],"version-history":[{"count":6,"href":"https:\/\/voyager3.com\/index.php?rest_route=\/wp\/v2\/pages\/2702\/revisions"}],"predecessor-version":[{"id":2866,"href":"https:\/\/voyager3.com\/index.php?rest_route=\/wp\/v2\/pages\/2702\/revisions\/2866"}],"up":[{"embeddable":true,"href":"https:\/\/voyager3.com\/index.php?rest_route=\/wp\/v2\/pages\/51"}],"wp:attachment":[{"href":"https:\/\/voyager3.com\/index.php?rest_route=%2Fwp%2Fv2%2Fmedia&parent=2702"}],"curies":[{"name":"wp","href":"https:\/\/api.w.org\/{rel}","templated":true}]}}