{"id":2592,"date":"2019-10-11T22:05:47","date_gmt":"2019-10-11T20:05:47","guid":{"rendered":"http:\/\/voyager3.com\/?page_id=2592"},"modified":"2025-07-02T22:34:17","modified_gmt":"2025-07-02T20:34:17","slug":"adherer","status":"publish","type":"page","link":"https:\/\/voyager3.com\/?page_id=2592","title":{"rendered":"(R\u00e9)Adh\u00e9rer"},"content":{"rendered":"\n<p><strong>Nous demandons \u00e0 ce que les personnes souhaitant adh\u00e9rer \u00e0 l&rsquo;association pour la premi\u00e8re fois nous rendent visite avant<\/strong> afin de conna\u00eetre nos activit\u00e9s, d\u00e9couvrir les membres et v\u00e9rifier que ce qui est propos\u00e9 corresponde pleinement \u00e0 ce qu&rsquo;elles recherchent (<a href=\"http:\/\/mailto:info@voyager3.com\">info@voyager3.com<\/a> ou 02 40 15 58 86).<\/p>\n<p><strong>L&rsquo;acc\u00e8s aux ressources de l&rsquo;association n&rsquo;est acquis qu&rsquo;apr\u00e8s nous avoir rencontr\u00e9s.<\/strong><\/p>\n<p>L&rsquo;adh\u00e9sion \u00e0 l&rsquo;association permet d&rsquo;assister \u00e0 toutes les r\u00e9unions hebdomadaires, y compris en visioconf\u00e9rence (52 semaines par an !) et donne acc\u00e8s aux instruments du club, dont le t\u00e9lescope de 430 mm enti\u00e8rement automatis\u00e9 sous la coupole, ainsi qu&rsquo;\u00e0 la biblioth\u00e8que. Elle permet \u00e9galement de participer \u00e0 la vie du club via la liste de discutions par mail et aux diverses activit\u00e9s organis\u00e9es par et pour les membres.<\/p>\n<p>Elle est valable pour l&rsquo;ann\u00e9e scolaire et peut \u00eatre prise \u00e0 tout moment, mais sans d\u00e9gressivit\u00e9 en fonction de la date d&rsquo;adh\u00e9sion. A partir du 1er juin, l&rsquo;adh\u00e9sion vaut pour l&rsquo;ann\u00e9e scolaire suivante.<\/p>\n<p>Les enfants de moins de 12 ans doivent \u00eatre syst\u00e9matiquement accompagn\u00e9s d&rsquo;un adulte qui en sera responsable et devant \u00e9galement prendre une adh\u00e9sion. L&rsquo;enfant b\u00e9n\u00e9ficie alors du tarif famille.<\/p>\n<p>\u00a0<\/p>\n\n\n\n<iframe id=\"haWidget\" allowtransparency=\"true\" scrolling=\"auto\" src=\"https:\/\/www.helloasso.com\/associations\/voyager-3-astronomie\/adhesions\/re-adherez-en-ligne-2025-2026\/widget\" style=\"width: 100%; height: 750px; border: none;\"><\/iframe>\n","protected":false},"excerpt":{"rendered":"<p>Nous demandons \u00e0 ce que les personnes souhaitant adh\u00e9rer \u00e0 l&rsquo;association pour la premi\u00e8re fois nous rendent visite avant afin de conna\u00eetre nos activit\u00e9s, d\u00e9couvrir les membres et v\u00e9rifier que ce qui est propos\u00e9 corresponde pleinement \u00e0 ce qu&rsquo;elles recherchent (info@voyager3.com ou 02 40 15 58 86). L&rsquo;acc\u00e8s aux ressources de l&rsquo;association n&rsquo;est acquis qu&rsquo;apr\u00e8s [&hellip;]<\/p>\n","protected":false},"author":8,"featured_media":0,"parent":2,"menu_order":0,"comment_status":"closed","ping_status":"closed","template":"","meta":{"_exactmetrics_skip_tracking":false,"_exactmetrics_sitenote_active":false,"_exactmetrics_sitenote_note":"","_exactmetrics_sitenote_category":0,"footnotes":""},"class_list":["post-2592","page","type-page","status-publish","hentry"],"jetpack_sharing_enabled":true,"jetpack_shortlink":"https:\/\/wp.me\/P6Vaq2-FO","jetpack_likes_enabled":true,"_links":{"self":[{"href":"https:\/\/voyager3.com\/index.php?rest_route=\/wp\/v2\/pages\/2592","targetHints":{"allow":["GET"]}}],"collection":[{"href":"https:\/\/voyager3.com\/index.php?rest_route=\/wp\/v2\/pages"}],"about":[{"href":"https:\/\/voyager3.com\/index.php?rest_route=\/wp\/v2\/types\/page"}],"author":[{"embeddable":true,"href":"https:\/\/voyager3.com\/index.php?rest_route=\/wp\/v2\/users\/8"}],"replies":[{"embeddable":true,"href":"https:\/\/voyager3.com\/index.php?rest_route=%2Fwp%2Fv2%2Fcomments&post=2592"}],"version-history":[{"count":20,"href":"https:\/\/voyager3.com\/index.php?rest_route=\/wp\/v2\/pages\/2592\/revisions"}],"predecessor-version":[{"id":3456,"href":"https:\/\/voyager3.com\/index.php?rest_route=\/wp\/v2\/pages\/2592\/revisions\/3456"}],"up":[{"embeddable":true,"href":"https:\/\/voyager3.com\/index.php?rest_route=\/wp\/v2\/pages\/2"}],"wp:attachment":[{"href":"https:\/\/voyager3.com\/index.php?rest_route=%2Fwp%2Fv2%2Fmedia&parent=2592"}],"curies":[{"name":"wp","href":"https:\/\/api.w.org\/{rel}","templated":true}]}}