{"id":2528,"date":"2019-07-04T23:41:13","date_gmt":"2019-07-04T21:41:13","guid":{"rendered":"http:\/\/voyager3.com\/?page_id=2528"},"modified":"2019-07-05T11:29:45","modified_gmt":"2019-07-05T09:29:45","slug":"nuit-des-etoiles-2019","status":"publish","type":"page","link":"https:\/\/voyager3.com\/?page_id=2528","title":{"rendered":"Nuit des Etoiles 2019"},"content":{"rendered":"<p><a href=\"https:\/\/i0.wp.com\/voyager3.com\/wp-content\/uploads\/2019\/07\/baniere.jpg?ssl=1\"><img data-recalc-dims=\"1\" loading=\"lazy\" decoding=\"async\" data-attachment-id=\"2531\" data-permalink=\"https:\/\/voyager3.com\/?attachment_id=2531\" data-orig-file=\"https:\/\/i0.wp.com\/voyager3.com\/wp-content\/uploads\/2019\/07\/baniere.jpg?fit=800%2C300&amp;ssl=1\" data-orig-size=\"800,300\" data-comments-opened=\"0\" data-image-meta=\"{&quot;aperture&quot;:&quot;0&quot;,&quot;credit&quot;:&quot;&quot;,&quot;camera&quot;:&quot;&quot;,&quot;caption&quot;:&quot;&quot;,&quot;created_timestamp&quot;:&quot;0&quot;,&quot;copyright&quot;:&quot;&quot;,&quot;focal_length&quot;:&quot;0&quot;,&quot;iso&quot;:&quot;0&quot;,&quot;shutter_speed&quot;:&quot;0&quot;,&quot;title&quot;:&quot;&quot;,&quot;orientation&quot;:&quot;0&quot;}\" data-image-title=\"Banni\u00e8re Nuit des Etoiles 2019\" data-image-description=\"&lt;p&gt;Banni\u00e8re Nuit des Etoiles 2019&lt;\/p&gt;\n\" data-image-caption=\"&lt;p&gt;Banni\u00e8re Nuit des Etoiles 2019&lt;\/p&gt;\n\" data-large-file=\"https:\/\/i0.wp.com\/voyager3.com\/wp-content\/uploads\/2019\/07\/baniere.jpg?fit=648%2C243&amp;ssl=1\" class=\"aligncenter wp-image-2531 size-full\" src=\"https:\/\/i0.wp.com\/voyager3.com\/wp-content\/uploads\/2019\/07\/baniere.jpg?resize=648%2C243&#038;ssl=1\" alt=\"Banni\u00e8re Nuit des Etoiles 2019\" width=\"648\" height=\"243\" srcset=\"https:\/\/i0.wp.com\/voyager3.com\/wp-content\/uploads\/2019\/07\/baniere.jpg?w=800&amp;ssl=1 800w, https:\/\/i0.wp.com\/voyager3.com\/wp-content\/uploads\/2019\/07\/baniere.jpg?resize=300%2C113&amp;ssl=1 300w, https:\/\/i0.wp.com\/voyager3.com\/wp-content\/uploads\/2019\/07\/baniere.jpg?resize=768%2C288&amp;ssl=1 768w\" sizes=\"auto, (max-width: 648px) 100vw, 648px\" \/><\/a><\/p>\n<h2 class=\"hero__subtitle\" style=\"text-align: center;\"><span style=\"font-size: 2rem;\"><strong><span style=\"font-family: verdana, geneva, sans-serif; font-size: 20pt;\">Les pierres du ciel<\/span><\/strong><br \/>\n<\/span><\/h2>\n<table  class=\" table table-hover\" >\n<tbody>\n<tr>\n<td>\n<p style=\"text-align: center;\"><a href=\"https:\/\/i0.wp.com\/voyager3.com\/wp-content\/uploads\/2019\/07\/affiche-NDE-2019.jpg?ssl=1\" target=\"_blank\" rel=\"noopener noreferrer\"><img data-recalc-dims=\"1\" loading=\"lazy\" decoding=\"async\" data-attachment-id=\"2532\" data-permalink=\"https:\/\/voyager3.com\/?attachment_id=2532\" data-orig-file=\"https:\/\/i0.wp.com\/voyager3.com\/wp-content\/uploads\/2019\/07\/affiche-NDE-2019.jpg?fit=355%2C502&amp;ssl=1\" data-orig-size=\"355,502\" data-comments-opened=\"0\" data-image-meta=\"{&quot;aperture&quot;:&quot;0&quot;,&quot;credit&quot;:&quot;&quot;,&quot;camera&quot;:&quot;&quot;,&quot;caption&quot;:&quot;&quot;,&quot;created_timestamp&quot;:&quot;0&quot;,&quot;copyright&quot;:&quot;&quot;,&quot;focal_length&quot;:&quot;0&quot;,&quot;iso&quot;:&quot;0&quot;,&quot;shutter_speed&quot;:&quot;0&quot;,&quot;title&quot;:&quot;&quot;,&quot;orientation&quot;:&quot;0&quot;}\" data-image-title=\"Affiche Nuit des Etoiles 2019\" data-image-description=\"&lt;p&gt;Affiche Nuit des Etoiles 2019&lt;\/p&gt;\n\" data-image-caption=\"\" data-large-file=\"https:\/\/i0.wp.com\/voyager3.com\/wp-content\/uploads\/2019\/07\/affiche-NDE-2019.jpg?fit=355%2C502&amp;ssl=1\" class=\"wp-image-2532  alignleft\" src=\"https:\/\/i0.wp.com\/voyager3.com\/wp-content\/uploads\/2019\/07\/affiche-NDE-2019.jpg?resize=300%2C424&#038;ssl=1\" alt=\"Affiche Nuit des Etoiles 2019\" width=\"300\" height=\"424\" srcset=\"https:\/\/i0.wp.com\/voyager3.com\/wp-content\/uploads\/2019\/07\/affiche-NDE-2019.jpg?w=355&amp;ssl=1 355w, https:\/\/i0.wp.com\/voyager3.com\/wp-content\/uploads\/2019\/07\/affiche-NDE-2019.jpg?resize=212%2C300&amp;ssl=1 212w, https:\/\/i0.wp.com\/voyager3.com\/wp-content\/uploads\/2019\/07\/affiche-NDE-2019.jpg?resize=354%2C500&amp;ssl=1 354w\" sizes=\"auto, (max-width: 300px) 100vw, 300px\" \/><\/a><\/p>\n<p style=\"text-align: center;\"><span style=\"font-family: verdana, geneva, sans-serif; font-size: 10pt;\">Samedi 3 ao\u00fbt 2019 \u00e0 17h00<\/span><br \/>\n<span style=\"font-family: verdana, geneva, sans-serif; font-size: 10pt;\">Observatoire<\/span><br \/>\n<span style=\"font-family: verdana, geneva, sans-serif; font-size: 10pt;\">Bretagne Atlantique<\/span><br \/>\n<span style=\"font-family: verdana, geneva, sans-serif; font-size: 10pt;\">44530 S\u00e9v\u00e9rac<\/span><br \/>\n<span style=\"font-family: verdana, geneva, sans-serif; font-size: 10pt;\">Entr\u00e9e gratuite<\/span><\/p>\n<p style=\"text-align: center;\"><span style=\"font-family: verdana, geneva, sans-serif; font-size: 10pt;\">Pour plus d&rsquo;informations sur cette manifestation nationale, rendez-vous sur le <a title=\"Site national officiel.\" href=\"https:\/\/www.afastronomie.fr\/les-nuits-des-etoiles\" target=\"_blank\" rel=\"noopener noreferrer\">site officiel<\/a>.<\/span><\/p>\n<p style=\"text-align: center;\"><span style=\"font-size: 10pt; font-family: verdana, geneva, sans-serif;\"><b>Suivez-nous en direct sur les r\u00e9seaux sociaux :<br \/>\n<a href=\"https:\/\/twitter.com\/VOYAGER_3_Astro\" target=\"blank\" rel=\"noopener noreferrer\">Twitter<\/a>, <a href=\"https:\/\/www.facebook.com\/V3A.OBA\" target=\"blank\" rel=\"noopener noreferrer\">Facebook<\/a>, <\/b>#NDE2019<\/span><\/p>\n<p style=\"text-align: center;\"><span style=\"font-size: 10pt; font-family: verdana, geneva, sans-serif;\">Partenaires :<\/span><br \/>\n<span style=\"font-family: verdana, geneva, sans-serif; font-size: 10pt;\"> <a href=\"https:\/\/www.afastronomie.fr\/\" target=\"_blank\" rel=\"noopener noreferrer\">AFA<\/a> ; <a href=\"http:\/\/www.cieletespace.fr\">Ciel &amp; Espace<\/a> ; <a href=\"https:\/\/cnes.fr\/fr\" target=\"_blank\" rel=\"noopener noreferrer\">CNES<\/a> ; <a href=\"http:\/\/www.airbus.com\/space.html\" target=\"_blank\" rel=\"noopener noreferrer\">Airbus<\/a><br \/>\n<a href=\"http:\/\/www.enseignementsup-recherche.gouv.fr\/\" target=\"_blank\" rel=\"noopener noreferrer\">Minist\u00e8re de l&rsquo;enseignement sup\u00e9rieur, de la recherche et de l&rsquo;innovation<\/a><\/span><br \/>\n<span style=\"font-family: verdana, geneva, sans-serif; font-size: 12pt;\"><span style=\"font-size: 10pt;\"> <a href=\"http:\/\/www.mairie-severac.fr\/\" target=\"_blank\" rel=\"noopener noreferrer\">Commune de S\u00e9v\u00e9rac<\/a> ; <a href=\"http:\/\/www.pontchateau-saintgildasdesbois.com\/\" target=\"_blank\" rel=\"noopener noreferrer\">Office de tourisme de Pontch\u00e2teau Saint-Gildas-des-Bois<\/a><\/span><\/span><\/p>\n<\/td>\n<\/tr>\n<\/tbody>\n<\/table>\n<p><span style=\"font-family: verdana, geneva, sans-serif; font-size: 10pt;\">Comme tous les ans, <b>VOYAGER 3 Astronomie<\/b> vous invite \u00e0 retrouver ses animateurs pour f\u00eater les \u00e9toiles.<\/span><\/p>\n<p><span style=\"font-family: verdana, geneva, sans-serif; font-size: 10pt;\">Pour la 29\u00e8me \u00e9dition de cette grande f\u00eate du ciel nationale (la 27\u00e8me \u00e0 S\u00e9v\u00e9rac), le th\u00e8me choisi est les pierres venues du ciel : m\u00e9t\u00e9orites et autres \u00e9chantillons venus de la Lune ou d&rsquo;autres plan\u00e8tes&#8230;<\/span><\/p>\n<p><strong><span style=\"font-family: verdana, geneva, sans-serif; font-size: 12pt;\">Samedi 4 ao\u00fbt, \u00e0 partir de 17h \u00e0 l&rsquo;Observatoire Bretagne Atlantique de S\u00e9v\u00e9rac<\/span><\/strong><br \/>\n<span style=\"font-family: verdana, geneva, sans-serif; font-size: 10pt;\">Retrouvez-nous autour de stands et d&rsquo;\u00e9changes avec nos membres, de mini expos\u00e9s, conf\u00e9rences, guid\u00e9s par nos animateurs si vous le souhaitez. Et toujours priorit\u00e9 \u00e0 l&rsquo;observation, r\u00e9elle ou virtuelle, en fonction de la m\u00e9t\u00e9o&#8230;<\/span><\/p>\n<p><span style=\"color: #0099ff; font-family: verdana, geneva, sans-serif; font-size: 10pt;\"><b style=\"background-color: transparent; color: #656565;\">A partir de 17h00 :<\/b><span style=\"color: #656565;\"> parcours au travers des expositions, ateliers, maquettes, d\u00e9monstrations et observations par les membres de VOYAGER 3 Astronomie :<\/span><\/span><\/p>\n<ul>\n<li><span style=\"font-family: verdana, geneva, sans-serif; font-size: 10pt;\"><a href=\"http:\/\/www.lpainformations.com\/\" target=\"_blank\" rel=\"noopener noreferrer\"><b>Le plan\u00e9tarium du Laboratoire P\u00e9dagogique d&rsquo;Astronomie<\/b><\/a><b><\/b><b><\/b><\/span><\/li>\n<li><span style=\"font-family: verdana, geneva, sans-serif; font-size: 10pt;\">Stand num\u00e9rique<\/span><\/li>\n<li><span style=\"font-family: verdana, geneva, sans-serif; font-size: 10pt;\">Animation cosplay : Star Wars, Star Trek&#8230;<br \/>\n<\/span><\/li>\n<li><span style=\"font-family: verdana, geneva, sans-serif; font-size: 10pt;\">Pr\u00e9sentation de l&rsquo;association VOYAGER 3 Astronomie<\/span><\/li>\n<li><span style=\"font-family: verdana, geneva, sans-serif; font-size: 10pt;\">L&rsquo;OBA : Observatoire Bretagne Atlantique<\/span><\/li>\n<li><span style=\"font-family: verdana, geneva, sans-serif; font-size: 10pt;\">Le t\u00e9lescope de 430mm de diam\u00e8tre (T430)<\/span><\/li>\n<li><span style=\"font-family: verdana, geneva, sans-serif; font-size: 10pt;\">L&rsquo;observateur d\u00e9butant<\/span><\/li>\n<li><span style=\"font-family: verdana, geneva, sans-serif; font-size: 10pt;\">Protection de l&rsquo;environnement nocturne et \u00e9conomies d&rsquo;\u00e9nergie<\/span><\/li>\n<li><span style=\"font-family: verdana, geneva, sans-serif; font-size: 10pt;\">La Lune<\/span><\/li>\n<li><span style=\"font-family: verdana, geneva, sans-serif; font-size: 10pt;\">On a march\u00e9 sur la Lune<\/span><\/li>\n<li><span style=\"font-family: verdana, geneva, sans-serif; font-size: 10pt;\">Voyage au fil des plan\u00e8tes<\/span><\/li>\n<li><span style=\"font-family: verdana, geneva, sans-serif; font-size: 10pt;\">La vie des \u00e9toiles<\/span><\/li>\n<li><span style=\"font-family: verdana, geneva, sans-serif; font-size: 10pt;\">Les galaxies<\/span><\/li>\n<li><span style=\"font-family: verdana, geneva, sans-serif; font-size: 10pt;\">Observations du Soleil (t\u00e9lescopes et lunettes \u00e9quip\u00e9s sp\u00e9cialement, coronographes&#8230;) et de la Lune<\/span><\/li>\n<li><span style=\"font-family: verdana, geneva, sans-serif; font-size: 10pt;\">Fus\u00e9es \u00e0 eau<\/span><\/li>\n<li><span style=\"font-family: verdana, geneva, sans-serif; font-size: 10pt;\"><b>une fois nuit tomb\u00e9e :<\/b> promenade sur la vo\u00fbte c\u00e9leste (en ext\u00e9rieur) cont\u00e9e par S\u00e9bastien Poirier, docteur en astrophysique et pr\u00e9sident de VOYAGER 3 Astronomie, accompagn\u00e9 par les animateurs parmi les spectateurs.<\/span><\/li>\n<li><span style=\"font-size: 10pt; font-family: verdana, geneva, sans-serif;\"><b>Mais aussi&#8230;<\/b><\/span>\n<ul>\n<li><span style=\"font-family: verdana, geneva, sans-serif; font-size: 10pt;\">D\u00e8s la tomb\u00e9e de la nuit, \u00e9merveillez-vous devant galaxies et n\u00e9buleuses jusqu&rsquo;au bout de la nuit gr\u00e2ce aux t\u00e9lescopes mis \u00e0 votre disposition, dont le t\u00e9lescope de 430 mm enti\u00e8rement informatis\u00e9 sous la coupole.<\/span><\/li>\n<li><span style=\"font-family: verdana, geneva, sans-serif; font-size: 10pt;\">D\u00e9salt\u00e9rez-vous et restaurez-vous \u00e0 l&rsquo;astrobar sp\u00e9cialement mis en place pour l&rsquo;occasion.<\/span><\/li>\n<\/ul>\n<\/li>\n<\/ul>\n<p><span style=\"font-family: verdana, geneva, sans-serif; font-size: 10pt;\"><b>Plus de trente animateurs et b\u00e9n\u00e9voles pour vous faire (re)d\u00e9couvrir les merveilles de l&rsquo;Univers, avec plus d&rsquo;une vingtaine d&rsquo;instruments allant de la lunette de 60 mm au t\u00e9lescope de 430 mm.<\/b><\/span><\/p>\n<p style=\"text-align: center;\"><span style=\"font-family: verdana, geneva, sans-serif; font-size: 10pt;\"><b>Entr\u00e9e libre<\/b><\/span><br \/>\n<span style=\"font-family: verdana, geneva, sans-serif; font-size: 10pt;\"><i>(Pas de r\u00e9servation possible, pas d&rsquo;accompagnement sp\u00e9cifique pour les groupes :<br \/>\nconsultez notre <a href=\"https:\/\/voyager3.com\/wp-content\/uploads\/2015\/06\/V3A_dossier_animation_2013.pdf\">dossier d&rsquo;animations<\/a> pour convenir d&rsquo;une prestation \u00e0 une autre date)<\/i><\/span><\/p>\n<p style=\"text-align: center;\"><span style=\"font-family: verdana, geneva, sans-serif; font-size: 10pt;\">Pour plus de renseignements<\/span><br \/>\n<span style=\"font-family: verdana, geneva, sans-serif; font-size: 10pt;\">02 40 15 58 86 \/ 06 52 68 20 79 \/ <a href=\"mailto:info@voyager3.com\">info@voyager3.com<\/a><\/span><\/p>\n","protected":false},"excerpt":{"rendered":"<p>Les pierres du ciel Samedi 3 ao\u00fbt 2019 \u00e0 17h00 Observatoire Bretagne Atlantique 44530 S\u00e9v\u00e9rac Entr\u00e9e gratuite Pour plus d&rsquo;informations sur cette manifestation nationale, rendez-vous sur le site officiel. Suivez-nous en direct sur les r\u00e9seaux sociaux : Twitter, Facebook, #NDE2019 Partenaires : AFA ; Ciel &amp; Espace ; CNES ; Airbus Minist\u00e8re de l&rsquo;enseignement sup\u00e9rieur, [&hellip;]<\/p>\n","protected":false},"author":8,"featured_media":0,"parent":285,"menu_order":2019,"comment_status":"closed","ping_status":"closed","template":"","meta":{"_exactmetrics_skip_tracking":false,"_exactmetrics_sitenote_active":false,"_exactmetrics_sitenote_note":"","_exactmetrics_sitenote_category":0,"jetpack_post_was_ever_published":false,"footnotes":""},"class_list":["post-2528","page","type-page","status-publish","hentry"],"jetpack_sharing_enabled":true,"jetpack_shortlink":"https:\/\/wp.me\/P6Vaq2-EM","jetpack_likes_enabled":true,"_links":{"self":[{"href":"https:\/\/voyager3.com\/index.php?rest_route=\/wp\/v2\/pages\/2528","targetHints":{"allow":["GET"]}}],"collection":[{"href":"https:\/\/voyager3.com\/index.php?rest_route=\/wp\/v2\/pages"}],"about":[{"href":"https:\/\/voyager3.com\/index.php?rest_route=\/wp\/v2\/types\/page"}],"author":[{"embeddable":true,"href":"https:\/\/voyager3.com\/index.php?rest_route=\/wp\/v2\/users\/8"}],"replies":[{"embeddable":true,"href":"https:\/\/voyager3.com\/index.php?rest_route=%2Fwp%2Fv2%2Fcomments&post=2528"}],"version-history":[{"count":7,"href":"https:\/\/voyager3.com\/index.php?rest_route=\/wp\/v2\/pages\/2528\/revisions"}],"predecessor-version":[{"id":2544,"href":"https:\/\/voyager3.com\/index.php?rest_route=\/wp\/v2\/pages\/2528\/revisions\/2544"}],"up":[{"embeddable":true,"href":"https:\/\/voyager3.com\/index.php?rest_route=\/wp\/v2\/pages\/285"}],"wp:attachment":[{"href":"https:\/\/voyager3.com\/index.php?rest_route=%2Fwp%2Fv2%2Fmedia&parent=2528"}],"curies":[{"name":"wp","href":"https:\/\/api.w.org\/{rel}","templated":true}]}}