{"id":2525,"date":"2019-07-04T22:34:27","date_gmt":"2019-07-04T20:34:27","guid":{"rendered":"http:\/\/voyager3.com\/?page_id=2525"},"modified":"2020-09-21T00:04:19","modified_gmt":"2020-09-20T22:04:19","slug":"pv-cr-2018-2019","status":"publish","type":"page","link":"https:\/\/voyager3.com\/?page_id=2525","title":{"rendered":"PV\/CR 2018-2019"},"content":{"rendered":"<ul>\n<li><a href=\"https:\/\/voyager3.com\/wp-content\/uploads\/2020\/09\/pv_ag_180929.pdf\">Assembl\u00e9e g\u00e9n\u00e9rale ordinaire du 29 septembre 2018<\/a><\/li>\n<li><a href=\"https:\/\/voyager3.com\/wp-content\/uploads\/2019\/07\/cr_ca_181013.pdf\">Conseil d&rsquo;administration du 13 octobre 2018<\/a><\/li>\n<li><a href=\"https:\/\/voyager3.com\/wp-content\/uploads\/2019\/07\/cr_ca_190119.pdf\">Conseil d&rsquo;administration du 19 janvier 2019<\/a><\/li>\n<li><a href=\"https:\/\/voyager3.com\/wp-content\/uploads\/2019\/07\/cr_ca_190406.pdf\">Conseil d&rsquo;administration du 6 avril 2019<\/a><\/li>\n<\/ul>\n","protected":false},"excerpt":{"rendered":"<p>Assembl\u00e9e g\u00e9n\u00e9rale ordinaire du 29 septembre 2018 Conseil d&rsquo;administration du 13 octobre 2018 Conseil d&rsquo;administration du 19 janvier 2019 Conseil d&rsquo;administration du 6 avril 2019<\/p>\n","protected":false},"author":8,"featured_media":0,"parent":51,"menu_order":2018,"comment_status":"closed","ping_status":"closed","template":"","meta":{"_exactmetrics_skip_tracking":false,"_exactmetrics_sitenote_active":false,"_exactmetrics_sitenote_note":"","_exactmetrics_sitenote_category":0,"jetpack_post_was_ever_published":false,"footnotes":""},"class_list":["post-2525","page","type-page","status-publish","hentry"],"jetpack_sharing_enabled":false,"jetpack_shortlink":"https:\/\/wp.me\/P6Vaq2-EJ","jetpack_likes_enabled":true,"_links":{"self":[{"href":"https:\/\/voyager3.com\/index.php?rest_route=\/wp\/v2\/pages\/2525","targetHints":{"allow":["GET"]}}],"collection":[{"href":"https:\/\/voyager3.com\/index.php?rest_route=\/wp\/v2\/pages"}],"about":[{"href":"https:\/\/voyager3.com\/index.php?rest_route=\/wp\/v2\/types\/page"}],"author":[{"embeddable":true,"href":"https:\/\/voyager3.com\/index.php?rest_route=\/wp\/v2\/users\/8"}],"replies":[{"embeddable":true,"href":"https:\/\/voyager3.com\/index.php?rest_route=%2Fwp%2Fv2%2Fcomments&post=2525"}],"version-history":[{"count":4,"href":"https:\/\/voyager3.com\/index.php?rest_route=\/wp\/v2\/pages\/2525\/revisions"}],"predecessor-version":[{"id":2686,"href":"https:\/\/voyager3.com\/index.php?rest_route=\/wp\/v2\/pages\/2525\/revisions\/2686"}],"up":[{"embeddable":true,"href":"https:\/\/voyager3.com\/index.php?rest_route=\/wp\/v2\/pages\/51"}],"wp:attachment":[{"href":"https:\/\/voyager3.com\/index.php?rest_route=%2Fwp%2Fv2%2Fmedia&parent=2525"}],"curies":[{"name":"wp","href":"https:\/\/api.w.org\/{rel}","templated":true}]}}