{"id":2523,"date":"2019-07-04T22:30:58","date_gmt":"2019-07-04T20:30:58","guid":{"rendered":"http:\/\/voyager3.com\/?page_id=2523"},"modified":"2019-07-29T22:29:13","modified_gmt":"2019-07-29T20:29:13","slug":"pv-cr-2017-2018","status":"publish","type":"page","link":"https:\/\/voyager3.com\/?page_id=2523","title":{"rendered":"PV\/CR 2017-2018"},"content":{"rendered":"<ul>\n<li><a href=\"https:\/\/voyager3.com\/wp-content\/uploads\/2019\/07\/ag170930_pv.pdf\">Assembl\u00e9e g\u00e9n\u00e9rale ordinaire du 30 septembre 2017<\/a><\/li>\n<li><a href=\"https:\/\/voyager3.com\/wp-content\/uploads\/2019\/07\/cr_ca_171021.pdf\">Conseil d&rsquo;administration du 21 octobre 2017<\/a><\/li>\n<li><a href=\"https:\/\/voyager3.com\/wp-content\/uploads\/2019\/07\/cr_ca_180120.pdf\">Conseil d&rsquo;administration du 18 janvier 2018<\/a><\/li>\n<li><a href=\"https:\/\/voyager3.com\/wp-content\/uploads\/2019\/07\/cr_ca_180414.pdf\">Conseil d&rsquo;administration du 14 avril 2018<\/a><\/li>\n<\/ul>\n","protected":false},"excerpt":{"rendered":"<p>Assembl\u00e9e g\u00e9n\u00e9rale ordinaire du 30 septembre 2017 Conseil d&rsquo;administration du 21 octobre 2017 Conseil d&rsquo;administration du 18 janvier 2018 Conseil d&rsquo;administration du 14 avril 2018<\/p>\n","protected":false},"author":8,"featured_media":0,"parent":51,"menu_order":2017,"comment_status":"closed","ping_status":"closed","template":"","meta":{"_exactmetrics_skip_tracking":false,"_exactmetrics_sitenote_active":false,"_exactmetrics_sitenote_note":"","_exactmetrics_sitenote_category":0,"jetpack_post_was_ever_published":false,"footnotes":""},"class_list":["post-2523","page","type-page","status-publish","hentry"],"jetpack_sharing_enabled":true,"jetpack_shortlink":"https:\/\/wp.me\/P6Vaq2-EH","jetpack_likes_enabled":true,"_links":{"self":[{"href":"https:\/\/voyager3.com\/index.php?rest_route=\/wp\/v2\/pages\/2523","targetHints":{"allow":["GET"]}}],"collection":[{"href":"https:\/\/voyager3.com\/index.php?rest_route=\/wp\/v2\/pages"}],"about":[{"href":"https:\/\/voyager3.com\/index.php?rest_route=\/wp\/v2\/types\/page"}],"author":[{"embeddable":true,"href":"https:\/\/voyager3.com\/index.php?rest_route=\/wp\/v2\/users\/8"}],"replies":[{"embeddable":true,"href":"https:\/\/voyager3.com\/index.php?rest_route=%2Fwp%2Fv2%2Fcomments&post=2523"}],"version-history":[{"count":2,"href":"https:\/\/voyager3.com\/index.php?rest_route=\/wp\/v2\/pages\/2523\/revisions"}],"predecessor-version":[{"id":2564,"href":"https:\/\/voyager3.com\/index.php?rest_route=\/wp\/v2\/pages\/2523\/revisions\/2564"}],"up":[{"embeddable":true,"href":"https:\/\/voyager3.com\/index.php?rest_route=\/wp\/v2\/pages\/51"}],"wp:attachment":[{"href":"https:\/\/voyager3.com\/index.php?rest_route=%2Fwp%2Fv2%2Fmedia&parent=2523"}],"curies":[{"name":"wp","href":"https:\/\/api.w.org\/{rel}","templated":true}]}}