{"id":2443,"date":"2019-04-24T21:48:16","date_gmt":"2019-04-24T19:48:16","guid":{"rendered":"http:\/\/voyager3.com\/?page_id=2443"},"modified":"2019-04-24T21:48:16","modified_gmt":"2019-04-24T19:48:16","slug":"pv-cr-2015-2016","status":"publish","type":"page","link":"https:\/\/voyager3.com\/?page_id=2443","title":{"rendered":"PV\/CR 2015-2016"},"content":{"rendered":"<p>&#8211; <a href=\"https:\/\/voyager3.com\/wp-content\/uploads\/2014\/06\/ag150919_pv.pdf\">Assembl\u00e9e g\u00e9n\u00e9rale ordinaire du 19 septembre 2015<\/a><\/p>\n<p>&#8211; <a href=\"https:\/\/voyager3.com\/wp-content\/uploads\/2014\/06\/cr_ca_151010.pdf\">Conseil d&rsquo;administration du 10\/10\/2015<\/a><\/p>\n<p>&#8211; <a href=\"https:\/\/voyager3.com\/wp-content\/uploads\/2016\/06\/cr_ca_160423.pdf\">Conseil d&rsquo;administration du 23\/04\/2016<\/a><\/p>\n","protected":false},"excerpt":{"rendered":"<p>&#8211; Assembl\u00e9e g\u00e9n\u00e9rale ordinaire du 19 septembre 2015 &#8211; Conseil d&rsquo;administration du 10\/10\/2015 &#8211; Conseil d&rsquo;administration du 23\/04\/2016<\/p>\n","protected":false},"author":8,"featured_media":0,"parent":51,"menu_order":2015,"comment_status":"closed","ping_status":"closed","template":"","meta":{"_exactmetrics_skip_tracking":false,"_exactmetrics_sitenote_active":false,"_exactmetrics_sitenote_note":"","_exactmetrics_sitenote_category":0,"jetpack_post_was_ever_published":false,"footnotes":""},"class_list":["post-2443","page","type-page","status-publish","hentry"],"jetpack_sharing_enabled":true,"jetpack_shortlink":"https:\/\/wp.me\/P6Vaq2-Dp","jetpack_likes_enabled":true,"_links":{"self":[{"href":"https:\/\/voyager3.com\/index.php?rest_route=\/wp\/v2\/pages\/2443","targetHints":{"allow":["GET"]}}],"collection":[{"href":"https:\/\/voyager3.com\/index.php?rest_route=\/wp\/v2\/pages"}],"about":[{"href":"https:\/\/voyager3.com\/index.php?rest_route=\/wp\/v2\/types\/page"}],"author":[{"embeddable":true,"href":"https:\/\/voyager3.com\/index.php?rest_route=\/wp\/v2\/users\/8"}],"replies":[{"embeddable":true,"href":"https:\/\/voyager3.com\/index.php?rest_route=%2Fwp%2Fv2%2Fcomments&post=2443"}],"version-history":[{"count":1,"href":"https:\/\/voyager3.com\/index.php?rest_route=\/wp\/v2\/pages\/2443\/revisions"}],"predecessor-version":[{"id":2444,"href":"https:\/\/voyager3.com\/index.php?rest_route=\/wp\/v2\/pages\/2443\/revisions\/2444"}],"up":[{"embeddable":true,"href":"https:\/\/voyager3.com\/index.php?rest_route=\/wp\/v2\/pages\/51"}],"wp:attachment":[{"href":"https:\/\/voyager3.com\/index.php?rest_route=%2Fwp%2Fv2%2Fmedia&parent=2443"}],"curies":[{"name":"wp","href":"https:\/\/api.w.org\/{rel}","templated":true}]}}