{"id":2440,"date":"2019-04-24T21:44:37","date_gmt":"2019-04-24T19:44:37","guid":{"rendered":"http:\/\/voyager3.com\/?page_id=2440"},"modified":"2019-04-24T21:53:43","modified_gmt":"2019-04-24T19:53:43","slug":"pv-cr-2014-2015","status":"publish","type":"page","link":"https:\/\/voyager3.com\/?page_id=2440","title":{"rendered":"PV\/CR 2014-2015"},"content":{"rendered":"<p>&#8211; <a href=\"https:\/\/voyager3.com\/wp-content\/uploads\/2015\/05\/ag140927_pv.pdf\">Assembl\u00e9e g\u00e9n\u00e9rale ordinaire du 27 septembre 2014<\/a><\/p>\n<p>&#8211; <a href=\"https:\/\/voyager3.com\/wp-content\/uploads\/2015\/05\/cr_ca_141018.pdf\">Conseil d&rsquo;administration du 18\/10\/2014<\/a><\/p>\n<p>&#8211; <a href=\"https:\/\/voyager3.com\/wp-content\/uploads\/2015\/05\/cr_ca_150117.pdf\">Conseil d&rsquo;administration\u00a0du 17\/01\/2015<\/a><\/p>\n<p>&#8211; <a href=\"https:\/\/voyager3.com\/wp-content\/uploads\/2014\/06\/cr_ca_150502.pdf\">Conseil d&rsquo;administration du 02\/05\/2015<\/a><\/p>\n<p>&nbsp;<\/p>\n<p>&nbsp;<\/p>\n","protected":false},"excerpt":{"rendered":"<p>&#8211; Assembl\u00e9e g\u00e9n\u00e9rale ordinaire du 27 septembre 2014 &#8211; Conseil d&rsquo;administration du 18\/10\/2014 &#8211; Conseil d&rsquo;administration\u00a0du 17\/01\/2015 &#8211; Conseil d&rsquo;administration du 02\/05\/2015 &nbsp; &nbsp;<\/p>\n","protected":false},"author":8,"featured_media":0,"parent":51,"menu_order":2014,"comment_status":"closed","ping_status":"closed","template":"","meta":{"_exactmetrics_skip_tracking":false,"_exactmetrics_sitenote_active":false,"_exactmetrics_sitenote_note":"","_exactmetrics_sitenote_category":0,"jetpack_post_was_ever_published":false,"footnotes":""},"class_list":["post-2440","page","type-page","status-publish","hentry"],"jetpack_sharing_enabled":true,"jetpack_shortlink":"https:\/\/wp.me\/P6Vaq2-Dm","jetpack_likes_enabled":true,"_links":{"self":[{"href":"https:\/\/voyager3.com\/index.php?rest_route=\/wp\/v2\/pages\/2440","targetHints":{"allow":["GET"]}}],"collection":[{"href":"https:\/\/voyager3.com\/index.php?rest_route=\/wp\/v2\/pages"}],"about":[{"href":"https:\/\/voyager3.com\/index.php?rest_route=\/wp\/v2\/types\/page"}],"author":[{"embeddable":true,"href":"https:\/\/voyager3.com\/index.php?rest_route=\/wp\/v2\/users\/8"}],"replies":[{"embeddable":true,"href":"https:\/\/voyager3.com\/index.php?rest_route=%2Fwp%2Fv2%2Fcomments&post=2440"}],"version-history":[{"count":2,"href":"https:\/\/voyager3.com\/index.php?rest_route=\/wp\/v2\/pages\/2440\/revisions"}],"predecessor-version":[{"id":2449,"href":"https:\/\/voyager3.com\/index.php?rest_route=\/wp\/v2\/pages\/2440\/revisions\/2449"}],"up":[{"embeddable":true,"href":"https:\/\/voyager3.com\/index.php?rest_route=\/wp\/v2\/pages\/51"}],"wp:attachment":[{"href":"https:\/\/voyager3.com\/index.php?rest_route=%2Fwp%2Fv2%2Fmedia&parent=2440"}],"curies":[{"name":"wp","href":"https:\/\/api.w.org\/{rel}","templated":true}]}}