{"id":2423,"date":"2019-04-23T22:41:37","date_gmt":"2019-04-23T20:41:37","guid":{"rendered":"http:\/\/voyager3.com\/?page_id=2423"},"modified":"2019-04-24T22:04:04","modified_gmt":"2019-04-24T20:04:04","slug":"pv-cr-2009-2010","status":"publish","type":"page","link":"https:\/\/voyager3.com\/?page_id=2423","title":{"rendered":"PV\/CR 2009-2010"},"content":{"rendered":"<p>&#8211; <a href=\"https:\/\/voyager3.com\/wp-content\/uploads\/2015\/05\/ag090925_pv.pdf\">Assembl\u00e9e g\u00e9n\u00e9rale ordinaire du 25 septembre 2009<\/a><\/p>\n<p>&#8211; <a href=\"https:\/\/voyager3.com\/wp-content\/uploads\/2015\/05\/cr_ca_091121.pdf\">Conseil d&rsquo;administration du 21\/11\/2009<\/a><\/p>\n<p>&#8211; <a href=\"https:\/\/voyager3.com\/wp-content\/uploads\/2015\/05\/cr_ca_100206.pdf\">Conseil d&rsquo;administration du 06\/02\/2010<\/a><\/p>\n<p>&#8211; <a href=\"https:\/\/voyager3.com\/wp-content\/uploads\/2015\/05\/cr_ca_100508.pdf\">Conseil d&rsquo;administration du 08\/05\/2010<\/a><\/p>\n","protected":false},"excerpt":{"rendered":"<p>&#8211; Assembl\u00e9e g\u00e9n\u00e9rale ordinaire du 25 septembre 2009 &#8211; Conseil d&rsquo;administration du 21\/11\/2009 &#8211; Conseil d&rsquo;administration du 06\/02\/2010 &#8211; Conseil d&rsquo;administration du 08\/05\/2010<\/p>\n","protected":false},"author":8,"featured_media":0,"parent":51,"menu_order":2009,"comment_status":"closed","ping_status":"closed","template":"","meta":{"_exactmetrics_skip_tracking":false,"_exactmetrics_sitenote_active":false,"_exactmetrics_sitenote_note":"","_exactmetrics_sitenote_category":0,"jetpack_post_was_ever_published":false,"footnotes":""},"class_list":["post-2423","page","type-page","status-publish","hentry"],"jetpack_sharing_enabled":true,"jetpack_shortlink":"https:\/\/wp.me\/P6Vaq2-D5","jetpack_likes_enabled":true,"_links":{"self":[{"href":"https:\/\/voyager3.com\/index.php?rest_route=\/wp\/v2\/pages\/2423","targetHints":{"allow":["GET"]}}],"collection":[{"href":"https:\/\/voyager3.com\/index.php?rest_route=\/wp\/v2\/pages"}],"about":[{"href":"https:\/\/voyager3.com\/index.php?rest_route=\/wp\/v2\/types\/page"}],"author":[{"embeddable":true,"href":"https:\/\/voyager3.com\/index.php?rest_route=\/wp\/v2\/users\/8"}],"replies":[{"embeddable":true,"href":"https:\/\/voyager3.com\/index.php?rest_route=%2Fwp%2Fv2%2Fcomments&post=2423"}],"version-history":[{"count":3,"href":"https:\/\/voyager3.com\/index.php?rest_route=\/wp\/v2\/pages\/2423\/revisions"}],"predecessor-version":[{"id":2456,"href":"https:\/\/voyager3.com\/index.php?rest_route=\/wp\/v2\/pages\/2423\/revisions\/2456"}],"up":[{"embeddable":true,"href":"https:\/\/voyager3.com\/index.php?rest_route=\/wp\/v2\/pages\/51"}],"wp:attachment":[{"href":"https:\/\/voyager3.com\/index.php?rest_route=%2Fwp%2Fv2%2Fmedia&parent=2423"}],"curies":[{"name":"wp","href":"https:\/\/api.w.org\/{rel}","templated":true}]}}