{"id":2420,"date":"2019-04-23T22:34:50","date_gmt":"2019-04-23T20:34:50","guid":{"rendered":"http:\/\/voyager3.com\/?page_id=2420"},"modified":"2019-04-24T22:08:11","modified_gmt":"2019-04-24T20:08:11","slug":"pv-cr-2008-2009","status":"publish","type":"page","link":"https:\/\/voyager3.com\/?page_id=2420","title":{"rendered":"PV\/CR 2008-2009"},"content":{"rendered":"<p>&#8211; <a href=\"https:\/\/voyager3.com\/wp-content\/uploads\/2015\/05\/ag080926_pv.pdf\">Assembl\u00e9e g\u00e9n\u00e9rale ordinaire du 26 septembre 2008<\/a><\/p>\n<p>&#8211; <a href=\"https:\/\/voyager3.com\/wp-content\/uploads\/2015\/05\/cr_ca_081025.pdf\">Conseil d&rsquo;administration du 25\/10\/2008 <\/a><\/p>\n<p>&#8211; <a href=\"https:\/\/voyager3.com\/wp-content\/uploads\/2015\/05\/cr_ca_090117.pdf\">Conseil d&rsquo;administration du 17\/01\/2009<\/a><\/p>\n<p>&#8211; <a href=\"https:\/\/voyager3.com\/wp-content\/uploads\/2015\/05\/cr_ca_090425.pdf\">Conseil d&rsquo;administration du 25\/04\/2009<\/a><\/p>\n","protected":false},"excerpt":{"rendered":"<p>&#8211; Assembl\u00e9e g\u00e9n\u00e9rale ordinaire du 26 septembre 2008 &#8211; Conseil d&rsquo;administration du 25\/10\/2008 &#8211; Conseil d&rsquo;administration du 17\/01\/2009 &#8211; Conseil d&rsquo;administration du 25\/04\/2009<\/p>\n","protected":false},"author":8,"featured_media":0,"parent":51,"menu_order":2008,"comment_status":"closed","ping_status":"closed","template":"","meta":{"_exactmetrics_skip_tracking":false,"_exactmetrics_sitenote_active":false,"_exactmetrics_sitenote_note":"","_exactmetrics_sitenote_category":0,"jetpack_post_was_ever_published":false,"footnotes":""},"class_list":["post-2420","page","type-page","status-publish","hentry"],"jetpack_sharing_enabled":true,"jetpack_shortlink":"https:\/\/wp.me\/P6Vaq2-D2","jetpack_likes_enabled":true,"_links":{"self":[{"href":"https:\/\/voyager3.com\/index.php?rest_route=\/wp\/v2\/pages\/2420","targetHints":{"allow":["GET"]}}],"collection":[{"href":"https:\/\/voyager3.com\/index.php?rest_route=\/wp\/v2\/pages"}],"about":[{"href":"https:\/\/voyager3.com\/index.php?rest_route=\/wp\/v2\/types\/page"}],"author":[{"embeddable":true,"href":"https:\/\/voyager3.com\/index.php?rest_route=\/wp\/v2\/users\/8"}],"replies":[{"embeddable":true,"href":"https:\/\/voyager3.com\/index.php?rest_route=%2Fwp%2Fv2%2Fcomments&post=2420"}],"version-history":[{"count":3,"href":"https:\/\/voyager3.com\/index.php?rest_route=\/wp\/v2\/pages\/2420\/revisions"}],"predecessor-version":[{"id":2458,"href":"https:\/\/voyager3.com\/index.php?rest_route=\/wp\/v2\/pages\/2420\/revisions\/2458"}],"up":[{"embeddable":true,"href":"https:\/\/voyager3.com\/index.php?rest_route=\/wp\/v2\/pages\/51"}],"wp:attachment":[{"href":"https:\/\/voyager3.com\/index.php?rest_route=%2Fwp%2Fv2%2Fmedia&parent=2420"}],"curies":[{"name":"wp","href":"https:\/\/api.w.org\/{rel}","templated":true}]}}