{"id":2417,"date":"2019-04-23T22:25:22","date_gmt":"2019-04-23T20:25:22","guid":{"rendered":"http:\/\/voyager3.com\/?page_id=2417"},"modified":"2019-04-24T22:10:13","modified_gmt":"2019-04-24T20:10:13","slug":"pv-cr-2007-2008","status":"publish","type":"page","link":"https:\/\/voyager3.com\/?page_id=2417","title":{"rendered":"PV\/CR 2007-2008"},"content":{"rendered":"<p>&#8211; <a href=\"https:\/\/voyager3.com\/wp-content\/uploads\/2015\/05\/ag070921_pv.pdf\">Assembl\u00e9e g\u00e9n\u00e9rale ordinaire du 21 septembre 2007<\/a><\/p>\n<p>&#8211; <a href=\"https:\/\/voyager3.com\/wp-content\/uploads\/2015\/05\/cr_ca_071020.pdf\">Conseil d&rsquo;administration du 20\/10\/2007<\/a><\/p>\n<p>&#8211; <a href=\"https:\/\/voyager3.com\/wp-content\/uploads\/2015\/05\/cr_ca_080112.pdf\">Conseil d&rsquo;administration du 12\/01\/2008<\/a><\/p>\n<p>&#8211; <a href=\"https:\/\/voyager3.com\/wp-content\/uploads\/2015\/05\/ag080411_pv.pdf\">Assembl\u00e9e g\u00e9n\u00e9rale extraordinaire du 11 avril 2008<\/a><\/p>\n<p>&#8211; <a href=\"https:\/\/voyager3.com\/wp-content\/uploads\/2015\/05\/cr_ca_080517.pdf\">Conseil d&rsquo;administration du 17\/05\/2008<\/a><\/p>\n","protected":false},"excerpt":{"rendered":"<p>&#8211; Assembl\u00e9e g\u00e9n\u00e9rale ordinaire du 21 septembre 2007 &#8211; Conseil d&rsquo;administration du 20\/10\/2007 &#8211; Conseil d&rsquo;administration du 12\/01\/2008 &#8211; Assembl\u00e9e g\u00e9n\u00e9rale extraordinaire du 11 avril 2008 &#8211; Conseil d&rsquo;administration du 17\/05\/2008<\/p>\n","protected":false},"author":8,"featured_media":0,"parent":51,"menu_order":2007,"comment_status":"closed","ping_status":"closed","template":"","meta":{"_exactmetrics_skip_tracking":false,"_exactmetrics_sitenote_active":false,"_exactmetrics_sitenote_note":"","_exactmetrics_sitenote_category":0,"jetpack_post_was_ever_published":false,"footnotes":""},"class_list":["post-2417","page","type-page","status-publish","hentry"],"jetpack_sharing_enabled":true,"jetpack_shortlink":"https:\/\/wp.me\/P6Vaq2-CZ","jetpack_likes_enabled":true,"_links":{"self":[{"href":"https:\/\/voyager3.com\/index.php?rest_route=\/wp\/v2\/pages\/2417","targetHints":{"allow":["GET"]}}],"collection":[{"href":"https:\/\/voyager3.com\/index.php?rest_route=\/wp\/v2\/pages"}],"about":[{"href":"https:\/\/voyager3.com\/index.php?rest_route=\/wp\/v2\/types\/page"}],"author":[{"embeddable":true,"href":"https:\/\/voyager3.com\/index.php?rest_route=\/wp\/v2\/users\/8"}],"replies":[{"embeddable":true,"href":"https:\/\/voyager3.com\/index.php?rest_route=%2Fwp%2Fv2%2Fcomments&post=2417"}],"version-history":[{"count":3,"href":"https:\/\/voyager3.com\/index.php?rest_route=\/wp\/v2\/pages\/2417\/revisions"}],"predecessor-version":[{"id":2460,"href":"https:\/\/voyager3.com\/index.php?rest_route=\/wp\/v2\/pages\/2417\/revisions\/2460"}],"up":[{"embeddable":true,"href":"https:\/\/voyager3.com\/index.php?rest_route=\/wp\/v2\/pages\/51"}],"wp:attachment":[{"href":"https:\/\/voyager3.com\/index.php?rest_route=%2Fwp%2Fv2%2Fmedia&parent=2417"}],"curies":[{"name":"wp","href":"https:\/\/api.w.org\/{rel}","templated":true}]}}