{"id":2403,"date":"2019-03-18T12:41:20","date_gmt":"2019-03-18T11:41:20","guid":{"rendered":"http:\/\/voyager3.com\/?page_id=2403"},"modified":"2019-04-24T22:16:23","modified_gmt":"2019-04-24T20:16:23","slug":"pv-cr-2005-2006","status":"publish","type":"page","link":"https:\/\/voyager3.com\/?page_id=2403","title":{"rendered":"PV\/CR 2005-2006"},"content":{"rendered":"<p>&#8211; <a href=\"https:\/\/voyager3.com\/wp-content\/uploads\/2015\/05\/ag050923_pv.pdf\">Assembl\u00e9e g\u00e9n\u00e9rale ordinaire du 23 septembre 2005<\/a><\/p>\n<p>&#8211; <a href=\"https:\/\/voyager3.com\/wp-content\/uploads\/2015\/05\/cr_ca_051001.pdf\">Conseil d&rsquo;administration du 01\/10\/2005<\/a><\/p>\n<p>&#8211; <a href=\"https:\/\/voyager3.com\/wp-content\/uploads\/2015\/05\/cr_ca_060107.pdf\">Conseil d&rsquo;administration du 07\/01\/2006<\/a><\/p>\n<p>&#8211; <a href=\"https:\/\/voyager3.com\/wp-content\/uploads\/2015\/05\/cr_ca_060415.pdf\">Conseil d&rsquo;administration du 15\/04\/2006<\/a><\/p>\n","protected":false},"excerpt":{"rendered":"<p>&#8211; Assembl\u00e9e g\u00e9n\u00e9rale ordinaire du 23 septembre 2005 &#8211; Conseil d&rsquo;administration du 01\/10\/2005 &#8211; Conseil d&rsquo;administration du 07\/01\/2006 &#8211; Conseil d&rsquo;administration du 15\/04\/2006<\/p>\n","protected":false},"author":8,"featured_media":0,"parent":51,"menu_order":2005,"comment_status":"closed","ping_status":"closed","template":"","meta":{"_exactmetrics_skip_tracking":false,"_exactmetrics_sitenote_active":false,"_exactmetrics_sitenote_note":"","_exactmetrics_sitenote_category":0,"jetpack_post_was_ever_published":false,"footnotes":""},"class_list":["post-2403","page","type-page","status-publish","hentry"],"jetpack_sharing_enabled":false,"jetpack_shortlink":"https:\/\/wp.me\/P6Vaq2-CL","jetpack_likes_enabled":false,"_links":{"self":[{"href":"https:\/\/voyager3.com\/index.php?rest_route=\/wp\/v2\/pages\/2403","targetHints":{"allow":["GET"]}}],"collection":[{"href":"https:\/\/voyager3.com\/index.php?rest_route=\/wp\/v2\/pages"}],"about":[{"href":"https:\/\/voyager3.com\/index.php?rest_route=\/wp\/v2\/types\/page"}],"author":[{"embeddable":true,"href":"https:\/\/voyager3.com\/index.php?rest_route=\/wp\/v2\/users\/8"}],"replies":[{"embeddable":true,"href":"https:\/\/voyager3.com\/index.php?rest_route=%2Fwp%2Fv2%2Fcomments&post=2403"}],"version-history":[{"count":2,"href":"https:\/\/voyager3.com\/index.php?rest_route=\/wp\/v2\/pages\/2403\/revisions"}],"predecessor-version":[{"id":2462,"href":"https:\/\/voyager3.com\/index.php?rest_route=\/wp\/v2\/pages\/2403\/revisions\/2462"}],"up":[{"embeddable":true,"href":"https:\/\/voyager3.com\/index.php?rest_route=\/wp\/v2\/pages\/51"}],"wp:attachment":[{"href":"https:\/\/voyager3.com\/index.php?rest_route=%2Fwp%2Fv2%2Fmedia&parent=2403"}],"curies":[{"name":"wp","href":"https:\/\/api.w.org\/{rel}","templated":true}]}}