{"id":2400,"date":"2019-03-18T12:38:12","date_gmt":"2019-03-18T11:38:12","guid":{"rendered":"http:\/\/voyager3.com\/?page_id=2400"},"modified":"2019-03-18T12:38:12","modified_gmt":"2019-03-18T11:38:12","slug":"pv-cr-2004-2005","status":"publish","type":"page","link":"https:\/\/voyager3.com\/?page_id=2400","title":{"rendered":"PV\/CR 2004-2005"},"content":{"rendered":"<p>&#8211; <a href=\"https:\/\/voyager3.com\/wp-content\/uploads\/2015\/05\/ag040924_pv.pdf\">Assembl\u00e9e g\u00e9n\u00e9rale ordinaire du 24 septembre 2004<\/a><\/p>\n<p>&#8211; <a href=\"https:\/\/voyager3.com\/wp-content\/uploads\/2015\/05\/cr_ca_041223.pdf\">Conseil d&rsquo;administration du 23\/12\/2004<\/a><\/p>\n<p>&#8211; <a href=\"https:\/\/voyager3.com\/wp-content\/uploads\/2015\/05\/cr_ca_050402.pdf\">Conseil d&rsquo;administration du 02\/04\/2005<\/a><\/p>\n","protected":false},"excerpt":{"rendered":"<p>&#8211; Assembl\u00e9e g\u00e9n\u00e9rale ordinaire du 24 septembre 2004 &#8211; Conseil d&rsquo;administration du 23\/12\/2004 &#8211; Conseil d&rsquo;administration du 02\/04\/2005<\/p>\n","protected":false},"author":8,"featured_media":0,"parent":51,"menu_order":2004,"comment_status":"closed","ping_status":"closed","template":"","meta":{"_exactmetrics_skip_tracking":false,"_exactmetrics_sitenote_active":false,"_exactmetrics_sitenote_note":"","_exactmetrics_sitenote_category":0,"footnotes":""},"class_list":["post-2400","page","type-page","status-publish","hentry"],"jetpack_sharing_enabled":false,"jetpack_shortlink":"https:\/\/wp.me\/P6Vaq2-CI","jetpack_likes_enabled":false,"_links":{"self":[{"href":"https:\/\/voyager3.com\/index.php?rest_route=\/wp\/v2\/pages\/2400","targetHints":{"allow":["GET"]}}],"collection":[{"href":"https:\/\/voyager3.com\/index.php?rest_route=\/wp\/v2\/pages"}],"about":[{"href":"https:\/\/voyager3.com\/index.php?rest_route=\/wp\/v2\/types\/page"}],"author":[{"embeddable":true,"href":"https:\/\/voyager3.com\/index.php?rest_route=\/wp\/v2\/users\/8"}],"replies":[{"embeddable":true,"href":"https:\/\/voyager3.com\/index.php?rest_route=%2Fwp%2Fv2%2Fcomments&post=2400"}],"version-history":[{"count":1,"href":"https:\/\/voyager3.com\/index.php?rest_route=\/wp\/v2\/pages\/2400\/revisions"}],"predecessor-version":[{"id":2401,"href":"https:\/\/voyager3.com\/index.php?rest_route=\/wp\/v2\/pages\/2400\/revisions\/2401"}],"up":[{"embeddable":true,"href":"https:\/\/voyager3.com\/index.php?rest_route=\/wp\/v2\/pages\/51"}],"wp:attachment":[{"href":"https:\/\/voyager3.com\/index.php?rest_route=%2Fwp%2Fv2%2Fmedia&parent=2400"}],"curies":[{"name":"wp","href":"https:\/\/api.w.org\/{rel}","templated":true}]}}