{"id":2396,"date":"2019-03-18T12:33:19","date_gmt":"2019-03-18T11:33:19","guid":{"rendered":"http:\/\/voyager3.com\/?page_id=2396"},"modified":"2019-03-18T12:33:19","modified_gmt":"2019-03-18T11:33:19","slug":"pv-cr-2003-2004","status":"publish","type":"page","link":"https:\/\/voyager3.com\/?page_id=2396","title":{"rendered":"PV\/CR 2003-2004"},"content":{"rendered":"<p>&#8211; <a href=\"https:\/\/voyager3.com\/wp-content\/uploads\/2015\/05\/ag030919_pv.pdf\">Assembl\u00e9e g\u00e9n\u00e9rale ordinaire du 19 septembre 2003<\/a><\/p>\n<p>&#8211; <a href=\"https:\/\/voyager3.com\/wp-content\/uploads\/2015\/05\/cr_ca_031122.pdf\">Conseil d&rsquo;administration du 22\/11\/2003<\/a><\/p>\n","protected":false},"excerpt":{"rendered":"<p>&#8211; Assembl\u00e9e g\u00e9n\u00e9rale ordinaire du 19 septembre 2003 &#8211; Conseil d&rsquo;administration du 22\/11\/2003<\/p>\n","protected":false},"author":8,"featured_media":0,"parent":51,"menu_order":2003,"comment_status":"closed","ping_status":"closed","template":"","meta":{"_exactmetrics_skip_tracking":false,"_exactmetrics_sitenote_active":false,"_exactmetrics_sitenote_note":"","_exactmetrics_sitenote_category":0,"jetpack_post_was_ever_published":false,"footnotes":""},"class_list":["post-2396","page","type-page","status-publish","hentry"],"jetpack_sharing_enabled":false,"jetpack_shortlink":"https:\/\/wp.me\/P6Vaq2-CE","jetpack_likes_enabled":false,"_links":{"self":[{"href":"https:\/\/voyager3.com\/index.php?rest_route=\/wp\/v2\/pages\/2396","targetHints":{"allow":["GET"]}}],"collection":[{"href":"https:\/\/voyager3.com\/index.php?rest_route=\/wp\/v2\/pages"}],"about":[{"href":"https:\/\/voyager3.com\/index.php?rest_route=\/wp\/v2\/types\/page"}],"author":[{"embeddable":true,"href":"https:\/\/voyager3.com\/index.php?rest_route=\/wp\/v2\/users\/8"}],"replies":[{"embeddable":true,"href":"https:\/\/voyager3.com\/index.php?rest_route=%2Fwp%2Fv2%2Fcomments&post=2396"}],"version-history":[{"count":1,"href":"https:\/\/voyager3.com\/index.php?rest_route=\/wp\/v2\/pages\/2396\/revisions"}],"predecessor-version":[{"id":2397,"href":"https:\/\/voyager3.com\/index.php?rest_route=\/wp\/v2\/pages\/2396\/revisions\/2397"}],"up":[{"embeddable":true,"href":"https:\/\/voyager3.com\/index.php?rest_route=\/wp\/v2\/pages\/51"}],"wp:attachment":[{"href":"https:\/\/voyager3.com\/index.php?rest_route=%2Fwp%2Fv2%2Fmedia&parent=2396"}],"curies":[{"name":"wp","href":"https:\/\/api.w.org\/{rel}","templated":true}]}}