{"id":2393,"date":"2019-03-18T12:23:06","date_gmt":"2019-03-18T11:23:06","guid":{"rendered":"http:\/\/voyager3.com\/?page_id=2393"},"modified":"2019-03-18T12:26:05","modified_gmt":"2019-03-18T11:26:05","slug":"pv-cr-2002-2003","status":"publish","type":"page","link":"https:\/\/voyager3.com\/?page_id=2393","title":{"rendered":"PV\/CR 2002-2003"},"content":{"rendered":"<p>&#8211; <a href=\"https:\/\/voyager3.com\/wp-content\/uploads\/2015\/05\/ag020913_pv.pdf\">Assembl\u00e9e g\u00e9n\u00e9rale ordinaire du 13 septembre 2002<\/a><\/p>\n<p>&#8211; <a href=\"https:\/\/voyager3.com\/wp-content\/uploads\/2015\/05\/ag021129_pv.pdf\">Assembl\u00e9e g\u00e9n\u00e9rale extraordinaire du 29 novembre 2002<\/a><\/p>\n<p>&#8211; <a href=\"https:\/\/voyager3.com\/wp-content\/uploads\/2015\/05\/cr_ca_030423.pdf\">Conseil d&rsquo;administration du 23\/04\/2003<\/a><\/p>\n","protected":false},"excerpt":{"rendered":"<p>&#8211; Assembl\u00e9e g\u00e9n\u00e9rale ordinaire du 13 septembre 2002 &#8211; Assembl\u00e9e g\u00e9n\u00e9rale extraordinaire du 29 novembre 2002 &#8211; Conseil d&rsquo;administration du 23\/04\/2003<\/p>\n","protected":false},"author":8,"featured_media":0,"parent":51,"menu_order":2002,"comment_status":"closed","ping_status":"closed","template":"","meta":{"_exactmetrics_skip_tracking":false,"_exactmetrics_sitenote_active":false,"_exactmetrics_sitenote_note":"","_exactmetrics_sitenote_category":0,"footnotes":""},"class_list":["post-2393","page","type-page","status-publish","hentry"],"jetpack_sharing_enabled":false,"jetpack_shortlink":"https:\/\/wp.me\/P6Vaq2-CB","jetpack_likes_enabled":false,"_links":{"self":[{"href":"https:\/\/voyager3.com\/index.php?rest_route=\/wp\/v2\/pages\/2393","targetHints":{"allow":["GET"]}}],"collection":[{"href":"https:\/\/voyager3.com\/index.php?rest_route=\/wp\/v2\/pages"}],"about":[{"href":"https:\/\/voyager3.com\/index.php?rest_route=\/wp\/v2\/types\/page"}],"author":[{"embeddable":true,"href":"https:\/\/voyager3.com\/index.php?rest_route=\/wp\/v2\/users\/8"}],"replies":[{"embeddable":true,"href":"https:\/\/voyager3.com\/index.php?rest_route=%2Fwp%2Fv2%2Fcomments&post=2393"}],"version-history":[{"count":1,"href":"https:\/\/voyager3.com\/index.php?rest_route=\/wp\/v2\/pages\/2393\/revisions"}],"predecessor-version":[{"id":2394,"href":"https:\/\/voyager3.com\/index.php?rest_route=\/wp\/v2\/pages\/2393\/revisions\/2394"}],"up":[{"embeddable":true,"href":"https:\/\/voyager3.com\/index.php?rest_route=\/wp\/v2\/pages\/51"}],"wp:attachment":[{"href":"https:\/\/voyager3.com\/index.php?rest_route=%2Fwp%2Fv2%2Fmedia&parent=2393"}],"curies":[{"name":"wp","href":"https:\/\/api.w.org\/{rel}","templated":true}]}}