{"id":2280,"date":"2018-06-27T23:02:30","date_gmt":"2018-06-27T21:02:30","guid":{"rendered":"http:\/\/voyager3.com\/?page_id=2280"},"modified":"2019-06-06T12:02:10","modified_gmt":"2019-06-06T10:02:10","slug":"nuit-des-etoiles-2018","status":"publish","type":"page","link":"https:\/\/voyager3.com\/?page_id=2280","title":{"rendered":"Nuit des Etoiles 2018"},"content":{"rendered":"<h2 class=\"hero__subtitle\" style=\"text-align: center;\"><img data-recalc-dims=\"1\" loading=\"lazy\" decoding=\"async\" data-attachment-id=\"2283\" data-permalink=\"https:\/\/voyager3.com\/?attachment_id=2283\" data-orig-file=\"https:\/\/i0.wp.com\/voyager3.com\/wp-content\/uploads\/2018\/06\/header-2-5b07.jpg?fit=800%2C300&amp;ssl=1\" data-orig-size=\"800,300\" data-comments-opened=\"0\" data-image-meta=\"{&quot;aperture&quot;:&quot;0&quot;,&quot;credit&quot;:&quot;&quot;,&quot;camera&quot;:&quot;&quot;,&quot;caption&quot;:&quot;&quot;,&quot;created_timestamp&quot;:&quot;0&quot;,&quot;copyright&quot;:&quot;&quot;,&quot;focal_length&quot;:&quot;0&quot;,&quot;iso&quot;:&quot;0&quot;,&quot;shutter_speed&quot;:&quot;0&quot;,&quot;title&quot;:&quot;&quot;,&quot;orientation&quot;:&quot;0&quot;}\" data-image-title=\"header 2-5b07\" data-image-description=\"\" data-image-caption=\"\" data-large-file=\"https:\/\/i0.wp.com\/voyager3.com\/wp-content\/uploads\/2018\/06\/header-2-5b07.jpg?fit=648%2C243&amp;ssl=1\" class=\"aligncenter wp-image-2283 size-full\" src=\"https:\/\/i0.wp.com\/voyager3.com\/wp-content\/uploads\/2018\/06\/header-2-5b07.jpg?resize=648%2C243&#038;ssl=1\" alt=\"\" width=\"648\" height=\"243\" srcset=\"https:\/\/i0.wp.com\/voyager3.com\/wp-content\/uploads\/2018\/06\/header-2-5b07.jpg?w=800&amp;ssl=1 800w, https:\/\/i0.wp.com\/voyager3.com\/wp-content\/uploads\/2018\/06\/header-2-5b07.jpg?resize=300%2C113&amp;ssl=1 300w, https:\/\/i0.wp.com\/voyager3.com\/wp-content\/uploads\/2018\/06\/header-2-5b07.jpg?resize=768%2C288&amp;ssl=1 768w\" sizes=\"auto, (max-width: 648px) 100vw, 648px\" \/><span style=\"font-size: 2rem;\"><strong><span style=\"font-family: verdana, geneva, sans-serif; font-size: 20pt;\">Mars la petite soeur de la Terre<\/span><\/strong><br \/>\n<\/span><\/h2>\n<table  class=\" table table-hover\" >\n<tbody>\n<tr>\n<td>\n<p style=\"text-align: center;\"><a href=\"https:\/\/www.afastronomie.fr\/les-nuits-des-etoiles\" target=\"_blank\" rel=\"noopener\"><img data-recalc-dims=\"1\" loading=\"lazy\" decoding=\"async\" data-attachment-id=\"2281\" data-permalink=\"https:\/\/voyager3.com\/?attachment_id=2281\" data-orig-file=\"https:\/\/i0.wp.com\/voyager3.com\/wp-content\/uploads\/2018\/06\/affiche_NdE_V3A_18_web.jpg?fit=595%2C842&amp;ssl=1\" data-orig-size=\"595,842\" data-comments-opened=\"0\" data-image-meta=\"{&quot;aperture&quot;:&quot;0&quot;,&quot;credit&quot;:&quot;&quot;,&quot;camera&quot;:&quot;&quot;,&quot;caption&quot;:&quot;&quot;,&quot;created_timestamp&quot;:&quot;0&quot;,&quot;copyright&quot;:&quot;&quot;,&quot;focal_length&quot;:&quot;0&quot;,&quot;iso&quot;:&quot;0&quot;,&quot;shutter_speed&quot;:&quot;0&quot;,&quot;title&quot;:&quot;affiche NDE 2013 text vecto.ai&quot;,&quot;orientation&quot;:&quot;1&quot;}\" data-image-title=\"Affiche V3A NDE 2018\" data-image-description=\"\" data-image-caption=\"\" data-large-file=\"https:\/\/i0.wp.com\/voyager3.com\/wp-content\/uploads\/2018\/06\/affiche_NdE_V3A_18_web.jpg?fit=595%2C842&amp;ssl=1\" class=\"wp-image-2281 alignleft\" src=\"https:\/\/i0.wp.com\/voyager3.com\/wp-content\/uploads\/2018\/06\/affiche_NdE_V3A_18_web.jpg?resize=325%2C460&#038;ssl=1\" alt=\"\" width=\"325\" height=\"460\" srcset=\"https:\/\/i0.wp.com\/voyager3.com\/wp-content\/uploads\/2018\/06\/affiche_NdE_V3A_18_web.jpg?w=595&amp;ssl=1 595w, https:\/\/i0.wp.com\/voyager3.com\/wp-content\/uploads\/2018\/06\/affiche_NdE_V3A_18_web.jpg?resize=212%2C300&amp;ssl=1 212w, https:\/\/i0.wp.com\/voyager3.com\/wp-content\/uploads\/2018\/06\/affiche_NdE_V3A_18_web.jpg?resize=353%2C500&amp;ssl=1 353w\" sizes=\"auto, (max-width: 325px) 100vw, 325px\" \/><\/a><span style=\"font-family: verdana, geneva, sans-serif; font-size: 10pt;\">Vendredi 3 ao\u00fbt 2018 \u00e0 20h30<\/span><br \/>\n<span style=\"font-family: verdana, geneva, sans-serif; font-size: 10pt;\">Cin\u00e9Manivel \u00e0 Redon<\/span><\/p>\n<p style=\"text-align: center;\"><span style=\"font-family: verdana, geneva, sans-serif; font-size: 10pt;\">Samedi 4 ao\u00fbt 2018 \u00e0 17h00<\/span><br \/>\n<span style=\"font-family: verdana, geneva, sans-serif; font-size: 10pt;\">Observatoire<\/span><br \/>\n<span style=\"font-family: verdana, geneva, sans-serif; font-size: 10pt;\">Bretagne Atlantique<\/span><br \/>\n<span style=\"font-family: verdana, geneva, sans-serif; font-size: 10pt;\">44530 S\u00e9v\u00e9rac<\/span><br \/>\n<span style=\"font-family: verdana, geneva, sans-serif; font-size: 10pt;\">Entr\u00e9e gratuite<\/span><\/p>\n<p style=\"text-align: center;\"><span style=\"font-family: verdana, geneva, sans-serif; font-size: 10pt;\">Pour plus d&rsquo;informations sur cette manifestation nationale, rendez-vous sur le <a title=\"Site national officiel.\" href=\"https:\/\/www.afastronomie.fr\/les-nuits-des-etoiles\" target=\"_blank\" rel=\"noopener\">site officiel<\/a>.<\/span><\/p>\n<p style=\"text-align: center;\"><span style=\"font-size: 10pt; font-family: verdana, geneva, sans-serif;\"><b>Suivez-nous en direct sur les r\u00e9seaux sociaux :<br \/>\n<a href=\"https:\/\/twitter.com\/VOYAGER_3_Astro\" target=\"blank\">Twitter<\/a>, <a href=\"https:\/\/www.facebook.com\/V3A.OBA\" target=\"blank\">Facebook<\/a>, <\/b>#NDE2018<\/span><\/p>\n<p style=\"text-align: center;\"><span style=\"font-size: 10pt; font-family: verdana, geneva, sans-serif;\">Partenaires :<\/span><br \/>\n<span style=\"font-family: verdana, geneva, sans-serif; font-size: 10pt;\"> <a href=\"https:\/\/www.afastronomie.fr\/\" target=\"_blank\" rel=\"noopener\">AFA<\/a> ; <a href=\"http:\/\/www.cieletespace.fr\">Ciel &amp; Espace<\/a> ; <a href=\"https:\/\/cnes.fr\/fr\" target=\"_blank\" rel=\"noopener\">CNES<\/a> ; <a href=\"http:\/\/www.airbus.com\/space.html\" target=\"_blank\" rel=\"noopener\">Airbus<\/a><br \/>\n<a href=\"https:\/\/www.ecologique-solidaire.gouv.fr\/\" target=\"_blank\" rel=\"noopener\">Minist\u00e8re de la transition \u00e9cologique et solidaire<\/a><br \/>\n<a href=\"http:\/\/www.enseignementsup-recherche.gouv.fr\/\" target=\"_blank\" rel=\"noopener\">Minist\u00e8re de l&rsquo;enseignement sup\u00e9rieur, de la recherche et de l&rsquo;innovation<\/a><\/span><br \/>\n<span style=\"font-family: verdana, geneva, sans-serif; font-size: 12pt;\"><span style=\"font-size: 10pt;\"> <a href=\"http:\/\/www.mairie-severac.fr\/\" target=\"_blank\" rel=\"noopener\">Commune de S\u00e9v\u00e9rac<\/a> ; <a href=\"http:\/\/www.pontchateau-saintgildasdesbois.com\/\" target=\"_blank\" rel=\"noopener\">Office de tourisme de Pontch\u00e2teau Saint-Gildas-des-Bois<\/a><\/span><br \/>\n<span style=\"font-size: 10pt;\"><a href=\"https:\/\/www.cinemanivel.fr\/detail-8444-thomas-pesquet-objectif-mars.html\" target=\"_blank\" rel=\"noopener\">Cin\u00e9Manivel Redon, Arte<\/a> et le <\/span><a href=\"https:\/\/www.festivalphoto-lagacilly.com\/evenements\/blueturn-lexperience-de-voir-vivre-la-planete-3\" target=\"_blank\" rel=\"noopener\"><span style=\"font-size: 10pt;\">Festival photo de La Gacilly<\/span><\/a><\/span><\/p>\n<\/td>\n<\/tr>\n<\/tbody>\n<\/table>\n<p><span style=\"font-family: verdana, geneva, sans-serif; font-size: 10pt;\">Comme tous les ans, <b>VOYAGER 3 Astronomie<\/b> vous invite \u00e0 retrouver ses animateurs pour f\u00eater les \u00e9toiles.<\/span><\/p>\n<p><span style=\"font-family: verdana, geneva, sans-serif; font-size: 10pt;\">Pour la 28\u00e8me \u00e9dition de cette grande f\u00eate du ciel nationale (la 26\u00e8me \u00e0 S\u00e9v\u00e9rac), 2 soir\u00e9es vous attendent en partenariat avec le Cin\u00e9Manivel de Redon.<\/span><\/p>\n<p><span style=\"font-size: 12pt;\"><a href=\"https:\/\/www.cinemanivel.fr\/detail-8444-thomas-pesquet-objectif-mars.html\" target=\"_blank\" rel=\"noopener\"><span style=\"font-family: verdana, geneva, sans-serif;\"><strong>Vendredi 3 ao\u00fbt, \u00e0 20h30 au Cin\u00e9Manivel de Redon<br \/>\n<em>\u00ab\u00a0Thomas Pesquet : objectif Mars\u00a0\u00bb<\/em><\/strong><\/span><\/a><\/span><br \/>\n<span style=\"font-family: verdana, geneva, sans-serif; font-size: 10pt;\"><img data-recalc-dims=\"1\" loading=\"lazy\" decoding=\"async\" data-attachment-id=\"2301\" data-permalink=\"https:\/\/voyager3.com\/?attachment_id=2301\" data-orig-file=\"https:\/\/i0.wp.com\/voyager3.com\/wp-content\/uploads\/2018\/07\/ThomasPesquet.png?fit=120%2C96&amp;ssl=1\" data-orig-size=\"120,96\" data-comments-opened=\"0\" data-image-meta=\"{&quot;aperture&quot;:&quot;0&quot;,&quot;credit&quot;:&quot;&quot;,&quot;camera&quot;:&quot;&quot;,&quot;caption&quot;:&quot;&quot;,&quot;created_timestamp&quot;:&quot;0&quot;,&quot;copyright&quot;:&quot;&quot;,&quot;focal_length&quot;:&quot;0&quot;,&quot;iso&quot;:&quot;0&quot;,&quot;shutter_speed&quot;:&quot;0&quot;,&quot;title&quot;:&quot;&quot;,&quot;orientation&quot;:&quot;0&quot;}\" data-image-title=\"ThomasPesquet\" data-image-description=\"\" data-image-caption=\"\" data-large-file=\"https:\/\/i0.wp.com\/voyager3.com\/wp-content\/uploads\/2018\/07\/ThomasPesquet.png?fit=120%2C96&amp;ssl=1\" class=\"size-full wp-image-2301 alignleft\" src=\"https:\/\/i0.wp.com\/voyager3.com\/wp-content\/uploads\/2018\/07\/ThomasPesquet.png?resize=120%2C96&#038;ssl=1\" alt=\"\" width=\"120\" height=\"96\" \/>Projection gratuite et in\u00e9dite en partenariat avec Arte et le Festival Photo La Gacilly. Projection pr\u00e9c\u00e9d\u00e9e d&rsquo;une d\u00e9monstration du dispositif Blueturn &#8211; une exp\u00e9rience \u00e9motionnellement forte, jusqu\u2019ici r\u00e9serv\u00e9e aux hommes dans l\u2019espace&#8230; &#8211; et suivie d&rsquo;une rencontre avec Gilles Dawidowicz, Pr\u00e9sident de la Commission de plan\u00e9tologie de la Soci\u00e9t\u00e9 Astronomique de France.<\/span><\/p>\n<p><strong><span style=\"font-family: verdana, geneva, sans-serif; font-size: 12pt;\">Samedi 4 ao\u00fbt, \u00e0 partir de 17h \u00e0 l&rsquo;Observatoire Bretagne Atlantique de S\u00e9v\u00e9rac<\/span><\/strong><br \/>\nN<span style=\"font-family: verdana, geneva, sans-serif; font-size: 10pt;\">ous vous attendons pour parler de notre voisine Mars, de son exploration, et pourquoi pas de sa colonisation&#8230;<\/span><br \/>\n<span style=\"font-family: verdana, geneva, sans-serif; font-size: 10pt;\">Retrouvez-nous autour de stands et d&rsquo;\u00e9changes avec nos membres, de mini expos\u00e9s, conf\u00e9rences, guid\u00e9s par nos animateurs si vous le souhaitez. Et toujours priorit\u00e9 \u00e0 l&rsquo;observation, r\u00e9elle ou virtuelle, en fonction de la m\u00e9t\u00e9o&#8230;<\/span><\/p>\n<p><span style=\"color: #0099ff; font-family: verdana, geneva, sans-serif; font-size: 10pt;\"><b style=\"background-color: transparent; color: #656565;\">A partir de 17h00 :<\/b><span style=\"color: #656565;\"> parcours au travers des expositions, ateliers, maquettes, d\u00e9monstrations et observations par les membres de VOYAGER 3 Astronomie :<\/span><\/span><\/p>\n<ul>\n<li><span style=\"font-family: verdana, geneva, sans-serif; font-size: 10pt;\"><a href=\"http:\/\/www.lpainformations.com\/\" target=\"_blank\" rel=\"noopener\"><b>Le plan\u00e9tarium du Laboratoire P\u00e9dagogique d&rsquo;Astronomie<\/b><\/a><b><\/b><b><\/b><\/span><\/li>\n<li><span style=\"font-family: verdana, geneva, sans-serif; font-size: 10pt;\">Stand num\u00e9rique<\/span><\/li>\n<li><span style=\"font-family: verdana, geneva, sans-serif; font-size: 10pt;\">Animation cosplay<\/span><\/li>\n<li><span style=\"font-family: verdana, geneva, sans-serif; font-size: 10pt;\">Pr\u00e9sentation de l&rsquo;association VOYAGER 3 Astronomie<\/span><\/li>\n<li><span style=\"font-family: verdana, geneva, sans-serif; font-size: 10pt;\">L&rsquo;OBA : Observatoire Bretagne Atlantique<\/span><\/li>\n<li><span style=\"font-family: verdana, geneva, sans-serif; font-size: 10pt;\">Le t\u00e9lescope de 430mm de diam\u00e8tre (T430)<\/span><\/li>\n<li><span style=\"font-family: verdana, geneva, sans-serif; font-size: 10pt;\">L&rsquo;observateur d\u00e9butant<\/span><\/li>\n<li><span style=\"font-family: verdana, geneva, sans-serif; font-size: 10pt;\">Protection de l&rsquo;environnement nocturne et \u00e9conomies d&rsquo;\u00e9nergie<\/span><\/li>\n<li><span style=\"font-family: verdana, geneva, sans-serif; font-size: 10pt;\">La Lune<\/span><\/li>\n<li><span style=\"font-family: verdana, geneva, sans-serif; font-size: 10pt;\">On a march\u00e9 sur la Lune<\/span><\/li>\n<li><span style=\"font-family: verdana, geneva, sans-serif; font-size: 10pt;\">Voyage au fil des plan\u00e8tes<\/span><\/li>\n<li><span style=\"font-family: verdana, geneva, sans-serif; font-size: 10pt;\">La vie des \u00e9toiles<\/span><\/li>\n<li><span style=\"font-family: verdana, geneva, sans-serif; font-size: 10pt;\">Les galaxies<\/span><\/li>\n<li><span style=\"font-family: verdana, geneva, sans-serif; font-size: 10pt;\">Observations du Soleil (t\u00e9lescopes et lunettes \u00e9quip\u00e9s sp\u00e9cialement, coronographes&#8230;) et de la Lune<\/span><\/li>\n<li><span style=\"font-family: verdana, geneva, sans-serif; font-size: 10pt;\">Fus\u00e9es \u00e0 eau<\/span><\/li>\n<li><span style=\"font-family: verdana, geneva, sans-serif; font-size: 10pt;\"><b>une fois nuit tomb\u00e9e :<\/b> \u00ab\u00a0Les oreilles dans les \u00e9toiles\u00a0\u00bb, promenade sur la vo\u00fbte c\u00e9leste (en ext\u00e9rieur) cont\u00e9e par S\u00e9bastien Poirier, docteur en astrophysique et pr\u00e9sident de VOYAGER 3 Astronomie, accompagn\u00e9 par les animateurs parmi les spectateurs.<\/span><\/li>\n<li><span style=\"font-size: 10pt; font-family: verdana, geneva, sans-serif;\"><b>Mais aussi&#8230;<\/b><\/span>\n<ul>\n<li><span style=\"font-family: verdana, geneva, sans-serif; font-size: 10pt;\">D\u00e8s la tomb\u00e9e de la nuit, \u00e9merveillez-vous devant galaxies et n\u00e9buleuses jusqu&rsquo;au bout de la nuit gr\u00e2ce aux t\u00e9lescopes mis \u00e0 votre disposition, dont le t\u00e9lescope de 430 mm enti\u00e8rement informatis\u00e9 sous la coupole.<\/span><\/li>\n<li><span style=\"font-family: verdana, geneva, sans-serif; font-size: 10pt;\">D\u00e9salt\u00e9rez-vous et restaurez-vous \u00e0 l&rsquo;astrobar sp\u00e9cialement mis en place pour l&rsquo;occasion.<\/span><\/li>\n<\/ul>\n<\/li>\n<\/ul>\n<p><span style=\"font-family: verdana, geneva, sans-serif; font-size: 10pt;\"><b>Plus de trente animateurs et b\u00e9n\u00e9voles pour vous faire (re)d\u00e9couvrir les merveilles de l&rsquo;Univers, avec plus d&rsquo;une vingtaine d&rsquo;instruments allant de la lunette de 60 mm au t\u00e9lescope de 430 mm.<\/b><\/span><\/p>\n<p align=\"center\"><span style=\"font-family: verdana, geneva, sans-serif; font-size: 10pt;\"><b>Entr\u00e9e libre<\/b><\/span><br \/>\n<span style=\"font-family: verdana, geneva, sans-serif; font-size: 10pt;\"><i>(Pas de r\u00e9servation possible, pas d&rsquo;accompagnement sp\u00e9cifique pour les groupes :<br \/>\nconsultez notre <a href=\"https:\/\/voyager3.com\/wp-content\/uploads\/2015\/06\/V3A_dossier_animation_2013.pdf\">dossier d&rsquo;animations<\/a> pour convenir d&rsquo;une prestation \u00e0 une autre date)<\/i><\/span><\/p>\n<p align=\"center\"><span style=\"font-family: verdana, geneva, sans-serif; font-size: 10pt;\">Pour plus de renseignements<\/span><br \/>\n<span style=\"font-family: verdana, geneva, sans-serif; font-size: 10pt;\">02 40 15 58 86 \/ 06 52 68 20 79 \/ <a href=\"mailto:info@voyager3.com\">info@voyager3.com<\/a><\/span><\/p>\n","protected":false},"excerpt":{"rendered":"<p>Mars la petite soeur de la Terre Vendredi 3 ao\u00fbt 2018 \u00e0 20h30 Cin\u00e9Manivel \u00e0 Redon Samedi 4 ao\u00fbt 2018 \u00e0 17h00 Observatoire Bretagne Atlantique 44530 S\u00e9v\u00e9rac Entr\u00e9e gratuite Pour plus d&rsquo;informations sur cette manifestation nationale, rendez-vous sur le site officiel. Suivez-nous en direct sur les r\u00e9seaux sociaux : Twitter, Facebook, #NDE2018 Partenaires : AFA [&hellip;]<\/p>\n","protected":false},"author":8,"featured_media":0,"parent":285,"menu_order":2018,"comment_status":"closed","ping_status":"closed","template":"","meta":{"_exactmetrics_skip_tracking":false,"_exactmetrics_sitenote_active":false,"_exactmetrics_sitenote_note":"","_exactmetrics_sitenote_category":0,"jetpack_post_was_ever_published":false,"footnotes":""},"class_list":["post-2280","page","type-page","status-publish","hentry"],"jetpack_sharing_enabled":true,"jetpack_shortlink":"https:\/\/wp.me\/P6Vaq2-AM","jetpack_likes_enabled":true,"_links":{"self":[{"href":"https:\/\/voyager3.com\/index.php?rest_route=\/wp\/v2\/pages\/2280","targetHints":{"allow":["GET"]}}],"collection":[{"href":"https:\/\/voyager3.com\/index.php?rest_route=\/wp\/v2\/pages"}],"about":[{"href":"https:\/\/voyager3.com\/index.php?rest_route=\/wp\/v2\/types\/page"}],"author":[{"embeddable":true,"href":"https:\/\/voyager3.com\/index.php?rest_route=\/wp\/v2\/users\/8"}],"replies":[{"embeddable":true,"href":"https:\/\/voyager3.com\/index.php?rest_route=%2Fwp%2Fv2%2Fcomments&post=2280"}],"version-history":[{"count":14,"href":"https:\/\/voyager3.com\/index.php?rest_route=\/wp\/v2\/pages\/2280\/revisions"}],"predecessor-version":[{"id":2303,"href":"https:\/\/voyager3.com\/index.php?rest_route=\/wp\/v2\/pages\/2280\/revisions\/2303"}],"up":[{"embeddable":true,"href":"https:\/\/voyager3.com\/index.php?rest_route=\/wp\/v2\/pages\/285"}],"wp:attachment":[{"href":"https:\/\/voyager3.com\/index.php?rest_route=%2Fwp%2Fv2%2Fmedia&parent=2280"}],"curies":[{"name":"wp","href":"https:\/\/api.w.org\/{rel}","templated":true}]}}