{"id":2227,"date":"2018-02-04T19:22:19","date_gmt":"2018-02-04T18:22:19","guid":{"rendered":"http:\/\/voyager3.com\/?page_id=2227"},"modified":"2019-02-09T19:04:31","modified_gmt":"2019-02-09T18:04:31","slug":"arduinastro","status":"publish","type":"page","link":"https:\/\/voyager3.com\/?page_id=2227","title":{"rendered":"Arduin&rsquo;Astro"},"content":{"rendered":"<p>&nbsp;<\/p>\n<p><a href=\"https:\/\/i0.wp.com\/voyager3.com\/wp-content\/uploads\/2019\/02\/20171216_035739.jpg?ssl=1\"><img data-recalc-dims=\"1\" loading=\"lazy\" decoding=\"async\" data-attachment-id=\"2369\" data-permalink=\"https:\/\/voyager3.com\/?attachment_id=2369\" data-orig-file=\"https:\/\/i0.wp.com\/voyager3.com\/wp-content\/uploads\/2019\/02\/20171216_035739.jpg?fit=640%2C480&amp;ssl=1\" data-orig-size=\"640,480\" data-comments-opened=\"0\" data-image-meta=\"{&quot;aperture&quot;:&quot;2.6&quot;,&quot;credit&quot;:&quot;&quot;,&quot;camera&quot;:&quot;GT-I8190N&quot;,&quot;caption&quot;:&quot;&quot;,&quot;created_timestamp&quot;:&quot;1513396659&quot;,&quot;copyright&quot;:&quot;&quot;,&quot;focal_length&quot;:&quot;3.54&quot;,&quot;iso&quot;:&quot;50&quot;,&quot;shutter_speed&quot;:&quot;0.006944&quot;,&quot;title&quot;:&quot;&quot;,&quot;orientation&quot;:&quot;1&quot;}\" data-image-title=\"20171216_035739\" data-image-description=\"\" data-image-caption=\"\" data-large-file=\"https:\/\/i0.wp.com\/voyager3.com\/wp-content\/uploads\/2019\/02\/20171216_035739.jpg?fit=640%2C480&amp;ssl=1\" class=\"wp-image-2369 alignright\" src=\"https:\/\/i0.wp.com\/voyager3.com\/wp-content\/uploads\/2019\/02\/20171216_035739.jpg?resize=271%2C204&#038;ssl=1\" alt=\"\" width=\"271\" height=\"204\" srcset=\"https:\/\/i0.wp.com\/voyager3.com\/wp-content\/uploads\/2019\/02\/20171216_035739.jpg?w=640&amp;ssl=1 640w, https:\/\/i0.wp.com\/voyager3.com\/wp-content\/uploads\/2019\/02\/20171216_035739.jpg?resize=300%2C225&amp;ssl=1 300w, https:\/\/i0.wp.com\/voyager3.com\/wp-content\/uploads\/2019\/02\/20171216_035739.jpg?resize=175%2C131&amp;ssl=1 175w\" sizes=\"auto, (max-width: 271px) 100vw, 271px\" \/><\/a><\/p>\n<p style=\"text-align: justify;\">En remplacement du<a href=\"https:\/\/voyager3.com\/?page_id=342\"> PIC-astro<\/a>, nous avons d\u00e9velopp\u00e9 un syst\u00e8me de pilotage baptis\u00e9 Arduin\u2019Astro. Ce syst\u00e8me a \u00e9t\u00e9 mis en place au courant de l\u2019ann\u00e9e 2018. Cette page a pour vocation de pr\u00e9senter les grandes lignes de cette r\u00e9alisation.<\/p>\n<p>&nbsp;<\/p>\n<p>&nbsp;<\/p>\n<p><span style=\"text-decoration: underline;\"><strong>L&rsquo;Histoire<\/strong><\/span><\/p>\n<p style=\"text-align: justify;\">Depuis l&rsquo;arriv\u00e9e de la coupole en 2008, la mise en poste fixe du t\u00e9lescope associ\u00e9 (T314 puis T430), nous a incit\u00e9 \u00e0 utiliser un syst\u00e8me de motorisation fiable tout en minimisant le coup. Connaissant Arnaud G\u00e9rard, cr\u00e9ateur du c\u00e9l\u00e8bre <a href=\"https:\/\/voyager3.com\/?page_id=342\"> PIC-astro<\/a>, nous avons utilis\u00e9 ce syst\u00e8me. Le <a href=\"https:\/\/voyager3.com\/?page_id=342\"> PIC-astro<\/a> est \u00e0 l&rsquo;origine con\u00e7u pour des montures de t\u00e9lescope transportable. Toutefois, compte tenu de la d\u00e9multiplication de notre syst\u00e8me d\u2019entra\u00eenement, le <a href=\"https:\/\/voyager3.com\/?page_id=342\"> PIC-astro<\/a> peut \u00eatre parfaitement utilis\u00e9 pour notre monture.<\/p>\n<p style=\"text-align: justify;\">Nous avons fonctionn\u00e9 ainsi pendant quasiment 10 ans, jusqu&rsquo;en 2018. Toutefois, depuis plusieurs ann\u00e9e, les limitations de puissance dues au <a href=\"https:\/\/voyager3.com\/?page_id=342\"> PIC-astro<\/a> et les besoins de puissance dus aux frottement m\u00e9caniques ont soulign\u00e9 les limites de cette solution. Notamment pour faire un auto-guidage op\u00e9rationnel, nous avions besoin de moins de jeu m\u00e9canique. R\u00e9duire le jeux implique de gagner en puissance et donc d&rsquo;abandonner le <a href=\"https:\/\/voyager3.com\/?page_id=342\"> PIC-astro<\/a> qui a jou\u00e9 sont r\u00f4le pendant de nombreuses ann\u00e9es.<\/p>\n<p style=\"text-align: justify;\"><span style=\"text-decoration: underline;\"><strong>Les besoins:<\/strong><\/span><\/p>\n<p style=\"text-align: justify;\"><a href=\"https:\/\/i0.wp.com\/voyager3.com\/wp-content\/uploads\/2019\/02\/20171216_040118.jpg?ssl=1\"><img data-recalc-dims=\"1\" loading=\"lazy\" decoding=\"async\" data-attachment-id=\"2366\" data-permalink=\"https:\/\/voyager3.com\/?attachment_id=2366\" data-orig-file=\"https:\/\/i0.wp.com\/voyager3.com\/wp-content\/uploads\/2019\/02\/20171216_040118-e1549714248671.jpg?fit=480%2C640&amp;ssl=1\" data-orig-size=\"480,640\" data-comments-opened=\"0\" data-image-meta=\"{&quot;aperture&quot;:&quot;2.6&quot;,&quot;credit&quot;:&quot;&quot;,&quot;camera&quot;:&quot;GT-I8190N&quot;,&quot;caption&quot;:&quot;&quot;,&quot;created_timestamp&quot;:&quot;1513396878&quot;,&quot;copyright&quot;:&quot;&quot;,&quot;focal_length&quot;:&quot;3.54&quot;,&quot;iso&quot;:&quot;50&quot;,&quot;shutter_speed&quot;:&quot;0.006289&quot;,&quot;title&quot;:&quot;&quot;,&quot;orientation&quot;:&quot;6&quot;}\" data-image-title=\"20171216_040118\" data-image-description=\"\" data-image-caption=\"\" data-large-file=\"https:\/\/i0.wp.com\/voyager3.com\/wp-content\/uploads\/2019\/02\/20171216_040118-e1549714248671.jpg?fit=480%2C640&amp;ssl=1\" class=\"wp-image-2366 alignleft\" src=\"https:\/\/i0.wp.com\/voyager3.com\/wp-content\/uploads\/2019\/02\/20171216_040118-e1549714248671.jpg?resize=160%2C213&#038;ssl=1\" alt=\"\" width=\"160\" height=\"213\" srcset=\"https:\/\/i0.wp.com\/voyager3.com\/wp-content\/uploads\/2019\/02\/20171216_040118-e1549714248671.jpg?w=480&amp;ssl=1 480w, https:\/\/i0.wp.com\/voyager3.com\/wp-content\/uploads\/2019\/02\/20171216_040118-e1549714248671.jpg?resize=225%2C300&amp;ssl=1 225w, https:\/\/i0.wp.com\/voyager3.com\/wp-content\/uploads\/2019\/02\/20171216_040118-e1549714248671.jpg?resize=375%2C500&amp;ssl=1 375w\" sizes=\"auto, (max-width: 160px) 100vw, 160px\" \/><\/a>La m\u00e9canique et le syst\u00e8me d&rsquo;encodeur du t\u00e9lescope ont \u00e9t\u00e9 totalement r\u00e9alis\u00e9 par les membres de l&rsquo;association. Ainsi, seule l&rsquo;interface entre les moteurs et l&rsquo;ordinateur n&rsquo;\u00e9tait pas un \u00e9l\u00e9ment dont nous ma\u00eetrisions la conception.<\/p>\n<p style=\"text-align: justify;\">Trouver un syst\u00e8me pr\u00e9existant pouvant fonctionner sous linux et avec un protocole et des sources ouvertes disponibles est une denr\u00e9e rare.<\/p>\n<p style=\"text-align: justify;\">Afin de limiter les coups, l&rsquo;objectif \u00e9tait aussi d&rsquo;avoir un syst\u00e8me \u00e9volutif permettant de conserver le moteur Nanotech utilis\u00e9 avec <a href=\"https:\/\/voyager3.com\/?page_id=342\"> PIC-astro<\/a>. Ces moteurs alimenter en 12V avec <a href=\"https:\/\/voyager3.com\/?page_id=342\"> PIC-astro<\/a> n&rsquo;\u00e9taient pas utilis\u00e9 \u00e0 pleine capacit\u00e9 , les moteurs pouvant support\u00e9 du 48V.<\/p>\n<p style=\"text-align: justify;\">Le c\u00e9l\u00e8bre syst\u00e8me <a href=\"http:\/\/www.astrosurf.com\/mcmtii\/\">MCMT2<\/a> est compatible avec Ascom est proche de nos besoin. Toutefois, notre syst\u00e8me d&rsquo;encodeur fonctionnant sous linux, cela nous a d&rsquo;autant plus incit\u00e9 \u00e0 se lancer dans l&rsquo;aventure de r\u00e9aliser notre propre syst\u00e8me de pilotage. <a href=\"http:\/\/www.astrosurf.com\/mcmtii\/\">MCMT2<\/a> a \u00e9volu\u00e9 en une version utilisant des cartes de type arduino (carte Chipkit \u00b532).<\/p>\n<p style=\"text-align: justify;\">Fort de ce constat, nous sommes partie pour r\u00e9aliser notre syst\u00e8me que nous baptisons Arduin&rsquo;Astro en r\u00e9f\u00e9rence aux cartes compatibles arduino et en\u00a0 clin d&rsquo;oeil au PIC-astro.<\/p>\n<p><strong>Etage de logique:<\/strong><\/p>\n<p style=\"text-align: justify;\">Des cartes Chipkit \u00b532 sont utiliser de la fa\u00e7on suivante:<a href=\"https:\/\/i0.wp.com\/voyager3.com\/wp-content\/uploads\/2019\/02\/20171216_035811.jpg?ssl=1\"><img data-recalc-dims=\"1\" loading=\"lazy\" decoding=\"async\" data-attachment-id=\"2370\" data-permalink=\"https:\/\/voyager3.com\/?attachment_id=2370\" data-orig-file=\"https:\/\/i0.wp.com\/voyager3.com\/wp-content\/uploads\/2019\/02\/20171216_035811.jpg?fit=629%2C255&amp;ssl=1\" data-orig-size=\"629,255\" data-comments-opened=\"0\" data-image-meta=\"{&quot;aperture&quot;:&quot;0&quot;,&quot;credit&quot;:&quot;&quot;,&quot;camera&quot;:&quot;&quot;,&quot;caption&quot;:&quot;&quot;,&quot;created_timestamp&quot;:&quot;0&quot;,&quot;copyright&quot;:&quot;&quot;,&quot;focal_length&quot;:&quot;0&quot;,&quot;iso&quot;:&quot;0&quot;,&quot;shutter_speed&quot;:&quot;0&quot;,&quot;title&quot;:&quot;&quot;,&quot;orientation&quot;:&quot;0&quot;}\" data-image-title=\"20171216_035811\" data-image-description=\"\" data-image-caption=\"\" data-large-file=\"https:\/\/i0.wp.com\/voyager3.com\/wp-content\/uploads\/2019\/02\/20171216_035811.jpg?fit=629%2C255&amp;ssl=1\" class=\" wp-image-2370 alignright\" src=\"https:\/\/i0.wp.com\/voyager3.com\/wp-content\/uploads\/2019\/02\/20171216_035811.jpg?resize=402%2C163&#038;ssl=1\" alt=\"\" width=\"402\" height=\"163\" srcset=\"https:\/\/i0.wp.com\/voyager3.com\/wp-content\/uploads\/2019\/02\/20171216_035811.jpg?w=629&amp;ssl=1 629w, https:\/\/i0.wp.com\/voyager3.com\/wp-content\/uploads\/2019\/02\/20171216_035811.jpg?resize=300%2C122&amp;ssl=1 300w\" sizes=\"auto, (max-width: 402px) 100vw, 402px\" \/><\/a><\/p>\n<p style=\"text-align: justify;\">La premi\u00e8re carte sert d&rsquo;interface avec le PC. Dans notre cas, c&rsquo;est le programme d&rsquo;encodeur qui pilote arduin&rsquo;astro en traduisant le LX200 dans le protocole sp\u00e9cifique \u00e0 arduin&rsquo;Astro. La premi\u00e8re carte assure aussi le pilotage du moteur d\u2019ascension droite et g\u00e8re le signaux en direction de la seconde carte.<\/p>\n<p style=\"text-align: justify;\">La seconde carte g\u00e8re les signaux en provenance de la premi\u00e8re carte et pilote le moteur de d\u00e9clinaison. Le protocole choisi se veut d&rsquo;\u00eatre minimaliste. A la base\u00a0: Gestion de la position, des vitesses, avec quelques extensions pour l&rsquo;exploitation d&rsquo;information utilise \u00e0 l&rsquo;utilisation que nous en faisons.<\/p>\n<p>&nbsp;<\/p>\n<p style=\"text-align: justify;\"><strong>Etage de puissance<a href=\"https:\/\/i0.wp.com\/voyager3.com\/wp-content\/uploads\/2019\/02\/20171216_035732.jpg?ssl=1\"><img data-recalc-dims=\"1\" loading=\"lazy\" decoding=\"async\" data-attachment-id=\"2368\" data-permalink=\"https:\/\/voyager3.com\/?attachment_id=2368\" data-orig-file=\"https:\/\/i0.wp.com\/voyager3.com\/wp-content\/uploads\/2019\/02\/20171216_035732.jpg?fit=640%2C480&amp;ssl=1\" data-orig-size=\"640,480\" data-comments-opened=\"0\" data-image-meta=\"{&quot;aperture&quot;:&quot;2.6&quot;,&quot;credit&quot;:&quot;&quot;,&quot;camera&quot;:&quot;GT-I8190N&quot;,&quot;caption&quot;:&quot;&quot;,&quot;created_timestamp&quot;:&quot;1513396652&quot;,&quot;copyright&quot;:&quot;&quot;,&quot;focal_length&quot;:&quot;3.54&quot;,&quot;iso&quot;:&quot;50&quot;,&quot;shutter_speed&quot;:&quot;0.02&quot;,&quot;title&quot;:&quot;&quot;,&quot;orientation&quot;:&quot;1&quot;}\" data-image-title=\"20171216_035732\" data-image-description=\"\" data-image-caption=\"\" data-large-file=\"https:\/\/i0.wp.com\/voyager3.com\/wp-content\/uploads\/2019\/02\/20171216_035732.jpg?fit=640%2C480&amp;ssl=1\" class=\"wp-image-2368 alignleft\" src=\"https:\/\/i0.wp.com\/voyager3.com\/wp-content\/uploads\/2019\/02\/20171216_035732.jpg?resize=256%2C192&#038;ssl=1\" alt=\"\" width=\"256\" height=\"192\" srcset=\"https:\/\/i0.wp.com\/voyager3.com\/wp-content\/uploads\/2019\/02\/20171216_035732.jpg?w=640&amp;ssl=1 640w, https:\/\/i0.wp.com\/voyager3.com\/wp-content\/uploads\/2019\/02\/20171216_035732.jpg?resize=300%2C225&amp;ssl=1 300w, https:\/\/i0.wp.com\/voyager3.com\/wp-content\/uploads\/2019\/02\/20171216_035732.jpg?resize=175%2C131&amp;ssl=1 175w\" sizes=\"auto, (max-width: 256px) 100vw, 256px\" \/><\/a><\/strong><\/p>\n<p>L&rsquo;\u00e9tage de puissance est r\u00e9alis\u00e9 avec des drivers pas-pas de type M542 de chez Leadshine. Cette solution est aussi inspir\u00e9 de la <a href=\"http:\/\/www.astrosurf.com\/mcmtii\/m32intro.htm\">MCMT32<\/a>.<\/p>\n<p><strong>Carte m\u00e8re<\/strong><\/p>\n<p>Les deux carte Chipkit \u00b532 devant fonctionner de concert, nous avons r\u00e9aliser une carte m\u00e8re supportant les diff\u00e9rentes connectiques ainsi que les 2 cartes.<\/p>\n<p>&nbsp;<\/p>\n<p style=\"text-align: left;\"><a href=\"https:\/\/i0.wp.com\/voyager3.com\/wp-content\/uploads\/2019\/02\/20171216_041013.jpg?ssl=1\"><img data-recalc-dims=\"1\" loading=\"lazy\" decoding=\"async\" data-attachment-id=\"2365\" data-permalink=\"https:\/\/voyager3.com\/?attachment_id=2365\" data-orig-file=\"https:\/\/i0.wp.com\/voyager3.com\/wp-content\/uploads\/2019\/02\/20171216_041013.jpg?fit=640%2C480&amp;ssl=1\" data-orig-size=\"640,480\" data-comments-opened=\"0\" data-image-meta=\"{&quot;aperture&quot;:&quot;2.6&quot;,&quot;credit&quot;:&quot;&quot;,&quot;camera&quot;:&quot;GT-I8190N&quot;,&quot;caption&quot;:&quot;&quot;,&quot;created_timestamp&quot;:&quot;1513397413&quot;,&quot;copyright&quot;:&quot;&quot;,&quot;focal_length&quot;:&quot;3.54&quot;,&quot;iso&quot;:&quot;50&quot;,&quot;shutter_speed&quot;:&quot;0.02&quot;,&quot;title&quot;:&quot;&quot;,&quot;orientation&quot;:&quot;1&quot;}\" data-image-title=\"20171216_041013\" data-image-description=\"\" data-image-caption=\"\" data-large-file=\"https:\/\/i0.wp.com\/voyager3.com\/wp-content\/uploads\/2019\/02\/20171216_041013.jpg?fit=640%2C480&amp;ssl=1\" class=\"wp-image-2365 alignright\" src=\"https:\/\/i0.wp.com\/voyager3.com\/wp-content\/uploads\/2019\/02\/20171216_041013.jpg?resize=223%2C167&#038;ssl=1\" alt=\"\" width=\"223\" height=\"167\" srcset=\"https:\/\/i0.wp.com\/voyager3.com\/wp-content\/uploads\/2019\/02\/20171216_041013.jpg?w=640&amp;ssl=1 640w, https:\/\/i0.wp.com\/voyager3.com\/wp-content\/uploads\/2019\/02\/20171216_041013.jpg?resize=300%2C225&amp;ssl=1 300w, https:\/\/i0.wp.com\/voyager3.com\/wp-content\/uploads\/2019\/02\/20171216_041013.jpg?resize=175%2C131&amp;ssl=1 175w\" sizes=\"auto, (max-width: 223px) 100vw, 223px\" \/><\/a><br \/>\n<strong>Bo\u00eetier de support<\/strong><\/p>\n<p>L&rsquo;ensemble est confortablement install\u00e9 dans un bo\u00eetier.<\/p>\n<p>Ici la face arri\u00e8re du bo\u00eetier avec les radiateurs des drivers pas \u00e0 pas correspondant \u00e0 l\u2019\u00e9tage de puissance du syst\u00e8me.<\/p>\n<p>&nbsp;<\/p>\n<p>&nbsp;<\/p>\n<p><strong>Extension<\/strong><\/p>\n<p style=\"text-align: justify;\">L&rsquo;ensemble est con\u00e7u afin de pouvoir \u00eatre \u00e9volutif. En particuli\u00e8re le second port RxTX de la second carte chipkit \u00b532 est disponible. Nous avons par exemple pour projet de r\u00e9aliser un t\u00e9l\u00e9commande Bluetooth pour le t\u00e9lescope.<\/p>\n<p>&nbsp;<\/p>\n<p><a href=\"https:\/\/i0.wp.com\/voyager3.com\/wp-content\/uploads\/2019\/02\/20171216_035944.jpg?ssl=1\"><img data-recalc-dims=\"1\" loading=\"lazy\" decoding=\"async\" data-attachment-id=\"2367\" data-permalink=\"https:\/\/voyager3.com\/?attachment_id=2367\" data-orig-file=\"https:\/\/i0.wp.com\/voyager3.com\/wp-content\/uploads\/2019\/02\/20171216_035944.jpg?fit=640%2C480&amp;ssl=1\" data-orig-size=\"640,480\" data-comments-opened=\"0\" data-image-meta=\"{&quot;aperture&quot;:&quot;2.6&quot;,&quot;credit&quot;:&quot;&quot;,&quot;camera&quot;:&quot;GT-I8190N&quot;,&quot;caption&quot;:&quot;&quot;,&quot;created_timestamp&quot;:&quot;1513396784&quot;,&quot;copyright&quot;:&quot;&quot;,&quot;focal_length&quot;:&quot;3.54&quot;,&quot;iso&quot;:&quot;100&quot;,&quot;shutter_speed&quot;:&quot;0.01&quot;,&quot;title&quot;:&quot;&quot;,&quot;orientation&quot;:&quot;1&quot;}\" data-image-title=\"20171216_035944\" data-image-description=\"\" data-image-caption=\"\" data-large-file=\"https:\/\/i0.wp.com\/voyager3.com\/wp-content\/uploads\/2019\/02\/20171216_035944.jpg?fit=640%2C480&amp;ssl=1\" class=\"wp-image-2367 aligncenter\" src=\"https:\/\/i0.wp.com\/voyager3.com\/wp-content\/uploads\/2019\/02\/20171216_035944.jpg?resize=413%2C310&#038;ssl=1\" alt=\"\" width=\"413\" height=\"310\" srcset=\"https:\/\/i0.wp.com\/voyager3.com\/wp-content\/uploads\/2019\/02\/20171216_035944.jpg?w=640&amp;ssl=1 640w, https:\/\/i0.wp.com\/voyager3.com\/wp-content\/uploads\/2019\/02\/20171216_035944.jpg?resize=300%2C225&amp;ssl=1 300w, https:\/\/i0.wp.com\/voyager3.com\/wp-content\/uploads\/2019\/02\/20171216_035944.jpg?resize=175%2C131&amp;ssl=1 175w\" sizes=\"auto, (max-width: 413px) 100vw, 413px\" \/><\/a><\/p>\n","protected":false},"excerpt":{"rendered":"<p>&nbsp; En remplacement du PIC-astro, nous avons d\u00e9velopp\u00e9 un syst\u00e8me de pilotage baptis\u00e9 Arduin\u2019Astro. Ce syst\u00e8me a \u00e9t\u00e9 mis en place au courant de l\u2019ann\u00e9e 2018. Cette page a pour vocation de pr\u00e9senter les grandes lignes de cette r\u00e9alisation. &nbsp; &nbsp; L&rsquo;Histoire Depuis l&rsquo;arriv\u00e9e de la coupole en 2008, la mise en poste fixe du [&hellip;]<\/p>\n","protected":false},"author":2,"featured_media":0,"parent":62,"menu_order":0,"comment_status":"closed","ping_status":"closed","template":"","meta":{"_exactmetrics_skip_tracking":false,"_exactmetrics_sitenote_active":false,"_exactmetrics_sitenote_note":"","_exactmetrics_sitenote_category":0,"jetpack_post_was_ever_published":false,"footnotes":""},"class_list":["post-2227","page","type-page","status-publish","hentry"],"jetpack_sharing_enabled":true,"jetpack_shortlink":"https:\/\/wp.me\/P6Vaq2-zV","jetpack_likes_enabled":true,"_links":{"self":[{"href":"https:\/\/voyager3.com\/index.php?rest_route=\/wp\/v2\/pages\/2227","targetHints":{"allow":["GET"]}}],"collection":[{"href":"https:\/\/voyager3.com\/index.php?rest_route=\/wp\/v2\/pages"}],"about":[{"href":"https:\/\/voyager3.com\/index.php?rest_route=\/wp\/v2\/types\/page"}],"author":[{"embeddable":true,"href":"https:\/\/voyager3.com\/index.php?rest_route=\/wp\/v2\/users\/2"}],"replies":[{"embeddable":true,"href":"https:\/\/voyager3.com\/index.php?rest_route=%2Fwp%2Fv2%2Fcomments&post=2227"}],"version-history":[{"count":4,"href":"https:\/\/voyager3.com\/index.php?rest_route=\/wp\/v2\/pages\/2227\/revisions"}],"predecessor-version":[{"id":2372,"href":"https:\/\/voyager3.com\/index.php?rest_route=\/wp\/v2\/pages\/2227\/revisions\/2372"}],"up":[{"embeddable":true,"href":"https:\/\/voyager3.com\/index.php?rest_route=\/wp\/v2\/pages\/62"}],"wp:attachment":[{"href":"https:\/\/voyager3.com\/index.php?rest_route=%2Fwp%2Fv2%2Fmedia&parent=2227"}],"curies":[{"name":"wp","href":"https:\/\/api.w.org\/{rel}","templated":true}]}}