{"id":2052,"date":"2016-07-07T22:46:42","date_gmt":"2016-07-07T20:46:42","guid":{"rendered":"http:\/\/voyager3.com\/?page_id=2052"},"modified":"2025-07-03T18:55:53","modified_gmt":"2025-07-03T16:55:53","slug":"nuit-des-etoiles-2016","status":"publish","type":"page","link":"https:\/\/voyager3.com\/?page_id=2052","title":{"rendered":"Nuit des \u00e9toiles 2016"},"content":{"rendered":"<h2 class=\"hero__subtitle\">Au fil de l&rsquo;eau, la recherche de la Vie<\/h2>\n<table  class=\" table table-hover\" >\n<tbody>\n<tr>\n<td>\n<p style=\"text-align: center;\"><a href=\"https:\/\/i0.wp.com\/voyager3.com\/wp-content\/uploads\/2016\/06\/affiche_NDE_2016_web.jpg?ssl=1\"><img data-recalc-dims=\"1\" loading=\"lazy\" decoding=\"async\" data-attachment-id=\"2054\" data-permalink=\"https:\/\/voyager3.com\/?attachment_id=2054\" data-orig-file=\"https:\/\/i0.wp.com\/voyager3.com\/wp-content\/uploads\/2016\/06\/affiche_NDE_2016_web.jpg?fit=565%2C800&amp;ssl=1\" data-orig-size=\"565,800\" data-comments-opened=\"0\" data-image-meta=\"{&quot;aperture&quot;:&quot;0&quot;,&quot;credit&quot;:&quot;&quot;,&quot;camera&quot;:&quot;&quot;,&quot;caption&quot;:&quot;&quot;,&quot;created_timestamp&quot;:&quot;0&quot;,&quot;copyright&quot;:&quot;&quot;,&quot;focal_length&quot;:&quot;0&quot;,&quot;iso&quot;:&quot;0&quot;,&quot;shutter_speed&quot;:&quot;0&quot;,&quot;title&quot;:&quot;&quot;,&quot;orientation&quot;:&quot;0&quot;}\" data-image-title=\"affiche_NDE_2016\" data-image-description=\"\" data-image-caption=\"\" data-large-file=\"https:\/\/i0.wp.com\/voyager3.com\/wp-content\/uploads\/2016\/06\/affiche_NDE_2016_web.jpg?fit=565%2C800&amp;ssl=1\" class=\"alignleft wp-image-2054 size-medium\" src=\"https:\/\/i0.wp.com\/voyager3.com\/wp-content\/uploads\/2016\/06\/affiche_NDE_2016_web.jpg?resize=212%2C300&#038;ssl=1\" alt=\"affiche_NDE_2016\" width=\"212\" height=\"300\" srcset=\"https:\/\/i0.wp.com\/voyager3.com\/wp-content\/uploads\/2016\/06\/affiche_NDE_2016_web.jpg?resize=212%2C300&amp;ssl=1 212w, https:\/\/i0.wp.com\/voyager3.com\/wp-content\/uploads\/2016\/06\/affiche_NDE_2016_web.jpg?resize=353%2C500&amp;ssl=1 353w, https:\/\/i0.wp.com\/voyager3.com\/wp-content\/uploads\/2016\/06\/affiche_NDE_2016_web.jpg?w=565&amp;ssl=1 565w\" sizes=\"auto, (max-width: 212px) 100vw, 212px\" \/><\/a><\/p>\n<p style=\"text-align: center;\">Samedi 6\u00a0ao\u00fbt 2016 \u00e0 partir de 17h00<\/p>\n<div style=\"text-align: center;\">\n<p>Observatoire Bretagne Atlantique<br \/>\n44530 S\u00e9v\u00e9rac<br \/>\nEntr\u00e9e gratuite<\/p>\n<\/div>\n<p style=\"text-align: center;\">Pour plus d&rsquo;informations sur cette manifestation nationale, rendez-vous sur le <a title=\"Site national officiel.\" href=\"https:\/\/www.afastronomie.fr\/les-nuits-des-etoiles\" target=\"_blank\" rel=\"noopener noreferrer\">site officiel<\/a>.<\/p>\n<p style=\"text-align: center;\"><span style=\"font-size: 12pt;\"><b>Suivez-nous en direct sur les r\u00e9seaux sociaux :<br \/>\n<a href=\"https:\/\/twitter.com\/VOYAGER_3_Astro\" target=\"blank\" rel=\"noopener noreferrer\">Twitter<\/a>, <a href=\"https:\/\/www.facebook.com\/V3A.OBA\" target=\"blank\" rel=\"noopener noreferrer\">Facebook<\/a>, <a href=\"https:\/\/plus.google.com\/u\/0\/+Voyager3astro\" target=\"blank\" rel=\"noopener noreferrer\">Google+<br \/>\n<\/a><\/b>#NDE2016<\/span><\/p>\n<p style=\"text-align: center;\"><span style=\"font-size: 12pt;\">Partenaires :<\/span><br \/>\n<span style=\"font-size: 12pt;\"> <a href=\"http:\/\/www.afanet.fr\/\" target=\"_blank\" rel=\"noopener noreferrer\">AFA<\/a>\u00a0; <a href=\"http:\/\/www.cieletespace.fr\">Ciel &amp; Espace<\/a> ; <a href=\"http:\/\/www.cnes.fr\/web\/CNES-fr\/11305-rosetta-rendez-vous-avec-la-comete-churyumov-gerasimenko.php\" target=\"_blank\" rel=\"noopener noreferrer\">CNES<br \/>\n<\/a><a href=\"http:\/\/www.astrium.eads.net\/\" target=\"_blank\" rel=\"noopener noreferrer\">Airbus Defence &amp; Space<\/a> ; <a href=\"http:\/\/www.cea.fr\/\" target=\"_blank\" rel=\"noopener noreferrer\">CEA<\/a> ; \u00a0<a href=\"http:\/\/www.cnrs.fr\/fr\/organisme\/presentation.htm\/\" target=\"_blank\" rel=\"noopener noreferrer\">CNRS<\/a><\/span><br \/>\n<span style=\"font-size: 12pt;\"> <a href=\"http:\/\/www.mairie-severac.fr\/\" target=\"_blank\" rel=\"noopener noreferrer\">Commune de S\u00e9v\u00e9rac<\/a> ; <a href=\"http:\/\/www.tourismesaintgildasdesbois.fr\/\" target=\"_blank\" rel=\"noopener noreferrer\">Office de tourisme de Pontch\u00e2teau Saint-Gildas-des-Bois<\/a><\/span><\/p>\n<\/td>\n<\/tr>\n<\/tbody>\n<\/table>\n<p>Comme tous les ans, <b>VOYAGER 3 Astronomie<\/b> vous invite \u00e0 retrouver ses animateurs pour f\u00eater les \u00e9toiles.<\/p>\n<p>Pour la 26\u00e8me \u00e9dition de cette grande f\u00eate du ciel nationale (la 24\u00e8me \u00e0 S\u00e9v\u00e9rac), nous vous attendons \u00e0 l&rsquo;Observatoire Bretagne Atlantique pour parler de l&rsquo;eau dans l&rsquo;univers en g\u00e9n\u00e9ral et dans le syst\u00e8me solaire en particulier, et partir \u00e0 la recherche de la vie.<br \/>\nRetrouvez-nous autour de stands, d&rsquo;\u00e9changes avec nos membres, de mini expos\u00e9s, guid\u00e9s par nos animateurs si vous le souhaitez. Et toujours priorit\u00e9 \u00e0 l&rsquo;observation, r\u00e9elle ou virtuelle, en fonction de la m\u00e9t\u00e9o&#8230;<\/p>\n<table  class=\" table table-hover\" >\n<tbody>\n<tr>\n<td>\n<figure class=\"thumbnail wp-caption alignright\" style=\"width: 210px\"><img data-recalc-dims=\"1\" loading=\"lazy\" decoding=\"async\" class=\"\" src=\"https:\/\/i0.wp.com\/www.afastronomie.fr\/media\/default\/0001\/13\/802-00600-03high-5762.jpeg?resize=200%2C301&#038;ssl=1\" alt=\"Andr\u00e9 Brahic\" width=\"200\" height=\"301\" \/><figcaption class=\"caption wp-caption-text\">Andr\u00e9 Brahic &#8211; Cr\u00e9dit : A. Poilleux\/Ciel et Espace Photos<\/figcaption><\/figure>\n<p>Cette ann\u00e9e, Les Nuits des \u00c9toiles rendront hommage \u00e0 Andr\u00e9 Brahic, grand astrophysicien fran\u00e7ais d\u00e9c\u00e9d\u00e9 le 15 mai. Le scientifique, passionn\u00e9 par le ciel, \u00e9tait un grand d\u00e9fendeur des Nuits des \u00c9toiles et un adepte de l\u2019\u00e9v\u00e9nement.<\/td>\n<\/tr>\n<\/tbody>\n<\/table>\n<p><span style=\"color: #0099ff; font-family: 'Times New Roman', Times, serif; font-size: large;\"><b><i><u>Demandez le programme !<\/u><\/i><\/b><\/span><\/p>\n<ul>\n<li><b>17h00 :<\/b> parcours guid\u00e9 au travers des expositions, ateliers, maquettes, d\u00e9monstrations et observations par les membres de VOYAGER 3 Astronomie :<a href=\"https:\/\/i0.wp.com\/voyager3.com\/wp-content\/uploads\/2016\/07\/6cd366_c33cfeac5fa64bac9476cdf3b44ee0ee.png?ssl=1\"><img data-recalc-dims=\"1\" loading=\"lazy\" decoding=\"async\" data-attachment-id=\"2070\" data-permalink=\"https:\/\/voyager3.com\/?attachment_id=2070\" data-orig-file=\"https:\/\/i0.wp.com\/voyager3.com\/wp-content\/uploads\/2016\/07\/6cd366_c33cfeac5fa64bac9476cdf3b44ee0ee.png?fit=235%2C122&amp;ssl=1\" data-orig-size=\"235,122\" data-comments-opened=\"0\" data-image-meta=\"{&quot;aperture&quot;:&quot;0&quot;,&quot;credit&quot;:&quot;&quot;,&quot;camera&quot;:&quot;&quot;,&quot;caption&quot;:&quot;&quot;,&quot;created_timestamp&quot;:&quot;0&quot;,&quot;copyright&quot;:&quot;&quot;,&quot;focal_length&quot;:&quot;0&quot;,&quot;iso&quot;:&quot;0&quot;,&quot;shutter_speed&quot;:&quot;0&quot;,&quot;title&quot;:&quot;&quot;,&quot;orientation&quot;:&quot;0&quot;}\" data-image-title=\"6cd366_c33cfeac5fa64bac9476cdf3b44ee0ee\" data-image-description=\"\" data-image-caption=\"\" data-large-file=\"https:\/\/i0.wp.com\/voyager3.com\/wp-content\/uploads\/2016\/07\/6cd366_c33cfeac5fa64bac9476cdf3b44ee0ee.png?fit=235%2C122&amp;ssl=1\" class=\"wp-image-2070 alignright\" src=\"https:\/\/i0.wp.com\/voyager3.com\/wp-content\/uploads\/2016\/07\/6cd366_c33cfeac5fa64bac9476cdf3b44ee0ee.png?resize=134%2C67&#038;ssl=1\" alt=\"6cd366_c33cfeac5fa64bac9476cdf3b44ee0ee\" width=\"134\" height=\"67\" \/><\/a>\n<ul>\n<li><a href=\"http:\/\/www.lpainformations.com\/\" target=\"_blank\" rel=\"noopener noreferrer\"><b>Le plan\u00e9tarium du Laboratoire P\u00e9dagogique d&rsquo;Astronomie<\/b><\/a><b><\/b><b><\/b><\/li>\n<li>Pr\u00e9sentation de l&rsquo;association VOYAGER 3 Astronomie<\/li>\n<li>L&rsquo;OBA : Observatoire Bretagne Atlantique<\/li>\n<li>Le t\u00e9lescope de 430mm de diam\u00e8tre (T430)<\/li>\n<li>L&rsquo;observateur d\u00e9butant<\/li>\n<li>Protection de l&rsquo;environnement nocturne et \u00e9conomies d&rsquo;\u00e9nergie<\/li>\n<li>La Lune<\/li>\n<li>On a march\u00e9 sur la Lune<\/li>\n<li>Voyage au fil des plan\u00e8tes<\/li>\n<li>La vie des \u00e9toiles<\/li>\n<li>Les galaxies<\/li>\n<li>Observations du Soleil (t\u00e9lescopes et lunettes \u00e9quip\u00e9s sp\u00e9cialement, coronographes&#8230;) et de la Lune<\/li>\n<li>Fus\u00e9es \u00e0 eau<\/li>\n<\/ul>\n<\/li>\n<li><b>19h00-20h00 :<\/b> Pique-nique, restauration disponible sur place.<\/li>\n<li><b>23H45 :<\/b> \u00ab\u00a0Les oreilles dans les \u00e9toiles\u00a0\u00bb, promenade sur la vo\u00fbte c\u00e9leste (en ext\u00e9rieur) cont\u00e9e par S\u00e9bastien Poirier, docteur en astrophysique et pr\u00e9sident de VOYAGER 3 Astronomie, accompagn\u00e9 par les animateurs parmi les spectateurs.<\/li>\n<li><span style=\"font-size: small;\"><b>Mais aussi&#8230;<\/b><\/span>\n<ul>\n<li>D\u00e8s la tomb\u00e9e de la nuit, \u00e9merveillez-vous devant galaxies et n\u00e9buleuses jusqu&rsquo;au bout de la nuit gr\u00e2ce aux t\u00e9lescopes mis \u00e0 votre disposition, dont le t\u00e9lescope de 430 mm enti\u00e8rement informatis\u00e9 sous la coupole.<\/li>\n<li>D\u00e9salt\u00e9rez-vous et restaurez-vous \u00e0 l&rsquo;astrobar sp\u00e9cialement mis en place pour l&rsquo;occasion.<\/li>\n<\/ul>\n<\/li>\n<\/ul>\n<p><b>Une trentaine d&rsquo;animateurs et b\u00e9n\u00e9voles pour vous faire (re)d\u00e9couvrir les merveilles de l&rsquo;Univers, avec plus d&rsquo;une vingtaine d&rsquo;instruments allant de la lunette de 60 mm au t\u00e9lescope de 430 mm.<\/b><\/p>\n<p align=\"center\"><b>Entr\u00e9e libre<\/b><br \/>\n<i>(Pas de r\u00e9servation possible, pas d&rsquo;accompagnement sp\u00e9cifique pour les groupes :<br \/>\nconsultez notre <a href=\"https:\/\/voyager3.com\/wp-content\/uploads\/2015\/06\/V3A_dossier_animation_2013.pdf\">dossier d&rsquo;animations<\/a> pour convenir d&rsquo;une prestation \u00e0 une autre date)<\/i><\/p>\n<p align=\"center\">Pour plus de renseignements : 02 40 15 58 86, 06 52 68 20 79 ou <a href=\"mailto:info@voyager3.com\">info@voyager3.com<\/a><\/p>\n","protected":false},"excerpt":{"rendered":"<p>Au fil de l&rsquo;eau, la recherche de la Vie Samedi 6\u00a0ao\u00fbt 2016 \u00e0 partir de 17h00 Observatoire Bretagne Atlantique 44530 S\u00e9v\u00e9rac Entr\u00e9e gratuite Pour plus d&rsquo;informations sur cette manifestation nationale, rendez-vous sur le site officiel. Suivez-nous en direct sur les r\u00e9seaux sociaux : Twitter, Facebook, Google+ #NDE2016 Partenaires : AFA\u00a0; Ciel &amp; Espace ; CNES [&hellip;]<\/p>\n","protected":false},"author":8,"featured_media":0,"parent":285,"menu_order":2016,"comment_status":"closed","ping_status":"closed","template":"","meta":{"_exactmetrics_skip_tracking":false,"_exactmetrics_sitenote_active":false,"_exactmetrics_sitenote_note":"","_exactmetrics_sitenote_category":0,"jetpack_post_was_ever_published":false,"footnotes":""},"class_list":["post-2052","page","type-page","status-publish","hentry"],"jetpack_sharing_enabled":true,"jetpack_shortlink":"https:\/\/wp.me\/P6Vaq2-x6","jetpack_likes_enabled":true,"_links":{"self":[{"href":"https:\/\/voyager3.com\/index.php?rest_route=\/wp\/v2\/pages\/2052","targetHints":{"allow":["GET"]}}],"collection":[{"href":"https:\/\/voyager3.com\/index.php?rest_route=\/wp\/v2\/pages"}],"about":[{"href":"https:\/\/voyager3.com\/index.php?rest_route=\/wp\/v2\/types\/page"}],"author":[{"embeddable":true,"href":"https:\/\/voyager3.com\/index.php?rest_route=\/wp\/v2\/users\/8"}],"replies":[{"embeddable":true,"href":"https:\/\/voyager3.com\/index.php?rest_route=%2Fwp%2Fv2%2Fcomments&post=2052"}],"version-history":[{"count":15,"href":"https:\/\/voyager3.com\/index.php?rest_route=\/wp\/v2\/pages\/2052\/revisions"}],"predecessor-version":[{"id":2543,"href":"https:\/\/voyager3.com\/index.php?rest_route=\/wp\/v2\/pages\/2052\/revisions\/2543"}],"up":[{"embeddable":true,"href":"https:\/\/voyager3.com\/index.php?rest_route=\/wp\/v2\/pages\/285"}],"wp:attachment":[{"href":"https:\/\/voyager3.com\/index.php?rest_route=%2Fwp%2Fv2%2Fmedia&parent=2052"}],"curies":[{"name":"wp","href":"https:\/\/api.w.org\/{rel}","templated":true}]}}