{"id":1835,"date":"2015-12-20T18:02:00","date_gmt":"2015-12-20T17:02:00","guid":{"rendered":"http:\/\/voyager3.com\/?page_id=1835"},"modified":"2015-12-20T18:02:43","modified_gmt":"2015-12-20T17:02:43","slug":"statuts-de-lassociation","status":"publish","type":"page","link":"https:\/\/voyager3.com\/?page_id=1835","title":{"rendered":"Statuts de l&rsquo;association"},"content":{"rendered":"<p class=\"western\" style=\"text-align: left;\"><span style=\"font-family: verdana,geneva,sans-serif; font-size: 18pt; color: #000080;\"><strong>ASSOCIATION Loi 1901<\/strong><\/span><\/p>\n<p><span style=\"font-family: verdana,geneva,sans-serif; font-size: 12pt; color: #000080;\"><strong>Article 1<\/strong><\/span><\/p>\n<p><span style=\"font-family: verdana,geneva,sans-serif; font-size: 12pt; color: #000080;\">Il est cr\u00e9\u00e9 entre les adh\u00e9rents aux pr\u00e9sents statuts une association r\u00e9gie par la loi du 1er juillet 1901 ayant pour d\u00e9nomination: \u00ab\u00a0VOYAGER 3 Astronomie\u00a0\u00bb.<\/span><\/p>\n<p class=\"western\"><span style=\"font-family: verdana,geneva,sans-serif; font-size: 12pt; color: #000080;\"><b>Article 2 &#8211; objet<\/b><\/span><\/p>\n<p class=\"western\"><span style=\"font-family: verdana,geneva,sans-serif; font-size: 12pt; color: #000080;\">Cette association a pour objet\u00a0: l\u2019initiation et la pratique de l\u2019astronomie.<\/span><\/p>\n<p class=\"western\"><span style=\"font-family: verdana,geneva,sans-serif; font-size: 12pt; color: #000080;\"><b>Article 3 &#8211; adresse<\/b><\/span><\/p>\n<p class=\"western\"><span style=\"font-family: verdana,geneva,sans-serif; font-size: 12pt; color: #000080;\">Le si\u00e8ge de l&rsquo;association est fix\u00e9 \u00e0 la Mairie de S\u00e9v\u00e9rac 44530 S\u00e9v\u00e9rac<\/span><\/p>\n<p class=\"western\"><span style=\"font-family: verdana,geneva,sans-serif; font-size: 12pt; color: #000080;\">Il pourra \u00eatre transf\u00e9r\u00e9 par d\u00e9cision de l&rsquo;assembl\u00e9e g\u00e9n\u00e9rale.<\/span><\/p>\n<p class=\"western\"><span style=\"font-family: verdana,geneva,sans-serif; font-size: 12pt; color: #000080;\"><b>Article 4 &#8211; dur\u00e9e<\/b><\/span><\/p>\n<p class=\"western\"><span style=\"font-family: verdana,geneva,sans-serif; font-size: 12pt; color: #000080;\">La dur\u00e9e de l&rsquo;association est illimit\u00e9e.<\/span><\/p>\n<p class=\"western\"><span style=\"font-family: verdana,geneva,sans-serif; font-size: 12pt; color: #000080;\"><b>Article 5 \u2013 composition<\/b><\/span><\/p>\n<p class=\"western\"><span style=\"font-family: verdana,geneva,sans-serif; font-size: 12pt; color: #000080;\">L\u2019association se compose\u00a0:<\/span><\/p>\n<ul>\n<li>\n<p class=\"western\"><span style=\"font-family: verdana,geneva,sans-serif; font-size: 12pt; color: #000080;\">d\u2019adh\u00e9rents\u00a0: membres de l\u2019association depuis moins d\u2019un an et \u00e0 jour de leur cotisation annuelle,<\/span><\/p>\n<\/li>\n<li>\n<p class=\"western\"><span style=\"font-family: verdana,geneva,sans-serif; font-size: 12pt; color: #000080;\">de membres actifs\u00a0: membres de l\u2019association depuis plus d\u2019un an et \u00e0 jour de leur cotisation annuelle,<\/span><\/p>\n<\/li>\n<li>\n<p class=\"western\"><span style=\"font-family: verdana,geneva,sans-serif; font-size: 12pt; color: #000080;\">de membres d\u2019honneurs\u00a0: personnes ext\u00e9rieures \u00e0 l\u2019association d\u00e9sign\u00e9es par le conseil d\u2019administration,<\/span><\/p>\n<\/li>\n<li>\n<p class=\"western\"><span style=\"font-family: verdana,geneva,sans-serif; font-size: 12pt; color: #000080;\">de membres bienfaiteurs\u00a0: personnes qui soutiennent financi\u00e8rement l\u2019association au-del\u00e0 de la cotisation ordinaire.<\/span><\/p>\n<\/li>\n<\/ul>\n<p class=\"western\"><span style=\"font-family: verdana,geneva,sans-serif; font-size: 12pt; color: #000080;\"><b>Article 6<\/b> <b>\u2013 admission et adh\u00e9sion<\/b><\/span><\/p>\n<p class=\"western\"><span style=\"font-family: verdana,geneva,sans-serif; font-size: 12pt; color: #000080;\">Pour faire partie de l&rsquo;association, il faut adh\u00e9rer aux pr\u00e9sents statuts, et en particulier au refus de toute forme de discrimination et au respect de la libert\u00e9 de conscience.<\/span><\/p>\n<p class=\"western\"><span style=\"font-family: verdana,geneva,sans-serif; font-size: 12pt; color: #000080;\">Il faut acquitter une cotisation dont le montant est fix\u00e9 par le conseil d&rsquo;administration.<\/span><\/p>\n<p class=\"western\"><span style=\"font-family: verdana,geneva,sans-serif; font-size: 12pt; color: #000080;\">Le conseil d\u2019administration pourra refuser des adh\u00e9sions, avec avis motiv\u00e9 aux int\u00e9ress\u00e9s.<\/span><\/p>\n<p class=\"western\"><span style=\"font-family: verdana,geneva,sans-serif; font-size: 12pt; color: #000080;\"><b>Article 7 \u2013 perte de la qualit\u00e9 de membre<\/b><\/span><\/p>\n<p class=\"western\"><span style=\"font-family: verdana,geneva,sans-serif; font-size: 12pt; color: #000080;\">La qualit\u00e9 de membre se perd par :<\/span><\/p>\n<ul>\n<li value=\"1\">\n<p class=\"western\"><span style=\"font-family: verdana,geneva,sans-serif; font-size: 12pt; color: #000080;\">le d\u00e9c\u00e8s,<\/span><\/p>\n<\/li>\n<li>\n<p class=\"western\"><span style=\"font-family: verdana,geneva,sans-serif; font-size: 12pt; color: #000080;\">la d\u00e9mission qui doit \u00eatre adress\u00e9e par \u00e9crit au conseil d&rsquo;administration,<\/span><\/p>\n<\/li>\n<li>\n<p class=\"western\"><span style=\"font-family: verdana,geneva,sans-serif; font-size: 12pt; color: #000080;\">le non paiement de la cotisation dans un d\u00e9lai de 3 mois apr\u00e8s sa date d&rsquo;exigibilit\u00e9,<\/span><\/p>\n<\/li>\n<li>\n<p class=\"western\"><span style=\"font-family: verdana,geneva,sans-serif; font-size: 12pt; color: #000080;\">la promotion de toute forme de discrimination,<\/span><\/p>\n<\/li>\n<li>\n<p class=\"western\"><span style=\"font-family: verdana,geneva,sans-serif; font-size: 12pt; color: #000080;\">le non respect de la libert\u00e9 de conscience,<\/span><\/p>\n<\/li>\n<li>\n<p class=\"western\"><span style=\"font-family: verdana,geneva,sans-serif; font-size: 12pt; color: #000080;\">la radiation pour motif grave. Celle-ci sera prononc\u00e9e par le conseil d&rsquo;administration apr\u00e8s avoir entendu les explications de l&rsquo;int\u00e9ress\u00e9 convoqu\u00e9 par lettre recommand\u00e9e avec accus\u00e9 de r\u00e9ception.<\/span><\/p>\n<\/li>\n<\/ul>\n<p class=\"western\"><span style=\"font-family: verdana,geneva,sans-serif; font-size: 12pt; color: #000080;\"><b>Article 8 &#8211; ressources<\/b><\/span><\/p>\n<p class=\"western\"><span style=\"font-family: verdana,geneva,sans-serif; font-size: 12pt; color: #000080;\">Les ressources de l&rsquo;association comprennent :<\/span><\/p>\n<ul>\n<li value=\"1\">\n<p class=\"western\"><span style=\"font-family: verdana,geneva,sans-serif; font-size: 12pt; color: #000080;\">le montant des cotisations,<\/span><\/p>\n<\/li>\n<li>\n<p class=\"western\"><span style=\"font-family: verdana,geneva,sans-serif; font-size: 12pt; color: #000080;\">les subventions de l&rsquo;\u00c9tat et des collectivit\u00e9s territoriales,<\/span><\/p>\n<\/li>\n<li>\n<p class=\"western\"><span style=\"font-family: verdana,geneva,sans-serif; font-size: 12pt; color: #000080;\">les recettes des manifestations exceptionnelles,<\/span><\/p>\n<\/li>\n<li>\n<p class=\"western\"><span style=\"font-family: verdana,geneva,sans-serif; font-size: 12pt; color: #000080;\">les ventes faites aux membres.<\/span><\/p>\n<\/li>\n<\/ul>\n<p class=\"western\"><span style=\"font-family: verdana,geneva,sans-serif; font-size: 12pt; color: #000080;\"><b>Article 9 &#8211; conseil d&rsquo;administration<\/b><\/span><\/p>\n<p class=\"western\"><span style=\"font-family: verdana,geneva,sans-serif; font-size: 12pt; color: #000080;\">L&rsquo;association est dirig\u00e9e par un conseil d\u2019administration de 9 membres \u00e9lus pour 3 ann\u00e9es par l&rsquo;assembl\u00e9e g\u00e9n\u00e9rale.<\/span><\/p>\n<p class=\"western\"><span style=\"font-family: verdana,geneva,sans-serif; font-size: 12pt; color: #000080;\">Femmes et hommes ont \u00e9gal acc\u00e8s au conseil d\u2019administration.<\/span><\/p>\n<p class=\"western\"><span style=\"font-family: verdana,geneva,sans-serif; font-size: 12pt; color: #000080;\">Les membres sont r\u00e9\u00e9ligibles. Le conseil d\u2019administration est renouvel\u00e9 chaque ann\u00e9e par tiers, la premi\u00e8re ann\u00e9e, les membres sortants sont d\u00e9sign\u00e9s par le sort.<\/span><\/p>\n<p class=\"western\"><span style=\"font-family: verdana,geneva,sans-serif; font-size: 12pt; color: #000080;\">En cas de vacance de poste, le conseil d\u2019administration pourvoit provisoirement au remplacement de ses membres. Il est proc\u00e9d\u00e9 \u00e0 leur remplacement d\u00e9finitif \u00e0 l\u2019assembl\u00e9e g\u00e9n\u00e9rale suivante.<\/span><\/p>\n<p class=\"western\"><span style=\"font-family: verdana,geneva,sans-serif; font-size: 12pt; color: #000080;\">Les mineurs de plus de 16 ans sont \u00e9ligibles au conseil d\u2019administration mais ne peuvent pas \u00eatre \u00e9lus au bureau.<\/span><\/p>\n<p class=\"western\"><span style=\"font-family: verdana,geneva,sans-serif; font-size: 12pt; color: #000080;\">Le conseil \u00e9lit en son sein un bureau compos\u00e9 d\u2019un pr\u00e9sident, d\u2019un tr\u00e9sorier et d\u2019un secr\u00e9taire.<\/span><\/p>\n<p class=\"western\"><span style=\"font-family: verdana,geneva,sans-serif; font-size: 12pt; color: #000080;\"><span lang=\"fr-FR\">Femmes et hommes ont \u00e9gal acc\u00e8s aux postes de pr\u00e9sident, tr\u00e9sorier et secr\u00e9taire.<\/span><\/span><\/p>\n<p class=\"western\"><span style=\"font-family: verdana,geneva,sans-serif; font-size: 12pt; color: #000080;\"><u>Le r\u00f4le du pr\u00e9sident\u00a0:<\/u><\/span><\/p>\n<ul>\n<li value=\"1\">\n<p class=\"western\"><span style=\"font-family: verdana,geneva,sans-serif; font-size: 12pt; color: #000080;\">animer l\u2019association, coordonner les activit\u00e9s,<\/span><\/p>\n<\/li>\n<li>\n<p class=\"western\"><span style=\"font-family: verdana,geneva,sans-serif; font-size: 12pt; color: #000080;\">assurer les relations publiques, internes et externes,<\/span><\/p>\n<\/li>\n<li>\n<p class=\"western\"><span style=\"font-family: verdana,geneva,sans-serif; font-size: 12pt; color: #000080;\">repr\u00e9senter de plein droit l\u2019association devant la justice,<\/span><\/p>\n<\/li>\n<li>\n<p class=\"western\"><span style=\"font-family: verdana,geneva,sans-serif; font-size: 12pt; color: #000080;\">diriger l\u2019administration de l\u2019association<\/span><\/p>\n<\/li>\n<li>\n<p class=\"western\"><span style=\"font-family: verdana,geneva,sans-serif; font-size: 12pt; color: #000080;\">faire le rapport moral annuel \u00e0 l\u2019assembl\u00e9e g\u00e9n\u00e9rale.<\/span><\/p>\n<\/li>\n<\/ul>\n<p class=\"western\"><span style=\"font-family: verdana,geneva,sans-serif; font-size: 12pt; color: #000080;\"><u>Le r\u00f4le du tr\u00e9sorier\u00a0:<\/u><\/span><\/p>\n<ul>\n<li value=\"1\">\n<p class=\"western\"><span style=\"font-family: verdana,geneva,sans-serif; font-size: 12pt; color: #000080;\">le tr\u00e9sorier a la responsabilit\u00e9 de g\u00e9rer le patrimoine financier de l\u2019association.<\/span><\/p>\n<\/li>\n<li>\n<p class=\"western\"><span style=\"font-family: verdana,geneva,sans-serif; font-size: 12pt; color: #000080;\">il effectue les paiements, per\u00e7oit les sommes dues \u00e0 l\u2019association, encaisse les cotisations, pr\u00e9pare le compte de r\u00e9sultats et le bilan pr\u00e9sent\u00e9s \u00e0 l\u2019assembl\u00e9e g\u00e9n\u00e9rale o\u00f9 il rendra compte de sa mission.<\/span><\/p>\n<\/li>\n<\/ul>\n<p class=\"western\"><span style=\"font-family: verdana,geneva,sans-serif; font-size: 12pt; color: #000080;\"><u>Le r\u00f4le du secr\u00e9taire\u00a0:<\/u><\/span><\/p>\n<ul>\n<li value=\"1\">\n<p class=\"western\"><span style=\"font-family: verdana,geneva,sans-serif; font-size: 12pt; color: #000080;\">Le secr\u00e9taire tient la correspondance de l\u2019association, il est responsable des archives, \u00e9tablit les proc\u00e8s-verbaux des r\u00e9unions, tient le registre r\u00e9glementaire ainsi que le fichier des adh\u00e9rents, des partenaires, des m\u00e9dias, des fournisseurs.<\/span><\/p>\n<\/li>\n<\/ul>\n<p class=\"western\"><span style=\"font-family: verdana,geneva,sans-serif; font-size: 12pt; color: #000080;\"><b>Article 10 &#8211; r\u00e9union du conseil d&rsquo;administration<\/b><\/span><\/p>\n<p class=\"western\"><span style=\"font-family: verdana,geneva,sans-serif; font-size: 12pt; color: #000080;\">Le conseil d&rsquo;administration se r\u00e9unit au moins une fois tous les six mois sur convocation du pr\u00e9sident. Les d\u00e9cisions sont prises \u00e0 la majorit\u00e9 des voix. Le pr\u00e9sident dispose d&rsquo;une voix pr\u00e9pond\u00e9rante.<\/span><\/p>\n<p class=\"western\"><span style=\"font-family: verdana,geneva,sans-serif; font-size: 12pt; color: #000080;\">Les r\u00e9unions font l&rsquo;objet d&rsquo;un proc\u00e8s-verbal.<\/span><\/p>\n<p class=\"western\"><span style=\"font-family: verdana,geneva,sans-serif; font-size: 12pt; color: #000080;\"><b>Article 11 &#8211; Assembl\u00e9e g\u00e9n\u00e9rale ordinaire<\/b><\/span><\/p>\n<p class=\"western\"><span style=\"font-family: verdana,geneva,sans-serif; font-size: 12pt; color: #000080;\">L&rsquo;assembl\u00e9e g\u00e9n\u00e9rale comprend tous les membres \u00e0 jour de leur cotisation.<\/span><\/p>\n<p class=\"western\"><span style=\"font-family: verdana,geneva,sans-serif; font-size: 12pt; color: #000080;\">Ils sont convoqu\u00e9s par convocation individuelle.<\/span><\/p>\n<p class=\"western\"><span style=\"font-family: verdana,geneva,sans-serif; font-size: 12pt; color: #000080;\">L&rsquo;assembl\u00e9e g\u00e9n\u00e9rale se r\u00e9unit chaque ann\u00e9e dans les 3 mois suivant la rentr\u00e9e scolaire. Les d\u00e9cisions sont prises \u00e0 la majorit\u00e9 des membres pr\u00e9sents ou repr\u00e9sent\u00e9s.<\/span><\/p>\n<p class=\"western\"><span style=\"font-family: verdana,geneva,sans-serif; font-size: 12pt; color: #000080;\">Le pr\u00e9sident, assist\u00e9 des membres du conseil, pr\u00e9side l&rsquo;assembl\u00e9e et expose la situation morale de l&rsquo;association. Le tr\u00e9sorier rend compte de sa gestion et soumet le bilan \u00e0 l&rsquo;approbation de l&rsquo;assembl\u00e9e.<\/span><\/p>\n<p class=\"western\"><span style=\"font-family: verdana,geneva,sans-serif; font-size: 12pt; color: #000080;\">L&rsquo;assembl\u00e9e \u00e9lit chaque ann\u00e9e les dirigeants de l&rsquo;association.<\/span><\/p>\n<p class=\"western\"><span style=\"font-family: verdana,geneva,sans-serif; font-size: 12pt; color: #000080;\">Le quorum de d\u00e9lib\u00e9ration est fix\u00e9 \u00e0 30 % de l\u2019effectif \u00e0 jour de sa cotisation.<\/span><\/p>\n<p class=\"western\"><span style=\"font-family: verdana,geneva,sans-serif; font-size: 12pt; color: #000080;\"><b>Article 12 &#8211; Assembl\u00e9e g\u00e9n\u00e9rale extraordinaire<\/b><\/span><\/p>\n<p class=\"western\"><span style=\"font-family: verdana,geneva,sans-serif; font-size: 12pt; color: #000080;\">L&rsquo;assembl\u00e9e g\u00e9n\u00e9rale extraordinaire est comp\u00e9tente pour modifier les statuts, d\u00e9cider la dissolution, la fusion de l&rsquo;association. Elle est convoqu\u00e9e par le pr\u00e9sident selon les modalit\u00e9s de l&rsquo;article 11. Elle ne comporte pas de quorum.<\/span><\/p>\n<p class=\"western\"><span style=\"font-family: verdana,geneva,sans-serif; font-size: 12pt; color: #000080;\">Elle se r\u00e9unit \u00e9galement \u00e0 la demande d&rsquo;au moins un quart des membres, ou sur demande du conseil. Elle est convoqu\u00e9e par le pr\u00e9sident selon les modalit\u00e9s de l&rsquo;article 11.<\/span><\/p>\n<p class=\"western\"><span style=\"font-family: verdana,geneva,sans-serif; font-size: 12pt; color: #000080;\"><b>Article 13 &#8211; R\u00e8glement int\u00e9rieur<\/b><\/span><\/p>\n<p class=\"western\"><span style=\"font-family: verdana,geneva,sans-serif; font-size: 12pt; color: #000080;\">Le conseil d&rsquo;administration peut d\u00e9cider de l&rsquo;\u00e9tablissement d&rsquo;un r\u00e8glement int\u00e9rieur qui sera soumis pour approbation \u00e0 l&rsquo;assembl\u00e9e g\u00e9n\u00e9rale. Il s&rsquo;impose \u00e0 tous les membres de l&rsquo;association.<\/span><\/p>\n<p class=\"western\"><span style=\"font-family: verdana,geneva,sans-serif; font-size: 12pt; color: #000080;\"><b>Article 14 &#8211; Dissolution<\/b><\/span><\/p>\n<p class=\"western\"><span style=\"font-family: verdana,geneva,sans-serif; font-size: 12pt; color: #000080;\">La dissolution est prononc\u00e9e par l&rsquo;assembl\u00e9e g\u00e9n\u00e9rale extraordinaire qui nomme un liquidateur. Le quorum est fix\u00e9 \u00e0 50% de l\u2019effectif \u00e0 jour de sa cotisation. L&rsquo;actif sera d\u00e9volu conform\u00e9ment \u00e0 l&rsquo;article 9 de la loi du 1er juillet 1901 \u00e0 une association poursuivant un but identique d\u00e9sign\u00e9e en assembl\u00e9e g\u00e9n\u00e9rale ou \u00e0 d\u00e9faut par le liquidateur.<\/span><\/p>\n<p class=\"western\"><span style=\"font-family: verdana,geneva,sans-serif; font-size: 12pt; color: #000080;\">Les pr\u00e9sents statuts ont \u00e9t\u00e9s adopt\u00e9s en assembl\u00e9e g\u00e9n\u00e9rale extraordinaire \u00e0 S\u00e9v\u00e9rac le vendredi 11 avril 2008.<\/span><\/p>\n","protected":false},"excerpt":{"rendered":"<p>ASSOCIATION Loi 1901 Article 1 Il est cr\u00e9\u00e9 entre les adh\u00e9rents aux pr\u00e9sents statuts une association r\u00e9gie par la loi du 1er juillet 1901 ayant pour d\u00e9nomination: \u00ab\u00a0VOYAGER 3 Astronomie\u00a0\u00bb. Article 2 &#8211; objet Cette association a pour objet\u00a0: l\u2019initiation et la pratique de l\u2019astronomie. Article 3 &#8211; adresse Le si\u00e8ge de l&rsquo;association est fix\u00e9 [&hellip;]<\/p>\n","protected":false},"author":2,"featured_media":0,"parent":51,"menu_order":0,"comment_status":"closed","ping_status":"closed","template":"","meta":{"_exactmetrics_skip_tracking":false,"_exactmetrics_sitenote_active":false,"_exactmetrics_sitenote_note":"","_exactmetrics_sitenote_category":0,"jetpack_post_was_ever_published":false,"footnotes":""},"class_list":["post-1835","page","type-page","status-publish","hentry"],"jetpack_sharing_enabled":true,"jetpack_shortlink":"https:\/\/wp.me\/P6Vaq2-tB","jetpack_likes_enabled":true,"_links":{"self":[{"href":"https:\/\/voyager3.com\/index.php?rest_route=\/wp\/v2\/pages\/1835","targetHints":{"allow":["GET"]}}],"collection":[{"href":"https:\/\/voyager3.com\/index.php?rest_route=\/wp\/v2\/pages"}],"about":[{"href":"https:\/\/voyager3.com\/index.php?rest_route=\/wp\/v2\/types\/page"}],"author":[{"embeddable":true,"href":"https:\/\/voyager3.com\/index.php?rest_route=\/wp\/v2\/users\/2"}],"replies":[{"embeddable":true,"href":"https:\/\/voyager3.com\/index.php?rest_route=%2Fwp%2Fv2%2Fcomments&post=1835"}],"version-history":[{"count":2,"href":"https:\/\/voyager3.com\/index.php?rest_route=\/wp\/v2\/pages\/1835\/revisions"}],"predecessor-version":[{"id":1837,"href":"https:\/\/voyager3.com\/index.php?rest_route=\/wp\/v2\/pages\/1835\/revisions\/1837"}],"up":[{"embeddable":true,"href":"https:\/\/voyager3.com\/index.php?rest_route=\/wp\/v2\/pages\/51"}],"wp:attachment":[{"href":"https:\/\/voyager3.com\/index.php?rest_route=%2Fwp%2Fv2%2Fmedia&parent=1835"}],"curies":[{"name":"wp","href":"https:\/\/api.w.org\/{rel}","templated":true}]}}