{"id":1800,"date":"2015-12-19T19:49:04","date_gmt":"2015-12-19T18:49:04","guid":{"rendered":"http:\/\/voyager3.com\/?page_id=1800"},"modified":"2015-12-19T19:53:20","modified_gmt":"2015-12-19T18:53:20","slug":"les-miroirs","status":"publish","type":"page","link":"https:\/\/voyager3.com\/?page_id=1800","title":{"rendered":"Les miroirs"},"content":{"rendered":"<p>La soci\u00e9t\u00e9 Mirro-Sph\u00e8re a r\u00e9alis\u00e9e les deux miroirs du T430, command\u00e9s en octobre 2013 et livr\u00e9s en mai 2014.<\/p>\n<p>Les caract\u00e9ristiques sont les suivantes :<\/p>\n","protected":false},"excerpt":{"rendered":"<p>La soci\u00e9t\u00e9 Mirro-Sph\u00e8re a r\u00e9alis\u00e9e les deux miroirs du T430, command\u00e9s en octobre 2013 et livr\u00e9s en mai 2014. Les caract\u00e9ristiques sont les suivantes :<\/p>\n","protected":false},"author":6,"featured_media":0,"parent":998,"menu_order":0,"comment_status":"closed","ping_status":"closed","template":"","meta":{"_exactmetrics_skip_tracking":false,"_exactmetrics_sitenote_active":false,"_exactmetrics_sitenote_note":"","_exactmetrics_sitenote_category":0,"jetpack_post_was_ever_published":false,"footnotes":""},"class_list":["post-1800","page","type-page","status-publish","hentry"],"jetpack_sharing_enabled":true,"jetpack_shortlink":"https:\/\/wp.me\/P6Vaq2-t2","jetpack_likes_enabled":true,"_links":{"self":[{"href":"https:\/\/voyager3.com\/index.php?rest_route=\/wp\/v2\/pages\/1800","targetHints":{"allow":["GET"]}}],"collection":[{"href":"https:\/\/voyager3.com\/index.php?rest_route=\/wp\/v2\/pages"}],"about":[{"href":"https:\/\/voyager3.com\/index.php?rest_route=\/wp\/v2\/types\/page"}],"author":[{"embeddable":true,"href":"https:\/\/voyager3.com\/index.php?rest_route=\/wp\/v2\/users\/6"}],"replies":[{"embeddable":true,"href":"https:\/\/voyager3.com\/index.php?rest_route=%2Fwp%2Fv2%2Fcomments&post=1800"}],"version-history":[{"count":3,"href":"https:\/\/voyager3.com\/index.php?rest_route=\/wp\/v2\/pages\/1800\/revisions"}],"predecessor-version":[{"id":1805,"href":"https:\/\/voyager3.com\/index.php?rest_route=\/wp\/v2\/pages\/1800\/revisions\/1805"}],"up":[{"embeddable":true,"href":"https:\/\/voyager3.com\/index.php?rest_route=\/wp\/v2\/pages\/998"}],"wp:attachment":[{"href":"https:\/\/voyager3.com\/index.php?rest_route=%2Fwp%2Fv2%2Fmedia&parent=1800"}],"curies":[{"name":"wp","href":"https:\/\/api.w.org\/{rel}","templated":true}]}}