{"id":1560,"date":"2015-10-29T00:13:18","date_gmt":"2015-10-28T23:13:18","guid":{"rendered":"http:\/\/voyager3.com\/?page_id=1560"},"modified":"2022-02-08T16:52:19","modified_gmt":"2022-02-08T15:52:19","slug":"la-trappe-dacces-a-la-coupole","status":"publish","type":"page","link":"https:\/\/voyager3.com\/?page_id=1560","title":{"rendered":"La trappe d\u2019acc\u00e8s \u00e0 la coupole"},"content":{"rendered":"<p><span style=\"color: #ff0000;\"><strong>Le besoin<\/strong><\/span><\/p>\n<p style=\"text-align: justify;\">En 2008 et 2009 pendant une ann\u00e9e et<span style=\"color: #ff0000;\"><strong><a href=\"https:\/\/i0.wp.com\/voyager3.com\/wp-content\/uploads\/2015\/10\/AccesCoupole.jpg?ssl=1\"><img data-recalc-dims=\"1\" loading=\"lazy\" decoding=\"async\" data-attachment-id=\"1571\" data-permalink=\"https:\/\/voyager3.com\/?attachment_id=1571\" data-orig-file=\"https:\/\/i0.wp.com\/voyager3.com\/wp-content\/uploads\/2015\/10\/AccesCoupole.jpg?fit=800%2C533&amp;ssl=1\" data-orig-size=\"800,533\" data-comments-opened=\"0\" data-image-meta=\"{&quot;aperture&quot;:&quot;5.6&quot;,&quot;credit&quot;:&quot;&quot;,&quot;camera&quot;:&quot;Canon EOS 400D DIGITAL&quot;,&quot;caption&quot;:&quot;&quot;,&quot;created_timestamp&quot;:&quot;1218188381&quot;,&quot;copyright&quot;:&quot;&quot;,&quot;focal_length&quot;:&quot;18&quot;,&quot;iso&quot;:&quot;400&quot;,&quot;shutter_speed&quot;:&quot;0.01&quot;,&quot;title&quot;:&quot;&quot;,&quot;orientation&quot;:&quot;1&quot;}\" data-image-title=\"AccesCoupole\" data-image-description=\"\" data-image-caption=\"\" data-large-file=\"https:\/\/i0.wp.com\/voyager3.com\/wp-content\/uploads\/2015\/10\/AccesCoupole.jpg?fit=648%2C432&amp;ssl=1\" class=\"size-medium wp-image-1571 alignleft\" src=\"https:\/\/i0.wp.com\/voyager3.com\/wp-content\/uploads\/2015\/10\/AccesCoupole.jpg?resize=300%2C200&#038;ssl=1\" alt=\"AccesCoupole\" width=\"300\" height=\"200\" srcset=\"https:\/\/i0.wp.com\/voyager3.com\/wp-content\/uploads\/2015\/10\/AccesCoupole.jpg?resize=300%2C200&amp;ssl=1 300w, https:\/\/i0.wp.com\/voyager3.com\/wp-content\/uploads\/2015\/10\/AccesCoupole.jpg?resize=750%2C500&amp;ssl=1 750w, https:\/\/i0.wp.com\/voyager3.com\/wp-content\/uploads\/2015\/10\/AccesCoupole.jpg?w=800&amp;ssl=1 800w\" sizes=\"auto, (max-width: 300px) 100vw, 300px\" \/><\/a><\/strong><\/span> demi, l&rsquo;escalier d&rsquo;acc\u00e8s \u00e0 la coupole \u00e9tait prot\u00e9g\u00e9 par une rambarde fixe. Cette rambarde nous p\u00e9nalisait pour faire des observations dans la direction Est.<\/p>\n<p style=\"text-align: justify;\">Nous avons donc con\u00e7u et r\u00e9alis\u00e9e la trappe d&rsquo;acc\u00e8s. Afin de faciliter la fermeture et l&rsquo;ouverture de celle-ci, nous avons all\u00e9g\u00e9 l&rsquo;effort \u00e0 exercer par une personne gr\u00e2ce \u00e0 un syst\u00e8me de ressorts<\/p>\n<p><strong><span style=\"color: #ff0000;\">Dimensionnement de l&rsquo;ossature m\u00e9tallique de la trappe<\/span><\/strong><\/p>\n<p>La d\u00e9formation de la structure en acier de la trappe a \u00e9t\u00e9 \u00e9tudi\u00e9e afin qu&rsquo;elle supporte une charge de 200km par m\u00b2. Avec une telle charge elle se d\u00e9forme de moins d&rsquo;un millim\u00e8tre.<br \/>\nL&rsquo;\u00e9tude de d\u00e9formation du cadre m\u00e9tallique de la trappe \u00e9t\u00e9 r\u00e9alis\u00e9e avec le lociciel <a href=\"http:\/\/iut.univ-lemans.fr\/ydlogi\/rdm_version_6.html\">RDM6<\/a>.<\/p>\n<table  class=\" table table-hover\" style=\"height: 155px; border-color: #000000; background-color: #000000;\" width=\"569\">\n<tbody>\n<tr>\n<td style=\"width: 300px;\"><strong><a href=\"https:\/\/i0.wp.com\/voyager3.com\/wp-content\/uploads\/2015\/10\/trappe2.jpg?ssl=1\"><img data-recalc-dims=\"1\" loading=\"lazy\" decoding=\"async\" data-attachment-id=\"1567\" data-permalink=\"https:\/\/voyager3.com\/?attachment_id=1567\" data-orig-file=\"https:\/\/i0.wp.com\/voyager3.com\/wp-content\/uploads\/2015\/10\/trappe2.jpg?fit=556%2C344&amp;ssl=1\" data-orig-size=\"556,344\" data-comments-opened=\"0\" data-image-meta=\"{&quot;aperture&quot;:&quot;0&quot;,&quot;credit&quot;:&quot;&quot;,&quot;camera&quot;:&quot;&quot;,&quot;caption&quot;:&quot;&quot;,&quot;created_timestamp&quot;:&quot;0&quot;,&quot;copyright&quot;:&quot;&quot;,&quot;focal_length&quot;:&quot;0&quot;,&quot;iso&quot;:&quot;0&quot;,&quot;shutter_speed&quot;:&quot;0&quot;,&quot;title&quot;:&quot;&quot;,&quot;orientation&quot;:&quot;0&quot;}\" data-image-title=\"trappe2\" data-image-description=\"\" data-image-caption=\"\" data-large-file=\"https:\/\/i0.wp.com\/voyager3.com\/wp-content\/uploads\/2015\/10\/trappe2.jpg?fit=556%2C344&amp;ssl=1\" class=\"aligncenter wp-image-1567\" src=\"https:\/\/i0.wp.com\/voyager3.com\/wp-content\/uploads\/2015\/10\/trappe2.jpg?resize=309%2C191&#038;ssl=1\" alt=\"trappe2\" width=\"309\" height=\"191\" srcset=\"https:\/\/i0.wp.com\/voyager3.com\/wp-content\/uploads\/2015\/10\/trappe2.jpg?resize=300%2C186&amp;ssl=1 300w, https:\/\/i0.wp.com\/voyager3.com\/wp-content\/uploads\/2015\/10\/trappe2.jpg?w=556&amp;ssl=1 556w\" sizes=\"auto, (max-width: 309px) 100vw, 309px\" \/><\/a><\/strong><\/td>\n<td style=\"width: 300px;\"><span style=\"color: #000000;\"><strong><a href=\"https:\/\/i0.wp.com\/voyager3.com\/wp-content\/uploads\/2015\/10\/trappe1.jpg?ssl=1\"><img data-recalc-dims=\"1\" loading=\"lazy\" decoding=\"async\" data-attachment-id=\"1568\" data-permalink=\"https:\/\/voyager3.com\/?attachment_id=1568\" data-orig-file=\"https:\/\/i0.wp.com\/voyager3.com\/wp-content\/uploads\/2015\/10\/trappe1.jpg?fit=623%2C422&amp;ssl=1\" data-orig-size=\"623,422\" data-comments-opened=\"0\" data-image-meta=\"{&quot;aperture&quot;:&quot;0&quot;,&quot;credit&quot;:&quot;&quot;,&quot;camera&quot;:&quot;&quot;,&quot;caption&quot;:&quot;&quot;,&quot;created_timestamp&quot;:&quot;0&quot;,&quot;copyright&quot;:&quot;&quot;,&quot;focal_length&quot;:&quot;0&quot;,&quot;iso&quot;:&quot;0&quot;,&quot;shutter_speed&quot;:&quot;0&quot;,&quot;title&quot;:&quot;&quot;,&quot;orientation&quot;:&quot;0&quot;}\" data-image-title=\"trappe1\" data-image-description=\"\" data-image-caption=\"\" data-large-file=\"https:\/\/i0.wp.com\/voyager3.com\/wp-content\/uploads\/2015\/10\/trappe1.jpg?fit=623%2C422&amp;ssl=1\" class=\"aligncenter size-medium wp-image-1568\" src=\"https:\/\/i0.wp.com\/voyager3.com\/wp-content\/uploads\/2015\/10\/trappe1.jpg?resize=300%2C203&#038;ssl=1\" alt=\"trappe1\" width=\"300\" height=\"203\" srcset=\"https:\/\/i0.wp.com\/voyager3.com\/wp-content\/uploads\/2015\/10\/trappe1.jpg?resize=300%2C203&amp;ssl=1 300w, https:\/\/i0.wp.com\/voyager3.com\/wp-content\/uploads\/2015\/10\/trappe1.jpg?w=623&amp;ssl=1 623w\" sizes=\"auto, (max-width: 300px) 100vw, 300px\" \/><\/a><\/strong><\/span><\/td>\n<\/tr>\n<\/tbody>\n<\/table>\n<p><span style=\"color: #ff0000;\"><strong>Dimensionnement des ressorts<\/strong><\/span><\/p>\n<p style=\"text-align: justify;\"><span style=\"color: #ff0000;\"><strong><a href=\"https:\/\/i0.wp.com\/voyager3.com\/wp-content\/uploads\/2015\/10\/modele.jpg?ssl=1\"><img data-recalc-dims=\"1\" loading=\"lazy\" decoding=\"async\" data-attachment-id=\"1569\" data-permalink=\"https:\/\/voyager3.com\/?attachment_id=1569\" data-orig-file=\"https:\/\/i0.wp.com\/voyager3.com\/wp-content\/uploads\/2015\/10\/modele.jpg?fit=589%2C512&amp;ssl=1\" data-orig-size=\"589,512\" data-comments-opened=\"0\" data-image-meta=\"{&quot;aperture&quot;:&quot;0&quot;,&quot;credit&quot;:&quot;&quot;,&quot;camera&quot;:&quot;&quot;,&quot;caption&quot;:&quot;&quot;,&quot;created_timestamp&quot;:&quot;0&quot;,&quot;copyright&quot;:&quot;&quot;,&quot;focal_length&quot;:&quot;0&quot;,&quot;iso&quot;:&quot;0&quot;,&quot;shutter_speed&quot;:&quot;0&quot;,&quot;title&quot;:&quot;&quot;,&quot;orientation&quot;:&quot;0&quot;}\" data-image-title=\"modele\" data-image-description=\"\" data-image-caption=\"\" data-large-file=\"https:\/\/i0.wp.com\/voyager3.com\/wp-content\/uploads\/2015\/10\/modele.jpg?fit=589%2C512&amp;ssl=1\" class=\" wp-image-1569 alignright\" src=\"https:\/\/i0.wp.com\/voyager3.com\/wp-content\/uploads\/2015\/10\/modele.jpg?resize=217%2C189&#038;ssl=1\" alt=\"modele\" width=\"217\" height=\"189\" srcset=\"https:\/\/i0.wp.com\/voyager3.com\/wp-content\/uploads\/2015\/10\/modele.jpg?resize=300%2C261&amp;ssl=1 300w, https:\/\/i0.wp.com\/voyager3.com\/wp-content\/uploads\/2015\/10\/modele.jpg?resize=575%2C500&amp;ssl=1 575w, https:\/\/i0.wp.com\/voyager3.com\/wp-content\/uploads\/2015\/10\/modele.jpg?w=589&amp;ssl=1 589w\" sizes=\"auto, (max-width: 217px) 100vw, 217px\" \/><\/a><\/strong><\/span>Les efforts des ressorts ont \u00e9t\u00e9 mod\u00e9lis\u00e9s sous le logiciel de g\u00e9om\u00e9trie <strong><a href=\"https:\/\/wiki.geogebra.org\/en\/Reference:GeoGebra_Installation#GeoGebra_Classic_6\">G\u00e9ogebra<\/a><\/strong>. <strong><span style=\"color: #ff0000;\"><a href=\"https:\/\/voyager3.com\/wp-content\/uploads\/2022\/02\/Trappe.ggb_.zip\" target=\"_blank\" rel=\"noopener\">Cliquer ici<\/a><\/span><\/strong> pour voir le mod\u00e8le dynamique.<\/p>\n<p style=\"text-align: justify;\">Finalement, les 2 ressorts de rappel retenus sont des ressorts de la soci\u00e9t\u00e9 VANEL en inox de 50mm de diam\u00e8tre, 36cm de longueur \u00e0 vide et d&rsquo;une raideur de 0,17 DaN\/mm chacun.<\/p>\n<p><span style=\"color: #ff0000;\"><strong>R\u00e9alisation<\/strong><\/span><\/p>\n<p>L&rsquo;ensemble a \u00e9t\u00e9 r\u00e9alis\u00e9 entre 2009 et 2010.<\/p>\n<p><span style=\"color: #ff0000;\"><strong><a href=\"https:\/\/i0.wp.com\/voyager3.com\/wp-content\/uploads\/2015\/10\/Rea_trappe4.jpg?ssl=1\"><img data-recalc-dims=\"1\" loading=\"lazy\" decoding=\"async\" data-attachment-id=\"1565\" data-permalink=\"https:\/\/voyager3.com\/?attachment_id=1565\" data-orig-file=\"https:\/\/i0.wp.com\/voyager3.com\/wp-content\/uploads\/2015\/10\/Rea_trappe4.jpg?fit=800%2C533&amp;ssl=1\" data-orig-size=\"800,533\" data-comments-opened=\"0\" data-image-meta=\"{&quot;aperture&quot;:&quot;7.1&quot;,&quot;credit&quot;:&quot;&quot;,&quot;camera&quot;:&quot;Canon EOS 350D DIGITAL&quot;,&quot;caption&quot;:&quot;&quot;,&quot;created_timestamp&quot;:&quot;1265124371&quot;,&quot;copyright&quot;:&quot;&quot;,&quot;focal_length&quot;:&quot;18&quot;,&quot;iso&quot;:&quot;400&quot;,&quot;shutter_speed&quot;:&quot;0.008&quot;,&quot;title&quot;:&quot;&quot;,&quot;orientation&quot;:&quot;1&quot;}\" data-image-title=\"Rea_trappe4\" data-image-description=\"\" data-image-caption=\"\" data-large-file=\"https:\/\/i0.wp.com\/voyager3.com\/wp-content\/uploads\/2015\/10\/Rea_trappe4.jpg?fit=648%2C432&amp;ssl=1\" class=\"aligncenter size-medium wp-image-1565\" src=\"https:\/\/i0.wp.com\/voyager3.com\/wp-content\/uploads\/2015\/10\/Rea_trappe4.jpg?resize=300%2C200&#038;ssl=1\" alt=\"Rea_trappe4\" width=\"300\" height=\"200\" srcset=\"https:\/\/i0.wp.com\/voyager3.com\/wp-content\/uploads\/2015\/10\/Rea_trappe4.jpg?resize=300%2C200&amp;ssl=1 300w, https:\/\/i0.wp.com\/voyager3.com\/wp-content\/uploads\/2015\/10\/Rea_trappe4.jpg?resize=750%2C500&amp;ssl=1 750w, https:\/\/i0.wp.com\/voyager3.com\/wp-content\/uploads\/2015\/10\/Rea_trappe4.jpg?w=800&amp;ssl=1 800w\" sizes=\"auto, (max-width: 300px) 100vw, 300px\" \/><\/a><\/strong><\/span><span style=\"color: #ff0000;\"><strong><a href=\"https:\/\/i0.wp.com\/voyager3.com\/wp-content\/uploads\/2015\/10\/Rea_trappe3.jpg?ssl=1\"><img data-recalc-dims=\"1\" loading=\"lazy\" decoding=\"async\" data-attachment-id=\"1564\" data-permalink=\"https:\/\/voyager3.com\/?attachment_id=1564\" data-orig-file=\"https:\/\/i0.wp.com\/voyager3.com\/wp-content\/uploads\/2015\/10\/Rea_trappe3.jpg?fit=795%2C530&amp;ssl=1\" data-orig-size=\"795,530\" data-comments-opened=\"0\" data-image-meta=\"{&quot;aperture&quot;:&quot;4&quot;,&quot;credit&quot;:&quot;&quot;,&quot;camera&quot;:&quot;Canon EOS 350D DIGITAL&quot;,&quot;caption&quot;:&quot;&quot;,&quot;created_timestamp&quot;:&quot;1265131225&quot;,&quot;copyright&quot;:&quot;&quot;,&quot;focal_length&quot;:&quot;18&quot;,&quot;iso&quot;:&quot;400&quot;,&quot;shutter_speed&quot;:&quot;0.016666666666667&quot;,&quot;title&quot;:&quot;&quot;,&quot;orientation&quot;:&quot;1&quot;}\" data-image-title=\"Rea_trappe3\" data-image-description=\"\" data-image-caption=\"\" data-large-file=\"https:\/\/i0.wp.com\/voyager3.com\/wp-content\/uploads\/2015\/10\/Rea_trappe3.jpg?fit=648%2C432&amp;ssl=1\" class=\"aligncenter size-medium wp-image-1564\" src=\"https:\/\/i0.wp.com\/voyager3.com\/wp-content\/uploads\/2015\/10\/Rea_trappe3.jpg?resize=300%2C200&#038;ssl=1\" alt=\"Rea_trappe3\" width=\"300\" height=\"200\" srcset=\"https:\/\/i0.wp.com\/voyager3.com\/wp-content\/uploads\/2015\/10\/Rea_trappe3.jpg?resize=300%2C200&amp;ssl=1 300w, https:\/\/i0.wp.com\/voyager3.com\/wp-content\/uploads\/2015\/10\/Rea_trappe3.jpg?resize=750%2C500&amp;ssl=1 750w, https:\/\/i0.wp.com\/voyager3.com\/wp-content\/uploads\/2015\/10\/Rea_trappe3.jpg?w=795&amp;ssl=1 795w\" sizes=\"auto, (max-width: 300px) 100vw, 300px\" \/><\/a><\/strong><\/span><span style=\"color: #ff0000;\"><strong><a href=\"https:\/\/i0.wp.com\/voyager3.com\/wp-content\/uploads\/2015\/10\/Rea_trappe1.jpg?ssl=1\"><img data-recalc-dims=\"1\" loading=\"lazy\" decoding=\"async\" data-attachment-id=\"1566\" data-permalink=\"https:\/\/voyager3.com\/?attachment_id=1566\" data-orig-file=\"https:\/\/i0.wp.com\/voyager3.com\/wp-content\/uploads\/2015\/10\/Rea_trappe1.jpg?fit=800%2C533&amp;ssl=1\" data-orig-size=\"800,533\" data-comments-opened=\"0\" data-image-meta=\"{&quot;aperture&quot;:&quot;4&quot;,&quot;credit&quot;:&quot;&quot;,&quot;camera&quot;:&quot;Canon EOS 350D DIGITAL&quot;,&quot;caption&quot;:&quot;&quot;,&quot;created_timestamp&quot;:&quot;1260558056&quot;,&quot;copyright&quot;:&quot;&quot;,&quot;focal_length&quot;:&quot;18&quot;,&quot;iso&quot;:&quot;400&quot;,&quot;shutter_speed&quot;:&quot;0.016666666666667&quot;,&quot;title&quot;:&quot;&quot;,&quot;orientation&quot;:&quot;1&quot;}\" data-image-title=\"Rea_trappe1\" data-image-description=\"\" data-image-caption=\"\" data-large-file=\"https:\/\/i0.wp.com\/voyager3.com\/wp-content\/uploads\/2015\/10\/Rea_trappe1.jpg?fit=648%2C432&amp;ssl=1\" class=\"aligncenter size-medium wp-image-1566\" src=\"https:\/\/i0.wp.com\/voyager3.com\/wp-content\/uploads\/2015\/10\/Rea_trappe1.jpg?resize=300%2C200&#038;ssl=1\" alt=\"Rea_trappe1\" width=\"300\" height=\"200\" srcset=\"https:\/\/i0.wp.com\/voyager3.com\/wp-content\/uploads\/2015\/10\/Rea_trappe1.jpg?resize=300%2C200&amp;ssl=1 300w, https:\/\/i0.wp.com\/voyager3.com\/wp-content\/uploads\/2015\/10\/Rea_trappe1.jpg?resize=750%2C500&amp;ssl=1 750w, https:\/\/i0.wp.com\/voyager3.com\/wp-content\/uploads\/2015\/10\/Rea_trappe1.jpg?w=800&amp;ssl=1 800w\" sizes=\"auto, (max-width: 300px) 100vw, 300px\" \/><\/a><\/strong><\/span><span style=\"color: #ff0000;\"><strong><a href=\"https:\/\/i0.wp.com\/voyager3.com\/wp-content\/uploads\/2015\/10\/Rea_trappe2.jpg?ssl=1\"><img data-recalc-dims=\"1\" loading=\"lazy\" decoding=\"async\" data-attachment-id=\"1563\" data-permalink=\"https:\/\/voyager3.com\/?attachment_id=1563\" data-orig-file=\"https:\/\/i0.wp.com\/voyager3.com\/wp-content\/uploads\/2015\/10\/Rea_trappe2.jpg?fit=533%2C800&amp;ssl=1\" data-orig-size=\"533,800\" data-comments-opened=\"0\" data-image-meta=\"{&quot;aperture&quot;:&quot;4&quot;,&quot;credit&quot;:&quot;&quot;,&quot;camera&quot;:&quot;Canon EOS 350D DIGITAL&quot;,&quot;caption&quot;:&quot;&quot;,&quot;created_timestamp&quot;:&quot;1265134996&quot;,&quot;copyright&quot;:&quot;&quot;,&quot;focal_length&quot;:&quot;18&quot;,&quot;iso&quot;:&quot;400&quot;,&quot;shutter_speed&quot;:&quot;0.016666666666667&quot;,&quot;title&quot;:&quot;&quot;,&quot;orientation&quot;:&quot;1&quot;}\" data-image-title=\"Rea_trappe2\" data-image-description=\"\" data-image-caption=\"\" data-large-file=\"https:\/\/i0.wp.com\/voyager3.com\/wp-content\/uploads\/2015\/10\/Rea_trappe2.jpg?fit=533%2C800&amp;ssl=1\" class=\"aligncenter size-medium wp-image-1563\" src=\"https:\/\/i0.wp.com\/voyager3.com\/wp-content\/uploads\/2015\/10\/Rea_trappe2.jpg?resize=200%2C300&#038;ssl=1\" alt=\"Rea_trappe2\" width=\"200\" height=\"300\" srcset=\"https:\/\/i0.wp.com\/voyager3.com\/wp-content\/uploads\/2015\/10\/Rea_trappe2.jpg?resize=200%2C300&amp;ssl=1 200w, https:\/\/i0.wp.com\/voyager3.com\/wp-content\/uploads\/2015\/10\/Rea_trappe2.jpg?resize=333%2C500&amp;ssl=1 333w, https:\/\/i0.wp.com\/voyager3.com\/wp-content\/uploads\/2015\/10\/Rea_trappe2.jpg?w=533&amp;ssl=1 533w\" sizes=\"auto, (max-width: 200px) 100vw, 200px\" \/><\/a><\/strong><\/span><\/p>\n","protected":false},"excerpt":{"rendered":"<p>Le besoin En 2008 et 2009 pendant une ann\u00e9e et demi, l&rsquo;escalier d&rsquo;acc\u00e8s \u00e0 la coupole \u00e9tait prot\u00e9g\u00e9 par une rambarde fixe. Cette rambarde nous p\u00e9nalisait pour faire des observations dans la direction Est. Nous avons donc con\u00e7u et r\u00e9alis\u00e9e la trappe d&rsquo;acc\u00e8s. Afin de faciliter la fermeture et l&rsquo;ouverture de celle-ci, nous avons all\u00e9g\u00e9 [&hellip;]<\/p>\n","protected":false},"author":2,"featured_media":0,"parent":62,"menu_order":0,"comment_status":"closed","ping_status":"closed","template":"","meta":{"_exactmetrics_skip_tracking":false,"_exactmetrics_sitenote_active":false,"_exactmetrics_sitenote_note":"","_exactmetrics_sitenote_category":0,"jetpack_post_was_ever_published":false,"footnotes":""},"class_list":["post-1560","page","type-page","status-publish","hentry"],"jetpack_sharing_enabled":true,"jetpack_shortlink":"https:\/\/wp.me\/P6Vaq2-pa","jetpack_likes_enabled":true,"_links":{"self":[{"href":"https:\/\/voyager3.com\/index.php?rest_route=\/wp\/v2\/pages\/1560","targetHints":{"allow":["GET"]}}],"collection":[{"href":"https:\/\/voyager3.com\/index.php?rest_route=\/wp\/v2\/pages"}],"about":[{"href":"https:\/\/voyager3.com\/index.php?rest_route=\/wp\/v2\/types\/page"}],"author":[{"embeddable":true,"href":"https:\/\/voyager3.com\/index.php?rest_route=\/wp\/v2\/users\/2"}],"replies":[{"embeddable":true,"href":"https:\/\/voyager3.com\/index.php?rest_route=%2Fwp%2Fv2%2Fcomments&post=1560"}],"version-history":[{"count":13,"href":"https:\/\/voyager3.com\/index.php?rest_route=\/wp\/v2\/pages\/1560\/revisions"}],"predecessor-version":[{"id":2939,"href":"https:\/\/voyager3.com\/index.php?rest_route=\/wp\/v2\/pages\/1560\/revisions\/2939"}],"up":[{"embeddable":true,"href":"https:\/\/voyager3.com\/index.php?rest_route=\/wp\/v2\/pages\/62"}],"wp:attachment":[{"href":"https:\/\/voyager3.com\/index.php?rest_route=%2Fwp%2Fv2%2Fmedia&parent=1560"}],"curies":[{"name":"wp","href":"https:\/\/api.w.org\/{rel}","templated":true}]}}