{"id":1457,"date":"2015-10-23T19:57:59","date_gmt":"2015-10-23T17:57:59","guid":{"rendered":"http:\/\/voyager3.com\/?page_id=1457"},"modified":"2022-02-08T16:35:47","modified_gmt":"2022-02-08T15:35:47","slug":"logiciel-voyager-3-ephemerides","status":"publish","type":"page","link":"https:\/\/voyager3.com\/?page_id=1457","title":{"rendered":"Logiciel Voyager 3 \u00c9ph\u00e9m\u00e9rides"},"content":{"rendered":"<ul>\n<li><span style=\"font-size: 16pt;\"><strong>Copie d&rsquo;\u00e9cran du programme<br \/>\n<\/strong><\/span><\/li>\n<\/ul>\n<table  class=\" table table-hover\" style=\"border-collapse: collapse; width: 100%; height: 784px;\">\n<tbody>\n<tr style=\"height: 196px;\">\n<td style=\"width: 50%; height: 196px; text-align: right; vertical-align: middle;\">Transite de V\u00e9nus du 8 juin 2004<\/td>\n<td style=\"width: 50%; height: 196px; vertical-align: middle;\"><a href=\"https:\/\/i0.wp.com\/voyager3.com\/wp-content\/uploads\/2015\/10\/TransiteVenusEphV3.png?ssl=1\"><img data-recalc-dims=\"1\" loading=\"lazy\" decoding=\"async\" data-attachment-id=\"1530\" data-permalink=\"https:\/\/voyager3.com\/?attachment_id=1530\" data-orig-file=\"https:\/\/i0.wp.com\/voyager3.com\/wp-content\/uploads\/2015\/10\/TransiteVenusEphV3.png?fit=600%2C350&amp;ssl=1\" data-orig-size=\"600,350\" data-comments-opened=\"0\" data-image-meta=\"{&quot;aperture&quot;:&quot;0&quot;,&quot;credit&quot;:&quot;&quot;,&quot;camera&quot;:&quot;&quot;,&quot;caption&quot;:&quot;&quot;,&quot;created_timestamp&quot;:&quot;0&quot;,&quot;copyright&quot;:&quot;&quot;,&quot;focal_length&quot;:&quot;0&quot;,&quot;iso&quot;:&quot;0&quot;,&quot;shutter_speed&quot;:&quot;0&quot;,&quot;title&quot;:&quot;&quot;,&quot;orientation&quot;:&quot;0&quot;}\" data-image-title=\"TransiteVenusEphV3\" data-image-description=\"\" data-image-caption=\"\" data-large-file=\"https:\/\/i0.wp.com\/voyager3.com\/wp-content\/uploads\/2015\/10\/TransiteVenusEphV3.png?fit=600%2C350&amp;ssl=1\" class=\"size-medium wp-image-1530 alignleft\" src=\"https:\/\/i0.wp.com\/voyager3.com\/wp-content\/uploads\/2015\/10\/TransiteVenusEphV3.png?resize=300%2C175&#038;ssl=1\" alt=\"TransiteVenusEphV3\" width=\"300\" height=\"175\" srcset=\"https:\/\/i0.wp.com\/voyager3.com\/wp-content\/uploads\/2015\/10\/TransiteVenusEphV3.png?resize=300%2C175&amp;ssl=1 300w, https:\/\/i0.wp.com\/voyager3.com\/wp-content\/uploads\/2015\/10\/TransiteVenusEphV3.png?w=600&amp;ssl=1 600w\" sizes=\"auto, (max-width: 300px) 100vw, 300px\" \/><\/a><\/td>\n<\/tr>\n<tr style=\"height: 196px;\">\n<td style=\"width: 50%; height: 196px; vertical-align: middle;\"><a href=\"https:\/\/i0.wp.com\/voyager3.com\/wp-content\/uploads\/2015\/10\/EclipseSoleilEphV3.png?ssl=1\"><img data-recalc-dims=\"1\" loading=\"lazy\" decoding=\"async\" data-attachment-id=\"1529\" data-permalink=\"https:\/\/voyager3.com\/?attachment_id=1529\" data-orig-file=\"https:\/\/i0.wp.com\/voyager3.com\/wp-content\/uploads\/2015\/10\/EclipseSoleilEphV3.png?fit=601%2C350&amp;ssl=1\" data-orig-size=\"601,350\" data-comments-opened=\"0\" data-image-meta=\"{&quot;aperture&quot;:&quot;0&quot;,&quot;credit&quot;:&quot;&quot;,&quot;camera&quot;:&quot;&quot;,&quot;caption&quot;:&quot;&quot;,&quot;created_timestamp&quot;:&quot;0&quot;,&quot;copyright&quot;:&quot;&quot;,&quot;focal_length&quot;:&quot;0&quot;,&quot;iso&quot;:&quot;0&quot;,&quot;shutter_speed&quot;:&quot;0&quot;,&quot;title&quot;:&quot;&quot;,&quot;orientation&quot;:&quot;0&quot;}\" data-image-title=\"EclipseSoleilEphV3\" data-image-description=\"\" data-image-caption=\"\" data-large-file=\"https:\/\/i0.wp.com\/voyager3.com\/wp-content\/uploads\/2015\/10\/EclipseSoleilEphV3.png?fit=601%2C350&amp;ssl=1\" class=\"size-medium wp-image-1529 alignright\" src=\"https:\/\/i0.wp.com\/voyager3.com\/wp-content\/uploads\/2015\/10\/EclipseSoleilEphV3.png?resize=300%2C175&#038;ssl=1\" alt=\"EclipseSoleilEphV3\" width=\"300\" height=\"175\" srcset=\"https:\/\/i0.wp.com\/voyager3.com\/wp-content\/uploads\/2015\/10\/EclipseSoleilEphV3.png?resize=300%2C175&amp;ssl=1 300w, https:\/\/i0.wp.com\/voyager3.com\/wp-content\/uploads\/2015\/10\/EclipseSoleilEphV3.png?w=601&amp;ssl=1 601w\" sizes=\"auto, (max-width: 300px) 100vw, 300px\" \/><\/a><\/td>\n<td style=\"width: 50%; height: 196px; vertical-align: middle;\">Eclipse du Soleil du 11 ao\u00fbt 1999<\/td>\n<\/tr>\n<tr style=\"height: 196px;\">\n<td style=\"width: 50%; height: 196px; text-align: right; vertical-align: middle;\">Eclipse de la Lune du 28 septembre 2015<\/td>\n<td style=\"width: 50%; height: 196px;\"><a href=\"https:\/\/i0.wp.com\/voyager3.com\/wp-content\/uploads\/2015\/10\/EclipseLuneEphV3.png?ssl=1\"><img data-recalc-dims=\"1\" loading=\"lazy\" decoding=\"async\" data-attachment-id=\"1532\" data-permalink=\"https:\/\/voyager3.com\/?attachment_id=1532\" data-orig-file=\"https:\/\/i0.wp.com\/voyager3.com\/wp-content\/uploads\/2015\/10\/EclipseLuneEphV3.png?fit=599%2C349&amp;ssl=1\" data-orig-size=\"599,349\" data-comments-opened=\"0\" data-image-meta=\"{&quot;aperture&quot;:&quot;0&quot;,&quot;credit&quot;:&quot;&quot;,&quot;camera&quot;:&quot;&quot;,&quot;caption&quot;:&quot;&quot;,&quot;created_timestamp&quot;:&quot;0&quot;,&quot;copyright&quot;:&quot;&quot;,&quot;focal_length&quot;:&quot;0&quot;,&quot;iso&quot;:&quot;0&quot;,&quot;shutter_speed&quot;:&quot;0&quot;,&quot;title&quot;:&quot;&quot;,&quot;orientation&quot;:&quot;0&quot;}\" data-image-title=\"EclipseLuneEphV3\" data-image-description=\"\" data-image-caption=\"\" data-large-file=\"https:\/\/i0.wp.com\/voyager3.com\/wp-content\/uploads\/2015\/10\/EclipseLuneEphV3.png?fit=599%2C349&amp;ssl=1\" class=\"size-medium wp-image-1532 alignleft\" src=\"https:\/\/i0.wp.com\/voyager3.com\/wp-content\/uploads\/2015\/10\/EclipseLuneEphV3.png?resize=300%2C175&#038;ssl=1\" alt=\"EclipseLuneEphV3\" width=\"300\" height=\"175\" srcset=\"https:\/\/i0.wp.com\/voyager3.com\/wp-content\/uploads\/2015\/10\/EclipseLuneEphV3.png?resize=300%2C175&amp;ssl=1 300w, https:\/\/i0.wp.com\/voyager3.com\/wp-content\/uploads\/2015\/10\/EclipseLuneEphV3.png?w=599&amp;ssl=1 599w\" sizes=\"auto, (max-width: 300px) 100vw, 300px\" \/><\/a><\/td>\n<\/tr>\n<tr style=\"height: 196px;\">\n<td style=\"width: 50%; height: 196px; vertical-align: middle;\"><a href=\"https:\/\/i0.wp.com\/voyager3.com\/wp-content\/uploads\/2015\/10\/Visu3DEphV3.png?ssl=1\"><img data-recalc-dims=\"1\" loading=\"lazy\" decoding=\"async\" data-attachment-id=\"1531\" data-permalink=\"https:\/\/voyager3.com\/?attachment_id=1531\" data-orig-file=\"https:\/\/i0.wp.com\/voyager3.com\/wp-content\/uploads\/2015\/10\/Visu3DEphV3.png?fit=598%2C349&amp;ssl=1\" data-orig-size=\"598,349\" data-comments-opened=\"0\" data-image-meta=\"{&quot;aperture&quot;:&quot;0&quot;,&quot;credit&quot;:&quot;&quot;,&quot;camera&quot;:&quot;&quot;,&quot;caption&quot;:&quot;&quot;,&quot;created_timestamp&quot;:&quot;0&quot;,&quot;copyright&quot;:&quot;&quot;,&quot;focal_length&quot;:&quot;0&quot;,&quot;iso&quot;:&quot;0&quot;,&quot;shutter_speed&quot;:&quot;0&quot;,&quot;title&quot;:&quot;&quot;,&quot;orientation&quot;:&quot;0&quot;}\" data-image-title=\"Visu3DEphV3\" data-image-description=\"\" data-image-caption=\"\" data-large-file=\"https:\/\/i0.wp.com\/voyager3.com\/wp-content\/uploads\/2015\/10\/Visu3DEphV3.png?fit=598%2C349&amp;ssl=1\" class=\"size-medium wp-image-1531 alignright\" src=\"https:\/\/i0.wp.com\/voyager3.com\/wp-content\/uploads\/2015\/10\/Visu3DEphV3.png?resize=300%2C175&#038;ssl=1\" alt=\"Visu3DEphV3\" width=\"300\" height=\"175\" srcset=\"https:\/\/i0.wp.com\/voyager3.com\/wp-content\/uploads\/2015\/10\/Visu3DEphV3.png?resize=300%2C175&amp;ssl=1 300w, https:\/\/i0.wp.com\/voyager3.com\/wp-content\/uploads\/2015\/10\/Visu3DEphV3.png?w=598&amp;ssl=1 598w\" sizes=\"auto, (max-width: 300px) 100vw, 300px\" \/><\/a><\/td>\n<td style=\"width: 50%; height: 196px; vertical-align: middle;\">Visualisation 3D du Syst\u00e8me Solaire<\/td>\n<\/tr>\n<\/tbody>\n<\/table>\n<ul>\n<li><span style=\"font-size: 16pt;\">T\u00e9l\u00e9chargement<\/span>: <a href=\"https:\/\/voyager3.com\/wp-content\/uploads\/2022\/02\/progV3V412.zip\"><strong>progV3V412.zip<\/strong><\/a><\/li>\n<\/ul>\n","protected":false},"excerpt":{"rendered":"<p>Copie d&rsquo;\u00e9cran du programme Transite de V\u00e9nus du 8 juin 2004 Eclipse du Soleil du 11 ao\u00fbt 1999 Eclipse de la Lune du 28 septembre 2015 Visualisation 3D du Syst\u00e8me Solaire T\u00e9l\u00e9chargement: progV3V412.zip<\/p>\n","protected":false},"author":2,"featured_media":0,"parent":609,"menu_order":0,"comment_status":"closed","ping_status":"closed","template":"","meta":{"_exactmetrics_skip_tracking":false,"_exactmetrics_sitenote_active":false,"_exactmetrics_sitenote_note":"","_exactmetrics_sitenote_category":0,"jetpack_post_was_ever_published":false,"footnotes":""},"class_list":["post-1457","page","type-page","status-publish","hentry"],"jetpack_sharing_enabled":true,"jetpack_shortlink":"https:\/\/wp.me\/P6Vaq2-nv","jetpack_likes_enabled":true,"_links":{"self":[{"href":"https:\/\/voyager3.com\/index.php?rest_route=\/wp\/v2\/pages\/1457","targetHints":{"allow":["GET"]}}],"collection":[{"href":"https:\/\/voyager3.com\/index.php?rest_route=\/wp\/v2\/pages"}],"about":[{"href":"https:\/\/voyager3.com\/index.php?rest_route=\/wp\/v2\/types\/page"}],"author":[{"embeddable":true,"href":"https:\/\/voyager3.com\/index.php?rest_route=\/wp\/v2\/users\/2"}],"replies":[{"embeddable":true,"href":"https:\/\/voyager3.com\/index.php?rest_route=%2Fwp%2Fv2%2Fcomments&post=1457"}],"version-history":[{"count":33,"href":"https:\/\/voyager3.com\/index.php?rest_route=\/wp\/v2\/pages\/1457\/revisions"}],"predecessor-version":[{"id":2934,"href":"https:\/\/voyager3.com\/index.php?rest_route=\/wp\/v2\/pages\/1457\/revisions\/2934"}],"up":[{"embeddable":true,"href":"https:\/\/voyager3.com\/index.php?rest_route=\/wp\/v2\/pages\/609"}],"wp:attachment":[{"href":"https:\/\/voyager3.com\/index.php?rest_route=%2Fwp%2Fv2%2Fmedia&parent=1457"}],"curies":[{"name":"wp","href":"https:\/\/api.w.org\/{rel}","templated":true}]}}