{"id":1414,"date":"2015-10-21T23:30:56","date_gmt":"2015-10-21T21:30:56","guid":{"rendered":"http:\/\/voyager3.com\/?page_id=1414"},"modified":"2015-10-22T18:49:15","modified_gmt":"2015-10-22T16:49:15","slug":"station-meteo-equipement","status":"publish","type":"page","link":"https:\/\/voyager3.com\/?page_id=1414","title":{"rendered":"\u00c9quipement"},"content":{"rendered":"<p><a title=\"Station M\u00e9t\u00e9o\" href=\"https:\/\/voyager3.com\/?page_id=76\">M\u00e9t\u00e9o actuelle<\/a> \u2013\u00a0 <a title=\"Station M\u00e9t\u00e9o \u2013 Observations\" href=\"https:\/\/voyager3.com\/?page_id=854\">Observations du jour<\/a> \u2013 <a title=\"Station m\u00e9t\u00e9o \u2013 Historique\" href=\"https:\/\/voyager3.com\/?page_id=860\">Historique <\/a>\u2013 \u00c9quipement<\/p>\n<p style=\"text-align: justify;\"><a href=\"https:\/\/i0.wp.com\/voyager3.com\/wp-content\/uploads\/2015\/10\/logoLaCrosse.jpg?ssl=1\"><img data-recalc-dims=\"1\" loading=\"lazy\" decoding=\"async\" data-attachment-id=\"1430\" data-permalink=\"https:\/\/voyager3.com\/?attachment_id=1430\" data-orig-file=\"https:\/\/i0.wp.com\/voyager3.com\/wp-content\/uploads\/2015\/10\/logoLaCrosse.jpg?fit=200%2C62&amp;ssl=1\" data-orig-size=\"200,62\" data-comments-opened=\"0\" data-image-meta=\"{&quot;aperture&quot;:&quot;0&quot;,&quot;credit&quot;:&quot;&quot;,&quot;camera&quot;:&quot;&quot;,&quot;caption&quot;:&quot;&quot;,&quot;created_timestamp&quot;:&quot;0&quot;,&quot;copyright&quot;:&quot;&quot;,&quot;focal_length&quot;:&quot;0&quot;,&quot;iso&quot;:&quot;0&quot;,&quot;shutter_speed&quot;:&quot;0&quot;,&quot;title&quot;:&quot;&quot;,&quot;orientation&quot;:&quot;0&quot;}\" data-image-title=\"logoLaCrosse\" data-image-description=\"\" data-image-caption=\"\" data-large-file=\"https:\/\/i0.wp.com\/voyager3.com\/wp-content\/uploads\/2015\/10\/logoLaCrosse.jpg?fit=200%2C62&amp;ssl=1\" class=\" wp-image-1430 alignright\" src=\"https:\/\/i0.wp.com\/voyager3.com\/wp-content\/uploads\/2015\/10\/logoLaCrosse.jpg?resize=238%2C74&#038;ssl=1\" alt=\"logoLaCrosse\" width=\"238\" height=\"74\" \/><\/a>La station m\u00e9t\u00e9orologique qui \u00e9quipe l&rsquo;ObservatoireBretagne Atlantique est une station professionnelle de marque Lacrosse Technology. Il s&rsquo;agit du mod\u00e8le WS2300 poss\u00e9dant une base de contr\u00f4le pouvant \u00eatre connect\u00e9e \u00e0 un ordinateur et des capteurs externes se connectant sans fil \u00e0 la base.<\/p>\n<p>Cette station perm<a href=\"https:\/\/i0.wp.com\/voyager3.com\/wp-content\/uploads\/2015\/10\/WS2300.jpg?ssl=1\"><img data-recalc-dims=\"1\" loading=\"lazy\" decoding=\"async\" data-attachment-id=\"1429\" data-permalink=\"https:\/\/voyager3.com\/?attachment_id=1429\" data-orig-file=\"https:\/\/i0.wp.com\/voyager3.com\/wp-content\/uploads\/2015\/10\/WS2300.jpg?fit=250%2C250&amp;ssl=1\" data-orig-size=\"250,250\" data-comments-opened=\"0\" data-image-meta=\"{&quot;aperture&quot;:&quot;0&quot;,&quot;credit&quot;:&quot;&quot;,&quot;camera&quot;:&quot;&quot;,&quot;caption&quot;:&quot;&quot;,&quot;created_timestamp&quot;:&quot;0&quot;,&quot;copyright&quot;:&quot;&quot;,&quot;focal_length&quot;:&quot;0&quot;,&quot;iso&quot;:&quot;0&quot;,&quot;shutter_speed&quot;:&quot;0&quot;,&quot;title&quot;:&quot;&quot;,&quot;orientation&quot;:&quot;0&quot;}\" data-image-title=\"WS2300\" data-image-description=\"\" data-image-caption=\"\" data-large-file=\"https:\/\/i0.wp.com\/voyager3.com\/wp-content\/uploads\/2015\/10\/WS2300.jpg?fit=250%2C250&amp;ssl=1\" class=\"size-full wp-image-1429 alignleft\" src=\"https:\/\/i0.wp.com\/voyager3.com\/wp-content\/uploads\/2015\/10\/WS2300.jpg?resize=250%2C250&#038;ssl=1\" alt=\"WS2300\" width=\"250\" height=\"250\" srcset=\"https:\/\/i0.wp.com\/voyager3.com\/wp-content\/uploads\/2015\/10\/WS2300.jpg?w=250&amp;ssl=1 250w, https:\/\/i0.wp.com\/voyager3.com\/wp-content\/uploads\/2015\/10\/WS2300.jpg?resize=150%2C150&amp;ssl=1 150w\" sizes=\"auto, (max-width: 250px) 100vw, 250px\" \/><\/a>et de mesurer en temps r\u00e9el :<\/p>\n<ul>\n<li>Les temp\u00e9ratures int\u00e9rieure et ext\u00e9rieure<\/li>\n<li>Les degr\u00e9s d&rsquo;hygrom\u00e9trie (humidit\u00e9 relative) int\u00e9rieure et ext\u00e9rieur<\/li>\n<li>La pression atmosph\u00e9rique<\/li>\n<li>La vitesse et la direction du vent<\/li>\n<li>La temp\u00e9rature ressentie<\/li>\n<li>Le point de ros\u00e9e<\/li>\n<\/ul>\n<p>&nbsp;<\/p>\n<p style=\"text-align: justify;\"><a href=\"https:\/\/i0.wp.com\/voyager3.com\/wp-content\/uploads\/2015\/05\/coupole1.jpg?ssl=1\"><img data-recalc-dims=\"1\" loading=\"lazy\" decoding=\"async\" data-attachment-id=\"1221\" data-permalink=\"https:\/\/voyager3.com\/?attachment_id=1221\" data-orig-file=\"https:\/\/i0.wp.com\/voyager3.com\/wp-content\/uploads\/2015\/05\/coupole1.jpg?fit=643%2C482&amp;ssl=1\" data-orig-size=\"643,482\" data-comments-opened=\"0\" data-image-meta=\"{&quot;aperture&quot;:&quot;5.6&quot;,&quot;credit&quot;:&quot;&quot;,&quot;camera&quot;:&quot;DMC-FZ48&quot;,&quot;caption&quot;:&quot;&quot;,&quot;created_timestamp&quot;:&quot;1400353238&quot;,&quot;copyright&quot;:&quot;&quot;,&quot;focal_length&quot;:&quot;4.5&quot;,&quot;iso&quot;:&quot;100&quot;,&quot;shutter_speed&quot;:&quot;0.002&quot;,&quot;title&quot;:&quot;&quot;,&quot;orientation&quot;:&quot;1&quot;}\" data-image-title=\"coupole1\" data-image-description=\"\" data-image-caption=\"\" data-large-file=\"https:\/\/i0.wp.com\/voyager3.com\/wp-content\/uploads\/2015\/05\/coupole1.jpg?fit=643%2C482&amp;ssl=1\" class=\"size-medium wp-image-1221 alignright\" src=\"https:\/\/i0.wp.com\/voyager3.com\/wp-content\/uploads\/2015\/05\/coupole1.jpg?resize=300%2C225&#038;ssl=1\" alt=\"coupole1\" width=\"300\" height=\"225\" srcset=\"https:\/\/i0.wp.com\/voyager3.com\/wp-content\/uploads\/2015\/05\/coupole1.jpg?resize=300%2C225&amp;ssl=1 300w, https:\/\/i0.wp.com\/voyager3.com\/wp-content\/uploads\/2015\/05\/coupole1.jpg?resize=175%2C131&amp;ssl=1 175w, https:\/\/i0.wp.com\/voyager3.com\/wp-content\/uploads\/2015\/05\/coupole1.jpg?w=643&amp;ssl=1 643w\" sizes=\"auto, (max-width: 300px) 100vw, 300px\" \/><\/a>Dans notre cas, la base \u00e9tant plac\u00e9e sous la coupole, les mesures int\u00e9rieures correspondent \u00e0 la \u00ab\u00a0m\u00e9t\u00e9o\u00a0\u00bb sous la coupole, nous permettant ainsi de savoir dans quelles conditions sont faites nos observations.<\/p>\n<p style=\"text-align: justify;\">La station est reli\u00e9e au r\u00e9seau informatique de l&rsquo;observatoire permettant ainsi d&rsquo;enregistrer toutes les mesures et de pr\u00e9senter les r\u00e9sultats sur le site Internet. Elle est pilot\u00e9e depuis un serveur tournant sous Linux \u00e0 l&rsquo;aide du logiciel Open2300.<\/p>\n<p style=\"text-align: justify;\">La base est aliment\u00e9e par le r\u00e9seau \u00e9lectrique prot\u00e9g\u00e9 et ondul\u00e9 de l&rsquo;observatoire, tandis que les capteurs ext\u00e9rieurs ont \u00e9t\u00e9 modifi\u00e9s pour \u00eatre aliment\u00e9s par les batteries de la coupole elles-m\u00eames recharg\u00e9es par panneaux solaires (ils \u00e9taient \u00e0 l&rsquo;origine aliment\u00e9s par piles).<\/p>\n","protected":false},"excerpt":{"rendered":"<p>M\u00e9t\u00e9o actuelle \u2013\u00a0 Observations du jour \u2013 Historique \u2013 \u00c9quipement La station m\u00e9t\u00e9orologique qui \u00e9quipe l&rsquo;ObservatoireBretagne Atlantique est une station professionnelle de marque Lacrosse Technology. Il s&rsquo;agit du mod\u00e8le WS2300 poss\u00e9dant une base de contr\u00f4le pouvant \u00eatre connect\u00e9e \u00e0 un ordinateur et des capteurs externes se connectant sans fil \u00e0 la base. Cette station permet [&hellip;]<\/p>\n","protected":false},"author":2,"featured_media":0,"parent":76,"menu_order":0,"comment_status":"closed","ping_status":"closed","template":"","meta":{"_exactmetrics_skip_tracking":false,"_exactmetrics_sitenote_active":false,"_exactmetrics_sitenote_note":"","_exactmetrics_sitenote_category":0,"jetpack_post_was_ever_published":false,"footnotes":""},"class_list":["post-1414","page","type-page","status-publish","hentry"],"jetpack_sharing_enabled":true,"jetpack_shortlink":"https:\/\/wp.me\/P6Vaq2-mO","jetpack_likes_enabled":true,"_links":{"self":[{"href":"https:\/\/voyager3.com\/index.php?rest_route=\/wp\/v2\/pages\/1414","targetHints":{"allow":["GET"]}}],"collection":[{"href":"https:\/\/voyager3.com\/index.php?rest_route=\/wp\/v2\/pages"}],"about":[{"href":"https:\/\/voyager3.com\/index.php?rest_route=\/wp\/v2\/types\/page"}],"author":[{"embeddable":true,"href":"https:\/\/voyager3.com\/index.php?rest_route=\/wp\/v2\/users\/2"}],"replies":[{"embeddable":true,"href":"https:\/\/voyager3.com\/index.php?rest_route=%2Fwp%2Fv2%2Fcomments&post=1414"}],"version-history":[{"count":7,"href":"https:\/\/voyager3.com\/index.php?rest_route=\/wp\/v2\/pages\/1414\/revisions"}],"predecessor-version":[{"id":1439,"href":"https:\/\/voyager3.com\/index.php?rest_route=\/wp\/v2\/pages\/1414\/revisions\/1439"}],"up":[{"embeddable":true,"href":"https:\/\/voyager3.com\/index.php?rest_route=\/wp\/v2\/pages\/76"}],"wp:attachment":[{"href":"https:\/\/voyager3.com\/index.php?rest_route=%2Fwp%2Fv2%2Fmedia&parent=1414"}],"curies":[{"name":"wp","href":"https:\/\/api.w.org\/{rel}","templated":true}]}}