{"id":13,"date":"2014-06-10T10:48:03","date_gmt":"2014-06-10T10:48:03","guid":{"rendered":"http:\/\/voyager3.com\/?page_id=13"},"modified":"2018-01-10T19:17:17","modified_gmt":"2018-01-10T18:17:17","slug":"lobservatoire","status":"publish","type":"page","link":"https:\/\/voyager3.com\/?page_id=13","title":{"rendered":"L&rsquo;observatoire"},"content":{"rendered":"<p>L\u2019Observatoire Bretagne-Atlantique a ouvert officiellement ses portes le 28 juin 2008 ! En effet, les travaux commenc\u00e9s d\u00e9but mars 2007 se sont termin\u00e9s le 7 mai 2008 avec la pose de la coupole de 5 m. Cet observatoire publique a \u00e9t\u00e9 construit \u00e0 l\u2019initiative de la mairie de S\u00e9v\u00e9rac et de VOYAGER 3 Astronomie.<\/p>\n<p style=\"text-align: center;\"><span style=\"color: #0000ff;\">Long. -02\u00b004&rsquo;52,55&Prime; (W) \/ Lat. : 47\u00b032&rsquo;49,85&Prime; N \/ Alt. : 40 m<\/span><\/p>\n<p><a href=\"https:\/\/i0.wp.com\/voyager3.com\/wp-content\/uploads\/2014\/06\/header-1024x3641.jpg?ssl=1\"><img data-recalc-dims=\"1\" loading=\"lazy\" decoding=\"async\" data-attachment-id=\"6\" data-permalink=\"https:\/\/voyager3.com\/?attachment_id=6\" data-orig-file=\"https:\/\/i0.wp.com\/voyager3.com\/wp-content\/uploads\/2014\/06\/header-1024x3641.jpg?fit=1024%2C364&amp;ssl=1\" data-orig-size=\"1024,364\" data-comments-opened=\"0\" data-image-meta=\"{&quot;aperture&quot;:&quot;0&quot;,&quot;credit&quot;:&quot;&quot;,&quot;camera&quot;:&quot;&quot;,&quot;caption&quot;:&quot;&quot;,&quot;created_timestamp&quot;:&quot;0&quot;,&quot;copyright&quot;:&quot;&quot;,&quot;focal_length&quot;:&quot;0&quot;,&quot;iso&quot;:&quot;0&quot;,&quot;shutter_speed&quot;:&quot;0&quot;,&quot;title&quot;:&quot;&quot;}\" data-image-title=\"header-1024&amp;#215;364\" data-image-description=\"\" data-image-caption=\"\" data-large-file=\"https:\/\/i0.wp.com\/voyager3.com\/wp-content\/uploads\/2014\/06\/header-1024x3641.jpg?fit=648%2C230&amp;ssl=1\" class=\"wp-image-6 aligncenter\" src=\"https:\/\/i0.wp.com\/voyager3.com\/wp-content\/uploads\/2014\/06\/header-1024x3641.jpg?resize=430%2C152&#038;ssl=1\" alt=\"header-1024x364\" width=\"430\" height=\"152\" srcset=\"https:\/\/i0.wp.com\/voyager3.com\/wp-content\/uploads\/2014\/06\/header-1024x3641.jpg?resize=300%2C106&amp;ssl=1 300w, https:\/\/i0.wp.com\/voyager3.com\/wp-content\/uploads\/2014\/06\/header-1024x3641.jpg?resize=1024%2C3641&amp;ssl=1 1024w\" sizes=\"auto, (max-width: 430px) 100vw, 430px\" \/><\/a><\/p>\n<p style=\"text-align: center;\">L&rsquo;observatoire<\/p>\n<ul>\n<li><a title=\"Histoire du projet\" href=\"https:\/\/voyager3.com\/?page_id=400\">L&rsquo;historique du projet<\/a><\/li>\n<li>La construction de l&rsquo;Observatoire\n<ul>\n<li><a href=\"https:\/\/voyager3.com\/?page_id=2209\">Le pilier<\/a><\/li>\n<li>La pose de la coupole<\/li>\n<\/ul>\n<\/li>\n<li><a title=\"La monture du t\u00e9lescope\" href=\"https:\/\/voyager3.com\/?page_id=687\">Les r\u00e9alisations techniques<\/a><\/li>\n<\/ul>\n","protected":false},"excerpt":{"rendered":"<p>L\u2019Observatoire Bretagne-Atlantique a ouvert officiellement ses portes le 28 juin 2008 ! En effet, les travaux commenc\u00e9s d\u00e9but mars 2007 se sont termin\u00e9s le 7 mai 2008 avec la pose de la coupole de 5 m. Cet observatoire publique a \u00e9t\u00e9 construit \u00e0 l\u2019initiative de la mairie de S\u00e9v\u00e9rac et de VOYAGER 3 Astronomie. Long. [&hellip;]<\/p>\n","protected":false},"author":1,"featured_media":0,"parent":0,"menu_order":3,"comment_status":"closed","ping_status":"closed","template":"","meta":{"_exactmetrics_skip_tracking":false,"_exactmetrics_sitenote_active":false,"_exactmetrics_sitenote_note":"","_exactmetrics_sitenote_category":0,"jetpack_post_was_ever_published":false,"footnotes":""},"class_list":["post-13","page","type-page","status-publish","hentry"],"jetpack_sharing_enabled":true,"jetpack_shortlink":"https:\/\/wp.me\/P6Vaq2-d","jetpack_likes_enabled":true,"_links":{"self":[{"href":"https:\/\/voyager3.com\/index.php?rest_route=\/wp\/v2\/pages\/13","targetHints":{"allow":["GET"]}}],"collection":[{"href":"https:\/\/voyager3.com\/index.php?rest_route=\/wp\/v2\/pages"}],"about":[{"href":"https:\/\/voyager3.com\/index.php?rest_route=\/wp\/v2\/types\/page"}],"author":[{"embeddable":true,"href":"https:\/\/voyager3.com\/index.php?rest_route=\/wp\/v2\/users\/1"}],"replies":[{"embeddable":true,"href":"https:\/\/voyager3.com\/index.php?rest_route=%2Fwp%2Fv2%2Fcomments&post=13"}],"version-history":[{"count":21,"href":"https:\/\/voyager3.com\/index.php?rest_route=\/wp\/v2\/pages\/13\/revisions"}],"predecessor-version":[{"id":2213,"href":"https:\/\/voyager3.com\/index.php?rest_route=\/wp\/v2\/pages\/13\/revisions\/2213"}],"wp:attachment":[{"href":"https:\/\/voyager3.com\/index.php?rest_route=%2Fwp%2Fv2%2Fmedia&parent=13"}],"curies":[{"name":"wp","href":"https:\/\/api.w.org\/{rel}","templated":true}]}}